{"id":87611,"date":"2023-05-06T14:45:37","date_gmt":"2023-05-06T12:45:37","guid":{"rendered":"https:\/\/madelinefashion.pl\/?post_type=product&#038;p=87611"},"modified":"2026-03-01T12:58:06","modified_gmt":"2026-03-01T11:58:06","slug":"torebka-ala-pinko-karmelowa","status":"publish","type":"product","link":"https:\/\/madelinefashion.pl\/en\/product\/torebka-ala-pinko-karmelowa\/","title":{"rendered":"A la Pinko Caramel handbag"},"content":{"rendered":"<h3 style=\"text-align: center;\">Torebka a\u2019la Pinko Karmelowa<\/h3>\n<p style=\"text-align: center;\">A purse is a must-have item in<strong> every woman&#039;s wardrobe<\/strong>. This model is characterized not only by its practicality but also by its elegance. This elegant women&#039;s handbag made of eco-leather is perfect for women who follow the latest fashion trends. The distinctive swallow-shaped design was inspired by the style of a global fashion pioneer. The handbag with a gold chain is a great complement to formal outfits. The set also includes a leather strap. You can wear it with a coat, a dress, or even a suit \u2013 it will look great with any combination.<\/p>\n<p>\u00a0<\/p>\n<h3 style=\"text-align: center;\">Characteristics:<\/h3>\n<ul>\n<li style=\"text-align: center;\">2 main chambers<br \/>\nextra leather strap<\/li>\n<li style=\"text-align: center;\">inner zip pocket<\/li>\n<li style=\"text-align: center;\">2 additional small pockets<\/li>\n<li style=\"text-align: center;\">all fastened with a magnet<\/li>\n<\/ul>\n<p>\u00a0<\/p>\n<h3 style=\"text-align: center;\">Bag dimensions:<\/h3>\n<ul style=\"text-align: center;\">\n<li>height \u2013 17.5 cm<\/li>\n<li>width \u2013 27.5 cm<\/li>\n<li>strap (chain) length \u2013 128 cm<\/li>\n<li><\/li>\n<\/ul>","protected":false},"excerpt":{"rendered":"<p>Torebka a\u2019la Pinko Karmelowa Torebka, to niezb\u0119dny przedmiot w garderobie ka\u017cdej kobiety. Ten model charakteryzuje si\u0119 nie tylko sw\u0105 praktyczno\u015bci\u0105, ale r\u00f3wnie\u017c elegancj\u0105.\u00a0 Elegancka torebka damska z eko-sk\u00f3ry dla kobiet pod\u0105\u017caj\u0105cych za najnowszymi trendami w modzie. Charakterystyczne jask\u00f3\u0142ki zosta\u0142y zainspirowane stylem \u015bwiatowego prekursora mody. Torebka ze z\u0142otym \u0142a\u0144cuszkiem stanowi \u015bwietne uzupe\u0142nienie formalnych stylizacji.W zetawie r\u00f3wnie\u017c<\/p>\n<div class=\"klb-readmore post-buttons\"><a class=\"button black outline size-sm\" href=\"https:\/\/madelinefashion.pl\/en\/product\/torebka-ala-pinko-karmelowa\/\">Read More <i class=\"klbth-icon-right-arrow\"><\/i><\/a><\/div>","protected":false},"featured_media":87612,"template":"","meta":[],"product_brand":[],"product_cat":[113],"product_tag":[412],"class_list":{"0":"post-87611","1":"product","2":"type-product","3":"status-publish","4":"has-post-thumbnail","6":"product_cat-dodatki","7":"product_tag-torebki-damskie","9":"first","10":"outofstock","11":"sale","12":"purchasable","13":"product-type-simple"},"_links":{"self":[{"href":"https:\/\/madelinefashion.pl\/en\/wp-json\/wp\/v2\/product\/87611","targetHints":{"allow":["GET"]}}],"collection":[{"href":"https:\/\/madelinefashion.pl\/en\/wp-json\/wp\/v2\/product"}],"about":[{"href":"https:\/\/madelinefashion.pl\/en\/wp-json\/wp\/v2\/types\/product"}],"wp:featuredmedia":[{"embeddable":true,"href":"https:\/\/madelinefashion.pl\/en\/wp-json\/wp\/v2\/media\/87612"}],"wp:attachment":[{"href":"https:\/\/madelinefashion.pl\/en\/wp-json\/wp\/v2\/media?parent=87611"}],"wp:term":[{"taxonomy":"product_brand","embeddable":true,"href":"https:\/\/madelinefashion.pl\/en\/wp-json\/wp\/v2\/product_brand?post=87611"},{"taxonomy":"product_cat","embeddable":true,"href":"https:\/\/madelinefashion.pl\/en\/wp-json\/wp\/v2\/product_cat?post=87611"},{"taxonomy":"product_tag","embeddable":true,"href":"https:\/\/madelinefashion.pl\/en\/wp-json\/wp\/v2\/product_tag?post=87611"}],"curies":[{"name":"wp","href":"https:\/\/api.w.org\/{rel}","templated":true}]}}