{"id":8763,"date":"2021-04-18T17:46:17","date_gmt":"2021-04-18T15:46:17","guid":{"rendered":"https:\/\/madelinefashion.pl\/?post_type=product&#038;p=8763"},"modified":"2025-09-09T10:36:15","modified_gmt":"2025-09-09T08:36:15","slug":"sukienka-asymetryczna-bocca-bezowa","status":"publish","type":"product","link":"https:\/\/madelinefashion.pl\/en\/product\/sukienka-asymetryczna-bocca-bezowa\/","title":{"rendered":"Asymmetric Dress Bocca Beige"},"content":{"rendered":"<h3 style=\"text-align: center;\">Asymmetric Dress Bocca Beige<\/h3>\n<p>Dress <strong>Asymmetrical Beige Bocca<\/strong> is a sensational model of a knitted dress with a longer side. Made of flexible, pleasant material that will be perfect for warmer days. It is a perfect proposition both for sports styling with sneakers as well as for elegant styling with high heels. <span style=\"font-size: 10pt; text-align: center;\">The dress has<\/span><strong style=\"font-size: 10pt; text-align: center;\"> elastic at the waist<\/strong><span style=\"font-size: 10pt; text-align: center;\"> thanks to which you emphasize feminine shapes. Recommended for ladies in size <strong>XS SML\u00a0<\/strong><\/span><\/p>\n<p>&nbsp;<\/p>\n<h3 style=\"text-align: center;\">Dimensions:<\/h3>\n<ul style=\"text-align: center;\">\n<li><span style=\"font-size: 10pt;\">\u00a0\u00a0\u00a0\u00a0\u00a0\u00a0\u00a0 total length at the front: 82 cm<br \/>\n<\/span><\/li>\n<li>total side length: 100 cm<\/li>\n<li><span style=\"font-size: 10pt;\">\u00a0\u00a0\u00a0\u00a0\u00a0\u00a0\u00a0 width from armpit to armpit: 43 cm - 52 cm<\/span><span style=\"font-size: 10pt;\"><span style=\"font-size: 10pt;\">\u00a0 \u00a0 \u00a0 \u00a0<\/span><\/span><\/li>\n<li>waist width: 24 cm - 46 cm<\/li>\n<\/ul>\n<p style=\"text-align: center;\"><span style=\"font-size: 10pt;\">Dimensions may slightly differ from the given +\/- 2cm. All dimensions given are measured flat.<\/span><\/p>\n<p style=\"text-align: center;\"><span style=\"font-size: 10pt;\">\u00a0<\/span><\/p>\n<table width=\"627\">\n<tbody>\n<tr>\n<td width=\"302\">Model name<\/td>\n<td width=\"302\">Bocca Asymmetric Dress<\/td>\n<\/tr>\n<tr>\n<td width=\"302\">Color<\/td>\n<td width=\"302\">Beige<\/td>\n<\/tr>\n<tr>\n<td width=\"302\">Fashion<\/td>\n<td width=\"302\">Oversize<\/td>\n<\/tr>\n<tr>\n<td width=\"302\">Material<\/td>\n<td width=\"302\">95% Viscose 5% elastane<\/td>\n<\/tr>\n<tr>\n<td width=\"302\">Length<\/td>\n<td width=\"302\">Above the knee<\/td>\n<\/tr>\n<\/tbody>\n<\/table>\n<p>&nbsp;<\/p>\n<div class=\"tabs tabs-bb clear mb-80\">\n<div class=\"tab-content\">\n<div id=\"tab-description\" class=\"tab-pane fade in woocommerce-Tabs-panel--description active\">\n<p style=\"text-align: center;\">\u00a0The model is 165 cm tall and wears a size every day <strong>S.<\/strong><span style=\"font-size: 10pt;\">\u00a0<\/span><\/p>\n<\/div>\n<\/div>\n<\/div>","protected":false},"excerpt":{"rendered":"<p>Sukienka Asymetryczna Bocca Be\u017cowa Sukienka Asymetryczna Bocca Be\u017cowa to rewelacyjny model dzianinowej sukienki z d\u0142u\u017cszym bokiem. Wykonana z elastycznego, przyjemnego materia\u0142u, kt\u00f3ry idealnie sprawdzi si\u0119 w cieplejsze dni. Jest to doskona\u0142a propozycja zar\u00f3wno do sportowej stylizacji z trampkami jak r\u00f3wnie\u017c do eleganckiej z szpilkami. Sukienka posiada gumk\u0119 w tali dzi\u0119ki czemu podkre\u015blisz kobiece kszta\u0142ty. Zalecana<\/p>\n<div class=\"klb-readmore post-buttons\"><a class=\"button black outline size-sm\" href=\"https:\/\/madelinefashion.pl\/en\/product\/sukienka-asymetryczna-bocca-bezowa\/\">Read More <i class=\"klbth-icon-right-arrow\"><\/i><\/a><\/div>","protected":false},"featured_media":8759,"template":"","meta":[],"product_brand":[],"product_cat":[125],"product_tag":[],"class_list":{"0":"post-8763","1":"product","2":"type-product","3":"status-publish","4":"has-post-thumbnail","6":"product_cat-sukienki","8":"first","9":"instock","10":"purchasable","11":"product-type-simple"},"_links":{"self":[{"href":"https:\/\/madelinefashion.pl\/en\/wp-json\/wp\/v2\/product\/8763","targetHints":{"allow":["GET"]}}],"collection":[{"href":"https:\/\/madelinefashion.pl\/en\/wp-json\/wp\/v2\/product"}],"about":[{"href":"https:\/\/madelinefashion.pl\/en\/wp-json\/wp\/v2\/types\/product"}],"wp:featuredmedia":[{"embeddable":true,"href":"https:\/\/madelinefashion.pl\/en\/wp-json\/wp\/v2\/media\/8759"}],"wp:attachment":[{"href":"https:\/\/madelinefashion.pl\/en\/wp-json\/wp\/v2\/media?parent=8763"}],"wp:term":[{"taxonomy":"product_brand","embeddable":true,"href":"https:\/\/madelinefashion.pl\/en\/wp-json\/wp\/v2\/product_brand?post=8763"},{"taxonomy":"product_cat","embeddable":true,"href":"https:\/\/madelinefashion.pl\/en\/wp-json\/wp\/v2\/product_cat?post=8763"},{"taxonomy":"product_tag","embeddable":true,"href":"https:\/\/madelinefashion.pl\/en\/wp-json\/wp\/v2\/product_tag?post=8763"}],"curies":[{"name":"wp","href":"https:\/\/api.w.org\/{rel}","templated":true}]}}