{"id":8778,"date":"2021-04-18T19:28:13","date_gmt":"2021-04-18T17:28:13","guid":{"rendered":"https:\/\/madelinefashion.pl\/?post_type=product&#038;p=8778"},"modified":"2026-02-20T14:59:02","modified_gmt":"2026-02-20T13:59:02","slug":"kardigan-asymetryczny-rozowy","status":"publish","type":"product","link":"https:\/\/madelinefashion.pl\/en\/product\/kardigan-asymetryczny-rozowy\/","title":{"rendered":"Asymmetrical Pink Cardigan"},"content":{"rendered":"<h3 style=\"text-align: center;\">Asymmetrical Pink Cardigan<\/h3>\n<p style=\"text-align: center;\"><span style=\"font-size: 10pt;\">It looks great in combination with jeans or leggings, it can replace a jacket.<\/span><\/p>\n<p style=\"text-align: center;\"><span style=\"font-size: 10pt;\">Each of us should have such a sweater in our wardrobe.<\/span><\/p>\n<p style=\"text-align: center;\"><span style=\"font-size: 10pt;\">Classic cut, unique in a casual style.<\/span><\/p>\n<p style=\"text-align: center;\"><span style=\"font-size: 10pt;\">Superb quality at the best price!<\/span><\/p>\n<p style=\"text-align: center;\"><span style=\"font-size: 10pt;\">European product, very good quality of the material.<\/span><\/p>\n<p style=\"text-align: center;\"><span style=\"font-size: 10pt;\">Perfectly fits the figure\u00a0<\/span><\/p>\n<p style=\"text-align: center;\"><strong><span style=\"font-size: 10pt;\">Cardigan perfect for any occasion<\/span><\/strong><\/p>\n<p style=\"text-align: center;\"><span style=\"font-size: 10pt;\">Perfect for school, work, a date or meeting with friends!<\/span><\/p>\n<p style=\"text-align: center;\"><span style=\"font-size: 10pt;\"><strong>Perfect for any time and occasion!<\/strong><\/span><\/p>\n<p>&nbsp;<\/p>\n<p style=\"text-align: center;\"><strong>One size fits all recommended S-XXL<\/strong><\/p>\n<h3 style=\"text-align: center;\">Dimensions:<\/h3>\n<ul style=\"text-align: center;\">\n<li>Overall length: 88 cm<\/li>\n<li>Total side length 98 cm<\/li>\n<li>Width from armpit to armpit: 52-60 cm<\/li>\n<li>Sleeve length from armpit: 43 cm<\/li>\n<li><\/li>\n<\/ul>\n<p style=\"text-align: center;\"><span style=\"font-size: 10pt;\">Dimensions may slightly differ from the given +\/- 2cm. All dimensions given are measured flat.<\/span><\/p>\n<p style=\"text-align: center;\"><span style=\"font-size: 10pt;\"><strong>\u00a0<\/strong>\u00a0<\/span><\/p>\n<table width=\"610\">\n<tbody>\n<tr>\n<td width=\"302\">Model name<\/td>\n<td width=\"302\">Asymmetrical cardigan<\/td>\n<\/tr>\n<tr>\n<td width=\"302\">Color<\/td>\n<td width=\"302\">Pink<\/td>\n<\/tr>\n<tr>\n<td width=\"302\">Sizes<\/td>\n<td width=\"302\">Universal<\/td>\n<\/tr>\n<tr>\n<td width=\"302\">Fashion<\/td>\n<td width=\"302\">Matched<\/td>\n<\/tr>\n<tr>\n<td width=\"302\">Hood<\/td>\n<td width=\"302\">Without the hood<\/td>\n<\/tr>\n<tr>\n<td width=\"302\">Warmed up<\/td>\n<td width=\"302\">Uninsulated<\/td>\n<\/tr>\n<tr>\n<td width=\"302\">Material<\/td>\n<td width=\"302\">100% Acrylic<\/td>\n<\/tr>\n<\/tbody>\n<\/table>\n<div class=\"additional-details\">\n<p style=\"text-align: center;\">\n<\/div>\n<div class=\"overview-buttons\">\n<div class=\"add-to-wishlist\" style=\"text-align: center;\">\n<p>The model has\u00a0<strong>169<\/strong>\u00a0cm tall, wears a size every day\u00a0<strong>S.<\/strong><\/p>\n<p>The width at the bust is 92 cm<\/p>\n<p>Waist width 62 cm<\/p>\n<p>The width at the hips is 94 cm<\/p>\n<\/div>\n<\/div>\n<p style=\"text-align: center;\">","protected":false},"excerpt":{"rendered":"<p>Kardigan Asymetryczny R\u00f3\u017cowy \u015awietnie wygl\u0105da w zestawieniu z jeansami lub legginsami, mo\u017ce zast\u0105pi\u0107 marynark\u0119. Taki sweterek powinna mie\u0107 ka\u017cda z nas w swojej szafie. Fason klasyczny, unikatowy w stylu casual. Rewelacyjna jako\u015b\u0107 w najlepszej cenie ! Produkt europejski, bardzo dobra jako\u015b\u0107 materia\u0142u. Idealnie dopasowuje si\u0119 do sylwetki\u00a0 Kardigan\u00a0idealny na ka\u017cd\u0105 okazj\u0119 Idealne do szko\u0142y, do<\/p>\n<div class=\"klb-readmore post-buttons\"><a class=\"button black outline size-sm\" href=\"https:\/\/madelinefashion.pl\/en\/product\/kardigan-asymetryczny-rozowy\/\">Read More <i class=\"klbth-icon-right-arrow\"><\/i><\/a><\/div>","protected":false},"featured_media":36668,"template":"","meta":[],"product_brand":[],"product_cat":[91],"product_tag":[],"class_list":{"0":"post-8778","1":"product","2":"type-product","3":"status-publish","4":"has-post-thumbnail","6":"product_cat-kardigany-damskie","8":"first","9":"instock","10":"purchasable","11":"product-type-simple"},"_links":{"self":[{"href":"https:\/\/madelinefashion.pl\/en\/wp-json\/wp\/v2\/product\/8778","targetHints":{"allow":["GET"]}}],"collection":[{"href":"https:\/\/madelinefashion.pl\/en\/wp-json\/wp\/v2\/product"}],"about":[{"href":"https:\/\/madelinefashion.pl\/en\/wp-json\/wp\/v2\/types\/product"}],"wp:featuredmedia":[{"embeddable":true,"href":"https:\/\/madelinefashion.pl\/en\/wp-json\/wp\/v2\/media\/36668"}],"wp:attachment":[{"href":"https:\/\/madelinefashion.pl\/en\/wp-json\/wp\/v2\/media?parent=8778"}],"wp:term":[{"taxonomy":"product_brand","embeddable":true,"href":"https:\/\/madelinefashion.pl\/en\/wp-json\/wp\/v2\/product_brand?post=8778"},{"taxonomy":"product_cat","embeddable":true,"href":"https:\/\/madelinefashion.pl\/en\/wp-json\/wp\/v2\/product_cat?post=8778"},{"taxonomy":"product_tag","embeddable":true,"href":"https:\/\/madelinefashion.pl\/en\/wp-json\/wp\/v2\/product_tag?post=8778"}],"curies":[{"name":"wp","href":"https:\/\/api.w.org\/{rel}","templated":true}]}}