{"id":87964,"date":"2023-05-08T16:04:39","date_gmt":"2023-05-08T14:04:39","guid":{"rendered":"https:\/\/madelinefashion.pl\/?post_type=product&#038;p=87964"},"modified":"2026-04-28T10:48:28","modified_gmt":"2026-04-28T08:48:28","slug":"bolerko-czarne-dzianinowe","status":"publish","type":"product","link":"https:\/\/madelinefashion.pl\/en\/product\/bolerko-czarne-dzianinowe\/","title":{"rendered":"Black Knitted Bolero"},"content":{"rendered":"<h3 style=\"text-align: center;\">Black Knitted Bolero<\/h3>\n<p style=\"text-align: center;\"><strong>Bolero <\/strong>is a classic model recommended as a complement to the styling. Thicker material, very elegant. With lining. The bolero has sewn-in shoulder pads. High quality material. <strong>Classic bolero<\/strong>\u00a0in a face and fashionable shade <strong>black color <\/strong>must find a place in your wardrobe - especially if you are looking to diversify minimalist sets.<br \/>\n<strong>High quality material<\/strong>The material from which the jacket is made guarantees the durability of the product and makes it suitable for many seasons. Connect them with <strong>elegant trousers<\/strong> cigarillos or a pencil skirt. You can choose for her <strong>trousers in the same shade, creating a stylish suit<\/strong>. Perfect for <a href=\"https:\/\/madelinefashion.pl\/en\/sukienki-i-kombinezony\/sukienki-okolicznosciowe\/\">occasional dresses<\/a> or<a href=\"https:\/\/madelinefashion.pl\/en\/product-tag\/sukienka-biala\/\"> wedding dresses<\/a>. The perfect model for many occasions and <strong>for work<\/strong>. A timeless model, it will serve you for many years and you will use it in various ways and occasions. Available in many color variants.<\/p>\n<p>&nbsp;<\/p>\n<p>&nbsp;<\/p>\n<p style=\"text-align: center;\"><strong>34 \/ XS<\/strong><\/p>\n<p style=\"text-align: center;\">Total front length - 45 cm<br \/>\nTotal length back: 43 cm<br \/>\nWidth from armpit to armpit - 42 cm x2<br \/>\nSleeve length from the shoulder - 43 cm<br \/>\nSleeve length from the armpit - 28 cm<\/p>\n<p style=\"text-align: center;\"><strong>36 \/ S<\/strong><\/p>\n<p style=\"text-align: center;\">Total front length - 47 cm<br \/>\nTotal length back: 45 cm<br \/>\nWidth from armpit to armpit - 45 cm x2<br \/>\nSleeve length from shoulder - 44 cm<br \/>\nSleeve length from the armpit - 29 cm<\/p>\n<p style=\"text-align: center;\"><strong>38 \/ M<\/strong><\/p>\n<p style=\"text-align: center;\">Total front length - 47 cm<br \/>\nTotal length back: 45 cm<br \/>\nWidth from armpit to armpit - 47 cm x2<br \/>\nSleeve length from the shoulder - 45 cm<br \/>\nSleeve length from the armpit - 29 cm<\/p>\n<p style=\"text-align: center;\"><strong>40 \/ L<\/strong><\/p>\n<p style=\"text-align: center;\">Total front length - 50 cm<br \/>\nTotal length back: 47 cm<br \/>\nWidth from armpit to armpit - 50 cm x2<br \/>\nSleeve length from shoulder - 46 cm<br \/>\nSleeve length from the armpit - 28 cm<\/p>\n<p style=\"text-align: center;\"><strong>42 \/ XL<\/strong><\/p>\n<p style=\"text-align: center;\">Total front length - 53 cm<br \/>\nTotal length back: 50 cm<br \/>\nWidth from armpit to armpit - 53 cm x2<br \/>\nSleeve length from shoulder - 46 cm<br \/>\nSleeve length from the armpit - 28 cm<\/p>\n<p style=\"text-align: center;\"><strong>44 \/ XXL<\/strong><\/p>\n<p style=\"text-align: center;\">Total front length - 56 cm<br \/>\nTotal length back: 50 cm<br \/>\nWidth from armpit to armpit - 59 cm x2<br \/>\nSleeve length from shoulder - 46 cm<br \/>\nSleeve length from the armpit - 28 cm<\/p>\n<p style=\"text-align: center;\"><strong>46 \/ XXXL<\/strong><\/p>\n<p style=\"text-align: center;\">Total front length - 59 cm<br \/>\nTotal length back: 50 cm<br \/>\nWidth from armpit to armpit - 62 cm x2<br \/>\nSleeve length from shoulder - 46 cm<br \/>\nSleeve length from the armpit - 30 cm<\/p>\n<p style=\"text-align: center;\"><strong>48 \/ XXXXL<\/strong><\/p>\n<p style=\"text-align: center;\">Total front length - 62 cm<br \/>\nTotal length back: 50 cm<br \/>\nWidth from armpit to armpit - 63 cm x2<br \/>\nSleeve length from shoulder - 47 cm<br \/>\nSleeve length from the armpit - 30 cm<\/p>\n<p style=\"text-align: center;\"><strong>50\/XXXXXL<\/strong><\/p>\n<p style=\"text-align: center;\">Total front length - 64 cm<br \/>\nTotal length back: 51 cm<br \/>\nThe width from armpit to armpit - 65 cm x2<br \/>\nSleeve length from shoulder - 47 cm<br \/>\nSleeve length from the armpit - 30 cm<\/p>\n<p style=\"text-align: center;\"><strong>52\/XXXXXXXL<\/strong><\/p>\n<p style=\"text-align: center;\">Total front length - 66 cm<br \/>\nTotal length back: 52 cm<br \/>\nWidth from armpit to armpit - 67 cm x2<br \/>\nSleeve length from shoulder - 47 cm<br \/>\nSleeve length from the armpit - 30 cm<\/p>\n<p style=\"text-align: center;\">Dimensions may vary from the given +\/- 2cm. All dimensions given are measured flat. Dimension <strong>x2<\/strong><\/p>\n<p>&nbsp;<\/p>\n<h3 style=\"text-align: center;\">Characteristics:<strong><br \/>\n<\/strong><\/h3>\n<ul>\n<li style=\"text-align: center;\">with a shorter cut<\/li>\n<li style=\"text-align: center;\">without fastener<\/li>\n<li style=\"text-align: center;\">with lining<\/li>\n<li style=\"text-align: center;\">Polish product<\/li>\n<\/ul>\n<p style=\"text-align: center;\"><strong>\u00a0<\/strong><\/p>\n<table>\n<tbody>\n<tr>\n<td width=\"302\">Model name<\/td>\n<td width=\"302\">Knitted bolero<\/td>\n<\/tr>\n<tr>\n<td width=\"302\">Color<\/td>\n<td width=\"302\">Black<\/td>\n<\/tr>\n<tr>\n<td width=\"302\">Sizes<\/td>\n<td width=\"302\">34 36 38 40 42 44 46 48 50 52<\/td>\n<\/tr>\n<tr>\n<td width=\"302\">Fashion<\/td>\n<td width=\"302\">Elegant<\/td>\n<\/tr>\n<tr>\n<td width=\"302\">Material<\/td>\n<td width=\"302\">95% Viscose 5 % Elastane<\/td>\n<\/tr>\n<\/tbody>\n<\/table>\n<p style=\"text-align: center;\">","protected":false},"excerpt":{"rendered":"<p>Bolerko Czarne Dzianinowe Bolerko to klasyczny model\u00a0 polecany jako dope\u0142nienie stylizacji. Materia\u0142 grubszy, bardzo elegancki. Z podszewk\u0105. Bolerko posiada wszyte poduszki na ramionach. Wysoka jako\u015b\u0107 materia\u0142u. Klasyczne bolerko\u00a0w twarzowym i modnym odcieniu koloru czarnego musi znale\u017a\u0107 miejsce w Twojej garderobie \u2013 szczeg\u00f3lnie je\u015bli poszukujesz urozmaicenia minimalistycznych zestaw\u00f3w. Wysoka jako\u015b\u0107 materia\u0142u, z kt\u00f3rego wykonana jest marynarka<\/p>\n<div class=\"klb-readmore post-buttons\"><a class=\"button black outline size-sm\" href=\"https:\/\/madelinefashion.pl\/en\/product\/bolerko-czarne-dzianinowe\/\">Read More <i class=\"klbth-icon-right-arrow\"><\/i><\/a><\/div>","protected":false},"featured_media":87976,"template":"","meta":[],"product_brand":[],"product_cat":[95,116,395],"product_tag":[],"class_list":{"0":"post-87964","1":"product","2":"type-product","3":"status-publish","4":"has-post-thumbnail","6":"product_cat-marynarki-i-zakiety","7":"product_cat-bolerka","8":"product_cat-nowosci","9":"pa_rozmiar-xxxl-46","10":"pa_rozmiar-xxxxl-48","11":"pa_rozmiar-xs-34","12":"pa_rozmiar-s-36","13":"pa_rozmiar-m-38","14":"pa_rozmiar-l-40","15":"pa_rozmiar-xl-42","16":"pa_rozmiar-xxl-44","17":"pa_rozmiar-438","18":"pa_rozmiar-439","20":"first","21":"instock","22":"purchasable","23":"product-type-variable"},"_links":{"self":[{"href":"https:\/\/madelinefashion.pl\/en\/wp-json\/wp\/v2\/product\/87964","targetHints":{"allow":["GET"]}}],"collection":[{"href":"https:\/\/madelinefashion.pl\/en\/wp-json\/wp\/v2\/product"}],"about":[{"href":"https:\/\/madelinefashion.pl\/en\/wp-json\/wp\/v2\/types\/product"}],"wp:featuredmedia":[{"embeddable":true,"href":"https:\/\/madelinefashion.pl\/en\/wp-json\/wp\/v2\/media\/87976"}],"wp:attachment":[{"href":"https:\/\/madelinefashion.pl\/en\/wp-json\/wp\/v2\/media?parent=87964"}],"wp:term":[{"taxonomy":"product_brand","embeddable":true,"href":"https:\/\/madelinefashion.pl\/en\/wp-json\/wp\/v2\/product_brand?post=87964"},{"taxonomy":"product_cat","embeddable":true,"href":"https:\/\/madelinefashion.pl\/en\/wp-json\/wp\/v2\/product_cat?post=87964"},{"taxonomy":"product_tag","embeddable":true,"href":"https:\/\/madelinefashion.pl\/en\/wp-json\/wp\/v2\/product_tag?post=87964"}],"curies":[{"name":"wp","href":"https:\/\/api.w.org\/{rel}","templated":true}]}}