{"id":8799,"date":"2021-04-18T20:18:24","date_gmt":"2021-04-18T18:18:24","guid":{"rendered":"https:\/\/madelinefashion.pl\/?post_type=product&#038;p=8799"},"modified":"2026-03-26T12:40:38","modified_gmt":"2026-03-26T11:40:38","slug":"marynarka-z-naszywka-i-paskiem-biala-nicol","status":"publish","type":"product","link":"https:\/\/madelinefashion.pl\/en\/product\/marynarka-z-naszywka-i-paskiem-biala-nicol\/","title":{"rendered":"Jacket with a stripe and stripe White Nicol"},"content":{"rendered":"<h3 style=\"text-align: center;\">Jacket with a stripe and stripe White Nicol<\/h3>\n<p style=\"text-align: center;\">An elegant jacket with a delicate black stripe. The jacket has a collar and mock pockets on the front, it is fastened with a buckle. The jacket has sewn-in shoulder pads. <strong>A classic jacket is a garment that each of us should have in our wardrobe. <\/strong>Perfect for elegant styling and will be perfect for a regular T-shirt and jeans. High-quality material. <strong>Original cut<\/strong> blazers will work in both elegant and sporty styling. Decorative buttons at the cuffs. Extremely stylish proposition for everyday use as well as for more elegant stylizations.<\/p>\n<h3 style=\"text-align: center;\">Dimensions:<\/h3>\n<p style=\"text-align: center;\"><strong>36 \/ S<\/strong><\/p>\n<p style=\"text-align: center;\">Overall length - 67cm<br \/>\nShoulder width - 72 cm<br \/>\nThe width from armpit to armpit -86 cm<br \/>\nWaist width - 74cm<br \/>\nThe width at the bottom - 100 cm<br \/>\nSleeve length from the shoulder - 58 cm<br \/>\nSleeve length from armpit - 40 cm<br \/>\nBicep width - 30cm<\/p>\n<p style=\"text-align: center;\"><strong>38 \/ M<\/strong><\/p>\n<p style=\"text-align: center;\">Total length - 68cm<br \/>\nShoulder width - 76cm<br \/>\nThe width from armpit to armpit - 90cm<br \/>\nWaist width - 78cm<br \/>\nThe width at the bottom - 104cm<br \/>\nSleeve length from shoulder - 59 cm<br \/>\nSleeve length from armpit -41cm<br \/>\nBicep width - 32cm<\/p>\n<p style=\"text-align: center;\"><strong>40 \/ L<\/strong><\/p>\n<p style=\"text-align: center;\">Total length - 69cm<br \/>\nShoulder width - 80cm<br \/>\nThe width from armpit to armpit - 94 cm<br \/>\nWaist width - 82cm<br \/>\nThe width at the bottom - 108cm<br \/>\nSleeve length from the shoulder - 60 cm<br \/>\nSleeve length from armpit - 42 cm<br \/>\nBicep width - 34cm<\/p>\n<table>\n<tbody>\n<tr>\n<td width=\"302\">Model name<\/td>\n<td width=\"302\">Nicol blazer with a badge and belt<\/td>\n<\/tr>\n<tr>\n<td width=\"302\">Color<\/td>\n<td width=\"302\">White<\/td>\n<\/tr>\n<tr>\n<td width=\"302\">Sizes<\/td>\n<td width=\"302\">SML<\/td>\n<\/tr>\n<tr>\n<td width=\"302\">Fashion<\/td>\n<td width=\"302\">Matched<\/td>\n<\/tr>\n<tr>\n<td width=\"302\">Material<\/td>\n<td width=\"302\">97 % Polyester 3 % Elastane<\/td>\n<\/tr>\n<\/tbody>\n<\/table>\n<p style=\"text-align: center;\">\u00a0The model has\u00a0<strong>165<\/strong>\u00a0cm tall, wears a size every day\u00a0<strong>S.<\/strong><\/p>\n<p style=\"text-align: center;\">","protected":false},"excerpt":{"rendered":"<p>Marynarka z Naszywk\u0105 i Paskiem Bia\u0142a Nicol Elegancka marynarka z delikatn\u0105 czarn\u0105 naszywk\u0105. Marynarka posiada ko\u0142nierz , oraz atrapy kieszeni z przodu, zapinana jest na klamr\u0119. Marynarka posiada wszyte poduszki na ramionach. Klasyczna marynarka to element garderoby, kt\u00f3ra powinna mie\u0107 ka\u017cda z Nas w swojej szafie. Idealna do eleganckich stylizacji oraz \u015bwietnie si\u0119 sprawdzi do<\/p>\n<div class=\"klb-readmore post-buttons\"><a class=\"button black outline size-sm\" href=\"https:\/\/madelinefashion.pl\/en\/product\/marynarka-z-naszywka-i-paskiem-biala-nicol\/\">Read More <i class=\"klbth-icon-right-arrow\"><\/i><\/a><\/div>","protected":false},"featured_media":32864,"template":"","meta":[],"product_brand":[],"product_cat":[95,125,380],"product_tag":[],"class_list":{"0":"post-8799","1":"product","2":"type-product","3":"status-publish","4":"has-post-thumbnail","6":"product_cat-marynarki-i-zakiety","7":"product_cat-sukienki","8":"product_cat-wyprzedaz","9":"pa_rozmiar-m","10":"pa_rozmiar-l","11":"pa_rozmiar-s","13":"first","14":"instock","15":"sale","16":"purchasable","17":"product-type-variable"},"_links":{"self":[{"href":"https:\/\/madelinefashion.pl\/en\/wp-json\/wp\/v2\/product\/8799","targetHints":{"allow":["GET"]}}],"collection":[{"href":"https:\/\/madelinefashion.pl\/en\/wp-json\/wp\/v2\/product"}],"about":[{"href":"https:\/\/madelinefashion.pl\/en\/wp-json\/wp\/v2\/types\/product"}],"wp:featuredmedia":[{"embeddable":true,"href":"https:\/\/madelinefashion.pl\/en\/wp-json\/wp\/v2\/media\/32864"}],"wp:attachment":[{"href":"https:\/\/madelinefashion.pl\/en\/wp-json\/wp\/v2\/media?parent=8799"}],"wp:term":[{"taxonomy":"product_brand","embeddable":true,"href":"https:\/\/madelinefashion.pl\/en\/wp-json\/wp\/v2\/product_brand?post=8799"},{"taxonomy":"product_cat","embeddable":true,"href":"https:\/\/madelinefashion.pl\/en\/wp-json\/wp\/v2\/product_cat?post=8799"},{"taxonomy":"product_tag","embeddable":true,"href":"https:\/\/madelinefashion.pl\/en\/wp-json\/wp\/v2\/product_tag?post=8799"}],"curies":[{"name":"wp","href":"https:\/\/api.w.org\/{rel}","templated":true}]}}