{"id":88026,"date":"2023-05-08T16:42:20","date_gmt":"2023-05-08T14:42:20","guid":{"rendered":"https:\/\/madelinefashion.pl\/?post_type=product&#038;p=88026"},"modified":"2026-01-20T10:33:25","modified_gmt":"2026-01-20T09:33:25","slug":"top-satynowy-na-ramiaczkach-rose-czarny","status":"publish","type":"product","link":"https:\/\/madelinefashion.pl\/en\/product\/top-satynowy-na-ramiaczkach-rose-czarny\/","title":{"rendered":"Rose Black Satin Tank Top"},"content":{"rendered":"<h3 style=\"text-align: center;\">Rose Black Satin Tank Top<\/h3>\n<p style=\"text-align: center;\">Delicate,<strong> rose satin top<\/strong>with a neckline is a sexy model that will add sensuality to your styling. Airy, subtle cut that fits many styles. The top is a perfect proposition for warm spring and summer days, it will look perfect with our models <a href=\"https:\/\/madelinefashion.pl\/en\/spodnie\/\">pants<\/a> or shorts. Satin, flowing finish will guarantee a feminine and successful look. The application in the form of a rose will attract attention and is a total hit of this season. Adjustable straps ensure maximum wearing comfort. A top with a rose is an element that will complete any of your stylizations! It will perfectly emphasize your shoulders. You can wear it for elegant and more demanding stylizations. The material is pleasant, thanks to which you will feel extremely feminine in it.<strong> A must-have item in your wardrobe!\u00a0<\/strong>You must have it! One size fits all recommended <strong>XS SML<\/strong><\/p>\n<h3 style=\"text-align: center;\">Product characteristics:<\/h3>\n<p style=\"text-align: center;\">\u2013 top with straps<br \/>\n-rose\u00a0<strong><br \/>\n<\/strong>- stylish and sexy<strong><br \/>\n<\/strong>- light, airy fabric<\/p>\n<p>&nbsp;<\/p>\n<h3 style=\"text-align: center;\">Dimensions:<\/h3>\n<ul>\n<li style=\"text-align: center;\">overall length: 65 cm<\/li>\n<li style=\"text-align: center;\">width from armpit to armpit: 42-54 cm<\/li>\n<li style=\"text-align: center;\"><\/li>\n<\/ul>\n<p style=\"text-align: center;\"><span style=\"vertical-align: inherit;\">Dimensions may vary from the given +\/- 2cm. All dimensions given are measured flat.<\/span><\/p>\n<table>\n<tbody>\n<tr>\n<td width=\"302\">Model name<\/td>\n<td width=\"302\">Rose Satin Tank Top<\/td>\n<\/tr>\n<tr>\n<td width=\"302\">Color<\/td>\n<td width=\"302\">Black<\/td>\n<\/tr>\n<tr>\n<td width=\"302\">Sizes<\/td>\n<td width=\"302\">Universal<\/td>\n<\/tr>\n<tr>\n<td width=\"302\">Fashion<\/td>\n<td width=\"302\">Oversize<\/td>\n<\/tr>\n<tr>\n<td width=\"302\">Material<\/td>\n<td width=\"302\">100 % Polyester<\/td>\n<\/tr>\n<\/tbody>\n<\/table>\n<p style=\"text-align: center;\"><span style=\"font-size: 10pt;\">\u00a0<\/span><\/p>\n<p style=\"text-align: center;\">The model has\u00a0<strong>169<\/strong>\u00a0cm tall, wears a size every day\u00a0<strong>S.<\/strong><\/p>\n<p style=\"text-align: center;\">The width at the bust is 92 cm<\/p>\n<p style=\"text-align: center;\">Waist width 62 cm<\/p>\n<p style=\"text-align: center;\">The width at the hips is 94 cm<\/p>","protected":false},"excerpt":{"rendered":"<p>Top Satynowy Na Rami\u0105czkach Rose Czarny Delikatny, top satynowy z r\u00f3\u017c\u0105, z dekoltem to seksowny model, kt\u00f3ry doda ka\u017cdej Twojej stylizacji zmys\u0142owo\u015bci. Zwiewny, subtelny kr\u00f3j pasuj\u0105cy do wielu stylizacji. Top to idealna propozycja na ciep\u0142e wiosenne i letnie dni, idealnie b\u0119dzie prezentowa\u0107 si\u0119 z naszymi modelami spodni czy szort\u00f3w. Satynowe, lej\u0105ce wyko\u0144czenie zagwarantuje kobiecy i<\/p>\n<div class=\"klb-readmore post-buttons\"><a class=\"button black outline size-sm\" href=\"https:\/\/madelinefashion.pl\/en\/product\/top-satynowy-na-ramiaczkach-rose-czarny\/\">Read More <i class=\"klbth-icon-right-arrow\"><\/i><\/a><\/div>","protected":false},"featured_media":87909,"template":"","meta":[],"product_brand":[],"product_cat":[85],"product_tag":[292],"class_list":{"0":"post-88026","1":"product","2":"type-product","3":"status-publish","4":"has-post-thumbnail","6":"product_cat-t-shirty","7":"product_tag-topy","9":"first","10":"instock","11":"sale","12":"purchasable","13":"product-type-simple"},"_links":{"self":[{"href":"https:\/\/madelinefashion.pl\/en\/wp-json\/wp\/v2\/product\/88026","targetHints":{"allow":["GET"]}}],"collection":[{"href":"https:\/\/madelinefashion.pl\/en\/wp-json\/wp\/v2\/product"}],"about":[{"href":"https:\/\/madelinefashion.pl\/en\/wp-json\/wp\/v2\/types\/product"}],"wp:featuredmedia":[{"embeddable":true,"href":"https:\/\/madelinefashion.pl\/en\/wp-json\/wp\/v2\/media\/87909"}],"wp:attachment":[{"href":"https:\/\/madelinefashion.pl\/en\/wp-json\/wp\/v2\/media?parent=88026"}],"wp:term":[{"taxonomy":"product_brand","embeddable":true,"href":"https:\/\/madelinefashion.pl\/en\/wp-json\/wp\/v2\/product_brand?post=88026"},{"taxonomy":"product_cat","embeddable":true,"href":"https:\/\/madelinefashion.pl\/en\/wp-json\/wp\/v2\/product_cat?post=88026"},{"taxonomy":"product_tag","embeddable":true,"href":"https:\/\/madelinefashion.pl\/en\/wp-json\/wp\/v2\/product_tag?post=88026"}],"curies":[{"name":"wp","href":"https:\/\/api.w.org\/{rel}","templated":true}]}}