{"id":8839,"date":"2021-04-18T21:12:12","date_gmt":"2021-04-18T19:12:12","guid":{"rendered":"https:\/\/madelinefashion.pl\/?post_type=product&#038;p=8839"},"modified":"2024-02-02T13:46:15","modified_gmt":"2024-02-02T12:46:15","slug":"marynarka-z-paskiem-bezowa-nicol","status":"publish","type":"product","link":"https:\/\/madelinefashion.pl\/en\/product\/marynarka-z-paskiem-bezowa-nicol\/","title":{"rendered":"Nicol beige jacket with a belt"},"content":{"rendered":"<h3 style=\"text-align: center;\">Nicol beige jacket with a belt<\/h3>\n<p style=\"text-align: center;\"><strong>Nicol beige jacket with a belt<\/strong> it has a collar and two pockets at the front, fastened with a buckle and a masked button. The jacket has sewn-in shoulder pads. <strong>A classic jacket is a garment that each of us should have in our wardrobe. <\/strong>Perfect for elegant styling and will be perfect for a regular T-shirt and jeans. High-quality material. <strong>Original cut<\/strong> Jackets will also work in elegant and sporty styling. Decorative golden buttons at the cuffs. Extremely stylish proposition for everyday use as well as for more elegant stylizations. The jacket is available in our store in <strong>several color variants<\/strong>.<\/p>\n<h3 style=\"text-align: center;\">Dimensions:<\/h3>\n<p style=\"text-align: center;\"><strong>36 \/ S<\/strong><\/p>\n<p style=\"text-align: center;\">Total length - 70 cm<br \/>\nThe width from armpit to armpit -46-48 cm<br \/>\nWaist width - 38 cm<br \/>\nWidth at the bottom - 52 cm<br \/>\nSleeve length from the shoulder - 60 cm<br \/>\nSleeve length from armpit - 45 cm<br \/>\nBicep width - circumference - 31 cm<\/p>\n<p style=\"text-align: center;\"><strong>38 \/ M<\/strong><\/p>\n<p style=\"text-align: center;\">Total length - 71 cm<br \/>\nThe width from armpit to armpit -48-50 cm<br \/>\nWaist width - 4 1cm<br \/>\nThe width at the bottom - 54 cm<br \/>\nSleeve length from the shoulder - 61 cm<br \/>\nSleeve length from armpit - 46 cm<br \/>\nBicep width - circumference - 33 cm<\/p>\n<p style=\"text-align: center;\"><strong>40 \/ L<\/strong><\/p>\n<p style=\"text-align: center;\">Total length - 72 cm<br \/>\nThe width from armpit to armpit -50-52 cm<br \/>\nWaist width - 44 cm<br \/>\nThe width at the bottom - 56 cm<br \/>\nSleeve length from the shoulder - 63 cm<br \/>\nSleeve length from armpit - 48 cm<br \/>\nBicep width - circumference - 35 cm<\/p>\n<p style=\"text-align: center;\"><strong>42 \/ XL<\/strong><\/p>\n<p style=\"text-align: center;\">Total length - 72 cm<br \/>\nThe width from armpit to armpit -52-54 cm<br \/>\nWaist width - 46 cm<br \/>\nThe width at the bottom - 58 cm<br \/>\nSleeve length from the shoulder - 63 cm<br \/>\nSleeve length from armpit - 48 cm<br \/>\nBicep width - circumference - 37 cm<\/p>\n<p style=\"text-align: center;\">Dimensions may slightly differ from the given +\/- 2cm. All dimensions given are measured flat.<\/p>\n<table>\n<tbody>\n<tr>\n<td width=\"302\">Model name<\/td>\n<td width=\"302\">Nicol blazer with belt<\/td>\n<\/tr>\n<tr>\n<td width=\"302\">Color<\/td>\n<td width=\"302\">Beige<\/td>\n<\/tr>\n<tr>\n<td width=\"302\">Sizes<\/td>\n<td width=\"302\">SML XL<\/td>\n<\/tr>\n<tr>\n<td width=\"302\">Fashion<\/td>\n<td width=\"302\">Matched<\/td>\n<\/tr>\n<tr>\n<td width=\"302\">Material<\/td>\n<td width=\"302\">95 % Cotton 5 % Elastane<\/td>\n<\/tr>\n<\/tbody>\n<\/table>\n<p style=\"text-align: center;\">\u00a0The model has\u00a0<strong>165<\/strong>\u00a0cm tall, wears a size every day\u00a0<strong>S.<\/strong><\/p>\n<p style=\"text-align: center;\">","protected":false},"excerpt":{"rendered":"<p>Marynarka z Paskiem Be\u017cowa Nicol Marynarka z Paskiem Be\u017cowa Nicol posiada ko\u0142nierz , oraz dwie kieszenie z przodu, zapinana jest na klamr\u0119 oraz zamaskowany guzik. Marynarka posiada wszyte poduszki na ramionach. Klasyczna marynarka to element garderoby, kt\u00f3ra powinna mie\u0107 ka\u017cda z Nas w swojej szafie. Idealna do eleganckich stylizacji oraz \u015bwietnie si\u0119 sprawdzi do zwyk\u0142ego<\/p>\n<div class=\"klb-readmore post-buttons\"><a class=\"button black outline size-sm\" href=\"https:\/\/madelinefashion.pl\/en\/product\/marynarka-z-paskiem-bezowa-nicol\/\">Read More <i class=\"klbth-icon-right-arrow\"><\/i><\/a><\/div>","protected":false},"featured_media":35684,"template":"","meta":[],"product_brand":[],"product_cat":[95],"product_tag":[],"class_list":{"0":"post-8839","1":"product","2":"type-product","3":"status-publish","4":"has-post-thumbnail","6":"product_cat-marynarki-i-zakiety","7":"pa_rozmiar-s","8":"pa_rozmiar-m","9":"pa_rozmiar-l","10":"pa_rozmiar-xl","12":"first","13":"instock","14":"product-type-variable"},"_links":{"self":[{"href":"https:\/\/madelinefashion.pl\/en\/wp-json\/wp\/v2\/product\/8839","targetHints":{"allow":["GET"]}}],"collection":[{"href":"https:\/\/madelinefashion.pl\/en\/wp-json\/wp\/v2\/product"}],"about":[{"href":"https:\/\/madelinefashion.pl\/en\/wp-json\/wp\/v2\/types\/product"}],"wp:featuredmedia":[{"embeddable":true,"href":"https:\/\/madelinefashion.pl\/en\/wp-json\/wp\/v2\/media\/35684"}],"wp:attachment":[{"href":"https:\/\/madelinefashion.pl\/en\/wp-json\/wp\/v2\/media?parent=8839"}],"wp:term":[{"taxonomy":"product_brand","embeddable":true,"href":"https:\/\/madelinefashion.pl\/en\/wp-json\/wp\/v2\/product_brand?post=8839"},{"taxonomy":"product_cat","embeddable":true,"href":"https:\/\/madelinefashion.pl\/en\/wp-json\/wp\/v2\/product_cat?post=8839"},{"taxonomy":"product_tag","embeddable":true,"href":"https:\/\/madelinefashion.pl\/en\/wp-json\/wp\/v2\/product_tag?post=8839"}],"curies":[{"name":"wp","href":"https:\/\/api.w.org\/{rel}","templated":true}]}}