{"id":8878,"date":"2021-04-18T22:46:48","date_gmt":"2021-04-18T20:46:48","guid":{"rendered":"https:\/\/madelinefashion.pl\/?post_type=product&#038;p=8878"},"modified":"2023-07-26T11:45:21","modified_gmt":"2023-07-26T09:45:21","slug":"komplet-bluzka-spodenki-sinti-falbanka-khaki","status":"publish","type":"product","link":"https:\/\/madelinefashion.pl\/en\/product\/komplet-bluzka-spodenki-sinti-falbanka-khaki\/","title":{"rendered":"Set: Blouse + Shorts Sinti Frill Khaki"},"content":{"rendered":"<h3 style=\"text-align: center;\">Set: Blouse + Shorts Sinti Frill Khaki<\/h3>\n<p style=\"text-align: center;\"><strong>Phenomenal Short Sweat Set<\/strong>\u00a0made of very good quality, soft and\u00a0<strong>enjoyable<\/strong>\u00a0in touch\u00a0<strong>material<\/strong>. The tracksuit is decorated with delicate frills. <strong>Blouse + shorts set\u00a0<\/strong>is an excellent proposition for those who love to feel comfortable every day, and at the same time to feel a friendly and soft touch. The set is made of high-quality material - it is very pleasant to the touch.<br \/>\n<strong><span lang=\"en-us\" xml:lang=\"en-us\">The shorts can be worn with a blouse or can also be combined with <\/span><\/strong><a href=\"https:\/\/madelinefashion.pl\/en\/casual-clothes\/t-shirty\/\"><span lang=\"en-us\" xml:lang=\"en-us\">shirt<\/span><\/a><strong><span lang=\"en-us\" xml:lang=\"en-us\"> and create the perfect everyday, casual look.\u00a0<\/span><\/strong> The shorts have two pockets and <strong>drawstring at the waist. <\/strong>Set available in\u00a0<strong>lovely colors<\/strong>that are perfect for the upcoming season. A set in a universal size recommended for ladies in size\u00a0<strong>SML XL<\/strong>\u00a0.<br \/>\nYou absolutely must have this set in\u00a0<strong>your wardrobe<\/strong>!<\/p>\n<h3 style=\"text-align: center;\">\u00a0 \u00a0 \u00a0Dimensions:<\/h3>\n<p style=\"text-align: center;\"><strong>\u00a0 \u00a0 \u00a0 Blouse\u00a0<\/strong><\/p>\n<ul style=\"text-align: center;\">\n<li>\u00a0\u00a0\u00a0\u00a0\u00a0\u00a0\u00a0 overall length: 58 cm<\/li>\n<li>\u00a0\u00a0\u00a0\u00a0\u00a0\u00a0\u00a0 width from armpit to armpit: 47-55 cm<\/li>\n<li>\u00a0 \u00a0 width at the bottom: 46-56 cm<\/li>\n<li>\u00a0\u00a0\u00a0\u00a0\u00a0\u00a0\u00a0 recommended maximum bust circumference: 108 cm<\/li>\n<\/ul>\n<p style=\"text-align: center;\"><strong>\u00a0 \u00a0 \u00a0 \u00a0Shorts<\/strong><\/p>\n<ul style=\"text-align: center;\">\n<li>\u00a0 overall length: 32 cm<\/li>\n<li>\u00a0\u00a0\u00a0\u00a0\u00a0\u00a0\u00a0 belt width: 35-48 cm<\/li>\n<li>\u00a0 \u00a0 \u00a0 \u00a0 hip width 42-50 cm<\/li>\n<li>\u00a0 \u00a0 \u00a0 \u00a0\u00a0rise 27 cm<\/li>\n<\/ul>\n<p style=\"text-align: center;\">Dimensions may slightly differ from the given +\/- 2cm. All dimensions given are measured flat.<\/p>\n<table>\n<tbody>\n<tr>\n<td width=\"302\">Model name<\/td>\n<td width=\"302\">Set: Blouse + Shorts Sinti Frill<\/td>\n<\/tr>\n<tr>\n<td width=\"302\">Color<\/td>\n<td width=\"302\">Khaki<\/td>\n<\/tr>\n<tr>\n<td width=\"302\">Sizes<\/td>\n<td width=\"302\">Universal<\/td>\n<\/tr>\n<tr>\n<td width=\"302\">Fashion<\/td>\n<td width=\"302\">Oversize<\/td>\n<\/tr>\n<tr>\n<td width=\"302\">Material<\/td>\n<td width=\"302\">95 % Cotton 5% Cotton<\/td>\n<\/tr>\n<\/tbody>\n<\/table>\n<div class=\"tabs tabs-bb clear mb-80\">\n<div class=\"tab-content\">\n<div id=\"tab-description\" class=\"tab-pane fade in woocommerce-Tabs-panel--description active\">\n<div class=\"tabs tabs-bb clear mb-80\">\n<div class=\"tab-content\">\n<div id=\"tab-description\" class=\"tab-pane fade in woocommerce-Tabs-panel--description active\">\n<p style=\"text-align: center;\">\u00a0The model has\u00a0<strong>165<\/strong>\u00a0cm tall, wears a size every day\u00a0<strong>S.<\/strong><\/p>\n<\/div>\n<\/div>\n<\/div>\n<\/div>\n<\/div>\n<\/div>","protected":false},"excerpt":{"rendered":"<p>Komplet Bluzka+ Spodenki Sinti Falbanka Khaki Fenomenalny Kr\u00f3tki Komplet dresowy\u00a0wykonany z bardzo dobrej jako\u015bci, mi\u0119kkiego i\u00a0przyjemnego\u00a0w dotyku\u00a0materia\u0142u. Dres ozdobiony delikatnymi falbankami. Komplet Bluzka + spodenki\u00a0to doskona\u0142a propozycja dla tych, kt\u00f3re uwielbiaj\u0105 na co dzie\u0144 mie\u0107 poczucie komfortu, a przy tym odczucie przyjaznego i mi\u0119kkiego dotyku. Komplet wykonany jest z wysokiej jako\u015bci materia\u0142u \u2013 jest mega<\/p>\n<div class=\"klb-readmore post-buttons\"><a class=\"button black outline size-sm\" href=\"https:\/\/madelinefashion.pl\/en\/product\/komplet-bluzka-spodenki-sinti-falbanka-khaki\/\">Read More <i class=\"klbth-icon-right-arrow\"><\/i><\/a><\/div>","protected":false},"featured_media":8871,"template":"","meta":[],"product_brand":[],"product_cat":[89],"product_tag":[],"class_list":{"0":"post-8878","1":"product","2":"type-product","3":"status-publish","4":"has-post-thumbnail","6":"product_cat-komplety","8":"first","9":"outofstock","10":"purchasable","11":"product-type-simple"},"_links":{"self":[{"href":"https:\/\/madelinefashion.pl\/en\/wp-json\/wp\/v2\/product\/8878","targetHints":{"allow":["GET"]}}],"collection":[{"href":"https:\/\/madelinefashion.pl\/en\/wp-json\/wp\/v2\/product"}],"about":[{"href":"https:\/\/madelinefashion.pl\/en\/wp-json\/wp\/v2\/types\/product"}],"wp:featuredmedia":[{"embeddable":true,"href":"https:\/\/madelinefashion.pl\/en\/wp-json\/wp\/v2\/media\/8871"}],"wp:attachment":[{"href":"https:\/\/madelinefashion.pl\/en\/wp-json\/wp\/v2\/media?parent=8878"}],"wp:term":[{"taxonomy":"product_brand","embeddable":true,"href":"https:\/\/madelinefashion.pl\/en\/wp-json\/wp\/v2\/product_brand?post=8878"},{"taxonomy":"product_cat","embeddable":true,"href":"https:\/\/madelinefashion.pl\/en\/wp-json\/wp\/v2\/product_cat?post=8878"},{"taxonomy":"product_tag","embeddable":true,"href":"https:\/\/madelinefashion.pl\/en\/wp-json\/wp\/v2\/product_tag?post=8878"}],"curies":[{"name":"wp","href":"https:\/\/api.w.org\/{rel}","templated":true}]}}