{"id":88896,"date":"2023-05-15T16:17:26","date_gmt":"2023-05-15T14:17:26","guid":{"rendered":"https:\/\/madelinefashion.pl\/?post_type=product&#038;p=88896"},"modified":"2026-03-27T06:45:45","modified_gmt":"2026-03-27T05:45:45","slug":"sukienka-dluga-brokatowa-z-tiulem-cappucino-victoria","status":"publish","type":"product","link":"https:\/\/madelinefashion.pl\/en\/product\/sukienka-dluga-brokatowa-z-tiulem-cappucino-victoria\/","title":{"rendered":"Long Brocade Dress with Tulle Cappucino Victoria"},"content":{"rendered":"<h3 style=\"text-align: center;\">Long Brocade Dress with Tulle Cappucino Victoria<\/h3>\n<p style=\"text-align: center;\"><span style=\"font-size: 10pt;\"><strong>Long Brocade Dress with Tulle Victoria with a slit.<\/strong>\u00a0 A great evening dress with a V-neckline - V beautifully exposes the bust. The evening dress fits the figure very nicely. Victoria in color <b>cappuccino <\/b>stayed in<\/span><span style=\"font-size: 10pt;\">Produced and sewn in Poland. <\/span><span class=\"def\">Long brocade dress finished with tulle at the bottom. Very flexible - with an elastic waistband. The brocade dress comes with a belt that allows for various ties. The bottom of the dress is made of two layers: brocade material and tulle.<br \/>\n<\/span><span style=\"font-size: 10pt;\"><strong>You are looking for the perfect dress for a wedding, New Year&#039;s Eve, carnival or prom<\/strong>? This model will be perfect. Dress -<strong> it shimmers beautifully and looks simply wonderful<\/strong> !! Dresses made of shimmering material are extremely stylish and look like the outfits of movie stars. See our offer <a href=\"https:\/\/madelinefashion.pl\/en\/sukienki-i-kombinezony\/sukienki-okolicznosciowe\/\"><strong>evening dresses<\/strong><\/a> and choose the model you will be in <strong>look like a star<\/strong> and you will stand out from the crowd. The maxi dress shimmers fabulously in the light of the lamps. One cannot be indifferent to her. Dress in maxi version to the ground, flared, fitted and with a deep neckline. <strong>The effect is complemented by a large cut exposing the leg. <\/strong><\/span><span style=\"font-size: 10pt;\">Available in sizes 34 36 38 40 42 . Dresses from Madelinefashion are an excellent choice for weddings, proms, New Year&#039;s Eve and other elegant special events. Available in our e-shop in several color variants, so do not hesitate and choose the one that is perfect for you. If you can&#039;t decide which color, <strong>size<\/strong> is the best for you, <strong>contact us<\/strong> through <a href=\"https:\/\/www.facebook.com\/madelinefashionbutik\" target=\"_blank\" rel=\"noopener\">Facebook<\/a> or <a href=\"https:\/\/madelinefashion.pl\/en\/kontakt\/\">phone<\/a>. If the size is not available on the website, please contact us.\u00a0<\/span><\/p>\n<h3 style=\"text-align: center;\">DRESS DIMENSIONS:<\/h3>\n<div class=\"additional-details\" style=\"text-align: center;\">\n<table width=\"556\">\n<tbody>\n<tr>\n<td><strong>SIZE<\/strong><\/td>\n<td><strong>Bust<\/strong><\/td>\n<td><strong>Waist<\/strong><\/td>\n<td><strong>Hips<\/strong><\/td>\n<\/tr>\n<tr>\n<td><strong>34<\/strong><\/td>\n<td>84-86<\/td>\n<td>64<\/td>\n<td>\u00a0any<\/td>\n<\/tr>\n<tr>\n<td><strong>36<\/strong><\/td>\n<td>88-90<\/td>\n<td>68<\/td>\n<td>\u00a0any<\/td>\n<\/tr>\n<tr>\n<td><strong>38<\/strong><\/td>\n<td>\u00a092-94<\/td>\n<td>72<\/td>\n<td>\u00a0any<\/td>\n<\/tr>\n<tr>\n<td><strong>40<\/strong><\/td>\n<td>96-98<\/td>\n<td>76<\/td>\n<td>\u00a0any<\/td>\n<\/tr>\n<tr>\n<td><strong>42<\/strong><\/td>\n<td>100-104<\/td>\n<td>80<\/td>\n<td>\u00a0any<\/td>\n<\/tr>\n<\/tbody>\n<\/table>\n<p><span style=\"font-size: 10pt;\">total length approx. 150 cm <\/span><span style=\"font-size: 10pt;\">\u00a0<\/span><\/p>\n<\/div>\n<p style=\"text-align: center;\"><span style=\"font-size: 10pt;\">The dress is also available in other colors - see our other products.<\/span><\/p>\n<p style=\"text-align: center;\"><span style=\"font-size: 10pt;\">Dimensions may slightly differ from the given +\/- 2cm.\u00a0<\/span><\/p>\n<p style=\"text-align: center;\"><span style=\"font-size: 10pt;\"><strong>\u00a0<\/strong>\u00a0<\/span><\/p>\n<table width=\"620\">\n<tbody>\n<tr>\n<td width=\"302\">Model name<\/td>\n<td width=\"302\">Victoria Long Brocade Dress with Tulle<\/td>\n<\/tr>\n<tr>\n<td width=\"302\">Color<\/td>\n<td width=\"302\">Beige\/cappuccino<\/td>\n<\/tr>\n<tr>\n<td width=\"302\">Cleavage<\/td>\n<td width=\"302\">Envelope<\/td>\n<\/tr>\n<tr>\n<td width=\"302\">Sizes<\/td>\n<td width=\"302\">32 34 36 38 40<\/td>\n<\/tr>\n<tr>\n<td width=\"302\">Fashion<\/td>\n<td width=\"302\">Flared<\/td>\n<\/tr>\n<tr>\n<td width=\"302\">Material<\/td>\n<td width=\"302\">60% Polyester 35% Viscose 5% Elastane<\/td>\n<\/tr>\n<tr>\n<td width=\"302\">Length<\/td>\n<td width=\"302\">To the ground<\/td>\n<\/tr>\n<\/tbody>\n<\/table>\n<p style=\"text-align: center;\"><span style=\"font-size: 10pt;\">\u00a0<\/span><\/p>\n<p style=\"text-align: center;\"><span style=\"font-size: 10pt;\">In order to match <strong>perfect dresses<\/strong> we invite you to contact us by phone or contact us <a href=\"https:\/\/www.facebook.com\/madelinefashionbutik\" target=\"_blank\" rel=\"noopener\">Facebook<\/a> .<\/span><br \/>\n<span style=\"font-size: 10pt;\">Our team will help <strong>Choose the right one<\/strong> . <strong>We can make each dress at the request of the buyer\u00a0<\/strong><strong>measure carefully. <\/strong><\/span><span style=\"font-size: 10pt;\">\u00a0<\/span><\/p>","protected":false},"excerpt":{"rendered":"<p>Sukienka D\u0142uga Brokatowa z Tiulem Cappucino Victoria Sukienka D\u0142uga Brokatowa z Tiulem Victoria z rozci\u0119ciem.\u00a0 Wspania\u0142a suknia wieczorowa z dekoltem w szpic &#8211; V pi\u0119knie eksponuje biust.\u00a0 Suknia wieczorowa bardzo \u0142adnie dopasowuje si\u0119 do sylwetki. Victoria w kolorze cappucino zosta\u0142a wyprodukowana i uszyta w Polsce. Sukienka d\u0142uga brokatowa wyko\u0144czona na dole tiulem. Bardzo elastyczna &#8211;<\/p>\n<div class=\"klb-readmore post-buttons\"><a class=\"button black outline size-sm\" href=\"https:\/\/madelinefashion.pl\/en\/product\/sukienka-dluga-brokatowa-z-tiulem-cappucino-victoria\/\">Read More <i class=\"klbth-icon-right-arrow\"><\/i><\/a><\/div>","protected":false},"featured_media":102398,"template":"","meta":[],"product_brand":[],"product_cat":[124,395,559,560,561],"product_tag":[212,163],"class_list":{"0":"post-88896","1":"product","2":"type-product","3":"status-publish","4":"has-post-thumbnail","6":"product_cat-sukienki-okolicznosciowe","7":"product_cat-nowosci","8":"product_cat-noworoczna-sekcja-okazji","9":"product_cat-sukienki-brokatowe","10":"product_cat-sukienki-tiulowe","11":"product_tag-sukienki-bezowe","12":"product_tag-sukienki-dlugie","14":"first","15":"instock","16":"sale","17":"purchasable","18":"product-type-variable"},"_links":{"self":[{"href":"https:\/\/madelinefashion.pl\/en\/wp-json\/wp\/v2\/product\/88896","targetHints":{"allow":["GET"]}}],"collection":[{"href":"https:\/\/madelinefashion.pl\/en\/wp-json\/wp\/v2\/product"}],"about":[{"href":"https:\/\/madelinefashion.pl\/en\/wp-json\/wp\/v2\/types\/product"}],"wp:featuredmedia":[{"embeddable":true,"href":"https:\/\/madelinefashion.pl\/en\/wp-json\/wp\/v2\/media\/102398"}],"wp:attachment":[{"href":"https:\/\/madelinefashion.pl\/en\/wp-json\/wp\/v2\/media?parent=88896"}],"wp:term":[{"taxonomy":"product_brand","embeddable":true,"href":"https:\/\/madelinefashion.pl\/en\/wp-json\/wp\/v2\/product_brand?post=88896"},{"taxonomy":"product_cat","embeddable":true,"href":"https:\/\/madelinefashion.pl\/en\/wp-json\/wp\/v2\/product_cat?post=88896"},{"taxonomy":"product_tag","embeddable":true,"href":"https:\/\/madelinefashion.pl\/en\/wp-json\/wp\/v2\/product_tag?post=88896"}],"curies":[{"name":"wp","href":"https:\/\/api.w.org\/{rel}","templated":true}]}}