{"id":89793,"date":"2023-05-22T11:20:16","date_gmt":"2023-05-22T09:20:16","guid":{"rendered":"https:\/\/madelinefashion.pl\/?post_type=product&#038;p=89793"},"modified":"2026-03-26T12:39:29","modified_gmt":"2026-03-26T11:39:29","slug":"kombinezon-elegancki-horizontex-czerwony","status":"publish","type":"product","link":"https:\/\/madelinefashion.pl\/en\/product\/kombinezon-elegancki-horizontex-czerwony\/","title":{"rendered":"Elegant Jumpsuit Horizontex Red"},"content":{"rendered":"<h3 style=\"text-align: center;\">Elegant Jumpsuit Horizontex Red<\/h3>\n<p style=\"text-align: center;\">Beautiful, unusual jumpsuit, suitable for various occasions. The suit is made of elegant stretchy material. Beautiful, unusual jumpsuit, suitable for various occasions. The suit is made of elegant stretchy material. Top with thick straps. jumpsuit beautifully exposes the neckline. Fitted leg. Jumpsuit tied at the back. <span style=\"font-size: 10pt;\">Perfect for a party, New Year&#039;s Eve, dinner or going out with friends. The wide-leg jumpsuit adds innovation.<\/span><span style=\"font-size: 10pt;\"> <strong>Dungarees<\/strong><strong>\u00a0<\/strong> available <\/span><span style=\"font-size: 10pt;\">\u00a0in sizes <strong>34, 36, 38<\/strong> , <strong>40<\/strong>\u00a0 . Jumpsuits and Dresses <strong>Pretty Women<\/strong> is an excellent choice for a wedding, prom, New Year&#039;s Eve and other elegant special events. If you can&#039;t decide which color, <strong>size<\/strong> is the best for you, <strong>contact us<\/strong> through <a href=\"https:\/\/www.facebook.com\/madelinefashionbutik\" target=\"_blank\" rel=\"noopener\">Facebook<\/a> or <a href=\"https:\/\/madelinefashion.pl\/en\/kontakt\/\">phone<\/a>. If the size is not available on the website, please contact us.\u00a0<\/span><\/p>\n<h3 style=\"text-align: center;\">JUMPSUIT DIMENSIONS:<\/h3>\n<p style=\"text-align: center;\"><img fetchpriority=\"high\" decoding=\"async\" class=\"alignnone size-medium wp-image-16801\" src=\"https:\/\/madelinefashion.pl\/wp-content\/uploads\/2021\/08\/wymiary-suknia-300x194.png\" alt=\"\" width=\"300\" height=\"194\" title=\"\"><\/p>\n<table width=\"749\">\n<tbody>\n<tr>\n<td>SIZE<\/td>\n<td>34<\/td>\n<td>36<\/td>\n<td>38<\/td>\n<td>40<\/td>\n<\/tr>\n<tr>\n<td>Bust<\/td>\n<td>84-86<\/td>\n<td>88-90<\/td>\n<td>92-94<\/td>\n<td>96-98<\/td>\n<\/tr>\n<tr>\n<td>Waist<\/td>\n<td>64<\/td>\n<td>68<\/td>\n<td>72<\/td>\n<td>76<\/td>\n<\/tr>\n<tr>\n<td>Hips<\/td>\n<td>\u00a0any<\/td>\n<td>\u00a0any<\/td>\n<td>\u00a0any<\/td>\n<td>any<\/td>\n<\/tr>\n<\/tbody>\n<\/table>\n<p style=\"text-align: center;\">\u00a0 total length approx. 157 cm<\/p>\n<p style=\"text-align: center;\">The dress is also available in other colors - see our other products.<\/p>\n<p style=\"text-align: center;\">Dimensions may slightly differ from the given +\/- 2cm.<\/p>\n<p style=\"text-align: center;\"><strong>\u00a0<\/strong><\/p>\n<p>&nbsp;<\/p>\n<table>\n<tbody>\n<tr>\n<td width=\"302\">Model name<\/td>\n<td width=\"302\">Elegant Horizontex Jumpsuit<\/td>\n<\/tr>\n<tr>\n<td width=\"302\">Color<\/td>\n<td width=\"302\">Raspberry<\/td>\n<\/tr>\n<tr>\n<td width=\"302\">Mark<\/td>\n<td width=\"302\">Pretty Women<\/td>\n<\/tr>\n<tr>\n<td width=\"302\">Sizes<\/td>\n<td width=\"302\">34 36 38 40<\/td>\n<\/tr>\n<tr>\n<td width=\"302\">Fashion<\/td>\n<td width=\"302\">Matched<\/td>\n<\/tr>\n<tr>\n<td width=\"302\">Material<\/td>\n<td width=\"302\">Viscose, Polyester, Cotton<\/td>\n<\/tr>\n<tr>\n<td width=\"302\">Length<\/td>\n<td width=\"302\">To the ground<\/td>\n<\/tr>\n<\/tbody>\n<\/table>\n<p>&nbsp;<\/p>\n<p style=\"text-align: center;\">In order to match\u00a0<strong>perfect dresses<\/strong>\u00a0we invite you to contact us by phone or via our facebook.<br \/>\nOur team will help\u00a0<strong>Choose the right one<\/strong>\u00a0.\u00a0<strong>We can make each dress at the request of the buyer\u00a0<\/strong><strong>measure carefully.\u00a0<\/strong><\/p>\n<div class=\"additional-details\">\n<p style=\"text-align: center;\">\n<\/div>","protected":false},"excerpt":{"rendered":"<p>Kombinezon Elegancki Horizontex Czerwony Pi\u0119kny, nietuzinkowy kombinezon, odpowiedni na r\u00f3\u017cne okazje. Kombinezon uszyty jest z\u00a0 eleganckiego rozci\u0105gliwego materia\u0142u. Pi\u0119kny, nietuzinkowy kombinezon, odpowiedni na r\u00f3\u017cne okazje. Kombinezon uszyty jest z\u00a0 eleganckiego rozci\u0105gliwego materia\u0142u. G\u00f3ra na grubych rami\u0105czkach. kombinezon pi\u0119knie eksponuje dekolt. Nogawka dopasowana. Kombinezon wi\u0105zany z ty\u0142u. Idealny na imprez\u0119, andrzejki sylwester, kolacj\u0119 lub wyj\u015bcie ze<\/p>\n<div class=\"klb-readmore post-buttons\"><a class=\"button black outline size-sm\" href=\"https:\/\/madelinefashion.pl\/en\/product\/kombinezon-elegancki-horizontex-czerwony\/\">Read More <i class=\"klbth-icon-right-arrow\"><\/i><\/a><\/div>","protected":false},"featured_media":89789,"template":"","meta":[],"product_brand":[],"product_cat":[80,395,559],"product_tag":[297,257],"class_list":{"0":"post-89793","1":"product","2":"type-product","3":"status-publish","4":"has-post-thumbnail","6":"product_cat-sukienki-i-kombinezony","7":"product_cat-nowosci","8":"product_cat-noworoczna-sekcja-okazji","9":"product_tag-kombinezony","10":"product_tag-madelinefashion","12":"first","13":"instock","14":"sale","15":"purchasable","16":"product-type-variable"},"_links":{"self":[{"href":"https:\/\/madelinefashion.pl\/en\/wp-json\/wp\/v2\/product\/89793","targetHints":{"allow":["GET"]}}],"collection":[{"href":"https:\/\/madelinefashion.pl\/en\/wp-json\/wp\/v2\/product"}],"about":[{"href":"https:\/\/madelinefashion.pl\/en\/wp-json\/wp\/v2\/types\/product"}],"wp:featuredmedia":[{"embeddable":true,"href":"https:\/\/madelinefashion.pl\/en\/wp-json\/wp\/v2\/media\/89789"}],"wp:attachment":[{"href":"https:\/\/madelinefashion.pl\/en\/wp-json\/wp\/v2\/media?parent=89793"}],"wp:term":[{"taxonomy":"product_brand","embeddable":true,"href":"https:\/\/madelinefashion.pl\/en\/wp-json\/wp\/v2\/product_brand?post=89793"},{"taxonomy":"product_cat","embeddable":true,"href":"https:\/\/madelinefashion.pl\/en\/wp-json\/wp\/v2\/product_cat?post=89793"},{"taxonomy":"product_tag","embeddable":true,"href":"https:\/\/madelinefashion.pl\/en\/wp-json\/wp\/v2\/product_tag?post=89793"}],"curies":[{"name":"wp","href":"https:\/\/api.w.org\/{rel}","templated":true}]}}