{"id":90274,"date":"2023-05-26T11:49:58","date_gmt":"2023-05-26T09:49:58","guid":{"rendered":"https:\/\/madelinefashion.pl\/?post_type=product&#038;p=90274"},"modified":"2026-03-19T17:42:15","modified_gmt":"2026-03-19T16:42:15","slug":"sukienka-z-rekawkiem-idea-gloria-2","status":"publish","type":"product","link":"https:\/\/madelinefashion.pl\/en\/product\/sukienka-z-rekawkiem-idea-gloria-2\/","title":{"rendered":"Idea Gloria Sleeve Dress with Slit Cornflower"},"content":{"rendered":"<h3 style=\"text-align: center;\">Idea Gloria Sleeve Dress with Slit Cornflower<\/h3>\n<p style=\"text-align: center;\">An elegant, long evening dress that combines classic style with a touch of sensuality. Its refined cut beautifully accentuates the feminine silhouette, highlighting the waist and visually elongating the legs. Perfect for weddings, receptions, balls, and other special occasions. The bodice features a deep V-neckline and long, flowing sleeves with a subtle cutout and cuffs, adding lightness and sophistication. The fitted waist accentuates proportions, while the striking slit on the leg ensures freedom of movement and attracts attention. The open-back back is an elegant touch that adds character and makes the outfit incredibly feminine. The bottom is lined with a flowing lining. \u00a0<strong>Madelinefashion dresses<\/strong> is an excellent choice for a wedding, prom, New Year&#039;s Eve and other elegant special events. The V-neck Gloria dress showcases your bust beautifully If you can&#039;t decide which one <strong>size<\/strong> is the best for you, <strong>contact us<\/strong> through <a href=\"https:\/\/www.facebook.com\/madelinefashionbutik\" target=\"_blank\" rel=\"noopener\">Facebook<\/a> or <a href=\"https:\/\/madelinefashion.pl\/en\/kontakt\/\">phone<\/a>. If the size is not available on the website, please contact us.<\/p>\n<h3 style=\"text-align: center;\">DRESS DIMENSIONS:<\/h3>\n<div class=\"additional-details\" style=\"text-align: center;\">\n<div class=\"additional-details\" style=\"text-align: center;\">\n<table width=\"556\">\n<tbody>\n<tr>\n<td><strong>SIZE<\/strong><\/td>\n<td><strong>Bust<\/strong><\/td>\n<td><strong>Waist<\/strong><\/td>\n<td><strong>Hips<\/strong><\/td>\n<\/tr>\n<tr>\n<td><strong>36<\/strong><\/td>\n<td>88-94<\/td>\n<td>68<\/td>\n<td>\u00a0any<\/td>\n<\/tr>\n<tr>\n<td><strong>38<\/strong><\/td>\n<td>92-96<\/td>\n<td>72<\/td>\n<td>\u00a0any<\/td>\n<\/tr>\n<tr>\n<td><strong>40<\/strong><\/td>\n<td>96-102<\/td>\n<td>76<\/td>\n<td>\u00a0any<\/td>\n<\/tr>\n<\/tbody>\n<\/table>\n<p>&nbsp;<\/p>\n<\/div>\n<p style=\"text-align: center;\"><span style=\"font-size: 10pt;\">total length approx. 160 cm (the dress can be shortened on your own)\u00a0<\/span><\/p>\n<\/div>\n<p style=\"text-align: center;\"><span style=\"font-size: 10pt;\">The dress is also available in other colors - see our other products.<\/span><\/p>\n<p style=\"text-align: center;\"><span style=\"font-size: 10pt;\">Dimensions may slightly differ from the given +\/- 2cm.\u00a0<\/span><\/p>\n<p style=\"text-align: center;\"><span style=\"font-size: 10pt;\"><strong>\u00a0<\/strong>\u00a0<\/span><\/p>\n<table width=\"620\">\n<tbody>\n<tr>\n<td width=\"302\">Model name<\/td>\n<td width=\"302\">Idea Gloria Sleeve Dress with Slit<\/td>\n<\/tr>\n<tr>\n<td width=\"302\">Color<\/td>\n<td width=\"302\">Blue<\/td>\n<\/tr>\n<tr>\n<td width=\"302\">Cleavage<\/td>\n<td width=\"302\">Style V<\/td>\n<\/tr>\n<tr>\n<td width=\"302\">Sizes<\/td>\n<td width=\"302\">36 38 40<\/td>\n<\/tr>\n<tr>\n<td width=\"302\">Sleeve<\/td>\n<td width=\"302\">Long<\/td>\n<\/tr>\n<tr>\n<td width=\"302\">Material<\/td>\n<td width=\"302\">Viscose, Polyester, Cotton<\/td>\n<\/tr>\n<tr>\n<td width=\"302\">Length<\/td>\n<td width=\"302\">To the ground<\/td>\n<\/tr>\n<\/tbody>\n<\/table>\n<p style=\"text-align: center;\"><span style=\"font-size: 10pt;\">\u00a0<\/span><\/p>\n<p style=\"text-align: center;\"><span style=\"font-size: 10pt;\">In order to match <strong>perfect dresses<\/strong> we invite you to contact us by phone or contact us <a href=\"https:\/\/www.facebook.com\/madelinefashionbutik\" target=\"_blank\" rel=\"noopener\">Facebook<\/a> .<\/span><br \/>\n<span style=\"font-size: 10pt;\">Our team will help <strong>Choose the right one<\/strong> . <strong>We can make each dress at the request of the buyer\u00a0<\/strong><strong>measure carefully.\u00a0<\/strong><\/span><\/p>\n<div class=\"additional-details\" style=\"text-align: center;\">\n<p style=\"text-align: center;\"><span style=\"font-size: 10pt;\">\u00a0<\/span><\/p>\n<\/div>","protected":false},"excerpt":{"rendered":"<p>Sukienka z R\u0119kawkiem Idea Gloria z Rozci\u0119ciem Chabrowa Elegancka, d\u0142uga sukienka wieczorowa, kt\u00f3ra \u0142\u0105czy klasyk\u0119 z nut\u0105 zmys\u0142owo\u015bci. Jej dopracowany kr\u00f3j pi\u0119knie podkre\u015bla kobiec\u0105 sylwetk\u0119, eksponuj\u0105c tali\u0119 i wyd\u0142u\u017caj\u0105c optycznie nogi. Idealna na wesela, przyj\u0119cia, bale oraz inne wyj\u0105tkowe okazje.G\u00f3ra sukienki posiada g\u0142\u0119boki dekolt w liter\u0119 V oraz d\u0142ugie, zwiewne r\u0119kawy z subtelnym wyci\u0119ciem zako\u0144czone<\/p>\n<div class=\"klb-readmore post-buttons\"><a class=\"button black outline size-sm\" href=\"https:\/\/madelinefashion.pl\/en\/product\/sukienka-z-rekawkiem-idea-gloria-2\/\">Read More <i class=\"klbth-icon-right-arrow\"><\/i><\/a><\/div>","protected":false},"featured_media":118191,"template":"","meta":[],"product_brand":[],"product_cat":[124,395,568],"product_tag":[163,261],"class_list":{"0":"post-90274","1":"product","2":"type-product","3":"status-publish","4":"has-post-thumbnail","6":"product_cat-sukienki-okolicznosciowe","7":"product_cat-nowosci","8":"product_cat-sukienki-rozkloszowane-szyfonowe","9":"product_tag-sukienki-dlugie","10":"product_tag-sukienki-niebieskie","12":"first","13":"instock","14":"purchasable","15":"product-type-variable"},"_links":{"self":[{"href":"https:\/\/madelinefashion.pl\/en\/wp-json\/wp\/v2\/product\/90274","targetHints":{"allow":["GET"]}}],"collection":[{"href":"https:\/\/madelinefashion.pl\/en\/wp-json\/wp\/v2\/product"}],"about":[{"href":"https:\/\/madelinefashion.pl\/en\/wp-json\/wp\/v2\/types\/product"}],"wp:featuredmedia":[{"embeddable":true,"href":"https:\/\/madelinefashion.pl\/en\/wp-json\/wp\/v2\/media\/118191"}],"wp:attachment":[{"href":"https:\/\/madelinefashion.pl\/en\/wp-json\/wp\/v2\/media?parent=90274"}],"wp:term":[{"taxonomy":"product_brand","embeddable":true,"href":"https:\/\/madelinefashion.pl\/en\/wp-json\/wp\/v2\/product_brand?post=90274"},{"taxonomy":"product_cat","embeddable":true,"href":"https:\/\/madelinefashion.pl\/en\/wp-json\/wp\/v2\/product_cat?post=90274"},{"taxonomy":"product_tag","embeddable":true,"href":"https:\/\/madelinefashion.pl\/en\/wp-json\/wp\/v2\/product_tag?post=90274"}],"curies":[{"name":"wp","href":"https:\/\/api.w.org\/{rel}","templated":true}]}}