{"id":90736,"date":"2023-05-29T11:29:33","date_gmt":"2023-05-29T09:29:33","guid":{"rendered":"https:\/\/madelinefashion.pl\/?post_type=product&#038;p=90736"},"modified":"2024-04-24T10:32:18","modified_gmt":"2024-04-24T08:32:18","slug":"kombinezon-na-ramiaczka-katanina-fuksja","status":"publish","type":"product","link":"https:\/\/madelinefashion.pl\/en\/product\/kombinezon-na-ramiaczka-katanina-fuksja\/","title":{"rendered":"Katanina Fuchsia Strappy Jumpsuit"},"content":{"rendered":"<h3 style=\"text-align: center;\">Katanina Fuchsia Strappy Jumpsuit<\/h3>\n<p style=\"text-align: center;\"><span style=\"vertical-align: inherit;\"><strong>Katanina Slingback Jumpsuit<\/strong> made of nice, pleasant to the touch material. Very pleasant to the skin. Jumpsuits are back on the list of the most fashionable styles. Their undoubted advantage is <strong>simplicity of styling.<\/strong> Jumpsuit with a loose top with a frill. The suit has two pockets and legs finished with welts. There is also a drawstring at the waist that beautifully emphasizes the shapes. It&#039;s a model<\/span> simply created for warm spring and summer days, both during holidays and in the hustle and bustle of the city. <strong>You will be delighted, the perfect cut as an alternative to the dress.<\/strong> Comfortable to wear in a sophisticated style must be in your wardrobe. <strong>Stylish and very feminine jumpsuit ..<\/strong>\u00a0 Recommended for ladies wearing Size <b>XS SML XL.\u00a0 <\/b><span lang=\"pl-pl\" xml:lang=\"pl-pl\"><b>A unique model for exceptional women! <\/b><span style=\"vertical-align: inherit;\"><b>The suit is available in several colors. <\/b><\/span><\/span><\/p>\n<h3 style=\"text-align: center;\"><span style=\"vertical-align: inherit;\">Coverall dimensions:<\/span><\/h3>\n<p align=\"center\">Total length - 150 cm<br \/>\nBust width - 40-69 cm x2<br \/>\nWaist width -28 cm -60 cm x2<br \/>\nOutside leg length - 93 cm<br \/>\nInside leg length - 77 cm<\/p>\n<p style=\"text-align: center;\"><span style=\"vertical-align: inherit;\">Dimensions may vary from the given +\/- 2cm. All dimensions given are measured flat. <strong>X2 dimension<\/strong><\/span><\/p>\n<h3 style=\"text-align: center;\"><span style=\"vertical-align: inherit;\">Product characteristics:<br \/>\n<\/span><\/h3>\n<p style=\"text-align: center;\"><span style=\"vertical-align: inherit;\"><br \/>\n-elegant<br \/>\n-pleasant material<br \/>\n- elastic waist<br \/>\n-original<br \/>\n-flounce<br \/>\n-feminine<br \/>\n<\/span><\/p>\n<p style=\"text-align: center;\"><strong>\u00a0<\/strong><\/p>\n<table style=\"height: 202px;\" width=\"565\">\n<tbody>\n<tr>\n<td width=\"302\">Model name<\/td>\n<td width=\"302\">Katanina Slingback Jumpsuit<\/td>\n<\/tr>\n<tr>\n<td width=\"302\">Color<\/td>\n<td width=\"302\">Fuchsia<\/td>\n<\/tr>\n<tr>\n<td width=\"302\">Collection<\/td>\n<td width=\"302\">Spring Summer<\/td>\n<\/tr>\n<tr>\n<td width=\"302\">Sizes<\/td>\n<td width=\"302\">Universal<\/td>\n<\/tr>\n<tr>\n<td width=\"302\">Cleavage<\/td>\n<td width=\"302\">\u201e&quot;V&quot;\u201d<\/td>\n<\/tr>\n<tr>\n<td width=\"302\">Length<\/td>\n<td width=\"302\">Maxi<\/td>\n<\/tr>\n<tr>\n<td width=\"302\">Material<\/td>\n<td width=\"302\">95% Polyester 5% Elastane<\/td>\n<\/tr>\n<\/tbody>\n<\/table>\n<div class=\"tabs tabs-bb clear mb-80\">\n<div class=\"tab-content\">\n<div id=\"tab-description\" class=\"tab-pane fade in woocommerce-Tabs-panel--description active\">\n<p style=\"text-align: center;\">The model has\u00a0<strong>169<\/strong>\u00a0cm tall, wears a size every day\u00a0<strong>S.<\/strong><\/p>\n<p style=\"text-align: center;\">The width at the bust is 92 cm<\/p>\n<p style=\"text-align: center;\">Waist width 62 cm<\/p>\n<p style=\"text-align: center;\">The width at the hips is 94 cm<\/p>\n<\/div>\n<\/div>\n<\/div>\n<section class=\"related products mb-80\"><\/section>\n<section class=\"page-product-box\">\n<div class=\"rte\">\n<p style=\"text-align: center;\">\n<\/div>\n<\/section>","protected":false},"excerpt":{"rendered":"<p>Kombinezon na Ramiaczka Katanina Fuksja Kombinezon na Ramiaczka Katanina wykonany z mi\u0142ego, przyjemnego w dotyku materia\u0142u. Bardzo przyjemny dla sk\u00f3ry. Kombinezony zn\u00f3w wracaj\u0105 na list\u0119 najmodniejszych stylizacji. Ich niew\u0105tpliw\u0105 zalet\u0105 jest prostota stylizacji. Kombinezon z lu\u017an\u0105 g\u00f3r\u0105 z falbank\u0105. Kombinezon posiada dwie kieszonki oraz nogawki zako\u0144czone \u015bci\u0105gaczem. W talii r\u00f3wnie\u017c jest \u015bci\u0105gacz, kt\u00f3ry pi\u0119knie podkre\u015bla<\/p>\n<div class=\"klb-readmore post-buttons\"><a class=\"button black outline size-sm\" href=\"https:\/\/madelinefashion.pl\/en\/product\/kombinezon-na-ramiaczka-katanina-fuksja\/\">Read More <i class=\"klbth-icon-right-arrow\"><\/i><\/a><\/div>","protected":false},"featured_media":90511,"template":"","meta":[],"product_brand":[],"product_cat":[80],"product_tag":[297],"class_list":{"0":"post-90736","1":"product","2":"type-product","3":"status-publish","4":"has-post-thumbnail","6":"product_cat-sukienki-i-kombinezony","7":"product_tag-kombinezony","9":"first","10":"instock","11":"purchasable","12":"product-type-simple"},"_links":{"self":[{"href":"https:\/\/madelinefashion.pl\/en\/wp-json\/wp\/v2\/product\/90736","targetHints":{"allow":["GET"]}}],"collection":[{"href":"https:\/\/madelinefashion.pl\/en\/wp-json\/wp\/v2\/product"}],"about":[{"href":"https:\/\/madelinefashion.pl\/en\/wp-json\/wp\/v2\/types\/product"}],"wp:featuredmedia":[{"embeddable":true,"href":"https:\/\/madelinefashion.pl\/en\/wp-json\/wp\/v2\/media\/90511"}],"wp:attachment":[{"href":"https:\/\/madelinefashion.pl\/en\/wp-json\/wp\/v2\/media?parent=90736"}],"wp:term":[{"taxonomy":"product_brand","embeddable":true,"href":"https:\/\/madelinefashion.pl\/en\/wp-json\/wp\/v2\/product_brand?post=90736"},{"taxonomy":"product_cat","embeddable":true,"href":"https:\/\/madelinefashion.pl\/en\/wp-json\/wp\/v2\/product_cat?post=90736"},{"taxonomy":"product_tag","embeddable":true,"href":"https:\/\/madelinefashion.pl\/en\/wp-json\/wp\/v2\/product_tag?post=90736"}],"curies":[{"name":"wp","href":"https:\/\/api.w.org\/{rel}","templated":true}]}}