{"id":90761,"date":"2023-05-29T13:30:04","date_gmt":"2023-05-29T11:30:04","guid":{"rendered":"https:\/\/madelinefashion.pl\/?post_type=product&#038;p=90761"},"modified":"2026-01-20T10:33:24","modified_gmt":"2026-01-20T09:33:24","slug":"bluzka-koronkowa-asymetryczna-ametia-letnia-pudrowy-roz","status":"publish","type":"product","link":"https:\/\/madelinefashion.pl\/en\/product\/bluzka-koronkowa-asymetryczna-ametia-letnia-pudrowy-roz\/","title":{"rendered":"Asymmetric Lace Blouse Ametia Summer Powder Pink"},"content":{"rendered":"<h3 style=\"text-align: center;\">Asymmetric Lace Blouse Ametia Summer Powder Pink<\/h3>\n<p style=\"text-align: center;\"><span style=\"font-size: 10pt;\">The Lace Blouse is the perfect proposition for both everyday and casual wear <strong>holiday getaways!<\/strong> Asymmetric blouse, which can also be used as a tunic, is made of the highest quality material, the whole looks very <strong>feminine<\/strong>. Lace blouse<strong>\u00a0in the style of a boho <\/strong>is a perfect proposition for warm spring and summer days. It is also perfect as <strong>pareo for a swimsuit.<\/strong> We recommend wearing this model with shorts. Pleasant to the touch cotton material and a looser cut look great. The oversized design makes the 100% comfortable.<strong> the material emphasizes the feminine beauty<\/strong> and broadcasts <strong>character styling<\/strong>. Asymmetrical openwork blouse available in our store in several colors. <strong>Recommended<\/strong> for ladies in size <strong>XS SML<\/strong>\u00a0 <strong>XL<\/strong> in case of wearing a larger size, please refer to the table below.<\/span><\/p>\n<h3 style=\"text-align: center;\">Dimensions:<\/h3>\n<ul style=\"text-align: center;\">\n<li><span style=\"font-size: 10pt;\">\u00a0\u00a0\u00a0\u00a0\u00a0\u00a0\u00a0 \u00a0\u00a0\u00a0\u00a0\u00a0\u00a0\u00a0 overall length: 70 cm<br \/>\n<\/span><\/li>\n<li>total length back: 86 cm<\/li>\n<li><span style=\"font-size: 10pt;\">\u00a0\u00a0\u00a0\u00a0\u00a0\u00a0\u00a0 \u00a0\u00a0\u00a0\u00a0\u00a0\u00a0\u00a0 width from armpit to armpit: 51 -67 cm<br \/>\n<\/span><\/li>\n<li>sleeve length from the armpit: 33 cm<br \/>\nsleeve length from the shoulder: 52 cm<\/li>\n<li><\/li>\n<\/ul>\n<p style=\"text-align: center;\"><span style=\"font-size: 10pt;\">Dimensions may slightly differ from the given +\/- 2cm. All dimensions given are measured flat. X2 dimension<\/span><\/p>\n<p style=\"text-align: center;\"><span style=\"font-size: 10pt;\">\u00a0<\/span><\/p>\n<p style=\"text-align: center;\"><span style=\"font-size: 10pt;\"><strong>\u00a0<\/strong>\u00a0<\/span><\/p>\n<p>&nbsp;<\/p>\n<table>\n<tbody>\n<tr>\n<td width=\"302\"><span style=\"font-size: 10pt;\">Model name<\/span><\/td>\n<td width=\"302\">Summer Asymmetric Ametia Lace Blouse<\/td>\n<\/tr>\n<tr>\n<td width=\"302\"><span style=\"font-size: 10pt;\">Color<\/span><\/td>\n<td width=\"302\">Powder Pink<\/td>\n<\/tr>\n<tr>\n<td width=\"302\"><span style=\"font-size: 10pt;\">Fashion<\/span><\/td>\n<td width=\"302\"><span style=\"font-size: 10pt;\">Oversize<\/span><\/td>\n<\/tr>\n<tr>\n<td width=\"302\"><span style=\"font-size: 10pt;\">Composition<\/span><\/td>\n<td width=\"302\">65% cotton 35% polyester<\/td>\n<\/tr>\n<tr>\n<td width=\"302\"><span style=\"font-size: 10pt;\">Length<\/span><\/td>\n<td width=\"302\"><span style=\"font-size: 10pt;\">Up to mid-thigh<\/span><\/td>\n<\/tr>\n<\/tbody>\n<\/table>\n<p style=\"text-align: center;\"><span style=\"font-size: 10pt;\">\u00a0<\/span><\/p>\n<div class=\"additional-details\" style=\"text-align: center;\">\n<p>\u00a0The model has\u00a0<strong>169<\/strong>\u00a0cm tall, wears a size every day\u00a0<strong>S.<\/strong><\/p>\n<p>The width at the bust is 92 cm<\/p>\n<p>Waist width 62 cm<\/p>\n<p>The width at the hips is 94 cm<\/p>\n<p style=\"text-align: center;\"><span style=\"font-size: 10pt;\">\u00a0<\/span><\/p>\n<p style=\"text-align: center;\"><span style=\"font-size: 10pt;\">\u00a0<\/span><\/p>\n<\/div>","protected":false},"excerpt":{"rendered":"<p>Bluzka Koronkowa Asymetryczna Ametia Letnia Pudrowy R\u00f3\u017c Bluzka Koronkowa\u00a0 to idealna\u00a0 propozycja zar\u00f3wno na co dzie\u0144 jak i na wakacyjne wypady ! Bluzka asymetryczna, kt\u00f3ra mo\u017ce s\u0142u\u017cy\u0107 r\u00f3wnie\u017c jako tunika jest wykonana z najwy\u017cszej jako\u015bci\u00a0 materia\u0142u, ca\u0142o\u015b\u0107 wygl\u0105da bardzo kobieco. Bluzka koronkowa\u00a0w stylu boho to idealna propozycja na ciep\u0142e wiosenne i letnie dni. Idealnie sprawdzi<\/p>\n<div class=\"klb-readmore post-buttons\"><a class=\"button black outline size-sm\" href=\"https:\/\/madelinefashion.pl\/en\/product\/bluzka-koronkowa-asymetryczna-ametia-letnia-pudrowy-roz\/\">Read More <i class=\"klbth-icon-right-arrow\"><\/i><\/a><\/div>","protected":false},"featured_media":90626,"template":"","meta":[],"product_brand":[],"product_cat":[77],"product_tag":[],"class_list":{"0":"post-90761","1":"product","2":"type-product","3":"status-publish","4":"has-post-thumbnail","6":"product_cat-bluzki","8":"first","9":"instock","10":"sale","11":"purchasable","12":"product-type-simple"},"_links":{"self":[{"href":"https:\/\/madelinefashion.pl\/en\/wp-json\/wp\/v2\/product\/90761","targetHints":{"allow":["GET"]}}],"collection":[{"href":"https:\/\/madelinefashion.pl\/en\/wp-json\/wp\/v2\/product"}],"about":[{"href":"https:\/\/madelinefashion.pl\/en\/wp-json\/wp\/v2\/types\/product"}],"wp:featuredmedia":[{"embeddable":true,"href":"https:\/\/madelinefashion.pl\/en\/wp-json\/wp\/v2\/media\/90626"}],"wp:attachment":[{"href":"https:\/\/madelinefashion.pl\/en\/wp-json\/wp\/v2\/media?parent=90761"}],"wp:term":[{"taxonomy":"product_brand","embeddable":true,"href":"https:\/\/madelinefashion.pl\/en\/wp-json\/wp\/v2\/product_brand?post=90761"},{"taxonomy":"product_cat","embeddable":true,"href":"https:\/\/madelinefashion.pl\/en\/wp-json\/wp\/v2\/product_cat?post=90761"},{"taxonomy":"product_tag","embeddable":true,"href":"https:\/\/madelinefashion.pl\/en\/wp-json\/wp\/v2\/product_tag?post=90761"}],"curies":[{"name":"wp","href":"https:\/\/api.w.org\/{rel}","templated":true}]}}