{"id":90772,"date":"2023-05-29T14:49:41","date_gmt":"2023-05-29T12:49:41","guid":{"rendered":"https:\/\/madelinefashion.pl\/?post_type=product&#038;p=90772"},"modified":"2025-09-09T10:15:22","modified_gmt":"2025-09-09T08:15:22","slug":"sukienka-azurowa-z-rekawkiem-seniorita-limonka","status":"publish","type":"product","link":"https:\/\/madelinefashion.pl\/en\/product\/sukienka-azurowa-z-rekawkiem-seniorita-limonka\/","title":{"rendered":"Openwork dress with a sleeve Seniorita Lime"},"content":{"rendered":"<h3 style=\"text-align: center;\">Openwork dress with a sleeve Seniorita Lime<\/h3>\n<p style=\"text-align: center;\"><span style=\"font-size: 10pt;\">Extremely feminine, lace dress by w<strong> boho style<\/strong>. Lace floral decorations add to its charm. Perfect for both everyday and evening outings! The dress is made of the highest quality cotton, openwork material that looks very <strong>feminine<\/strong>. The dress has <strong>lining<\/strong> ensuring wearing comfort. Openwork Dress with Sleeve Seniorita Jeans<strong>\u00a0<\/strong>\u00a0is a perfect proposition for warm spring and summer days. <strong>Recommended<\/strong> for ladies in size<strong> SML XL XL<\/strong>\u00a0 in case of wearing a larger size, please refer to the table below.<\/span><\/p>\n<p>&nbsp;<\/p>\n<h3 style=\"text-align: center;\">Product Characteristics<\/h3>\n<ul style=\"text-align: center;\">\n<li style=\"text-align: center;\"><span style=\"font-size: 10pt;\">\u00a0lining<\/span><\/li>\n<li style=\"text-align: center;\"><span style=\"font-size: 10pt;\">elastic<\/span><\/li>\n<li style=\"text-align: center;\"><span style=\"font-size: 10pt;\">\u00a0lace<\/span><\/li>\n<\/ul>\n<h3 style=\"text-align: center;\">Dimensions:<\/h3>\n<ul style=\"text-align: center;\">\n<li><span style=\"font-size: 10pt;\">\u00a0\u00a0\u00a0\u00a0\u00a0\u00a0\u00a0 \u00a0\u00a0\u00a0\u00a0\u00a0\u00a0\u00a0 total front length: 91 cm<br \/>\ntotal length back: 95 cm<\/span><\/li>\n<li><span style=\"font-size: 10pt;\">\u00a0\u00a0\u00a0\u00a0\u00a0\u00a0\u00a0 \u00a0\u00a0\u00a0\u00a0\u00a0\u00a0\u00a0 width from armpit to armpit: 36 -63 cm\u00a0<\/span><\/li>\n<li><span style=\"font-size: 10pt;\">sleeve length from the armpit: 25 cm\u00a0<\/span><\/li>\n<li><span style=\"font-size: 10pt;\">\u00a0\u00a0\u00a0\u00a0\u00a0\u00a0\u00a0 \u00a0\u00a0\u00a0\u00a0\u00a0\u00a0\u00a0 waist width: 40 -60 cm\u00a0<\/span><\/li>\n<li><span style=\"font-size: 10pt;\">\u00a0 \u00a0 \u00a0 \u00a0 \u00a0 \u00a0 \u00a0 \u00a0\u00a0<\/span><\/li>\n<\/ul>\n<p style=\"text-align: center;\">Dimensions may slightly differ from the given +\/- 2cm. All dimensions given are measured flat. <strong>X2 dimension<\/strong><\/p>\n<p style=\"text-align: center;\"><span style=\"font-size: 10pt;\">\u00a0<\/span><\/p>\n<p style=\"text-align: center;\"><span style=\"font-size: 10pt;\"><strong>\u00a0<\/strong>\u00a0<\/span><\/p>\n<p>&nbsp;<\/p>\n<table>\n<tbody>\n<tr>\n<td width=\"302\"><span style=\"font-size: 10pt;\">Model name<\/span><\/td>\n<td width=\"302\">Openwork dress with a sleeve Seniorita<\/td>\n<\/tr>\n<tr>\n<td width=\"302\"><span style=\"font-size: 10pt;\">Color<\/span><\/td>\n<td width=\"302\"><span style=\"font-size: 10pt;\">Lime<\/span><\/td>\n<\/tr>\n<tr>\n<td width=\"302\"><span style=\"font-size: 10pt;\">Style<\/span><\/td>\n<td width=\"302\"><span style=\"font-size: 10pt;\">Boho<\/span><\/td>\n<\/tr>\n<tr>\n<td width=\"302\"><span style=\"font-size: 10pt;\">Material<\/span><\/td>\n<td width=\"302\"><span style=\"font-size: 10pt;\">90% Viscose 10% Polyester<\/span><\/td>\n<\/tr>\n<tr>\n<td width=\"302\"><span style=\"font-size: 10pt;\">Length<\/span><\/td>\n<td width=\"302\"><span style=\"font-size: 10pt;\">Up to the knee<\/span><\/td>\n<\/tr>\n<\/tbody>\n<\/table>\n<p>&nbsp;<\/p>\n<p style=\"text-align: center;\"><span style=\"font-size: 10pt;\">\u00a0<\/span><\/p>\n<div class=\"additional-details\" style=\"text-align: center;\">\n<p style=\"text-align: center;\">\u00a0The model has <strong>175<\/strong> cm tall, wears a size every day\u00a0<strong>S.<\/strong><\/p>\n<p style=\"text-align: center;\"><span style=\"font-size: 10pt;\">\u00a0<\/span><\/p>\n<p style=\"text-align: center;\"><span style=\"font-size: 10pt;\">\u00a0<\/span><\/p>\n<\/div>","protected":false},"excerpt":{"rendered":"<p>Sukienka A\u017curowa z R\u0119kawkiem Seniorita Limonka Niezwykle kobieca, koronkowa sukienka w stylu boho. Uroku dodaj\u0105 jej koronkowe kwiatowe zdobienia. Idealna zar\u00f3wno na co dzie\u0144 jak i na wieczorne wyj\u015bcie! Sukienka wykonana jest z najwy\u017cszej jako\u015bci bawe\u0142nianego, a\u017curowego materia\u0142u, kt\u00f3ry wygl\u0105da bardzo kobieco. Sukienka posiada podszewk\u0119 zapewniaj\u0105c komfort noszenia. Sukienka A\u017curowa z R\u0119kawkiem Seniorita Jeansowa\u00a0\u00a0to idealna<\/p>\n<div class=\"klb-readmore post-buttons\"><a class=\"button black outline size-sm\" href=\"https:\/\/madelinefashion.pl\/en\/product\/sukienka-azurowa-z-rekawkiem-seniorita-limonka\/\">Read More <i class=\"klbth-icon-right-arrow\"><\/i><\/a><\/div>","protected":false},"featured_media":90665,"template":"","meta":[],"product_brand":[],"product_cat":[125],"product_tag":[530,262],"class_list":{"0":"post-90772","1":"product","2":"type-product","3":"status-publish","4":"has-post-thumbnail","6":"product_cat-sukienki","7":"product_tag-sukienki-koronkowe","8":"product_tag-sukienki-krotkie","10":"first","11":"instock","12":"purchasable","13":"product-type-simple"},"_links":{"self":[{"href":"https:\/\/madelinefashion.pl\/en\/wp-json\/wp\/v2\/product\/90772","targetHints":{"allow":["GET"]}}],"collection":[{"href":"https:\/\/madelinefashion.pl\/en\/wp-json\/wp\/v2\/product"}],"about":[{"href":"https:\/\/madelinefashion.pl\/en\/wp-json\/wp\/v2\/types\/product"}],"wp:featuredmedia":[{"embeddable":true,"href":"https:\/\/madelinefashion.pl\/en\/wp-json\/wp\/v2\/media\/90665"}],"wp:attachment":[{"href":"https:\/\/madelinefashion.pl\/en\/wp-json\/wp\/v2\/media?parent=90772"}],"wp:term":[{"taxonomy":"product_brand","embeddable":true,"href":"https:\/\/madelinefashion.pl\/en\/wp-json\/wp\/v2\/product_brand?post=90772"},{"taxonomy":"product_cat","embeddable":true,"href":"https:\/\/madelinefashion.pl\/en\/wp-json\/wp\/v2\/product_cat?post=90772"},{"taxonomy":"product_tag","embeddable":true,"href":"https:\/\/madelinefashion.pl\/en\/wp-json\/wp\/v2\/product_tag?post=90772"}],"curies":[{"name":"wp","href":"https:\/\/api.w.org\/{rel}","templated":true}]}}