{"id":90784,"date":"2023-05-29T15:48:22","date_gmt":"2023-05-29T13:48:22","guid":{"rendered":"https:\/\/madelinefashion.pl\/?post_type=product&#038;p=90784"},"modified":"2025-09-09T10:15:22","modified_gmt":"2025-09-09T08:15:22","slug":"sukienka-koronkowa-boho-leantara-pudrowy-roz","status":"publish","type":"product","link":"https:\/\/madelinefashion.pl\/en\/product\/sukienka-koronkowa-boho-leantara-pudrowy-roz\/","title":{"rendered":"Lace Dress Boho Leantara Powder Pink"},"content":{"rendered":"<h3 style=\"text-align: center;\">Lace Dress Boho Leantara Powder Pink<\/h3>\n<p style=\"text-align: center;\"><strong>Leantara Lace Dress <\/strong>it is a perfect proposition for both everyday and evening outings! The dress is made of the highest quality, pleasant to the touch material that looks very <strong>feminine<\/strong>. Airy\u00a0<a href=\"https:\/\/madelinefashion.pl\/en\/sukienki-i-kombinezony\/sukienki\/\">dress<\/a> it will be perfect during holidays, meetings with friends and even during celebrations. In addition, its great advantage is <strong>stiffened cups<\/strong>\u00a0so you can wear it without a bra. The dress has a sewn cotton lining, it is not translucent. It was made in quality <strong>premium.<\/strong> Decorative, openwork top makes it extremely feminine. <strong>Boho style dress<\/strong>\u00a0with delightfully delighted adds charm to every woman. Openwork summer dress d<span lang=\"pl-pl\" xml:lang=\"pl-pl\">it will perfectly enliven any of your stylizations. A flared dress will help you create a girly look for various occasions. In combination with <a href=\"https:\/\/madelinefashion.pl\/en\/product-tag\/ramoneski\/\">Ramones jacket<\/a>\u00a0or\u00a0<a href=\"https:\/\/madelinefashion.pl\/en\/?s=marynarka&amp;post_type=product\">jacket<\/a> you will create a stylish outfit for every day! <\/span>Our dress is the perfect proposition for\u00a0<strong>warm spring and summer days<\/strong>.\u00a0<strong>Recommended<\/strong> for ladies in size\u00a0<strong> XS SML<\/strong>\u00a0in case of wearing a larger size, please refer to the table below.<\/p>\n<h3 style=\"text-align: center;\">Dress dimensions:<\/h3>\n<ul style=\"text-align: center;\">\n<li>total length 88 cm<\/li>\n<li>width from armpit to armpit: 36-48 cm<\/li>\n<li>waist width: 37-46cm<\/li>\n<\/ul>\n<p>&nbsp;<\/p>\n<p style=\"text-align: center;\">Dimensions may slightly differ from the given +\/- 2cm. All dimensions given are measured flat. <strong>X2 dimension<\/strong><\/p>\n<table style=\"height: 257px;\" width=\"689\">\n<tbody>\n<tr>\n<td width=\"302\">Model name<\/td>\n<td width=\"302\">Leantara Boho Lace Dress<\/td>\n<\/tr>\n<tr>\n<td width=\"302\">Color<\/td>\n<td width=\"302\">\u00a0Powder Pink<\/td>\n<\/tr>\n<tr>\n<td width=\"302\">Collection<\/td>\n<td width=\"302\">Spring Summer<\/td>\n<\/tr>\n<tr>\n<td width=\"302\">Sizes<\/td>\n<td width=\"302\">Universal<\/td>\n<\/tr>\n<tr>\n<td width=\"302\">Composition<\/td>\n<td width=\"302\">65% cotton 30% nylon 5 % viscose<\/td>\n<\/tr>\n<tr>\n<td width=\"302\">Length<\/td>\n<td width=\"302\">Before the Knee<\/td>\n<\/tr>\n<tr>\n<td width=\"302\">Cleavage<\/td>\n<td width=\"302\">\u201e&quot;AT&quot;\u201d<\/td>\n<\/tr>\n<\/tbody>\n<\/table>\n<section class=\"page-product-box\">\n<div class=\"rte\">\n<p style=\"text-align: center;\">The model has\u00a0<strong>169<\/strong>\u00a0cm tall, wears a size every day\u00a0<strong>S.<\/strong><\/p>\n<p style=\"text-align: center;\">The width at the bust is 92 cm<\/p>\n<p style=\"text-align: center;\">Waist width 62 cm<\/p>\n<p style=\"text-align: center;\">The width at the hips is 94 cm<\/p>\n<p style=\"text-align: center;\">\n<\/div>\n<\/section>","protected":false},"excerpt":{"rendered":"<p>Sukienka Koronkowa Boho Leantara Pudrowy R\u00f3\u017c Sukienka Koronkowa Leantara to idealna propozycja zar\u00f3wno na co dzie\u0144 jak i na wieczorne wyj\u015bcie! Sukienka wykonana jest z najwy\u017cszej jako\u015bci, przyjemnego w dotyku materia\u0142u, kt\u00f3ry wygl\u0105da bardzo kobieco. Zwiewna\u00a0sukienka sprawdzi si\u0119 podczas urlopu, spotka\u0144 ze znajomymi a nawet podczas uroczysto\u015bci. Dodatkowo jej wielkim atutem s\u0105 usztywniane miseczki\u00a0dzi\u0119ki czemu<\/p>\n<div class=\"klb-readmore post-buttons\"><a class=\"button black outline size-sm\" href=\"https:\/\/madelinefashion.pl\/en\/product\/sukienka-koronkowa-boho-leantara-pudrowy-roz\/\">Read More <i class=\"klbth-icon-right-arrow\"><\/i><\/a><\/div>","protected":false},"featured_media":90728,"template":"","meta":[],"product_brand":[],"product_cat":[125],"product_tag":[530,262,215],"class_list":{"0":"post-90784","1":"product","2":"type-product","3":"status-publish","4":"has-post-thumbnail","6":"product_cat-sukienki","7":"product_tag-sukienki-koronkowe","8":"product_tag-sukienki-krotkie","9":"product_tag-sukienki-rozowe","11":"first","12":"instock","13":"purchasable","14":"product-type-simple"},"_links":{"self":[{"href":"https:\/\/madelinefashion.pl\/en\/wp-json\/wp\/v2\/product\/90784","targetHints":{"allow":["GET"]}}],"collection":[{"href":"https:\/\/madelinefashion.pl\/en\/wp-json\/wp\/v2\/product"}],"about":[{"href":"https:\/\/madelinefashion.pl\/en\/wp-json\/wp\/v2\/types\/product"}],"wp:featuredmedia":[{"embeddable":true,"href":"https:\/\/madelinefashion.pl\/en\/wp-json\/wp\/v2\/media\/90728"}],"wp:attachment":[{"href":"https:\/\/madelinefashion.pl\/en\/wp-json\/wp\/v2\/media?parent=90784"}],"wp:term":[{"taxonomy":"product_brand","embeddable":true,"href":"https:\/\/madelinefashion.pl\/en\/wp-json\/wp\/v2\/product_brand?post=90784"},{"taxonomy":"product_cat","embeddable":true,"href":"https:\/\/madelinefashion.pl\/en\/wp-json\/wp\/v2\/product_cat?post=90784"},{"taxonomy":"product_tag","embeddable":true,"href":"https:\/\/madelinefashion.pl\/en\/wp-json\/wp\/v2\/product_tag?post=90784"}],"curies":[{"name":"wp","href":"https:\/\/api.w.org\/{rel}","templated":true}]}}