{"id":90983,"date":"2023-05-30T11:14:41","date_gmt":"2023-05-30T09:14:41","guid":{"rendered":"https:\/\/madelinefashion.pl\/?post_type=product&#038;p=90983"},"modified":"2025-10-01T07:34:09","modified_gmt":"2025-10-01T05:34:09","slug":"spodnie-plisowane-albion-limonka","status":"publish","type":"product","link":"https:\/\/madelinefashion.pl\/en\/product\/spodnie-plisowane-albion-limonka\/","title":{"rendered":"Albion Lime Pleated Pants"},"content":{"rendered":"<h3 style=\"text-align: center;\">Albion Lime Pleated Pants<\/h3>\n<p style=\"text-align: center;\"><strong>Simple fashion<\/strong>pleated with a sewn in elastic waistband. Wide legs are a returning fashion hit - so don&#039;t wait! Follow the trends with us. The model is ideal for combining with both sports shoes and high heels. <strong>Women&#039;s pants <\/strong>in size<strong> universal <\/strong>\u00a0for ladies in size <strong>SML XL<\/strong> in case you wear a larger size please see the dimensions below. Available in our store in <strong>several colors.<\/strong><\/p>\n<h3 style=\"text-align: center;\">Dimensions:<\/h3>\n<ul>\n<li style=\"text-align: center;\">Overall length: 87 cm<\/li>\n<li style=\"text-align: center;\">Inside leg length: 66 cm<\/li>\n<li style=\"text-align: center;\">Waist width: 34-52 cm (elastic band)<\/li>\n<li style=\"text-align: center;\">Waist: 32 cm<\/li>\n<li style=\"text-align: center;\"><\/li>\n<\/ul>\n<div class=\"additional-details\" style=\"text-align: center;\">\n<p>Dimensions may slightly differ from the given +\/- 2cm. All dimensions given are measured flat. X2 dimension<\/p>\n<p>&nbsp;<\/p>\n<\/div>\n<p style=\"text-align: center;\"><strong>Composition:<\/strong> 95% Cotton 5% Elastane<\/p>\n<p style=\"text-align: center;\">The model has\u00a0<strong>169<\/strong>\u00a0cm tall, wears a size every day\u00a0<strong>S.<\/strong><\/p>\n<p style=\"text-align: center;\">The width at the bust is 92 cm<\/p>\n<p style=\"text-align: center;\">Waist width 62 cm<\/p>\n<p style=\"text-align: center;\">The width at the hips is 94 cm<\/p>\n<p>&nbsp;<\/p>\n<p style=\"text-align: center;\">","protected":false},"excerpt":{"rendered":"<p>Spodnie Plisowane Albion Limonka Fason prosty, plisowany z wszyt\u0105 gum\u0105 w pasie. Szerokie nogawki to powracaj\u0105cy modowy hit- zatem nie czekaj ! Pod\u0105\u017caj z Nami za trendami.\u00a0Model idealny do \u0142\u0105czenia zar\u00f3wno z obuwiem sportowym jak i szpilkami. Spodnie damskie w rozmiarze uniwersalnym \u00a0dla Pa\u0144 w rozmiarze S M L XL w przypadku noszenia wi\u0119kszego rozmiaru<\/p>\n<div class=\"klb-readmore post-buttons\"><a class=\"button black outline size-sm\" href=\"https:\/\/madelinefashion.pl\/en\/product\/spodnie-plisowane-albion-limonka\/\">Read More <i class=\"klbth-icon-right-arrow\"><\/i><\/a><\/div>","protected":false},"featured_media":90881,"template":"","meta":[],"product_brand":[],"product_cat":[83],"product_tag":[475],"class_list":{"0":"post-90983","1":"product","2":"type-product","3":"status-publish","4":"has-post-thumbnail","6":"product_cat-spodnie","7":"product_tag-spodnie-dlugie","8":"pa_rozmiar-s","9":"pa_rozmiar-m","10":"pa_rozmiar-l","11":"pa_rozmiar-xl","12":"pa_rozmiar-uniwersalny","14":"first","15":"instock","16":"purchasable","17":"product-type-simple"},"_links":{"self":[{"href":"https:\/\/madelinefashion.pl\/en\/wp-json\/wp\/v2\/product\/90983","targetHints":{"allow":["GET"]}}],"collection":[{"href":"https:\/\/madelinefashion.pl\/en\/wp-json\/wp\/v2\/product"}],"about":[{"href":"https:\/\/madelinefashion.pl\/en\/wp-json\/wp\/v2\/types\/product"}],"wp:featuredmedia":[{"embeddable":true,"href":"https:\/\/madelinefashion.pl\/en\/wp-json\/wp\/v2\/media\/90881"}],"wp:attachment":[{"href":"https:\/\/madelinefashion.pl\/en\/wp-json\/wp\/v2\/media?parent=90983"}],"wp:term":[{"taxonomy":"product_brand","embeddable":true,"href":"https:\/\/madelinefashion.pl\/en\/wp-json\/wp\/v2\/product_brand?post=90983"},{"taxonomy":"product_cat","embeddable":true,"href":"https:\/\/madelinefashion.pl\/en\/wp-json\/wp\/v2\/product_cat?post=90983"},{"taxonomy":"product_tag","embeddable":true,"href":"https:\/\/madelinefashion.pl\/en\/wp-json\/wp\/v2\/product_tag?post=90983"}],"curies":[{"name":"wp","href":"https:\/\/api.w.org\/{rel}","templated":true}]}}