{"id":90994,"date":"2023-05-30T12:08:23","date_gmt":"2023-05-30T10:08:23","guid":{"rendered":"https:\/\/madelinefashion.pl\/?post_type=product&#038;p=90994"},"modified":"2025-08-12T17:32:59","modified_gmt":"2025-08-12T15:32:59","slug":"klapki-pikowane-biale","status":"publish","type":"product","link":"https:\/\/madelinefashion.pl\/en\/product\/klapki-pikowane-biale\/","title":{"rendered":"White Quilted Slippers"},"content":{"rendered":"<h3 style=\"text-align: center;\">\u00a0White Quilted Slippers<\/h3>\n<p style=\"text-align: center;\">Square toe low flat heel sandals. Classic, slip-on model. A stabilizing, wide belt decorated with quilting at the front. Made of eco leather. Perfect for a wide foot. Additionally offered by us <strong>white flip flops<\/strong> They fit both with shorts and a top, as well as with an airy dress or skirt. Slippers are a great proposition for women who value comfort on summer days! The shoes have a soft material insert and a rubber sole. <strong>When choosing a size, please use the size chart.<\/strong><\/p>\n<p>&nbsp;<\/p>\n<ul>\n<li style=\"text-align: center;\">non-slip flexible sole<\/li>\n<li style=\"text-align: center;\"><strong>shoes ideal for everyday use as well as for the beach<\/strong><\/li>\n<li style=\"text-align: center;\">convenience and comfort of wearing is ensured by a flat sole<\/li>\n<li style=\"text-align: center;\">original cut - an interesting look is provided by a quilted belt, which gives them charm<\/li>\n<li style=\"text-align: center;\">made of high-quality materials, with attention to detail<\/li>\n<\/ul>\n<p>&nbsp;<\/p>\n<p>&nbsp;<\/p>\n<table width=\"540\">\n<thead>\n<tr>\n<td width=\"216\"><strong>EU size<\/strong><\/td>\n<td width=\"316\"><strong>The length of the insert<\/strong><\/td>\n<\/tr>\n<\/thead>\n<tbody>\n<tr>\n<td width=\"216\"><strong>36<\/strong><\/td>\n<td width=\"316\">23 cm<\/td>\n<\/tr>\n<tr>\n<td width=\"216\"><strong>37<\/strong><\/td>\n<td width=\"316\">24 cm<\/td>\n<\/tr>\n<tr>\n<td width=\"216\"><strong>38<\/strong><\/td>\n<td width=\"316\">24.5 cm<\/td>\n<\/tr>\n<tr>\n<td width=\"216\"><strong>39<\/strong><\/td>\n<td width=\"316\">25 cm<\/td>\n<\/tr>\n<tr>\n<td width=\"216\"><strong>40<\/strong><\/td>\n<td width=\"316\">25.5 cm<\/td>\n<\/tr>\n<tr>\n<td width=\"216\"><strong>41<\/strong><\/td>\n<td width=\"316\">26cm<\/td>\n<\/tr>\n<\/tbody>\n<\/table>\n<div class=\"wrap-content\">\n<div class=\"main-container container\">\n<div class=\"row\">\n<section class=\"main-content sidebar-left-false\">\n<div class=\"product-page page\">\n<div class=\"page-content\">\n<div id=\"ProductSizing\" class=\"product-sizing modal fade in\" tabindex=\"-1\" role=\"dialog\" aria-hidden=\"false\">\n<div class=\"modal-dialog\">\n<div class=\"modal-content\">\n<div class=\"widget html_editor\">\n<p>&nbsp;<\/p>\n<\/div>\n<p>&nbsp;<\/p>\n<\/div>\n<\/div>\n<\/div>\n<\/div>\n<\/div>\n<\/section>\n<\/div>\n<\/div>\n<\/div>\n<div class=\"wrap-footer\">\n<footer class=\"\">\n<div class=\"container\">\n<div class=\"footer-newsletter-box\"><\/div>\n<\/div>\n<\/footer>\n<\/div>\n<table>\n<tbody>\n<tr>\n<td width=\"302\">Model Name<\/td>\n<td width=\"302\">\u00a0Quilted Slippers<\/td>\n<\/tr>\n<tr>\n<td width=\"302\">Color<\/td>\n<td width=\"302\">White<\/td>\n<\/tr>\n<tr>\n<td width=\"302\">Sizes<\/td>\n<td width=\"302\">36 37\u00a0 38\u00a0 39 40 41<\/td>\n<\/tr>\n<tr>\n<td width=\"302\">Sole<\/td>\n<td width=\"302\">Brown<\/td>\n<\/tr>\n<tr>\n<td width=\"302\">insole material<\/td>\n<td width=\"302\">Artificial leather<\/td>\n<\/tr>\n<tr>\n<td width=\"302\">Clasp<\/td>\n<td width=\"302\">No (slip-on)<\/td>\n<\/tr>\n<tr>\n<td width=\"302\">Collection<\/td>\n<td width=\"302\">Spring Summer<\/td>\n<\/tr>\n<\/tbody>\n<\/table>\n<div class=\"tabs tabs-bb clear mb-80\">\n<div class=\"tab-content\">\n<div id=\"tab-description\" class=\"tab-pane fade in woocommerce-Tabs-panel--description active\">\n<p style=\"text-align: center;\">\n<\/div>\n<\/div>\n<\/div>\n<section class=\"up-sells upsells products mb-80\"><\/section>\n<p style=\"text-align: left;\">","protected":false},"excerpt":{"rendered":"<p>\u00a0Klapki Pikowane Bia\u0142e Klapki na niskim p\u0142askim obcasie z kwadratowym czubkiem. Klasyczny, wsuwany model. Z przodu stabilizuj\u0105cy, szeroki pasek ozdobiony pikowaniem. Wykonane z ekosk\u00f3ry. Idealne na szerok\u0105 stop\u0119. Dodatkowo oferowane przez nas bia\u0142e klapki pasuj\u0105 zar\u00f3wno do zestawienia ze spodenkami i topem, jak r\u00f3wnie\u017c do zwiewnej sukienki, czy sp\u00f3dnicy. Klapki to \u015bwietna propozycja dla kobiet<\/p>\n<div class=\"klb-readmore post-buttons\"><a class=\"button black outline size-sm\" href=\"https:\/\/madelinefashion.pl\/en\/product\/klapki-pikowane-biale\/\">Read More <i class=\"klbth-icon-right-arrow\"><\/i><\/a><\/div>","protected":false},"featured_media":91011,"template":"","meta":[],"product_brand":[],"product_cat":[400,395],"product_tag":[494],"class_list":{"0":"post-90994","1":"product","2":"type-product","3":"status-publish","4":"has-post-thumbnail","6":"product_cat-buty","7":"product_cat-nowosci","8":"product_tag-klapki","10":"first","11":"instock","12":"product-type-variable"},"_links":{"self":[{"href":"https:\/\/madelinefashion.pl\/en\/wp-json\/wp\/v2\/product\/90994","targetHints":{"allow":["GET"]}}],"collection":[{"href":"https:\/\/madelinefashion.pl\/en\/wp-json\/wp\/v2\/product"}],"about":[{"href":"https:\/\/madelinefashion.pl\/en\/wp-json\/wp\/v2\/types\/product"}],"wp:featuredmedia":[{"embeddable":true,"href":"https:\/\/madelinefashion.pl\/en\/wp-json\/wp\/v2\/media\/91011"}],"wp:attachment":[{"href":"https:\/\/madelinefashion.pl\/en\/wp-json\/wp\/v2\/media?parent=90994"}],"wp:term":[{"taxonomy":"product_brand","embeddable":true,"href":"https:\/\/madelinefashion.pl\/en\/wp-json\/wp\/v2\/product_brand?post=90994"},{"taxonomy":"product_cat","embeddable":true,"href":"https:\/\/madelinefashion.pl\/en\/wp-json\/wp\/v2\/product_cat?post=90994"},{"taxonomy":"product_tag","embeddable":true,"href":"https:\/\/madelinefashion.pl\/en\/wp-json\/wp\/v2\/product_tag?post=90994"}],"curies":[{"name":"wp","href":"https:\/\/api.w.org\/{rel}","templated":true}]}}