{"id":91729,"date":"2023-06-02T12:07:50","date_gmt":"2023-06-02T10:07:50","guid":{"rendered":"https:\/\/madelinefashion.pl\/?post_type=product&#038;p=91729"},"modified":"2025-10-14T12:11:41","modified_gmt":"2025-10-14T10:11:41","slug":"spodnica-z-dluzszym-tylem-samuella-mietowa","status":"publish","type":"product","link":"https:\/\/madelinefashion.pl\/en\/product\/spodnica-z-dluzszym-tylem-samuella-mietowa\/","title":{"rendered":"Samuell Mint Skirt with Longer Back"},"content":{"rendered":"<h3 style=\"text-align: center;\">Samuell Mint Skirt with Longer Back<\/h3>\n<p style=\"text-align: center;\"><strong>Asymmetric skirt with a longer back\u00a0 <\/strong>a light, airy skirt that will give you freedom in any situation. <strong>Universal<\/strong>and at the same time very stylish and feminine. <strong>Plain skirt<\/strong> finished at the bottom with a frill perfectly<strong>\u00a0<\/strong>Perfect for spring and summer stylizations. The skirt has a loose cut. <strong>Elastic at the waist<\/strong> nicely emphasizes the waist and makes the skirt stay in place, additionally the skirt has a decorative waistband <strong>strap<\/strong>. You can create a girly, romantic styling with it. Our skirt will work well with a t-shirt, top and sneakers or ballerinas.<\/p>\n<h3 style=\"text-align: center;\">Dimensions:<\/h3>\n<ul style=\"text-align: center;\">\n<li><span style=\"font-size: 10pt;\">\u00a0\u00a0\u00a0\u00a0\u00a0\u00a0\u00a0 total front length: 49 cm\u00a0<\/span><\/li>\n<li><span style=\"font-size: 10pt;\">total length back: 97 cm\u00a0<\/span><\/li>\n<li><span style=\"font-size: 10pt;\">\u00a0\u00a0\u00a0\u00a0\u00a0\u00a0\u00a0 waist width 33-50 cm\u00a0<\/span><\/li>\n<\/ul>\n<p style=\"text-align: center;\"><span style=\"font-size: 10pt;\">Dimensions may slightly differ from the given +\/- 2cm. All dimensions given are measured flat.<\/span><\/p>\n<p style=\"text-align: center;\"><span style=\"font-size: 10pt;\">\u00a0<\/span><\/p>\n<p style=\"text-align: center;\"><span style=\"font-size: 10pt;\">\u00a0<\/span><\/p>\n<table>\n<tbody>\n<tr>\n<td width=\"302\">Model name<\/td>\n<td width=\"302\">Samuell Longer Back Skirt<\/td>\n<\/tr>\n<tr>\n<td width=\"302\">Color<\/td>\n<td width=\"302\">Mint<\/td>\n<\/tr>\n<tr>\n<td width=\"302\">Sizes<\/td>\n<td width=\"302\">Universal<\/td>\n<\/tr>\n<tr>\n<td width=\"302\">Fashion<\/td>\n<td width=\"302\">Oversize<\/td>\n<\/tr>\n<tr>\n<td width=\"302\">Material<\/td>\n<td width=\"302\">95 % Polyester 5% Elastane<\/td>\n<\/tr>\n<\/tbody>\n<\/table>\n<p style=\"text-align: center;\"><span style=\"font-size: 10pt;\"> \u00a0The model has\u00a0<strong>175<\/strong>\u00a0cm tall, wears a size every day\u00a0<strong>S.<\/strong><\/span><\/p>","protected":false},"excerpt":{"rendered":"<p>Sp\u00f3dnica z D\u0142u\u017cszym Ty\u0142em Samuella Mi\u0119towa Sp\u00f3dnica Asymetryczna z d\u0142u\u017cszy ty\u0142em to\u00a0 lekka, zwiewna sp\u00f3dnica kt\u00f3ra, zapewni ci swobod\u0119 w ka\u017cdej sytuacji. Uniwersalna, a jednocze\u015bnie bardzo stylowa i kobieca. G\u0142adka sp\u00f3dnica zako\u0144czona na dole falbank\u0105 idealnie\u00a0sprawdzi si\u0119 we wiosennych i letnich stylizacjach. Sp\u00f3dnica posiada lu\u017any kr\u00f3j. Gumka w pasie \u0142adnie podkre\u015bla talie i sprawia, \u017ce<\/p>\n<div class=\"klb-readmore post-buttons\"><a class=\"button black outline size-sm\" href=\"https:\/\/madelinefashion.pl\/en\/product\/spodnica-z-dluzszym-tylem-samuella-mietowa\/\">Read More <i class=\"klbth-icon-right-arrow\"><\/i><\/a><\/div>","protected":false},"featured_media":91370,"template":"","meta":[],"product_brand":[],"product_cat":[107],"product_tag":[],"class_list":{"0":"post-91729","1":"product","2":"type-product","3":"status-publish","4":"has-post-thumbnail","6":"product_cat-spodnice-i-spodniczki","8":"first","9":"instock","10":"purchasable","11":"product-type-simple"},"_links":{"self":[{"href":"https:\/\/madelinefashion.pl\/en\/wp-json\/wp\/v2\/product\/91729","targetHints":{"allow":["GET"]}}],"collection":[{"href":"https:\/\/madelinefashion.pl\/en\/wp-json\/wp\/v2\/product"}],"about":[{"href":"https:\/\/madelinefashion.pl\/en\/wp-json\/wp\/v2\/types\/product"}],"wp:featuredmedia":[{"embeddable":true,"href":"https:\/\/madelinefashion.pl\/en\/wp-json\/wp\/v2\/media\/91370"}],"wp:attachment":[{"href":"https:\/\/madelinefashion.pl\/en\/wp-json\/wp\/v2\/media?parent=91729"}],"wp:term":[{"taxonomy":"product_brand","embeddable":true,"href":"https:\/\/madelinefashion.pl\/en\/wp-json\/wp\/v2\/product_brand?post=91729"},{"taxonomy":"product_cat","embeddable":true,"href":"https:\/\/madelinefashion.pl\/en\/wp-json\/wp\/v2\/product_cat?post=91729"},{"taxonomy":"product_tag","embeddable":true,"href":"https:\/\/madelinefashion.pl\/en\/wp-json\/wp\/v2\/product_tag?post=91729"}],"curies":[{"name":"wp","href":"https:\/\/api.w.org\/{rel}","templated":true}]}}