{"id":91788,"date":"2023-06-02T14:14:06","date_gmt":"2023-06-02T12:14:06","guid":{"rendered":"https:\/\/madelinefashion.pl\/?post_type=product&#038;p=91788"},"modified":"2025-09-09T10:13:26","modified_gmt":"2025-09-09T08:13:26","slug":"sukienka-maxi-gladka-venice-bezowa","status":"publish","type":"product","link":"https:\/\/madelinefashion.pl\/en\/product\/sukienka-maxi-gladka-venice-bezowa\/","title":{"rendered":"Venice Beige Smooth Maxi Dress"},"content":{"rendered":"<h3 style=\"text-align: center;\">Venice Beige Smooth Maxi Dress<\/h3>\n<p style=\"text-align: center;\">Dress <strong>Venice<\/strong>\u00a0 made of pleasant to the touch material. Perfect for both everyday and events. Perfectly adapts to the figure. Perfect for school, work, a date or a meeting with friends! <strong>Perfect for any time and occasion! Incredibly feminine, elegant dress<\/strong> . Dress in a universal size recommended from<strong> S to XL.<\/strong> Available in several colors. The dress has an elastic waist and a slit on the leg. It will work well on holidays, dates, casual meetings with friends, as well as at weddings and family circumstances.<\/p>\n<h3 style=\"text-align: center;\">Dimensions:<\/h3>\n<ul style=\"text-align: center;\">\n<li style=\"text-align: center;\"><span style=\"font-size: 10pt;\">\u00a0\u00a0\u00a0\u00a0\u00a0\u00a0\u00a0 total front length: 136<\/span><span style=\"font-size: 10pt;\">\u00a0 cm<\/span><\/li>\n<li>total length of the lining: 80<\/li>\n<li style=\"text-align: center;\"><span style=\"font-size: 10pt;\">\u00a0\u00a0\u00a0\u00a0\u00a0\u00a0\u00a0 width from armpit to armpit: 35-60 cm<\/span><span style=\"font-size: 10pt;\"><br \/>\n<\/span><\/li>\n<li style=\"text-align: center;\"><span style=\"font-size: 10pt;\">\u00a0\u00a0\u00a0\u00a0\u00a0\u00a0\u00a0 waist width: 29 -57 cm<\/span><\/li>\n<\/ul>\n<p>&nbsp;<\/p>\n<p style=\"text-align: center;\"><span style=\"font-size: 10pt;\">Dimensions may slightly differ from the given +\/- 2cm. All dimensions given are measured flat.<\/span><\/p>\n<p style=\"text-align: center;\"><span style=\"font-size: 10pt;\">\u00a0<\/span><\/p>\n<table width=\"621\">\n<tbody>\n<tr>\n<td width=\"302\">Model name<\/td>\n<td width=\"302\">Venice Smooth Maxi Dress<\/td>\n<\/tr>\n<tr>\n<td width=\"302\">Color<\/td>\n<td width=\"302\">Beige<\/td>\n<\/tr>\n<tr>\n<td width=\"302\">Fashion<\/td>\n<td width=\"302\">Oversize<\/td>\n<\/tr>\n<tr>\n<td width=\"302\">Material<\/td>\n<td width=\"302\">95 % Polyester 5% Elastane<\/td>\n<\/tr>\n<tr>\n<td width=\"302\">Length<\/td>\n<td width=\"302\">To the ground<\/td>\n<\/tr>\n<\/tbody>\n<\/table>\n<p>&nbsp;<\/p>\n<p style=\"text-align: center;\">The model has\u00a0<strong>169<\/strong>\u00a0cm tall, wears a size every day\u00a0<strong>S.<\/strong><\/p>\n<p style=\"text-align: center;\">The width at the bust is 92 cm<\/p>\n<p style=\"text-align: center;\">Waist width 62 cm<\/p>\n<p style=\"text-align: center;\">The width at the hips is 94 cm<\/p>","protected":false},"excerpt":{"rendered":"<p>Sukienka Maxi G\u0142adka Venice Be\u017cowa Sukienka Venice\u00a0 wykonana z przyjemnego w dotyku materia\u0142u. Idealna zar\u00f3wno na co dzie\u0144 jak i na imprezy. Idealnie dopasowuje si\u0119 do sylwetki. Idealne do szko\u0142y, do pracy, na randk\u0119 czy spotkanie z przyjaci\u00f3\u0142mi! Idealny na ka\u017cd\u0105 por\u0119 i okazj\u0119! Niesamowicie kobieca, elegancka sukienka . Sukienka w rozmiarze uniwersalnym zalecanym od<\/p>\n<div class=\"klb-readmore post-buttons\"><a class=\"button black outline size-sm\" href=\"https:\/\/madelinefashion.pl\/en\/product\/sukienka-maxi-gladka-venice-bezowa\/\">Read More <i class=\"klbth-icon-right-arrow\"><\/i><\/a><\/div>","protected":false},"featured_media":91602,"template":"","meta":[],"product_brand":[],"product_cat":[125,395],"product_tag":[212,163],"class_list":{"0":"post-91788","1":"product","2":"type-product","3":"status-publish","4":"has-post-thumbnail","6":"product_cat-sukienki","7":"product_cat-nowosci","8":"product_tag-sukienki-bezowe","9":"product_tag-sukienki-dlugie","11":"first","12":"instock","13":"purchasable","14":"product-type-simple"},"_links":{"self":[{"href":"https:\/\/madelinefashion.pl\/en\/wp-json\/wp\/v2\/product\/91788","targetHints":{"allow":["GET"]}}],"collection":[{"href":"https:\/\/madelinefashion.pl\/en\/wp-json\/wp\/v2\/product"}],"about":[{"href":"https:\/\/madelinefashion.pl\/en\/wp-json\/wp\/v2\/types\/product"}],"wp:featuredmedia":[{"embeddable":true,"href":"https:\/\/madelinefashion.pl\/en\/wp-json\/wp\/v2\/media\/91602"}],"wp:attachment":[{"href":"https:\/\/madelinefashion.pl\/en\/wp-json\/wp\/v2\/media?parent=91788"}],"wp:term":[{"taxonomy":"product_brand","embeddable":true,"href":"https:\/\/madelinefashion.pl\/en\/wp-json\/wp\/v2\/product_brand?post=91788"},{"taxonomy":"product_cat","embeddable":true,"href":"https:\/\/madelinefashion.pl\/en\/wp-json\/wp\/v2\/product_cat?post=91788"},{"taxonomy":"product_tag","embeddable":true,"href":"https:\/\/madelinefashion.pl\/en\/wp-json\/wp\/v2\/product_tag?post=91788"}],"curies":[{"name":"wp","href":"https:\/\/api.w.org\/{rel}","templated":true}]}}