{"id":92322,"date":"2023-06-07T13:30:05","date_gmt":"2023-06-07T11:30:05","guid":{"rendered":"https:\/\/madelinefashion.pl\/?post_type=product&#038;p=92322"},"modified":"2026-04-26T13:14:15","modified_gmt":"2026-04-26T11:14:15","slug":"sukienka-mini-tiulowa-na-ramiaczkach-z-ozdobnym-paskiem-esito-blekitna","status":"publish","type":"product","link":"https:\/\/madelinefashion.pl\/en\/product\/sukienka-mini-tiulowa-na-ramiaczkach-z-ozdobnym-paskiem-esito-blekitna\/","title":{"rendered":"Mini Tulle Dress On Straps With A Decorative Belt Esito Blue"},"content":{"rendered":"<h3 style=\"text-align: center;\">Mini Tulle Dress On Straps With A Decorative Belt Esito Blue<\/h3>\n<p style=\"text-align: center;\"><span style=\"font-size: 10pt;\">The Esito dress is a tulle mini creation. It is made of tulle, light material, making it very delicate and girly. It has an attached belt with crystals, which optically slims the waist. The dress is additionally equipped with a lining. Zippered at the back. It is an ideal proposition for all occasions, such as a wedding, communion or eighteenth birthday. Available in sizes<strong> XS SML.<\/strong>\u00a0 Available in our e-shop in several color variants, so do not hesitate and choose the one that is perfect for you. If you can&#039;t decide which color, <strong>size<\/strong> is the best for you, <strong>contact us<\/strong> through <a href=\"https:\/\/www.facebook.com\/madelinefashionbutik\" target=\"_blank\" rel=\"noopener\">Facebook<\/a> or <a href=\"https:\/\/madelinefashion.pl\/en\/kontakt\/\">phone<\/a>. If the size is not available on the website, please contact us.\u00a0<\/span><\/p>\n<h3 style=\"text-align: center;\">DRESS DIMENSIONS:<\/h3>\n<p><img fetchpriority=\"high\" decoding=\"async\" class=\"size-medium wp-image-16801 aligncenter\" src=\"https:\/\/madelinefashion.pl\/wp-content\/uploads\/2021\/08\/wymiary-suknia-300x194.png\" alt=\"\" width=\"300\" height=\"194\" title=\"\"><\/p>\n<table width=\"628\">\n<tbody>\n<tr>\n<td>SIZE<\/td>\n<td>34<\/td>\n<td>36<\/td>\n<td>38<\/td>\n<td>40<\/td>\n<\/tr>\n<tr>\n<td>Bust<\/td>\n<td>78<\/td>\n<td>80<\/td>\n<td>86<\/td>\n<td>90<\/td>\n<\/tr>\n<tr>\n<td>Waist<\/td>\n<td>62<\/td>\n<td>64<\/td>\n<td>72<\/td>\n<td>76<\/td>\n<\/tr>\n<tr>\n<td>Hips<\/td>\n<td>\u00a0any<\/td>\n<td>\u00a0any<\/td>\n<td>\u00a0any<\/td>\n<td>any<\/td>\n<\/tr>\n<\/tbody>\n<\/table>\n<p style=\"text-align: center;\"><span style=\"font-size: 10pt;\">total length approx. 85 cm\u00a0\u00a0<\/span><\/p>\n<p style=\"text-align: center;\"><span style=\"font-size: 10pt;\">The dress is also available in <strong>other color variants<\/strong> - we encourage you to familiarize yourself with our other products.\u00a0<\/span><\/p>\n<p style=\"text-align: center;\"><span style=\"font-size: 10pt;\">Dimensions may slightly differ from the given +\/- 2cm.\u00a0<\/span><\/p>\n<p style=\"text-align: center;\"><span style=\"font-size: 10pt;\"><strong>\u00a0<\/strong>\u00a0<\/span><\/p>\n<table width=\"618\">\n<tbody>\n<tr>\n<td width=\"302\">Model name<\/td>\n<td width=\"302\">Mini Tulle Dress On Straps With A Decorative Belt Esito<\/td>\n<\/tr>\n<tr>\n<td width=\"302\">Color<\/td>\n<td width=\"302\">Blue<\/td>\n<\/tr>\n<tr>\n<td width=\"302\">Accessories<\/td>\n<td width=\"302\">Zirconia belt<\/td>\n<\/tr>\n<tr>\n<td width=\"302\">Sizes<\/td>\n<td width=\"302\">34 36 38<\/td>\n<\/tr>\n<tr>\n<td width=\"302\">Fashion<\/td>\n<td width=\"302\">Flared<\/td>\n<\/tr>\n<tr>\n<td width=\"302\">Material<\/td>\n<td width=\"302\">60% Cotton, 35% Polyester, 5% Elastane<\/td>\n<\/tr>\n<tr>\n<td width=\"302\">Length<\/td>\n<td width=\"302\">Before the Knee<\/td>\n<\/tr>\n<\/tbody>\n<\/table>\n<p style=\"text-align: center;\"><span style=\"font-size: 10pt;\">\u00a0<\/span><\/p>\n<p>&nbsp;<\/p>\n<p style=\"text-align: center;\"><span style=\"font-size: 10pt;\">In order to match <strong>perfect dresses<\/strong> we invite you to contact us by phone or contact us <a href=\"https:\/\/www.facebook.com\/madelinefashionbutik\" target=\"_blank\" rel=\"noopener\">Facebook<\/a> .<\/span><br \/>\n<span style=\"font-size: 10pt;\">Our team will help <strong>Choose the right one<\/strong> . <strong>We can make each dress at the request of the buyer\u00a0<\/strong><strong>measure carefully.\u00a0<\/strong><\/span><\/p>\n<div class=\"additional-details\" style=\"text-align: center;\">\n<p style=\"text-align: center;\"><span style=\"font-size: 10pt;\">\u00a0<\/span><\/p>\n<\/div>","protected":false},"excerpt":{"rendered":"<p>Sukienka Mini Tiulowa Na Rami\u0105czkach Z Ozdobnym Paskiem Esito B\u0142\u0119kitna Sukienka Esito jest tiulow\u0105 kreacj\u0105 mini. Wykonana jest z tiulowego, lekkiego materia\u0142u, dzi\u0119ki czemu jest bardzo delikatna i dziewcz\u0119ca. Posiada do\u0142\u0105czony pasek z kryszta\u0142kami, kt\u00f3ry optycznie wysmukla tali\u0119. Sukienka zaopatrzona jest dodatkowo w podszewk\u0119. Zapinana na zamek z ty\u0142u. Jest to propozycja idealna na wszelkie<\/p>\n<div class=\"klb-readmore post-buttons\"><a class=\"button black outline size-sm\" href=\"https:\/\/madelinefashion.pl\/en\/product\/sukienka-mini-tiulowa-na-ramiaczkach-z-ozdobnym-paskiem-esito-blekitna\/\">Read More <i class=\"klbth-icon-right-arrow\"><\/i><\/a><\/div>","protected":false},"featured_media":92280,"template":"","meta":[],"product_brand":[],"product_cat":[124,80,561],"product_tag":[730,262,261],"class_list":{"0":"post-92322","1":"product","2":"type-product","3":"status-publish","4":"has-post-thumbnail","6":"product_cat-sukienki-okolicznosciowe","7":"product_cat-sukienki-i-kombinezony","8":"product_cat-sukienki-tiulowe","9":"product_tag-sukienki-blekitne","10":"product_tag-sukienki-krotkie","11":"product_tag-sukienki-niebieskie","13":"first","14":"instock","15":"product-type-variable","16":"has-default-attributes"},"_links":{"self":[{"href":"https:\/\/madelinefashion.pl\/en\/wp-json\/wp\/v2\/product\/92322","targetHints":{"allow":["GET"]}}],"collection":[{"href":"https:\/\/madelinefashion.pl\/en\/wp-json\/wp\/v2\/product"}],"about":[{"href":"https:\/\/madelinefashion.pl\/en\/wp-json\/wp\/v2\/types\/product"}],"wp:featuredmedia":[{"embeddable":true,"href":"https:\/\/madelinefashion.pl\/en\/wp-json\/wp\/v2\/media\/92280"}],"wp:attachment":[{"href":"https:\/\/madelinefashion.pl\/en\/wp-json\/wp\/v2\/media?parent=92322"}],"wp:term":[{"taxonomy":"product_brand","embeddable":true,"href":"https:\/\/madelinefashion.pl\/en\/wp-json\/wp\/v2\/product_brand?post=92322"},{"taxonomy":"product_cat","embeddable":true,"href":"https:\/\/madelinefashion.pl\/en\/wp-json\/wp\/v2\/product_cat?post=92322"},{"taxonomy":"product_tag","embeddable":true,"href":"https:\/\/madelinefashion.pl\/en\/wp-json\/wp\/v2\/product_tag?post=92322"}],"curies":[{"name":"wp","href":"https:\/\/api.w.org\/{rel}","templated":true}]}}