{"id":92571,"date":"2023-06-09T16:14:03","date_gmt":"2023-06-09T14:14:03","guid":{"rendered":"https:\/\/madelinefashion.pl\/?post_type=product&#038;p=92571"},"modified":"2026-03-01T12:58:05","modified_gmt":"2026-03-01T11:58:05","slug":"torebka-wieczorowa-z-perelkami-zaokraglona-srebrna","status":"publish","type":"product","link":"https:\/\/madelinefashion.pl\/en\/product\/torebka-wieczorowa-z-perelkami-zaokraglona-srebrna\/","title":{"rendered":"Evening bag with pearls rounded silver"},"content":{"rendered":"<h3 style=\"text-align: center;\">Evening bag with pearls rounded silver<\/h3>\n<p style=\"text-align: center;\">A handbag is an indispensable part of evening styling. This model is not only practical, but also elegant. An elegant handbag will be perfect for every woman who follows the latest fashion trends.<\/p>\n<p>\u00a0<\/p>\n<h3 style=\"text-align: center;\">Characteristics:<\/h3>\n<p>\u00a0<\/p>\n<p style=\"text-align: center;\">evening<\/p>\n<p style=\"text-align: center;\">perfect for a wedding \/ prom \/ prom<\/p>\n<p>\u00a0<\/p>\n<h3 style=\"text-align: center;\">Bag dimensions:<\/h3>\n<ul style=\"text-align: center;\">\n<li>height \u2013 13 cm<\/li>\n<li>width -22 cm<\/li>\n<li><\/li>\n<\/ul>","protected":false},"excerpt":{"rendered":"<p>Torebka Wieczorowa Z Pere\u0142kami Zaokr\u0105glona Srebrna Torebka, to niezb\u0119dny cz\u0119\u015b\u0107 stylizacji wieczorowej. Ten model charakteryzuje si\u0119 nie tylko sw\u0105 praktyczno\u015bci\u0105, ale r\u00f3wnie\u017c elegancj\u0105.\u00a0 Elegancka torebka sprawdzi si\u0119 idealnie\u00a0 dla ka\u017cdej kobiety pod\u0105\u017caj\u0105cej za najnowszymi trendami w modzie. \u00a0 Cechy Charakterystyczne: \u00a0 wieczorowa idealna na wesele\/bal\/ studni\u00f3wk\u0119 \u00a0 Wymiary Torebki: wysoko\u015b\u0107 \u2013 13 cm szeroko\u015b\u0107 -22<\/p>\n<div class=\"klb-readmore post-buttons\"><a class=\"button black outline size-sm\" href=\"https:\/\/madelinefashion.pl\/en\/product\/torebka-wieczorowa-z-perelkami-zaokraglona-srebrna\/\">Read More <i class=\"klbth-icon-right-arrow\"><\/i><\/a><\/div>","protected":false},"featured_media":99739,"template":"","meta":[],"product_brand":[],"product_cat":[113,395],"product_tag":[504,412],"class_list":{"0":"post-92571","1":"product","2":"type-product","3":"status-publish","4":"has-post-thumbnail","6":"product_cat-dodatki","7":"product_cat-nowosci","8":"product_tag-party-time","9":"product_tag-torebki-damskie","11":"first","12":"outofstock","13":"sale","14":"purchasable","15":"product-type-simple"},"_links":{"self":[{"href":"https:\/\/madelinefashion.pl\/en\/wp-json\/wp\/v2\/product\/92571","targetHints":{"allow":["GET"]}}],"collection":[{"href":"https:\/\/madelinefashion.pl\/en\/wp-json\/wp\/v2\/product"}],"about":[{"href":"https:\/\/madelinefashion.pl\/en\/wp-json\/wp\/v2\/types\/product"}],"wp:featuredmedia":[{"embeddable":true,"href":"https:\/\/madelinefashion.pl\/en\/wp-json\/wp\/v2\/media\/99739"}],"wp:attachment":[{"href":"https:\/\/madelinefashion.pl\/en\/wp-json\/wp\/v2\/media?parent=92571"}],"wp:term":[{"taxonomy":"product_brand","embeddable":true,"href":"https:\/\/madelinefashion.pl\/en\/wp-json\/wp\/v2\/product_brand?post=92571"},{"taxonomy":"product_cat","embeddable":true,"href":"https:\/\/madelinefashion.pl\/en\/wp-json\/wp\/v2\/product_cat?post=92571"},{"taxonomy":"product_tag","embeddable":true,"href":"https:\/\/madelinefashion.pl\/en\/wp-json\/wp\/v2\/product_tag?post=92571"}],"curies":[{"name":"wp","href":"https:\/\/api.w.org\/{rel}","templated":true}]}}