{"id":92921,"date":"2023-06-12T13:06:21","date_gmt":"2023-06-12T11:06:21","guid":{"rendered":"https:\/\/madelinefashion.pl\/?post_type=product&#038;p=92921"},"modified":"2026-04-23T15:09:38","modified_gmt":"2026-04-23T13:09:38","slug":"sukienka-na-jedno-ramie-maxi-roszpunka-pudrowy-roz","status":"publish","type":"product","link":"https:\/\/madelinefashion.pl\/en\/product\/sukienka-na-jedno-ramie-maxi-roszpunka-pudrowy-roz\/","title":{"rendered":"One-Shoulder Maxi Dress Rapunzel Powder Pink"},"content":{"rendered":"<h3 style=\"text-align: center;\">One-Shoulder Maxi Dress Rapunzel Powder Pink<\/h3>\n<p style=\"text-align: center;\"><span style=\"font-size: 10pt;\">\u00a0Beautiful long evening dress <strong>on one shoulder<\/strong> made of stretchy material. <\/span>The dress is made of a delicate, airy fabric. The dress has a wrinkled belt, thanks to which it masks any imperfections. Down lined with airy lining. <span style=\"font-size: 10pt;\"> Dresses\u00a0<strong>Pretty Women<\/strong>\u00a0is an excellent choice for a wedding, prom, New Year&#039;s Eve and other elegant special events. Available in our e-shop in several color variants, so do not hesitate and choose the one that is perfect for you. If you can&#039;t decide which color,\u00a0<strong>size<\/strong>\u00a0is the best for you,\u00a0<strong>contact us<\/strong>\u00a0through\u00a0<a href=\"https:\/\/www.facebook.com\/madelinefashionbutik\" target=\"_blank\" rel=\"noopener\">Facebook<\/a>\u00a0or\u00a0<a href=\"https:\/\/madelinefashion.pl\/en\/kontakt\/\">phone<\/a>. If the size is not available on the website, please contact us.\u00a0<\/span><\/p>\n<h3 style=\"text-align: center;\">DRESS DIMENSIONS:<\/h3>\n<div class=\"additional-details\" style=\"text-align: center;\">\n<p style=\"text-align: center;\"><span style=\"font-size: 10pt;\">\u00a0<\/span><\/p>\n<table width=\"552\">\n<tbody>\n<tr>\n<td>SIZE<\/td>\n<td>34<\/td>\n<td>36<\/td>\n<td>38<\/td>\n<\/tr>\n<tr>\n<td>Bust<\/td>\n<td>84-86<\/td>\n<td>88-90<\/td>\n<td>92-94<\/td>\n<\/tr>\n<tr>\n<td>Waist<\/td>\n<td>64<\/td>\n<td>68<\/td>\n<td>72<\/td>\n<\/tr>\n<tr>\n<td>Hips<\/td>\n<td>\u00a0any<\/td>\n<td>\u00a0any<\/td>\n<td>\u00a0any<\/td>\n<\/tr>\n<\/tbody>\n<\/table>\n<\/div>\n<p style=\"text-align: center;\"><span style=\"font-size: 10pt;\">total length approx. 160 cm\u00a0<\/span><\/p>\n<p style=\"text-align: center;\"><span style=\"font-size: 10pt;\">The dress is also available in other colors - see our other products.<\/span><\/p>\n<p style=\"text-align: center;\"><span style=\"font-size: 10pt;\">Dimensions may slightly differ from the given +\/- 2cm.\u00a0<\/span><\/p>\n<p style=\"text-align: center;\"><span style=\"font-size: 10pt;\"><strong>\u00a0<\/strong>\u00a0<\/span><\/p>\n<table width=\"620\">\n<tbody>\n<tr>\n<td width=\"302\">Model name<\/td>\n<td width=\"302\">Rapunzel One Shoulder Maxi Dress<\/td>\n<\/tr>\n<tr>\n<td width=\"302\">Color<\/td>\n<td width=\"302\">Powder Pink<\/td>\n<\/tr>\n<tr>\n<td width=\"302\">Mark<\/td>\n<td width=\"302\">Pretty Woman<\/td>\n<\/tr>\n<tr>\n<td width=\"302\">Sizes<\/td>\n<td width=\"302\">34 36 38 40<\/td>\n<\/tr>\n<tr>\n<td width=\"302\">Sleeve<\/td>\n<td width=\"302\">Long<\/td>\n<\/tr>\n<tr>\n<td width=\"302\">Material<\/td>\n<td width=\"302\">Viscose, Polyester,<\/td>\n<\/tr>\n<tr>\n<td width=\"302\">Length<\/td>\n<td width=\"302\">To the ground<\/td>\n<\/tr>\n<\/tbody>\n<\/table>\n<p style=\"text-align: center;\"><span style=\"font-size: 10pt;\">\u00a0<\/span><\/p>\n<p style=\"text-align: center;\"><span style=\"font-size: 10pt;\">In order to match <strong>perfect dresses<\/strong> we invite you to contact us by phone or contact us <a href=\"https:\/\/www.facebook.com\/madelinefashionbutik\" target=\"_blank\" rel=\"noopener\">Facebook<\/a> .<\/span><br \/>\n<span style=\"font-size: 10pt;\">Our team will help <strong>Choose the right one<\/strong> . <strong>We can make each dress at the request of the buyer\u00a0<\/strong><strong>measure carefully.\u00a0<\/strong><\/span><\/p>\n<div class=\"additional-details\" style=\"text-align: center;\">\n<p style=\"text-align: center;\"><span style=\"font-size: 10pt;\">\u00a0<\/span><\/p>\n<\/div>","protected":false},"excerpt":{"rendered":"<p>Sukienka Na Jedno Rami\u0119 Maxi Roszpunka Pudrowy R\u00f3\u017c \u00a0Pi\u0119kna d\u0142uga suknia wieczorowa na jedno rami\u0119 ze zwiewnego materia\u0142u. Sukienka uszyta jest z delikatnej, zwiewnej tkaniny. Sukienka posiada marszczony pas, dzi\u0119ki czemu maskuje wszelkie niedoskona\u0142o\u015bci.\u00a0 D\u00f3\u0142 podszyty zwiewn\u0105 podszewk\u0105. Sukienki\u00a0Pretty Women\u00a0to doskona\u0142y wyb\u00f3r na wesele, studni\u00f3wk\u0119, sylwestra i inne eleganckie imprezy okoliczno\u015bciowe. \u00a0Dost\u0119pna w naszym e-sklepie<\/p>\n<div class=\"klb-readmore post-buttons\"><a class=\"button black outline size-sm\" href=\"https:\/\/madelinefashion.pl\/en\/product\/sukienka-na-jedno-ramie-maxi-roszpunka-pudrowy-roz\/\">Read More <i class=\"klbth-icon-right-arrow\"><\/i><\/a><\/div>","protected":false},"featured_media":92830,"template":"","meta":[],"product_brand":[],"product_cat":[124,395,559],"product_tag":[257,163,215],"class_list":{"0":"post-92921","1":"product","2":"type-product","3":"status-publish","4":"has-post-thumbnail","6":"product_cat-sukienki-okolicznosciowe","7":"product_cat-nowosci","8":"product_cat-noworoczna-sekcja-okazji","9":"product_tag-madelinefashion","10":"product_tag-sukienki-dlugie","11":"product_tag-sukienki-rozowe","13":"first","14":"instock","15":"sale","16":"purchasable","17":"product-type-variable"},"_links":{"self":[{"href":"https:\/\/madelinefashion.pl\/en\/wp-json\/wp\/v2\/product\/92921","targetHints":{"allow":["GET"]}}],"collection":[{"href":"https:\/\/madelinefashion.pl\/en\/wp-json\/wp\/v2\/product"}],"about":[{"href":"https:\/\/madelinefashion.pl\/en\/wp-json\/wp\/v2\/types\/product"}],"wp:featuredmedia":[{"embeddable":true,"href":"https:\/\/madelinefashion.pl\/en\/wp-json\/wp\/v2\/media\/92830"}],"wp:attachment":[{"href":"https:\/\/madelinefashion.pl\/en\/wp-json\/wp\/v2\/media?parent=92921"}],"wp:term":[{"taxonomy":"product_brand","embeddable":true,"href":"https:\/\/madelinefashion.pl\/en\/wp-json\/wp\/v2\/product_brand?post=92921"},{"taxonomy":"product_cat","embeddable":true,"href":"https:\/\/madelinefashion.pl\/en\/wp-json\/wp\/v2\/product_cat?post=92921"},{"taxonomy":"product_tag","embeddable":true,"href":"https:\/\/madelinefashion.pl\/en\/wp-json\/wp\/v2\/product_tag?post=92921"}],"curies":[{"name":"wp","href":"https:\/\/api.w.org\/{rel}","templated":true}]}}