{"id":9300,"date":"2021-04-22T01:36:36","date_gmt":"2021-04-21T23:36:36","guid":{"rendered":"https:\/\/madelinefashion.pl\/?post_type=product&#038;p=9300"},"modified":"2025-09-09T10:35:56","modified_gmt":"2025-09-09T08:35:56","slug":"sukienka-midi-dopasowana-sarano-fuksja","status":"publish","type":"product","link":"https:\/\/madelinefashion.pl\/en\/product\/sukienka-midi-dopasowana-sarano-fuksja\/","title":{"rendered":"Sarano Fuchsia Fitted Midi Dress"},"content":{"rendered":"<h3 style=\"text-align: center;\">Sarano Fuchsia Fitted Midi Dress<\/h3>\n<p style=\"text-align: center;\"><strong>Elegant knitted dress<\/strong> perfectly cut<strong> emphasizing feminine shapes<\/strong>. The material of the dress does not restrict movement and is very flexible. You can wear it in a sporty as well as an elegant edition. <strong>Dress<\/strong> on the straps on an elastic band with delicate frills - <strong>mega sexy<\/strong>. Feel it<strong> exceptionally. <\/strong>Very soft and stretchy material. <strong>The perfect dress for everyday outings, on a trip or to work. Mega comfortable tight dress will suit most styles.<\/strong> The stylish model will be perfect for any occasion where you want to feel special. Midi dress made of extremely pleasant to the touch material with an emblem on the front. The dress perfectly emphasizes the feminine shapes. Ribbed dress fitted in a universal size recommended from XS to max L.<\/p>\n<p>&nbsp;<\/p>\n<h3 style=\"text-align: center;\">\u00a0 \u00a0 Dimensions:<\/h3>\n<ul>\n<li style=\"text-align: center;\">\u00a0 \u00a0 Total front length - 85 cm<\/li>\n<li style=\"text-align: center;\">The width from armpit to armpit - 32-50 cm<\/li>\n<li style=\"text-align: center;\">Waist width - 34-42 cm<\/li>\n<li style=\"text-align: center;\">The width at the bottom - 32-52 cm<\/li>\n<\/ul>\n<p style=\"text-align: center;\">Dimensions may slightly differ from the given +\/- 2cm. All dimensions given are measured flat. <strong>X2 dimension<\/strong><\/p>\n<h3 style=\"text-align: center;\">Characteristics:<\/h3>\n<p style=\"text-align: center;\">- midi dress<br \/>\n-on straps<br \/>\n- universal<br \/>\n-flounce<br \/>\n-fashionable<br \/>\n-woman<br \/>\n- fitted<br \/>\n-comfortable<br \/>\n-sexy<\/p>\n<p>&nbsp;<\/p>\n<table>\n<tbody>\n<tr>\n<td width=\"302\"><span style=\"font-size: 10pt;\">Model name<\/span><\/td>\n<td width=\"302\">Sarano Fitted Midi Dress<\/td>\n<\/tr>\n<tr>\n<td width=\"302\"><span style=\"font-size: 10pt;\">Color<\/span><\/td>\n<td width=\"302\">Fuchsia<\/td>\n<\/tr>\n<tr>\n<td width=\"302\"><span style=\"font-size: 10pt;\">Fashion<\/span><\/td>\n<td width=\"302\"><span style=\"font-size: 10pt;\">Matched<\/span><\/td>\n<\/tr>\n<tr>\n<td width=\"302\"><span style=\"font-size: 10pt;\">Material<\/span><\/td>\n<td width=\"302\"><span style=\"font-size: 10pt;\">95 % Polyester 5 % Elastane\u00a0<\/span><\/td>\n<\/tr>\n<tr>\n<td width=\"302\"><span style=\"font-size: 10pt;\">Length<\/span><\/td>\n<td width=\"302\"><span style=\"font-size: 10pt;\">Above the knee<\/span><\/td>\n<\/tr>\n<\/tbody>\n<\/table>\n<p>&nbsp;<\/p>\n<p style=\"text-align: center;\"><span style=\"font-size: 10pt;\">\u00a0<\/span><\/p>\n<div class=\"tabs tabs-bb clear mb-80\">\n<div class=\"tab-content\">\n<div id=\"tab-description\" class=\"tab-pane fade in woocommerce-Tabs-panel--description active\">\n<p style=\"text-align: center;\">The model has\u00a0<strong>169<\/strong>\u00a0cm tall, wears a size every day\u00a0<strong>S.<\/strong><\/p>\n<p style=\"text-align: center;\">The width at the bust is 92 cm<\/p>\n<p style=\"text-align: center;\">Waist width 62 cm<\/p>\n<p style=\"text-align: center;\">The width at the hips is 94 cm<\/p>\n<\/div>\n<\/div>\n<\/div>","protected":false},"excerpt":{"rendered":"<p>Sukienka Midi Dopasowana Sarano Fuksja Elegancka sukienka dzianinowa o kroju idealnie podkre\u015blaj\u0105cym kobiece kszta\u0142ty. Materia\u0142 sukienki nie kr\u0119puj\u0119 ruch\u00f3w i jest bardzo elastyczny. Mo\u017cna j\u0105 nosi\u0107 w sportowym, jak i w eleganckim wydaniu. Sukienka na rami\u0105czkach na gumce z delikatnymi falbankami &#8211; mega sexowna. Poczuj si\u0119 wyj\u0105tkowo. Bardzo mi\u0119kki i rozci\u0105gliwy materia\u0142. Idealna sukienka na<\/p>\n<div class=\"klb-readmore post-buttons\"><a class=\"button black outline size-sm\" href=\"https:\/\/madelinefashion.pl\/en\/product\/sukienka-midi-dopasowana-sarano-fuksja\/\">Read More <i class=\"klbth-icon-right-arrow\"><\/i><\/a><\/div>","protected":false},"featured_media":48612,"template":"","meta":[],"product_brand":[],"product_cat":[125],"product_tag":[],"class_list":{"0":"post-9300","1":"product","2":"type-product","3":"status-publish","4":"has-post-thumbnail","6":"product_cat-sukienki","8":"first","9":"instock","10":"purchasable","11":"product-type-simple"},"_links":{"self":[{"href":"https:\/\/madelinefashion.pl\/en\/wp-json\/wp\/v2\/product\/9300","targetHints":{"allow":["GET"]}}],"collection":[{"href":"https:\/\/madelinefashion.pl\/en\/wp-json\/wp\/v2\/product"}],"about":[{"href":"https:\/\/madelinefashion.pl\/en\/wp-json\/wp\/v2\/types\/product"}],"wp:featuredmedia":[{"embeddable":true,"href":"https:\/\/madelinefashion.pl\/en\/wp-json\/wp\/v2\/media\/48612"}],"wp:attachment":[{"href":"https:\/\/madelinefashion.pl\/en\/wp-json\/wp\/v2\/media?parent=9300"}],"wp:term":[{"taxonomy":"product_brand","embeddable":true,"href":"https:\/\/madelinefashion.pl\/en\/wp-json\/wp\/v2\/product_brand?post=9300"},{"taxonomy":"product_cat","embeddable":true,"href":"https:\/\/madelinefashion.pl\/en\/wp-json\/wp\/v2\/product_cat?post=9300"},{"taxonomy":"product_tag","embeddable":true,"href":"https:\/\/madelinefashion.pl\/en\/wp-json\/wp\/v2\/product_tag?post=9300"}],"curies":[{"name":"wp","href":"https:\/\/api.w.org\/{rel}","templated":true}]}}