{"id":93061,"date":"2023-06-13T11:32:30","date_gmt":"2023-06-13T09:32:30","guid":{"rendered":"https:\/\/madelinefashion.pl\/?post_type=product&#038;p=93061"},"modified":"2025-09-09T10:13:18","modified_gmt":"2025-09-09T08:13:18","slug":"sukienka-krotka-clara-bezowa","status":"publish","type":"product","link":"https:\/\/madelinefashion.pl\/en\/product\/sukienka-krotka-clara-bezowa\/","title":{"rendered":"Clara Short Dress, Brocade, Beige"},"content":{"rendered":"<h3 style=\"text-align: center;\">Clara Short Dress, Brocade, Beige<\/h3>\n<p style=\"text-align: center;\"><span style=\"font-size: 10pt;\">Clara dress in color <strong>beige<\/strong>. A great evening dress with a V-neckline - V beautifully exposes the bust. The evening dress fits the figure very nicely - it has an elastic band at the waist. Dress in<\/span><span style=\"font-size: 10pt;\">produced and sewn in Poland. The sleeve has a cut, adding uniqueness to the dress.<br \/>\nThe dress is made of stretchy material. Overlapped top with a very delicate fancy sleeve. An elastic waistband makes it easier to adjust the size. Built-up back.<\/span><span class=\"def\"><br \/>\n<\/span><span style=\"font-size: 10pt;\"><strong>You are looking for the perfect dress for a wedding, New Year&#039;s Eve, carnival or prom<\/strong>? This model will be perfect. Dress -<strong>\u00a0 it just looks wonderful<\/strong> !! Dresses made of shimmering material are extremely stylish and look like the outfits of movie stars. See our offer <a href=\"https:\/\/madelinefashion.pl\/en\/sukienki-i-kombinezony\/sukienki-okolicznosciowe\/\"><strong>evening dresses<\/strong><\/a> and choose the model you will be in <strong>look like a star<\/strong> and you will stand out from the crowd. The maxi dress shimmers fabulously in the light of the lamps. You cannot be indifferent to it. <\/span><span style=\"font-size: 10pt;\">Dresses from Madelinefashion are an excellent choice for weddings, proms, New Year&#039;s Eve and other elegant special events. Available in our e-shop in several color variants, so do not hesitate and choose the one that is perfect for you. If you can&#039;t decide which color, <strong>size<\/strong> is the best for you, <strong>contact us<\/strong> through <a href=\"https:\/\/www.facebook.com\/madelinefashionbutik\" target=\"_blank\" rel=\"noopener\">Facebook<\/a> or <a href=\"https:\/\/madelinefashion.pl\/en\/kontakt\/\">phone<\/a>. If the size is not available on the website, please contact us.\u00a0<\/span><\/p>\n<h3 style=\"text-align: center;\">DRESS DIMENSIONS:<\/h3>\n<div class=\"additional-details\" style=\"text-align: center;\">\n<p>&nbsp;<\/p>\n<p>&nbsp;<\/p>\n<table style=\"height: 207px;\" width=\"500\">\n<tbody>\n<tr>\n<td>SIZE<\/td>\n<td>38<\/td>\n<td>40<\/td>\n<td>42<\/td>\n<td>44<\/td>\n<\/tr>\n<tr>\n<td>Bust<\/td>\n<td>80-100<\/td>\n<td>85-105<\/td>\n<td>90-110<\/td>\n<td>95-115<\/td>\n<\/tr>\n<tr>\n<td>Waist<\/td>\n<td>64-80<\/td>\n<td>68-86<\/td>\n<td>74-100<\/td>\n<td>78-108<\/td>\n<\/tr>\n<tr>\n<td>Hips<\/td>\n<td>any<\/td>\n<td>any<\/td>\n<td>\u00a0any<\/td>\n<td>\u00a0any<\/td>\n<\/tr>\n<\/tbody>\n<\/table>\n<p>&nbsp;<\/p>\n<\/div>\n<p>&nbsp;<\/p>\n<p style=\"text-align: center;\"><span style=\"font-size: 10pt;\"><span style=\"font-size: 10pt;\">total length approx. 90 cm <\/span>\u00a0 <\/span><\/p>\n<p style=\"text-align: center;\"><span style=\"font-size: 10pt;\">The dress is also available in other colors - see our other products.<\/span><\/p>\n<p style=\"text-align: center;\"><span style=\"font-size: 10pt;\">Dimensions may slightly differ from the given +\/- 2cm.\u00a0<\/span><\/p>\n<p style=\"text-align: center;\"><span style=\"font-size: 10pt;\"><strong>\u00a0<\/strong>\u00a0<\/span><\/p>\n<table width=\"620\">\n<tbody>\n<tr>\n<td width=\"302\">Model name<\/td>\n<td width=\"302\">Clara Short Brocade Dress<\/td>\n<\/tr>\n<tr>\n<td width=\"302\">Color<\/td>\n<td width=\"302\">Beige<\/td>\n<\/tr>\n<tr>\n<td width=\"302\">Cleavage<\/td>\n<td width=\"302\">Envelope<\/td>\n<\/tr>\n<tr>\n<td width=\"302\">Sizes<\/td>\n<td width=\"302\">36 38 40 42 44<\/td>\n<\/tr>\n<tr>\n<td width=\"302\">Fashion<\/td>\n<td width=\"302\">Flared<\/td>\n<\/tr>\n<tr>\n<td width=\"302\">Material<\/td>\n<td width=\"302\">50% Polyester 40% Viscose 10% Elastane<\/td>\n<\/tr>\n<tr>\n<td width=\"302\">Length<\/td>\n<td width=\"302\">At knee<\/td>\n<\/tr>\n<\/tbody>\n<\/table>\n<p style=\"text-align: center;\"><span style=\"font-size: 10pt;\">\u00a0<\/span><\/p>\n<p style=\"text-align: center;\"><span style=\"font-size: 10pt;\">In order to match <strong>perfect dresses<\/strong> we invite you to contact us by phone or contact us <a href=\"https:\/\/www.facebook.com\/madelinefashionbutik\" target=\"_blank\" rel=\"noopener\">Facebook<\/a> .<\/span><br \/>\n<span style=\"font-size: 10pt;\">Our team will help <strong>Choose the right one<\/strong> . <strong>We can make each dress at the request of the buyer\u00a0<\/strong><strong>measure carefully. <\/strong><\/span><span style=\"font-size: 10pt;\">\u00a0<\/span><\/p>","protected":false},"excerpt":{"rendered":"<p>Sukienka Kr\u00f3tka Clara Brokatowa Be\u017cowa Sukienka Clara w kolorze be\u017cowym. Wspania\u0142a suknia wieczorowa z dekoltem w szpic &#8211; V pi\u0119knie eksponuje biust.\u00a0 Suknia wieczorowa bardzo \u0142adnie dopasowuje si\u0119 do sylwetki &#8211; w tali posiada gumk\u0119. Sukienka wyprodukowana i uszyta w Polsce. R\u0119kawek posiada rozci\u0119cie, dodaj\u0105c sukience unikatowo\u015bci. Sukienka\u00a0 uszyta jest z rozci\u0105gliwego\u00a0 materia\u0142u. G\u00f3ra na<\/p>\n<div class=\"klb-readmore post-buttons\"><a class=\"button black outline size-sm\" href=\"https:\/\/madelinefashion.pl\/en\/product\/sukienka-krotka-clara-bezowa\/\">Read More <i class=\"klbth-icon-right-arrow\"><\/i><\/a><\/div>","protected":false},"featured_media":93044,"template":"","meta":[],"product_brand":[],"product_cat":[124,395],"product_tag":[385,212,262],"class_list":{"0":"post-93061","1":"product","2":"type-product","3":"status-publish","4":"has-post-thumbnail","6":"product_cat-sukienki-okolicznosciowe","7":"product_cat-nowosci","8":"product_tag-plus-size","9":"product_tag-sukienki-bezowe","10":"product_tag-sukienki-krotkie","12":"first","13":"instock","14":"product-type-variable"},"_links":{"self":[{"href":"https:\/\/madelinefashion.pl\/en\/wp-json\/wp\/v2\/product\/93061","targetHints":{"allow":["GET"]}}],"collection":[{"href":"https:\/\/madelinefashion.pl\/en\/wp-json\/wp\/v2\/product"}],"about":[{"href":"https:\/\/madelinefashion.pl\/en\/wp-json\/wp\/v2\/types\/product"}],"wp:featuredmedia":[{"embeddable":true,"href":"https:\/\/madelinefashion.pl\/en\/wp-json\/wp\/v2\/media\/93044"}],"wp:attachment":[{"href":"https:\/\/madelinefashion.pl\/en\/wp-json\/wp\/v2\/media?parent=93061"}],"wp:term":[{"taxonomy":"product_brand","embeddable":true,"href":"https:\/\/madelinefashion.pl\/en\/wp-json\/wp\/v2\/product_brand?post=93061"},{"taxonomy":"product_cat","embeddable":true,"href":"https:\/\/madelinefashion.pl\/en\/wp-json\/wp\/v2\/product_cat?post=93061"},{"taxonomy":"product_tag","embeddable":true,"href":"https:\/\/madelinefashion.pl\/en\/wp-json\/wp\/v2\/product_tag?post=93061"}],"curies":[{"name":"wp","href":"https:\/\/api.w.org\/{rel}","templated":true}]}}