{"id":93412,"date":"2023-06-15T17:04:21","date_gmt":"2023-06-15T15:04:21","guid":{"rendered":"https:\/\/madelinefashion.pl\/?post_type=product&#038;p=93412"},"modified":"2026-04-24T16:30:40","modified_gmt":"2026-04-24T14:30:40","slug":"sukienka-cekinowa-maxi-oliwia-mietowa","status":"publish","type":"product","link":"https:\/\/madelinefashion.pl\/en\/product\/sukienka-cekinowa-maxi-oliwia-mietowa\/","title":{"rendered":"Sequin Maxi Dress Oliwia Mint"},"content":{"rendered":"<h3 style=\"text-align: center;\">Sequin Maxi Dress Oliwia Mint<\/h3>\n<p style=\"text-align: center;\"><span style=\"font-size: 10pt;\">Beautiful long evening dress decorated <strong>sequins and beads<\/strong> in the form of sparkling crystals. It beautifully displays feminine shapes. The fitted mini dress has<strong> embellishments on the shoulders covered with multicolored beads. Dress<\/strong> it has a cut that adds sex appeal. See our offer <strong><a href=\"https:\/\/madelinefashion.pl\/en\/sukienki-i-kombinezony\/sukienki-okolicznosciowe\/\">evening dresses<\/a>\u00a0and select a model, <\/strong>in which you will be <strong>look like a star and you will stand out from the crowd. The maxi dress shimmers fabulously in the light of the lamps. <\/strong>One cannot be indifferent to her.<strong> Maxi dress.<\/strong><\/span><span style=\"font-size: 10pt;\"> The dress has cups sewn in at the front, so you do not need to wear a bra. Made and sewn in Poland. <strong>Oliwia long dress\u00a0 <\/strong>\u00a0available <\/span><span style=\"font-size: 10pt;\">\u00a0in sizes <strong>34, 36, 38<\/strong> , <strong>40<\/strong>\u00a0 .If you can&#039;t decide which color, <strong>size<\/strong> is the best for you, <strong>contact us<\/strong> through <a href=\"https:\/\/www.facebook.com\/madelinefashionbutik\" target=\"_blank\" rel=\"noopener\">Facebook<\/a> or <a href=\"https:\/\/madelinefashion.pl\/en\/kontakt\/\">phone<\/a>. In the absence of a size on the site, please <strong>contact<\/strong>.\u00a0<\/span><\/p>\n<h3 style=\"text-align: center;\">DRESS DIMENSIONS:<\/h3>\n<p>&nbsp;<\/p>\n<table width=\"556\">\n<tbody>\n<tr>\n<td><strong>SIZE<\/strong><\/td>\n<td><strong>Bust<\/strong><\/td>\n<td><strong>Waist<\/strong><\/td>\n<td><strong>Hips<\/strong><\/td>\n<\/tr>\n<tr>\n<td><strong>34<\/strong><\/td>\n<td>84-86<\/td>\n<td>64-68<\/td>\n<td>\u00a082-90<\/td>\n<\/tr>\n<tr>\n<td><strong>36<\/strong><\/td>\n<td>88-90<\/td>\n<td>68-72<\/td>\n<td>\u00a086-92<\/td>\n<\/tr>\n<tr>\n<td><strong>38<\/strong><\/td>\n<td>92-94<\/td>\n<td>72-76<\/td>\n<td>\u00a090-96<\/td>\n<\/tr>\n<tr>\n<td><strong>40<\/strong><\/td>\n<td>96-98<\/td>\n<td>76-80<\/td>\n<td>\u00a094-106<\/td>\n<\/tr>\n<\/tbody>\n<\/table>\n<p style=\"text-align: center;\">total length approximately 157 cm<\/p>\n<p style=\"text-align: center;\">The dress is also available in other colors - see our other products.<\/p>\n<p style=\"text-align: center;\">Dimensions may slightly differ from the given +\/- 2cm.<\/p>\n<p style=\"text-align: center;\"><strong>\u00a0<\/strong><\/p>\n<p>&nbsp;<\/p>\n<table>\n<tbody>\n<tr>\n<td width=\"302\">Model name<\/td>\n<td width=\"302\">Oliwia Sequin Maxi Dress<\/td>\n<\/tr>\n<tr>\n<td width=\"302\">Color<\/td>\n<td width=\"302\"><span style=\"font-size: 10pt;\">Mint<\/span><\/td>\n<\/tr>\n<tr>\n<td width=\"302\">Mark<\/td>\n<td width=\"302\">Pretty Women<\/td>\n<\/tr>\n<tr>\n<td width=\"302\">Sizes<\/td>\n<td width=\"302\">34 36 38 40<\/td>\n<\/tr>\n<tr>\n<td width=\"302\">Fashion<\/td>\n<td width=\"302\">Matched<\/td>\n<\/tr>\n<tr>\n<td width=\"302\">Material<\/td>\n<td width=\"302\">Viscose, Polyester, Cotton<\/td>\n<\/tr>\n<tr>\n<td width=\"302\">Length<\/td>\n<td width=\"302\">Long<\/td>\n<\/tr>\n<\/tbody>\n<\/table>\n<p>&nbsp;<\/p>\n<p style=\"text-align: center;\">In order to match\u00a0<strong>perfect dresses<\/strong>\u00a0we invite you to contact us by phone or via our facebook.<br \/>\nOur team will help\u00a0<strong>Choose the right one<\/strong>\u00a0.\u00a0<strong>We can make each dress at the request of the buyer\u00a0<\/strong><strong>measure carefully.\u00a0<\/strong><\/p>\n<div class=\"additional-details\">\n<p style=\"text-align: center;\">\n<\/div>","protected":false},"excerpt":{"rendered":"<p>Sukienka Cekinowa Maxi Oliwia Mi\u0119towa Pi\u0119kna d\u0142uga suknia wieczorowa zdobiona cekinami oraz koralikami w postaci mieni\u0105cych si\u0119 kryszta\u0142k\u00f3w. Pi\u0119knie eksponuje kobiece kszta\u0142ty. Sukienka mini dopasowana posiada zdobienia na ramionach, kt\u00f3re pokryte s\u0105 r\u00f3\u017cnokolorowymi koralikami. Sukienka posiada rozci\u0119cie kt\u00f3re\u00a0 dodaje seksapilu . Zapoznaj si\u0119 z nasz\u0105 ofert\u0105 sukni wieczorowych\u00a0i wybierz model, w kt\u00f3rej b\u0119dziesz wygl\u0105da\u0107 jak<\/p>\n<div class=\"klb-readmore post-buttons\"><a class=\"button black outline size-sm\" href=\"https:\/\/madelinefashion.pl\/en\/product\/sukienka-cekinowa-maxi-oliwia-mietowa\/\">Read More <i class=\"klbth-icon-right-arrow\"><\/i><\/a><\/div>","protected":false},"featured_media":93357,"template":"","meta":[],"product_brand":[],"product_cat":[124,395,559,558],"product_tag":[163],"class_list":{"0":"post-93412","1":"product","2":"type-product","3":"status-publish","4":"has-post-thumbnail","6":"product_cat-sukienki-okolicznosciowe","7":"product_cat-nowosci","8":"product_cat-noworoczna-sekcja-okazji","9":"product_cat-sukienki-cekinowe","10":"product_tag-sukienki-dlugie","12":"first","13":"instock","14":"sale","15":"purchasable","16":"product-type-variable"},"_links":{"self":[{"href":"https:\/\/madelinefashion.pl\/en\/wp-json\/wp\/v2\/product\/93412","targetHints":{"allow":["GET"]}}],"collection":[{"href":"https:\/\/madelinefashion.pl\/en\/wp-json\/wp\/v2\/product"}],"about":[{"href":"https:\/\/madelinefashion.pl\/en\/wp-json\/wp\/v2\/types\/product"}],"wp:featuredmedia":[{"embeddable":true,"href":"https:\/\/madelinefashion.pl\/en\/wp-json\/wp\/v2\/media\/93357"}],"wp:attachment":[{"href":"https:\/\/madelinefashion.pl\/en\/wp-json\/wp\/v2\/media?parent=93412"}],"wp:term":[{"taxonomy":"product_brand","embeddable":true,"href":"https:\/\/madelinefashion.pl\/en\/wp-json\/wp\/v2\/product_brand?post=93412"},{"taxonomy":"product_cat","embeddable":true,"href":"https:\/\/madelinefashion.pl\/en\/wp-json\/wp\/v2\/product_cat?post=93412"},{"taxonomy":"product_tag","embeddable":true,"href":"https:\/\/madelinefashion.pl\/en\/wp-json\/wp\/v2\/product_tag?post=93412"}],"curies":[{"name":"wp","href":"https:\/\/api.w.org\/{rel}","templated":true}]}}