{"id":94144,"date":"2023-06-22T15:07:13","date_gmt":"2023-06-22T13:07:13","guid":{"rendered":"https:\/\/madelinefashion.pl\/?post_type=product&#038;p=94144"},"modified":"2026-04-20T18:53:35","modified_gmt":"2026-04-20T16:53:35","slug":"sukienka-krotka-tiulowa-lolita-biala","status":"publish","type":"product","link":"https:\/\/madelinefashion.pl\/en\/product\/sukienka-krotka-tiulowa-lolita-biala\/","title":{"rendered":"Short White Lolita Tulle Dress"},"content":{"rendered":"<h3 style=\"text-align: center;\">Short White Lolita Tulle Dress<\/h3>\n<p style=\"text-align: center;\"><strong>Beautiful short tulle dress<\/strong>. <strong>The top of the dress is fitted<\/strong> perfectly emphasizes feminine shapes. The dress is decorated with lace at the top and flared tulle at the bottom. A tulle dress with an open back, fastened with a zipper and tied with a string.<strong>\u00a0<\/strong>See our offer <strong><a href=\"https:\/\/madelinefashion.pl\/en\/sukienki-i-kombinezony\/sukienki-okolicznosciowe\/\">evening dresses<\/a>\u00a0and select a model, <\/strong>in which you will be <strong>look like a star and you will stand out from the crowd. In our dresses you will stand out from the crowd!\u00a0 <\/strong>One cannot be indifferent to her. <strong>S.<\/strong><strong>target <\/strong>\u00a0It has sewn-in cups at the front, so you don&#039;t need to wear a bra. The bottom of the dress has several petticoats that beautifully lift it. Made and sewn in Poland. This maxi dress is available in our online store in sizes\u00a0 \u00a0<strong>34, 36, 38, 40<\/strong>\u00a0 . Dresses <strong>Madelinefashion<\/strong> is an excellent choice for a wedding, prom, New Year&#039;s Eve and other elegant special events. Available in our e-shop in several color variants, so do not hesitate and choose the one that is perfect for you. If you can&#039;t decide which color, <strong>size<\/strong> is the best for you, <strong>contact us<\/strong> through <a href=\"https:\/\/www.facebook.com\/madelinefashionbutik\" target=\"_blank\" rel=\"noopener\">Facebook<\/a> or <a href=\"https:\/\/madelinefashion.pl\/en\/kontakt\/\">phone<\/a>. If the size is not available on the website, please contact us.\u00a0 <strong>In the information after purchase, you can enter your dimensions<\/strong> Waist and Bust We will choose the right size for you<\/p>\n<p>&nbsp;<\/p>\n<h3 style=\"text-align: center;\">DRESS DIMENSIONS:<\/h3>\n<p style=\"text-align: center;\"><img fetchpriority=\"high\" decoding=\"async\" class=\"alignnone size-medium wp-image-16801\" src=\"https:\/\/madelinefashion.pl\/wp-content\/uploads\/2021\/08\/wymiary-suknia-300x194.png\" alt=\"\" width=\"300\" height=\"194\" title=\"\"><\/p>\n<table width=\"556\">\n<tbody>\n<tr>\n<td><strong>SIZE<\/strong><\/td>\n<td><strong>Bust<\/strong><\/td>\n<td><strong>Waist<\/strong><\/td>\n<td><strong>Hips<\/strong><\/td>\n<\/tr>\n<tr>\n<td><strong>34<\/strong><\/td>\n<td>84-86<\/td>\n<td>64<\/td>\n<td>\u00a0any<\/td>\n<\/tr>\n<tr>\n<td><strong>36<\/strong><\/td>\n<td>88-90<\/td>\n<td>68<\/td>\n<td>\u00a0any<\/td>\n<\/tr>\n<tr>\n<td><strong>38<\/strong><\/td>\n<td>\u00a092-94<\/td>\n<td>72<\/td>\n<td>\u00a0any<\/td>\n<\/tr>\n<tr>\n<td><strong>40<\/strong><\/td>\n<td>96-98<\/td>\n<td>76<\/td>\n<td>\u00a0any<\/td>\n<\/tr>\n<\/tbody>\n<\/table>\n<p style=\"text-align: center;\">total length approx. 100 cm<\/p>\n<p style=\"text-align: center;\">The dress is also available in other colors - see our other products.<\/p>\n<p style=\"text-align: center;\">Dimensions may slightly differ from the given +\/- 2cm.<\/p>\n<p style=\"text-align: center;\"><strong>\u00a0<\/strong><\/p>\n<p>&nbsp;<\/p>\n<table>\n<tbody>\n<tr>\n<td width=\"302\">Model name<\/td>\n<td width=\"302\">Short Tulle Lolita Dress<\/td>\n<\/tr>\n<tr>\n<td width=\"302\">Color<\/td>\n<td width=\"302\">White<\/td>\n<\/tr>\n<tr>\n<td width=\"302\">Mark<\/td>\n<td width=\"302\">Madelinefashion<\/td>\n<\/tr>\n<tr>\n<td width=\"302\">Sizes<\/td>\n<td width=\"302\">34 36 38 40<\/td>\n<\/tr>\n<tr>\n<td width=\"302\">Fashion<\/td>\n<td width=\"302\">Flared<\/td>\n<\/tr>\n<tr>\n<td width=\"302\">Material<\/td>\n<td width=\"302\">Viscose, Polyester, Cotton<\/td>\n<\/tr>\n<tr>\n<td width=\"302\">Length<\/td>\n<td width=\"302\">Up to the knee<\/td>\n<\/tr>\n<\/tbody>\n<\/table>\n<p style=\"text-align: center;\" align=\"center\">We invite you to our wedding dress salon, located at 2 Moniuszki Street in the heart of Konstantyn\u00f3w \u0141\u00f3dzki. In our professional salon, you&#039;ll find a wide selection of wedding dresses that will fulfill your deepest dreams of a perfect day. A team of experienced consultants will help you choose the perfect gown, tailored to your expectations and figure. We cordially invite you to visit \u2013 see how special your day can be!<\/p>\n<p>Each dress can be adjusted to suit your height and heel height, if necessary. If it&#039;s too long, you can have it shortened or have a seamstress make minor alterations. This way, you can easily tailor your chosen dress to your measurements and feel perfectly at ease in it.<\/p>\n<p style=\"text-align: center;\" align=\"center\">In order to match\u00a0<strong>perfect dresses<\/strong>\u00a0we invite you to contact us by phone or contact us <a href=\"https:\/\/www.facebook.com\/madelinefashionbutik\" target=\"_blank\" rel=\"noopener\">facebook<\/a> .<br \/>\nOur team will help\u00a0<strong>Choose the right one<\/strong>\u00a0.\u00a0<strong>We can measure each dress precisely at the buyer&#039;s request.\u00a0<\/strong><\/p>\n<div class=\"additional-details\">\n<p style=\"text-align: center;\">\n<\/div>","protected":false},"excerpt":{"rendered":"<p>Sukienka Kr\u00f3tka Tiulowa Lolita Bia\u0142a Pi\u0119kna kr\u00f3tka sukienka tiulowa. G\u00f3ra sukienki dopasowana idealnie podkre\u015bla kobiece kszta\u0142ty. Sukienka ozdobiona jest koronk\u0105 u g\u00f3ry oraz tiulem na dole &#8211;\u00a0 rozkloszowana. Sukienka tiulowa z \u00a0odkrytymi plecami zapinana na zamek i zawi\u0105zywana sznureczkiem.\u00a0Zapoznaj si\u0119 z nasz\u0105 ofert\u0105 sukni wieczorowych\u00a0i wybierz model, w kt\u00f3rej b\u0119dziesz wygl\u0105da\u0107 jak gwiazda i wyr\u00f3\u017cnisz<\/p>\n<div class=\"klb-readmore post-buttons\"><a class=\"button black outline size-sm\" href=\"https:\/\/madelinefashion.pl\/en\/product\/sukienka-krotka-tiulowa-lolita-biala\/\">Read More <i class=\"klbth-icon-right-arrow\"><\/i><\/a><\/div>","protected":false},"featured_media":94142,"template":"","meta":[],"product_brand":[],"product_cat":[124,395,561,566,631],"product_tag":[257,219,262],"class_list":{"0":"post-94144","1":"product","2":"type-product","3":"status-publish","4":"has-post-thumbnail","6":"product_cat-sukienki-okolicznosciowe","7":"product_cat-nowosci","8":"product_cat-sukienki-tiulowe","9":"product_cat-suknie-slubne","10":"product_cat-suknie-slubne-tiulowe","11":"product_tag-madelinefashion","12":"product_tag-sukienka-biala","13":"product_tag-sukienki-krotkie","15":"first","16":"instock","17":"purchasable","18":"product-type-variable"},"_links":{"self":[{"href":"https:\/\/madelinefashion.pl\/en\/wp-json\/wp\/v2\/product\/94144","targetHints":{"allow":["GET"]}}],"collection":[{"href":"https:\/\/madelinefashion.pl\/en\/wp-json\/wp\/v2\/product"}],"about":[{"href":"https:\/\/madelinefashion.pl\/en\/wp-json\/wp\/v2\/types\/product"}],"wp:featuredmedia":[{"embeddable":true,"href":"https:\/\/madelinefashion.pl\/en\/wp-json\/wp\/v2\/media\/94142"}],"wp:attachment":[{"href":"https:\/\/madelinefashion.pl\/en\/wp-json\/wp\/v2\/media?parent=94144"}],"wp:term":[{"taxonomy":"product_brand","embeddable":true,"href":"https:\/\/madelinefashion.pl\/en\/wp-json\/wp\/v2\/product_brand?post=94144"},{"taxonomy":"product_cat","embeddable":true,"href":"https:\/\/madelinefashion.pl\/en\/wp-json\/wp\/v2\/product_cat?post=94144"},{"taxonomy":"product_tag","embeddable":true,"href":"https:\/\/madelinefashion.pl\/en\/wp-json\/wp\/v2\/product_tag?post=94144"}],"curies":[{"name":"wp","href":"https:\/\/api.w.org\/{rel}","templated":true}]}}