{"id":94192,"date":"2023-06-23T10:19:49","date_gmt":"2023-06-23T08:19:49","guid":{"rendered":"https:\/\/madelinefashion.pl\/?post_type=product&#038;p=94192"},"modified":"2026-03-12T17:48:35","modified_gmt":"2026-03-12T16:48:35","slug":"biustonosz-samoprzylepny-cielisty-push-up","status":"publish","type":"product","link":"https:\/\/madelinefashion.pl\/en\/product\/biustonosz-samoprzylepny-cielisty-push-up\/","title":{"rendered":"PUSH UP Nude Adhesive Bra"},"content":{"rendered":"<h3 style=\"text-align: center;\">PUSH UP Nude Adhesive Bra<\/h3>\n<p style=\"text-align: center;\">This self-adhesive bra features strapless cups and a backless design, making it perfect for wearing under garments with exposed shoulders or backs. It ties at the front and is reusable. <strong>The product is non-returnable.<\/strong><\/p>\n<p>AVAILABLE IN SIZES ABCD<\/p>\n<ul>\n<li style=\"text-align: center;\">Self-supporting bra with contoured cups<\/li>\n<li style=\"text-align: center;\">Thanks to the layer of silicone glue, I stay on my breasts<\/li>\n<li style=\"text-align: center;\">Using the strings between the cups, we can gather the bust, creating a beautiful, full neckline.<\/li>\n<li style=\"text-align: center;\">Perfect for styles with an exposed back or shoulders<\/li>\n<li style=\"text-align: center;\">The product is suitable for multiple use<\/li>\n<li style=\"text-align: center;\">After use, just gently wash the silicone layer with water and then leave it to dry with the inside of the cups facing up.<\/li>\n<li style=\"text-align: center;\">Color: flesh-colored<\/li>\n<li style=\"text-align: center;\">Material: polyester, silicone<\/li>\n<\/ul>\n<p style=\"text-align: center;\">","protected":false},"excerpt":{"rendered":"<p>Biustonosz Samoprzylepny Cielisty PUSH UP Biustonosz w postaci samoprzylepnych miseczek bez rami\u0105czek i ty\u0142u, dzi\u0119ki czemu jest doskona\u0142y pod ubrania z odkrytymi ramionami lub plecami. Wi\u0105zanie z przodu. Nadaje si\u0119 do ponownego u\u017cytku. Produkt nie podlega zwrotowi. DOST\u0118PNY W ROZMAIRACH A B C D Samono\u015bny biustonosz z profilowanymi miseczkach Dzi\u0119ki warstwie silikonowego kleju utrzymuj\u0119 si\u0119<\/p>\n<div class=\"klb-readmore post-buttons\"><a class=\"button black outline size-sm\" href=\"https:\/\/madelinefashion.pl\/en\/product\/biustonosz-samoprzylepny-cielisty-push-up\/\">Read More <i class=\"klbth-icon-right-arrow\"><\/i><\/a><\/div>","protected":false},"featured_media":94232,"template":"","meta":[],"product_brand":[],"product_cat":[113,395],"product_tag":[],"class_list":{"0":"post-94192","1":"product","2":"type-product","3":"status-publish","4":"has-post-thumbnail","6":"product_cat-dodatki","7":"product_cat-nowosci","8":"pa_rozmiar-a","9":"pa_rozmiar-b","10":"pa_rozmiar-c","11":"pa_rozmiar-d","13":"first","14":"instock","15":"sale","16":"purchasable","17":"product-type-variable"},"_links":{"self":[{"href":"https:\/\/madelinefashion.pl\/en\/wp-json\/wp\/v2\/product\/94192","targetHints":{"allow":["GET"]}}],"collection":[{"href":"https:\/\/madelinefashion.pl\/en\/wp-json\/wp\/v2\/product"}],"about":[{"href":"https:\/\/madelinefashion.pl\/en\/wp-json\/wp\/v2\/types\/product"}],"wp:featuredmedia":[{"embeddable":true,"href":"https:\/\/madelinefashion.pl\/en\/wp-json\/wp\/v2\/media\/94232"}],"wp:attachment":[{"href":"https:\/\/madelinefashion.pl\/en\/wp-json\/wp\/v2\/media?parent=94192"}],"wp:term":[{"taxonomy":"product_brand","embeddable":true,"href":"https:\/\/madelinefashion.pl\/en\/wp-json\/wp\/v2\/product_brand?post=94192"},{"taxonomy":"product_cat","embeddable":true,"href":"https:\/\/madelinefashion.pl\/en\/wp-json\/wp\/v2\/product_cat?post=94192"},{"taxonomy":"product_tag","embeddable":true,"href":"https:\/\/madelinefashion.pl\/en\/wp-json\/wp\/v2\/product_tag?post=94192"}],"curies":[{"name":"wp","href":"https:\/\/api.w.org\/{rel}","templated":true}]}}