{"id":94199,"date":"2023-06-23T10:59:43","date_gmt":"2023-06-23T08:59:43","guid":{"rendered":"https:\/\/madelinefashion.pl\/?post_type=product&#038;p=94199"},"modified":"2025-10-01T07:34:00","modified_gmt":"2025-10-01T05:34:00","slug":"szorty-jeansowe-z-cwiekami-nessa","status":"publish","type":"product","link":"https:\/\/madelinefashion.pl\/en\/product\/szorty-jeansowe-z-cwiekami-nessa\/","title":{"rendered":"Nessa Studded Denim Shorts"},"content":{"rendered":"<h3 style=\"text-align: center;\">Nessa Studded Denim Shorts<\/h3>\n<p style=\"text-align: center;\"><span style=\"vertical-align: inherit;\"><span style=\"vertical-align: inherit;\"><strong>Nessa Studded Denim Shorts\u00a0<\/strong> is a fashionable element that cannot be missing in your wardrobe. <\/span><span style=\"vertical-align: inherit;\">Shorts made of <\/span><\/span><strong><span style=\"vertical-align: inherit;\"><span style=\"vertical-align: inherit;\">high-quality material with a high waist,<\/span><\/span><\/strong><span style=\"vertical-align: inherit;\"><span style=\"vertical-align: inherit;\"> \u00a0which perfectly shape the body. Unusually <strong>sexy<\/strong> proposal for spring and summer that will undoubtedly <strong>he will add<\/strong>\u00a0unique <strong>character<\/strong>. <\/span><span style=\"vertical-align: inherit;\">Are very comfortable<\/span><\/span><span style=\"vertical-align: inherit;\"><span style=\"vertical-align: inherit;\"> and easy to combine, they can be easily combined with our blouses, shirts or light sweaters - which you will also find in our <a href=\"https:\/\/madelinefashion.pl\/en\/swetry\/\">e-shop.<\/a>\u00a0 <strong>Shorts with a higher waist<\/strong> with decorative pearls they will steal the heart of every woman. Short legs will emphasize and <strong>optically lengthen the legs<\/strong>. Soft and flexible jeans hugs the buttocks. We offer<\/span><\/span><span style=\"vertical-align: inherit;\"><span style=\"vertical-align: inherit;\"> them in sizes <strong>XS,<\/strong> <strong>S, M, L <\/strong><\/span><\/span><span style=\"vertical-align: inherit;\"><span style=\"vertical-align: inherit;\">\u00a0we also recommend <\/span><\/span><span style=\"vertical-align: inherit;\"><span style=\"vertical-align: inherit;\"><b>exactly\u00a0<\/b><\/span><\/span><strong><span style=\"vertical-align: inherit;\"><span style=\"vertical-align: inherit;\">to measure<\/span><\/span><\/strong><span style=\"vertical-align: inherit;\"><span style=\"vertical-align: inherit;\"> according to the Dimension Chart below. <\/span><span style=\"vertical-align: inherit;\">Complete your wardrobe with this best-selling model. <\/span><\/span><span style=\"vertical-align: inherit;\"><span style=\"vertical-align: inherit;\">If you have any further questions about this product, please do not hesitate to contact us by phone or Facebook. Follow the new trends with\u00a0<strong>Madelinefashion.\u00a0<\/strong>In the information after the purchase, you can send your measurements, we will choose the perfect pants for you.<\/span><\/span><\/p>\n<p>&nbsp;<\/p>\n<p>&nbsp;<\/p>\n<ul>\n<li style=\"text-align: center;\">Fashionable and extremely sexy high-waisted shorts<\/li>\n<li style=\"text-align: center;\">Fashionable pattern<\/li>\n<li style=\"text-align: center;\">The shorts are decorated with numerous studs<\/li>\n<li style=\"text-align: center;\">Highlighting the silhouette<\/li>\n<li style=\"text-align: center;\">Extremely comfortable<\/li>\n<li style=\"text-align: center;\">Stand out and wear the best shorts<\/li>\n<\/ul>\n<p>&nbsp;<\/p>\n<h3 style=\"text-align: center;\"><span style=\"vertical-align: inherit;\"><span style=\"vertical-align: inherit;\">Pants dimensions:<\/span><\/span><\/h3>\n<p style=\"text-align: center;\"><strong>SIZE XS 34 <\/strong><\/p>\n<ul style=\"text-align: center;\">\n<li>Overall length: 30 cm<\/li>\n<li>Inside leg length: 6 cm<\/li>\n<li>Waist width: 33-35 cm<\/li>\n<li>Waist: 28 cm<\/li>\n<li>Hip width: 42-47 cm<\/li>\n<li><\/li>\n<\/ul>\n<p style=\"text-align: center;\"><strong>SIZE S 36\u00a0<\/strong><\/p>\n<ul style=\"text-align: center;\">\n<li>Overall length: 30 cm<\/li>\n<li>Inside leg length: 6 cm<\/li>\n<li>Waist width: 36-39 cm<\/li>\n<li>Waist: 28 cm<\/li>\n<li>Hip width: 44 -49 cm<\/li>\n<li><\/li>\n<\/ul>\n<p style=\"text-align: center;\"><strong>SIZE M 38\u00a0<\/strong><\/p>\n<ul style=\"text-align: center;\">\n<li>Overall length: 31 cm<\/li>\n<li>Inside leg length: 7 cm<\/li>\n<li>Waist width: 37-42 cm<\/li>\n<li>Waist: 29 cm<\/li>\n<li>Hip width: 47-53 cm<\/li>\n<li><\/li>\n<li><\/li>\n<\/ul>\n<p style=\"text-align: center;\"><strong>SIZE L 40\u00a0<\/strong><\/p>\n<ul style=\"text-align: center;\">\n<li>Overall length: 33 cm<\/li>\n<li>Inside leg length: 8 cm<\/li>\n<li>Waist width: 38-43 cm<\/li>\n<li>Waist: 32 cm<\/li>\n<li>Hip width: 48 -55 cmDimensions may slightly differ from the given +\/- 2cm. All dimensions given are measured flat.\u00a0<strong>X2 dimension<\/strong><\/li>\n<li><\/li>\n<\/ul>\n<p style=\"text-align: center;\">The model has\u00a0<strong>169<\/strong>\u00a0cm tall, wears a size every day\u00a0<strong>S.<\/strong><\/p>\n<p style=\"text-align: center;\">The width at the bust is 92 cm<\/p>\n<p style=\"text-align: center;\">Waist width 62 cm<\/p>\n<p style=\"text-align: center;\">The width at the hips is 94 cm<\/p>","protected":false},"excerpt":{"rendered":"<p>Szorty Jeansowe z \u0106wiekami Nessa Szorty Jeansowe z \u0106wiekami Nessa\u00a0 to modny element, kt\u00f3rego nie mo\u017ce zabrakn\u0105\u0107 w Twojej garderobie. Spodenki wykonane z wysokiej jako\u015bci materia\u0142u z wysokim stanem, \u00a0kt\u00f3re doskonale modeluj\u0105 sylwetk\u0119.\u00a0 Niezwykle seksowna propozycja na wiosn\u0119 i lato, kt\u00f3re bez w\u0105tpienia doda\u00a0niepowtarzalnego charakteru. S\u0105 bardzo wygodne oraz \u0142atwe w \u0142\u0105czeniu, bez problemu mo\u017cna<\/p>\n<div class=\"klb-readmore post-buttons\"><a class=\"button black outline size-sm\" href=\"https:\/\/madelinefashion.pl\/en\/product\/szorty-jeansowe-z-cwiekami-nessa\/\">Read More <i class=\"klbth-icon-right-arrow\"><\/i><\/a><\/div>","protected":false},"featured_media":94204,"template":"","meta":[],"product_brand":[],"product_cat":[83,395],"product_tag":[425],"class_list":{"0":"post-94199","1":"product","2":"type-product","3":"status-publish","4":"has-post-thumbnail","6":"product_cat-spodnie","7":"product_cat-nowosci","8":"product_tag-spodenki","9":"pa_rozmiar-34-42-142","10":"pa_rozmiar-34-42-36-2","11":"pa_rozmiar-34-42-38-2","12":"pa_rozmiar-34-42-40-2","13":"pa_rozmiar-34-42-42-2","15":"first","16":"instock","17":"product-type-variable"},"_links":{"self":[{"href":"https:\/\/madelinefashion.pl\/en\/wp-json\/wp\/v2\/product\/94199","targetHints":{"allow":["GET"]}}],"collection":[{"href":"https:\/\/madelinefashion.pl\/en\/wp-json\/wp\/v2\/product"}],"about":[{"href":"https:\/\/madelinefashion.pl\/en\/wp-json\/wp\/v2\/types\/product"}],"wp:featuredmedia":[{"embeddable":true,"href":"https:\/\/madelinefashion.pl\/en\/wp-json\/wp\/v2\/media\/94204"}],"wp:attachment":[{"href":"https:\/\/madelinefashion.pl\/en\/wp-json\/wp\/v2\/media?parent=94199"}],"wp:term":[{"taxonomy":"product_brand","embeddable":true,"href":"https:\/\/madelinefashion.pl\/en\/wp-json\/wp\/v2\/product_brand?post=94199"},{"taxonomy":"product_cat","embeddable":true,"href":"https:\/\/madelinefashion.pl\/en\/wp-json\/wp\/v2\/product_cat?post=94199"},{"taxonomy":"product_tag","embeddable":true,"href":"https:\/\/madelinefashion.pl\/en\/wp-json\/wp\/v2\/product_tag?post=94199"}],"curies":[{"name":"wp","href":"https:\/\/api.w.org\/{rel}","templated":true}]}}