{"id":9421,"date":"2021-04-23T19:16:32","date_gmt":"2021-04-23T17:16:32","guid":{"rendered":"https:\/\/madelinefashion.pl\/?post_type=product&#038;p=9421"},"modified":"2025-10-14T12:11:51","modified_gmt":"2025-10-14T10:11:51","slug":"spodnica-asymetryczna-z-koronka-blekitna-kamila","status":"publish","type":"product","link":"https:\/\/madelinefashion.pl\/en\/product\/spodnica-asymetryczna-z-koronka-blekitna-kamila\/","title":{"rendered":"Asymmetric skirt with lace Blue Kamila"},"content":{"rendered":"<h3 style=\"text-align: center;\">Asymmetric skirt with lace Blue Kamila<\/h3>\n<p style=\"text-align: center;\"><strong>Asymmetric skirt with lace blue <\/strong>light, airy, it will give you freedom in any situation. <strong>Universal<\/strong>and at the same time very stylish and feminine. <strong>Plain skirt<\/strong> finished with lace at the bottom perfectly<strong>\u00a0<\/strong>Perfect for spring and summer stylizations. The skirt has a loose cut. <strong>Elastic at the waist<\/strong> It nicely emphasizes the waist and keeps the skirt in place, additionally the skirt has a decorative string at the waist. You can create a girly, romantic styling with her. Our skirt will work with a t-shirt, top and sneakers or ballerinas.<\/p>\n<h3 style=\"text-align: center;\">Dimensions:<\/h3>\n<ul style=\"text-align: center;\">\n<li><span style=\"font-size: 10pt;\">\u00a0\u00a0\u00a0\u00a0\u00a0\u00a0\u00a0 total length at the front: 59 cm\u00a0<\/span><\/li>\n<li><span style=\"font-size: 10pt;\">total length back: 77 cm\u00a0<\/span><\/li>\n<li><span style=\"font-size: 10pt;\">\u00a0\u00a0\u00a0\u00a0\u00a0\u00a0\u00a0 waist width 31-46 cm\u00a0<\/span><\/li>\n<\/ul>\n<p style=\"text-align: center;\"><span style=\"font-size: 10pt;\">Dimensions may slightly differ from the given +\/- 2cm. All dimensions given are measured flat.<\/span><\/p>\n<p style=\"text-align: center;\"><span style=\"font-size: 10pt;\">\u00a0<\/span><\/p>\n<p style=\"text-align: center;\"><span style=\"font-size: 10pt;\">\u00a0<\/span><\/p>\n<table>\n<tbody>\n<tr>\n<td width=\"302\">Model name<\/td>\n<td width=\"302\">Asymmetric skirt with Kamil&#039;s lace<\/td>\n<\/tr>\n<tr>\n<td width=\"302\">Color<\/td>\n<td width=\"302\">Blue<\/td>\n<\/tr>\n<tr>\n<td width=\"302\">Sizes<\/td>\n<td width=\"302\">Universal<\/td>\n<\/tr>\n<tr>\n<td width=\"302\">Fashion<\/td>\n<td width=\"302\">Oversize<\/td>\n<\/tr>\n<tr>\n<td width=\"302\">Material<\/td>\n<td width=\"302\">95 % Polyester 5% Elastane<\/td>\n<\/tr>\n<\/tbody>\n<\/table>\n<p style=\"text-align: center;\">The model has\u00a0<strong>169<\/strong>\u00a0cm tall, wears a size every day\u00a0<strong>S.<\/strong><\/p>\n<p style=\"text-align: center;\">The width at the bust is 92 cm<\/p>\n<p style=\"text-align: center;\">Waist width 62 cm<\/p>\n<p style=\"text-align: center;\">The width at the hips is 94 cm<\/p>","protected":false},"excerpt":{"rendered":"<p>Sp\u00f3dnica Asymetryczna z Koronk\u0105 B\u0142\u0119kitna Kamila Sp\u00f3dnica Asymetryczna z Koronk\u0105 b\u0142\u0119kitna lekka, zwiewna, zapewni ci swobod\u0119 w ka\u017cdej sytuacji. Uniwersalna, a jednocze\u015bnie bardzo stylowa i kobieca. G\u0142adka sp\u00f3dnica zako\u0144czona na dole koronk\u0105 idealnie\u00a0sprawdzi si\u0119 we wiosennych i letnich stylizacjach. Sp\u00f3dnica posiada lu\u017any kr\u00f3j. Gumka w pasie \u0142adnie podkre\u015bla talie i sprawia, \u017ce sp\u00f3dnica dobrze trzyma<\/p>\n<div class=\"klb-readmore post-buttons\"><a class=\"button black outline size-sm\" href=\"https:\/\/madelinefashion.pl\/en\/product\/spodnica-asymetryczna-z-koronka-blekitna-kamila\/\">Read More <i class=\"klbth-icon-right-arrow\"><\/i><\/a><\/div>","protected":false},"featured_media":54528,"template":"","meta":[],"product_brand":[],"product_cat":[107],"product_tag":[],"class_list":{"0":"post-9421","1":"product","2":"type-product","3":"status-publish","4":"has-post-thumbnail","6":"product_cat-spodnice-i-spodniczki","8":"first","9":"instock","10":"purchasable","11":"product-type-simple"},"_links":{"self":[{"href":"https:\/\/madelinefashion.pl\/en\/wp-json\/wp\/v2\/product\/9421","targetHints":{"allow":["GET"]}}],"collection":[{"href":"https:\/\/madelinefashion.pl\/en\/wp-json\/wp\/v2\/product"}],"about":[{"href":"https:\/\/madelinefashion.pl\/en\/wp-json\/wp\/v2\/types\/product"}],"wp:featuredmedia":[{"embeddable":true,"href":"https:\/\/madelinefashion.pl\/en\/wp-json\/wp\/v2\/media\/54528"}],"wp:attachment":[{"href":"https:\/\/madelinefashion.pl\/en\/wp-json\/wp\/v2\/media?parent=9421"}],"wp:term":[{"taxonomy":"product_brand","embeddable":true,"href":"https:\/\/madelinefashion.pl\/en\/wp-json\/wp\/v2\/product_brand?post=9421"},{"taxonomy":"product_cat","embeddable":true,"href":"https:\/\/madelinefashion.pl\/en\/wp-json\/wp\/v2\/product_cat?post=9421"},{"taxonomy":"product_tag","embeddable":true,"href":"https:\/\/madelinefashion.pl\/en\/wp-json\/wp\/v2\/product_tag?post=9421"}],"curies":[{"name":"wp","href":"https:\/\/api.w.org\/{rel}","templated":true}]}}