{"id":9422,"date":"2021-04-23T19:17:52","date_gmt":"2021-04-23T17:17:52","guid":{"rendered":"https:\/\/madelinefashion.pl\/?post_type=product&#038;p=9422"},"modified":"2025-10-14T12:11:51","modified_gmt":"2025-10-14T10:11:51","slug":"spodnica-asymetryczna-z-koronka-fuksja-kamila","status":"publish","type":"product","link":"https:\/\/madelinefashion.pl\/en\/product\/spodnica-asymetryczna-z-koronka-fuksja-kamila\/","title":{"rendered":"Asymmetric skirt with lace Fuchsia Kamila"},"content":{"rendered":"<h3 style=\"text-align: center;\">Asymmetric skirt with lace Fuchsia Kamila<\/h3>\n<p style=\"text-align: center;\"><strong>Asymmetric Skirt with Fuchsia \/ Amaranth Lace to\u00a0 <\/strong>a light, airy skirt that will give you freedom in any situation. <strong>Universal<\/strong>and at the same time very stylish and feminine. <strong>Plain skirt<\/strong> finished with lace at the bottom perfectly<strong>\u00a0<\/strong>Perfect for spring and summer stylizations. The skirt has a loose cut. <strong>Elastic at the waist<\/strong> It nicely emphasizes the waist and keeps the skirt in place, additionally the skirt has a decorative string at the waist. You can create a girly, romantic styling with her. Our skirt will work with a t-shirt, top and sneakers or ballerinas.<\/p>\n<h3 style=\"text-align: center;\">Dimensions:<\/h3>\n<ul style=\"text-align: center;\">\n<li><span style=\"font-size: 10pt;\">\u00a0\u00a0\u00a0\u00a0\u00a0\u00a0\u00a0 total length at the front: 59 cm\u00a0<\/span><\/li>\n<li><span style=\"font-size: 10pt;\">total length back: 77 cm\u00a0<\/span><\/li>\n<li><span style=\"font-size: 10pt;\">\u00a0\u00a0\u00a0\u00a0\u00a0\u00a0\u00a0 waist width 31-46 cm\u00a0<\/span><\/li>\n<\/ul>\n<p style=\"text-align: center;\"><span style=\"font-size: 10pt;\">Dimensions may slightly differ from the given +\/- 2cm. All dimensions given are measured flat.<\/span><\/p>\n<p style=\"text-align: center;\"><span style=\"font-size: 10pt;\">\u00a0<\/span><\/p>\n<p style=\"text-align: center;\"><span style=\"font-size: 10pt;\">\u00a0<\/span><\/p>\n<table>\n<tbody>\n<tr>\n<td width=\"302\">Model name<\/td>\n<td width=\"302\">Asymmetric skirt with Kamil&#039;s lace<\/td>\n<\/tr>\n<tr>\n<td width=\"302\">Color<\/td>\n<td width=\"302\">Fuchsia<\/td>\n<\/tr>\n<tr>\n<td width=\"302\">Sizes<\/td>\n<td width=\"302\">Universal<\/td>\n<\/tr>\n<tr>\n<td width=\"302\">Fashion<\/td>\n<td width=\"302\">Oversize<\/td>\n<\/tr>\n<tr>\n<td width=\"302\">Material<\/td>\n<td width=\"302\">95 % Polyester 5% Elastane<\/td>\n<\/tr>\n<\/tbody>\n<\/table>\n<p style=\"text-align: center;\"><span style=\"font-size: 10pt;\"> \u00a0The model has\u00a0<strong>175<\/strong>\u00a0cm tall, wears a size every day\u00a0<strong>S.<\/strong><\/span><\/p>","protected":false},"excerpt":{"rendered":"<p>Sp\u00f3dnica Asymetryczna z Koronk\u0105 Fuksja Kamila Sp\u00f3dnica Asymetryczna z Koronk\u0105 w kolorze Fuksji\/ Amarantowym to\u00a0 lekka, zwiewna sp\u00f3dnica kt\u00f3ra, zapewni ci swobod\u0119 w ka\u017cdej sytuacji. Uniwersalna, a jednocze\u015bnie bardzo stylowa i kobieca. G\u0142adka sp\u00f3dnica zako\u0144czona na dole koronk\u0105 idealnie\u00a0sprawdzi si\u0119 we wiosennych i letnich stylizacjach. Sp\u00f3dnica posiada lu\u017any kr\u00f3j. Gumka w pasie \u0142adnie podkre\u015bla talie<\/p>\n<div class=\"klb-readmore post-buttons\"><a class=\"button black outline size-sm\" href=\"https:\/\/madelinefashion.pl\/en\/product\/spodnica-asymetryczna-z-koronka-fuksja-kamila\/\">Read More <i class=\"klbth-icon-right-arrow\"><\/i><\/a><\/div>","protected":false},"featured_media":54529,"template":"","meta":[],"product_brand":[],"product_cat":[107],"product_tag":[],"class_list":{"0":"post-9422","1":"product","2":"type-product","3":"status-publish","4":"has-post-thumbnail","6":"product_cat-spodnice-i-spodniczki","8":"first","9":"instock","10":"purchasable","11":"product-type-simple"},"_links":{"self":[{"href":"https:\/\/madelinefashion.pl\/en\/wp-json\/wp\/v2\/product\/9422","targetHints":{"allow":["GET"]}}],"collection":[{"href":"https:\/\/madelinefashion.pl\/en\/wp-json\/wp\/v2\/product"}],"about":[{"href":"https:\/\/madelinefashion.pl\/en\/wp-json\/wp\/v2\/types\/product"}],"wp:featuredmedia":[{"embeddable":true,"href":"https:\/\/madelinefashion.pl\/en\/wp-json\/wp\/v2\/media\/54529"}],"wp:attachment":[{"href":"https:\/\/madelinefashion.pl\/en\/wp-json\/wp\/v2\/media?parent=9422"}],"wp:term":[{"taxonomy":"product_brand","embeddable":true,"href":"https:\/\/madelinefashion.pl\/en\/wp-json\/wp\/v2\/product_brand?post=9422"},{"taxonomy":"product_cat","embeddable":true,"href":"https:\/\/madelinefashion.pl\/en\/wp-json\/wp\/v2\/product_cat?post=9422"},{"taxonomy":"product_tag","embeddable":true,"href":"https:\/\/madelinefashion.pl\/en\/wp-json\/wp\/v2\/product_tag?post=9422"}],"curies":[{"name":"wp","href":"https:\/\/api.w.org\/{rel}","templated":true}]}}