{"id":943,"date":"2019-02-23T17:19:16","date_gmt":"2019-02-23T17:19:16","guid":{"rendered":"http:\/\/serwer2078743.home.pl\/?post_type=product&#038;p=943"},"modified":"2026-02-20T14:59:15","modified_gmt":"2026-02-20T13:59:15","slug":"sweter-z-kokardkami-na-rekawie-musztardowy","status":"publish","type":"product","link":"https:\/\/madelinefashion.pl\/en\/product\/sweter-z-kokardkami-na-rekawie-musztardowy\/","title":{"rendered":"Mustard sweater with bows on the sleeves"},"content":{"rendered":"<h2 style=\"text-align: center;\">Mustard sweater with bows on the sleeves<\/h2>\n<p style=\"text-align: center;\"><strong>Comfortable, comfortable sweater <\/strong>decorated with a simple cut<strong> bows on the sleeves.\u00a0<\/strong> Model with long sleeves and cuffs<strong>, <\/strong>as is the bottom of the sweater<strong>. <\/strong>It was made of fun<b>, elastic knit. <\/b>Perfectly <strong>adapts to the figure<\/strong>\u00a0and complements any outfit. The advantage of the sweater is its shorter cut. It fits perfectly with leggings, jeans or leather pants. The sweater is suitable for every season. The size is\u00a0<strong>universal<\/strong> Perfect for ladies wearing\u00a0 <strong>S, M, L.<\/strong>,<strong>XL\u00a0<\/strong> in case of wearing a larger size, we recommend that you refer to the dimension table below. Available in our e-shop in several variants <strong>color<\/strong>so don&#039;t hesitate and choose the one that&#039;s perfect for you. If you cannot decide which color is best for you, please contact us via Facebook or by phone.<\/p>\n<p style=\"text-align: center;\">Suitable for washing at temperatures up to 30 \u00b0 C<\/p>\n<h2 style=\"text-align: center;\">Dimensions:<\/h2>\n<ul style=\"text-align: center;\">\n<li><span style=\"font-size: 10pt;\">width from armpit to armpit 44-55 cm<\/span><\/li>\n<li><span style=\"font-size: 10pt;\">overall length: 62 cm\u00a0<\/span><\/li>\n<li><span style=\"font-size: 10pt;\">sleeve length from armpit: 43 cm<\/span><\/li>\n<li><span style=\"font-size: 10pt;\">sleeve length from shoulder 58 cm\u00a0<\/span><\/li>\n<li><span style=\"font-size: 10pt;\">recommended maximum bust circumference: 108 cm<\/span><\/li>\n<\/ul>\n<p style=\"text-align: center;\"><span style=\"font-size: 10pt;\">\u00a0Dimensions may slightly differ from the given +\/- 2cm. All dimensions given are measured flat.<\/span><\/p>\n<table width=\"617\">\n<tbody>\n<tr>\n<td width=\"302\">Model name<\/td>\n<td width=\"302\">Sweater with Bows on the Sleeves<\/td>\n<\/tr>\n<tr>\n<td width=\"302\">Color<\/td>\n<td width=\"302\">Mustard<\/td>\n<\/tr>\n<tr>\n<td width=\"302\">Sizes<\/td>\n<td width=\"302\">Universal<\/td>\n<\/tr>\n<tr>\n<td width=\"302\">Fashion<\/td>\n<td width=\"302\">Oversize<\/td>\n<\/tr>\n<tr>\n<td width=\"302\">Warmed up<\/td>\n<td width=\"302\">Uninsulated<\/td>\n<\/tr>\n<tr>\n<td width=\"302\">Material<\/td>\n<td width=\"302\">88 % acrylic 12 % nylon<\/td>\n<\/tr>\n<\/tbody>\n<\/table>\n<p style=\"text-align: center;\"><span style=\"font-size: 10pt;\">\u00a0<\/span><\/p>\n<p style=\"text-align: center;\">The model has\u00a0<strong>169<\/strong>\u00a0cm tall, wears a size every day\u00a0<strong>S.<\/strong><\/p>\n<p style=\"text-align: center;\">The width at the bust is 92 cm<\/p>\n<p style=\"text-align: center;\">Waist width 62 cm<\/p>\n<p style=\"text-align: center;\">The width at the hips is 94 cm<\/p>","protected":false},"excerpt":{"rendered":"<p>Sweter z Kokardkami na R\u0119kawie Musztardowy Wygodny, komfortowy sweterek o prostym fasonie ozdobiony kokardkami na r\u0119kawkach.\u00a0 Model z d\u0142ugimi r\u0119kawami zako\u0144czonymi \u015bci\u0105gaczami, podobnie jak d\u00f3\u0142 swetra. Wykonano go z przyjemnej, elastycznej dzianiny. Idealnie dopasowuje si\u0119 do sylwetki\u00a0i uzupe\u0142nia ka\u017cd\u0105 stylizacj\u0119.\u00a0Zalet\u0105 swetra jest jego kr\u00f3tszy kr\u00f3j. Idealnie komponuje si\u0119 z legginsami, jeansami czy sk\u00f3rzanymi spodniami .\u00a0Sweter<\/p>\n<div class=\"klb-readmore post-buttons\"><a class=\"button black outline size-sm\" href=\"https:\/\/madelinefashion.pl\/en\/product\/sweter-z-kokardkami-na-rekawie-musztardowy\/\">Read More <i class=\"klbth-icon-right-arrow\"><\/i><\/a><\/div>","protected":false},"featured_media":55739,"template":"","meta":[],"product_brand":[],"product_cat":[78],"product_tag":[],"class_list":{"0":"post-943","1":"product","2":"type-product","3":"status-publish","4":"has-post-thumbnail","6":"product_cat-swetry-damskie","8":"first","9":"instock","10":"purchasable","11":"product-type-simple"},"_links":{"self":[{"href":"https:\/\/madelinefashion.pl\/en\/wp-json\/wp\/v2\/product\/943","targetHints":{"allow":["GET"]}}],"collection":[{"href":"https:\/\/madelinefashion.pl\/en\/wp-json\/wp\/v2\/product"}],"about":[{"href":"https:\/\/madelinefashion.pl\/en\/wp-json\/wp\/v2\/types\/product"}],"wp:featuredmedia":[{"embeddable":true,"href":"https:\/\/madelinefashion.pl\/en\/wp-json\/wp\/v2\/media\/55739"}],"wp:attachment":[{"href":"https:\/\/madelinefashion.pl\/en\/wp-json\/wp\/v2\/media?parent=943"}],"wp:term":[{"taxonomy":"product_brand","embeddable":true,"href":"https:\/\/madelinefashion.pl\/en\/wp-json\/wp\/v2\/product_brand?post=943"},{"taxonomy":"product_cat","embeddable":true,"href":"https:\/\/madelinefashion.pl\/en\/wp-json\/wp\/v2\/product_cat?post=943"},{"taxonomy":"product_tag","embeddable":true,"href":"https:\/\/madelinefashion.pl\/en\/wp-json\/wp\/v2\/product_tag?post=943"}],"curies":[{"name":"wp","href":"https:\/\/api.w.org\/{rel}","templated":true}]}}