{"id":94613,"date":"2023-06-27T11:26:10","date_gmt":"2023-06-27T09:26:10","guid":{"rendered":"https:\/\/madelinefashion.pl\/?post_type=product&#038;p=94613"},"modified":"2025-09-09T10:13:11","modified_gmt":"2025-09-09T08:13:11","slug":"pareo-koronkowe-mirini-bezowe","status":"publish","type":"product","link":"https:\/\/madelinefashion.pl\/en\/product\/pareo-koronkowe-mirini-bezowe\/","title":{"rendered":"Lace Pareo Mirini Beige"},"content":{"rendered":"<h3 style=\"text-align: center;\">Lace Pareo Mirini Beige<\/h3>\n<p style=\"text-align: center;\">Fantastic <strong>summer lace pareo tied at the front, perfect for the beach <\/strong>contrasts beautifully with the tan. It emphasizes its color and looks stylish. The lace makes it look light and airy. A cardigan with a longer back is a great proposition for a beach holiday trip. The cape is very comfortable, made of high-quality materials. The free cut makes you feel very comfortable to wear. <strong>Beach coats<\/strong> They can be a perfect, very sexy accessory not only on the beach, but also as a perfect cover for evening outings. It gives freedom of movement and allows the skin to breathe. Combine our cape with a unique bikini. Recommended size for ladies wearing <strong>XS SML XL<\/strong> in case of wearing a larger size please take a look at the dimensions;<\/p>\n<h3 style=\"text-align: center;\">Dimensions:<\/h3>\n<p>&nbsp;<\/p>\n<ul style=\"text-align: center;\">\n<li>total front length: 78 cm<\/li>\n<li>width from armpit to armpit: 42-49 cm<\/li>\n<li>waist width: 45-52 cm<\/li>\n<li>sleeve length: 37 cm<\/li>\n<li>sleeve length from the armpit 21 cm<\/li>\n<\/ul>\n<p style=\"text-align: center;\">Dimensions may slightly differ from the given +\/- 2cm. All dimensions given are measured flat.\u00a0<strong>X2 dimension<\/strong><\/p>\n<p style=\"text-align: center;\"><strong>\u00a0<\/strong><\/p>\n<p>&nbsp;<\/p>\n<table>\n<tbody>\n<tr>\n<td width=\"302\">Model name<\/td>\n<td width=\"302\">Mirini Lace Pareo<\/td>\n<\/tr>\n<tr>\n<td width=\"302\">Color<\/td>\n<td width=\"302\"><span style=\"font-size: 13.3333px;\">Beige<\/span><\/td>\n<\/tr>\n<tr>\n<td width=\"302\">Fashion<\/td>\n<td width=\"302\">Oversize<\/td>\n<\/tr>\n<tr>\n<td width=\"302\">Material<\/td>\n<td width=\"302\">100 % cotton<\/td>\n<\/tr>\n<tr>\n<td width=\"302\">Length<\/td>\n<td width=\"302\">To the waist<\/td>\n<\/tr>\n<\/tbody>\n<\/table>\n<p>&nbsp;<\/p>\n<div class=\"additional-details\" style=\"text-align: center;\">\n<p>The model has\u00a0<strong>169<\/strong>\u00a0cm tall, wears a size every day\u00a0<strong>S.<\/strong><\/p>\n<p>The width at the bust is 92 cm<\/p>\n<p>Waist width 62 cm<\/p>\n<p>The width at the hips is 94 cm<\/p>\n<p>&nbsp;<\/p>\n<p style=\"text-align: center;\">\n<\/div>","protected":false},"excerpt":{"rendered":"<p>Pareo Koronkowe Mirini Be\u017cowe Fantastyczne letnie pareo koronkowe wi\u0105zane z przodu idealne na pla\u017c\u0119 pi\u0119knie kontrastuje z opalenizn\u0105. Podkre\u015bla jej kolor oraz wygl\u0105da stylowo. Koronka sprawia, \u017ce wygl\u0105da lekko i jest przewiewna. Narzutka z d\u0142u\u017cszym ty\u0142em to wspania\u0142a propozycja na pla\u017cowy, wakacyjny wypad. Narzutka jest bardzo wygodna, wykonana z wysokiej jako\u015bci materia\u0142\u00f3w. Swobodny fason sprawia,<\/p>\n<div class=\"klb-readmore post-buttons\"><a class=\"button black outline size-sm\" href=\"https:\/\/madelinefashion.pl\/en\/product\/pareo-koronkowe-mirini-bezowe\/\">Read More <i class=\"klbth-icon-right-arrow\"><\/i><\/a><\/div>","protected":false},"featured_media":94581,"template":"","meta":[],"product_brand":[],"product_cat":[125],"product_tag":[162],"class_list":{"0":"post-94613","1":"product","2":"type-product","3":"status-publish","4":"has-post-thumbnail","6":"product_cat-sukienki","7":"product_tag-narzutka","9":"first","10":"instock","11":"purchasable","12":"product-type-simple"},"_links":{"self":[{"href":"https:\/\/madelinefashion.pl\/en\/wp-json\/wp\/v2\/product\/94613","targetHints":{"allow":["GET"]}}],"collection":[{"href":"https:\/\/madelinefashion.pl\/en\/wp-json\/wp\/v2\/product"}],"about":[{"href":"https:\/\/madelinefashion.pl\/en\/wp-json\/wp\/v2\/types\/product"}],"wp:featuredmedia":[{"embeddable":true,"href":"https:\/\/madelinefashion.pl\/en\/wp-json\/wp\/v2\/media\/94581"}],"wp:attachment":[{"href":"https:\/\/madelinefashion.pl\/en\/wp-json\/wp\/v2\/media?parent=94613"}],"wp:term":[{"taxonomy":"product_brand","embeddable":true,"href":"https:\/\/madelinefashion.pl\/en\/wp-json\/wp\/v2\/product_brand?post=94613"},{"taxonomy":"product_cat","embeddable":true,"href":"https:\/\/madelinefashion.pl\/en\/wp-json\/wp\/v2\/product_cat?post=94613"},{"taxonomy":"product_tag","embeddable":true,"href":"https:\/\/madelinefashion.pl\/en\/wp-json\/wp\/v2\/product_tag?post=94613"}],"curies":[{"name":"wp","href":"https:\/\/api.w.org\/{rel}","templated":true}]}}