{"id":95395,"date":"2023-07-03T13:08:44","date_gmt":"2023-07-03T11:08:44","guid":{"rendered":"https:\/\/madelinefashion.pl\/?post_type=product&#038;p=95395"},"modified":"2024-09-24T10:04:27","modified_gmt":"2024-09-24T08:04:27","slug":"komplet-bluzka-spodnie-aurelia-niebieski","status":"publish","type":"product","link":"https:\/\/madelinefashion.pl\/en\/product\/komplet-bluzka-spodnie-aurelia-niebieski\/","title":{"rendered":"Set Blouse + Pants Aurelia Blue"},"content":{"rendered":"<h3 style=\"text-align: center;\">Set Blouse + Pants Aurelia Blue<\/h3>\n<p style=\"text-align: center;\"><span style=\"vertical-align: inherit;\"><span style=\"vertical-align: inherit;\">The perfect summer two-piece set. <\/span><span style=\"vertical-align: inherit;\">Well-chosen upper and lower garments so that they work well together. <\/span><\/span><br \/>\n<span style=\"vertical-align: inherit;\"><span style=\"vertical-align: inherit;\">Choose our set - matched together! <\/span><span style=\"vertical-align: inherit;\">A fashionable set combining trousers with a fashionable top, which is a solution for every occasion. The set comes with a necklace.<\/span><\/span><\/p>\n<p>&nbsp;<\/p>\n<h3 style=\"text-align: center;\"><span style=\"vertical-align: inherit;\">Top dimensions:<\/span><\/h3>\n<p style=\"text-align: center;\"><span style=\"vertical-align: inherit;\">Total front length: 71 cm<br \/>\nTotal length back: 74 cm<br \/>\nWidth from armpit to armpit: 65 -77 cm x2<br \/>\nWidth at the bottom: 60 -70 cm x2<br \/>\n<\/span><\/p>\n<h3 style=\"text-align: center;\"><span style=\"vertical-align: inherit;\">Pants dimensions:<\/span><\/h3>\n<p style=\"text-align: center;\"><span style=\"vertical-align: inherit;\">Overall length: 109 cm<br \/>\n<\/span><span style=\"vertical-align: inherit;\">Waist width: 37-55 cm (elastic) x2<br \/>\n<\/span><span style=\"vertical-align: inherit;\">Width at the hips: 53-63 cm x2<br \/>\nInside leg length: 73 cm<br \/>\n<\/span><\/p>\n<p style=\"text-align: center;\"><strong><span style=\"vertical-align: inherit;\"><span style=\"vertical-align: inherit;\">The material works<\/span><\/span><\/strong><\/p>\n<p style=\"text-align: center;\"><span style=\"vertical-align: inherit;\"><span style=\"vertical-align: inherit;\">Dimensions may vary from the given +\/- 2cm. <\/span><span style=\"vertical-align: inherit;\">All dimensions given are measured flat. X2 dimension<\/span><\/span><\/p>\n<p>&nbsp;<\/p>\n<table style=\"height: 234px;\" width=\"678\">\n<tbody>\n<tr>\n<td width=\"302\"><span style=\"vertical-align: inherit;\"><span style=\"vertical-align: inherit;\">Model name<\/span><\/span><\/td>\n<td width=\"302\">Set Blouse + Pants Aurelia<\/td>\n<\/tr>\n<tr>\n<td width=\"302\"><span style=\"vertical-align: inherit;\"><span style=\"vertical-align: inherit;\">Pattern<\/span><\/span><\/td>\n<td width=\"302\">Blue<\/td>\n<\/tr>\n<tr>\n<td width=\"302\"><span style=\"vertical-align: inherit;\"><span style=\"vertical-align: inherit;\">Collection<\/span><\/span><\/td>\n<td width=\"302\"><span style=\"vertical-align: inherit;\"><span style=\"vertical-align: inherit;\">Spring \/ Autumn \/ Winter<\/span><\/span><\/td>\n<\/tr>\n<tr>\n<td width=\"302\"><span style=\"vertical-align: inherit;\"><span style=\"vertical-align: inherit;\">Sizes<\/span><\/span><\/td>\n<td width=\"302\"><span style=\"vertical-align: inherit;\"><span style=\"vertical-align: inherit;\">Universal<\/span><\/span><\/td>\n<\/tr>\n<tr>\n<td width=\"302\"><span style=\"vertical-align: inherit;\"><span style=\"vertical-align: inherit;\">Top<\/span><\/span><\/td>\n<td width=\"302\"><span style=\"vertical-align: inherit;\"><span style=\"vertical-align: inherit;\">Matched<\/span><\/span><\/td>\n<\/tr>\n<tr>\n<td width=\"302\"><span style=\"vertical-align: inherit;\"><span style=\"vertical-align: inherit;\">Pants<\/span><\/span><\/td>\n<td width=\"302\"><span style=\"vertical-align: inherit;\"><span style=\"vertical-align: inherit;\">Loose<\/span><\/span><\/td>\n<\/tr>\n<tr>\n<td width=\"302\"><span style=\"vertical-align: inherit;\"><span style=\"vertical-align: inherit;\">Season<\/span><\/span><\/td>\n<td width=\"302\"><span style=\"vertical-align: inherit;\"><span style=\"vertical-align: inherit;\">Spring Summer<\/span><\/span><\/td>\n<\/tr>\n<tr>\n<td width=\"302\"><span style=\"vertical-align: inherit;\"><span style=\"vertical-align: inherit;\">Material<\/span><\/span><\/td>\n<td width=\"302\"><span style=\"vertical-align: inherit;\"><span style=\"vertical-align: inherit;\">100% Polyester<\/span><\/span><\/td>\n<\/tr>\n<\/tbody>\n<\/table>\n<p style=\"text-align: center;\">The model has\u00a0<strong>169<\/strong>\u00a0cm tall, wears a size every day\u00a0<strong>S.<\/strong><\/p>\n<p style=\"text-align: center;\">The width at the bust is 92 cm<\/p>\n<p style=\"text-align: center;\">Waist width 62 cm<\/p>\n<p style=\"text-align: center;\">The width at the hips is 94 cm<\/p>","protected":false},"excerpt":{"rendered":"<p>Komplet Bluzka + Spodnie Aurelia Niebieski Idealny zestaw letni dwu cz\u0119\u015bciowy. Dobrze dobrana g\u00f3rna i dolna cz\u0119\u015b\u0107 garderoby, tak by razem wsp\u00f3\u0142gra\u0142y. Wybierz nasz komplet &#8211; dobrany ze sob\u0105 zestawiony! Modny komplet \u0142\u0105cz\u0105cy spodnie z modnym topem, kt\u00f3ra stanowi rozwi\u0105zanie na ka\u017cd\u0105 okazj\u0119. Komplet w zestawie z naszyjnikiem. &nbsp; Wymiary top: D\u0142ugo\u015b\u0107 ca\u0142kowita prz\u00f3d: 71<\/p>\n<div class=\"klb-readmore post-buttons\"><a class=\"button black outline size-sm\" href=\"https:\/\/madelinefashion.pl\/en\/product\/komplet-bluzka-spodnie-aurelia-niebieski\/\">Read More <i class=\"klbth-icon-right-arrow\"><\/i><\/a><\/div>","protected":false},"featured_media":95380,"template":"","meta":[],"product_brand":[],"product_cat":[89,395],"product_tag":[487],"class_list":{"0":"post-95395","1":"product","2":"type-product","3":"status-publish","4":"has-post-thumbnail","6":"product_cat-komplety","7":"product_cat-nowosci","8":"product_tag-komplet","10":"first","11":"instock","12":"purchasable","13":"product-type-simple"},"_links":{"self":[{"href":"https:\/\/madelinefashion.pl\/en\/wp-json\/wp\/v2\/product\/95395","targetHints":{"allow":["GET"]}}],"collection":[{"href":"https:\/\/madelinefashion.pl\/en\/wp-json\/wp\/v2\/product"}],"about":[{"href":"https:\/\/madelinefashion.pl\/en\/wp-json\/wp\/v2\/types\/product"}],"wp:featuredmedia":[{"embeddable":true,"href":"https:\/\/madelinefashion.pl\/en\/wp-json\/wp\/v2\/media\/95380"}],"wp:attachment":[{"href":"https:\/\/madelinefashion.pl\/en\/wp-json\/wp\/v2\/media?parent=95395"}],"wp:term":[{"taxonomy":"product_brand","embeddable":true,"href":"https:\/\/madelinefashion.pl\/en\/wp-json\/wp\/v2\/product_brand?post=95395"},{"taxonomy":"product_cat","embeddable":true,"href":"https:\/\/madelinefashion.pl\/en\/wp-json\/wp\/v2\/product_cat?post=95395"},{"taxonomy":"product_tag","embeddable":true,"href":"https:\/\/madelinefashion.pl\/en\/wp-json\/wp\/v2\/product_tag?post=95395"}],"curies":[{"name":"wp","href":"https:\/\/api.w.org\/{rel}","templated":true}]}}