{"id":95419,"date":"2023-07-03T13:23:51","date_gmt":"2023-07-03T11:23:51","guid":{"rendered":"https:\/\/madelinefashion.pl\/?post_type=product&#038;p=95419"},"modified":"2024-06-26T14:59:05","modified_gmt":"2024-06-26T12:59:05","slug":"komplet-satynowy-bluzka-spodnie-ceril-w-panterke","status":"publish","type":"product","link":"https:\/\/madelinefashion.pl\/en\/product\/komplet-satynowy-bluzka-spodnie-ceril-w-panterke\/","title":{"rendered":"Ceril Leopard Print Satin Blouse + Trousers Set"},"content":{"rendered":"<h3 style=\"text-align: center;\">Ceril Leopard Print Satin Blouse + Trousers Set<\/h3>\n<p style=\"text-align: center;\"><span style=\"vertical-align: inherit;\"><span style=\"vertical-align: inherit;\">The perfect summer two-piece set. <\/span><span style=\"vertical-align: inherit;\">Well-chosen upper and lower garments so that they work well together. <\/span><\/span><br \/>\n<span style=\"vertical-align: inherit;\"><span style=\"vertical-align: inherit;\">Choose our set - matched together! <\/span><span style=\"vertical-align: inherit;\">A fashionable set combining trousers with a fashionable top, which is a solution for every occasion.\u00a0<\/span><\/span><\/p>\n<p style=\"text-align: center;\">\n<p style=\"text-align: center;\"><strong><span style=\"vertical-align: inherit;\"><span style=\"vertical-align: inherit;\">The material works<\/span><\/span><\/strong><\/p>\n<p style=\"text-align: center;\"><span style=\"vertical-align: inherit;\"><span style=\"vertical-align: inherit;\">Dimensions may vary from the given +\/- 2cm. <\/span><span style=\"vertical-align: inherit;\">All dimensions given are measured flat. X2 dimension<\/span><\/span><\/p>\n<p>&nbsp;<\/p>\n<table style=\"height: 234px;\" width=\"678\">\n<tbody>\n<tr>\n<td width=\"302\"><span style=\"vertical-align: inherit;\"><span style=\"vertical-align: inherit;\">Model name<\/span><\/span><\/td>\n<td width=\"302\">Ceril Satin Blouse + Skirt Set<\/td>\n<\/tr>\n<tr>\n<td width=\"302\"><span style=\"vertical-align: inherit;\"><span style=\"vertical-align: inherit;\">Pattern<\/span><\/span><\/td>\n<td width=\"302\">Animal motif<\/td>\n<\/tr>\n<tr>\n<td width=\"302\"><span style=\"vertical-align: inherit;\"><span style=\"vertical-align: inherit;\">Collection<\/span><\/span><\/td>\n<td width=\"302\"><span style=\"vertical-align: inherit;\"><span style=\"vertical-align: inherit;\">Spring \/ Autumn \/ Winter<\/span><\/span><\/td>\n<\/tr>\n<tr>\n<td width=\"302\"><span style=\"vertical-align: inherit;\"><span style=\"vertical-align: inherit;\">Sizes<\/span><\/span><\/td>\n<td width=\"302\"><span style=\"vertical-align: inherit;\"><span style=\"vertical-align: inherit;\">Universal<\/span><\/span><\/td>\n<\/tr>\n<tr>\n<td width=\"302\"><span style=\"vertical-align: inherit;\"><span style=\"vertical-align: inherit;\">Top<\/span><\/span><\/td>\n<td width=\"302\"><span style=\"vertical-align: inherit;\"><span style=\"vertical-align: inherit;\">Matched<\/span><\/span><\/td>\n<\/tr>\n<tr>\n<td width=\"302\"><span style=\"vertical-align: inherit;\"><span style=\"vertical-align: inherit;\">Pants<\/span><\/span><\/td>\n<td width=\"302\"><span style=\"vertical-align: inherit;\"><span style=\"vertical-align: inherit;\">Loose<\/span><\/span><\/td>\n<\/tr>\n<tr>\n<td width=\"302\"><span style=\"vertical-align: inherit;\"><span style=\"vertical-align: inherit;\">Season<\/span><\/span><\/td>\n<td width=\"302\"><span style=\"vertical-align: inherit;\"><span style=\"vertical-align: inherit;\">Spring Summer<\/span><\/span><\/td>\n<\/tr>\n<tr>\n<td width=\"302\"><span style=\"vertical-align: inherit;\"><span style=\"vertical-align: inherit;\">Material<\/span><\/span><\/td>\n<td width=\"302\"><span style=\"vertical-align: inherit;\"><span style=\"vertical-align: inherit;\">100% Polyester<\/span><\/span><\/td>\n<\/tr>\n<\/tbody>\n<\/table>\n<p style=\"text-align: center;\">The model has\u00a0<strong>169<\/strong>\u00a0cm tall, wears a size every day\u00a0<strong>S.<\/strong><\/p>\n<p style=\"text-align: center;\">The width at the bust is 92 cm<\/p>\n<p style=\"text-align: center;\">Waist width 62 cm<\/p>\n<p style=\"text-align: center;\">The width at the hips is 94 cm<\/p>","protected":false},"excerpt":{"rendered":"<p>Komplet Satynowy Bluzka + Spodnie Ceril W Panterk\u0119 Idealny zestaw letni dwu cz\u0119\u015bciowy. Dobrze dobrana g\u00f3rna i dolna cz\u0119\u015b\u0107 garderoby, tak by razem wsp\u00f3\u0142gra\u0142y. Wybierz nasz komplet &#8211; dobrany ze sob\u0105 zestawiony! Modny komplet \u0142\u0105cz\u0105cy spodnie z modnym topem, kt\u00f3ra stanowi rozwi\u0105zanie na ka\u017cd\u0105 okazj\u0119.\u00a0 Materia\u0142 naddaje si\u0119 Wymiary mog\u0105 si\u0119 zmienia\u0107 od podanych +\/-<\/p>\n<div class=\"klb-readmore post-buttons\"><a class=\"button black outline size-sm\" href=\"https:\/\/madelinefashion.pl\/en\/product\/komplet-satynowy-bluzka-spodnie-ceril-w-panterke\/\">Read More <i class=\"klbth-icon-right-arrow\"><\/i><\/a><\/div>","protected":false},"featured_media":535745,"template":"","meta":[],"product_brand":[],"product_cat":[89,395],"product_tag":[487],"class_list":{"0":"post-95419","1":"product","2":"type-product","3":"status-publish","4":"has-post-thumbnail","6":"product_cat-komplety","7":"product_cat-nowosci","8":"product_tag-komplet","10":"first","11":"instock","12":"purchasable","13":"product-type-simple"},"_links":{"self":[{"href":"https:\/\/madelinefashion.pl\/en\/wp-json\/wp\/v2\/product\/95419","targetHints":{"allow":["GET"]}}],"collection":[{"href":"https:\/\/madelinefashion.pl\/en\/wp-json\/wp\/v2\/product"}],"about":[{"href":"https:\/\/madelinefashion.pl\/en\/wp-json\/wp\/v2\/types\/product"}],"wp:featuredmedia":[{"embeddable":true,"href":"https:\/\/madelinefashion.pl\/en\/wp-json\/wp\/v2\/media\/535745"}],"wp:attachment":[{"href":"https:\/\/madelinefashion.pl\/en\/wp-json\/wp\/v2\/media?parent=95419"}],"wp:term":[{"taxonomy":"product_brand","embeddable":true,"href":"https:\/\/madelinefashion.pl\/en\/wp-json\/wp\/v2\/product_brand?post=95419"},{"taxonomy":"product_cat","embeddable":true,"href":"https:\/\/madelinefashion.pl\/en\/wp-json\/wp\/v2\/product_cat?post=95419"},{"taxonomy":"product_tag","embeddable":true,"href":"https:\/\/madelinefashion.pl\/en\/wp-json\/wp\/v2\/product_tag?post=95419"}],"curies":[{"name":"wp","href":"https:\/\/api.w.org\/{rel}","templated":true}]}}