{"id":95431,"date":"2023-07-03T14:14:22","date_gmt":"2023-07-03T12:14:22","guid":{"rendered":"https:\/\/madelinefashion.pl\/?post_type=product&#038;p=95431"},"modified":"2026-01-20T10:33:23","modified_gmt":"2026-01-20T09:33:23","slug":"top-prazkowany-rozowy-zeze","status":"publish","type":"product","link":"https:\/\/madelinefashion.pl\/en\/product\/top-prazkowany-rozowy-zeze\/","title":{"rendered":"Pink Zeze Ribbed Top"},"content":{"rendered":"<h3 style=\"text-align: center;\">Pink Zeze Ribbed Top<\/h3>\n<p style=\"text-align: center;\"><strong>Ribbed Top <\/strong>is a model that will suit most styles - due to the simple pattern. <strong>Pleasant to the touch, breathable material<\/strong> will provide you with the comfort of wearing. Top<strong> with a classic cut with ruffles is a proposal that will be a great addition to every woman&#039;s wardrobe.<\/strong> Perfect as a base for many everyday stylizations, it will look fantastic with any type of bottoms, trousers or skirts. It is made of high quality material. Combine it with <a href=\"https:\/\/madelinefashion.pl\/en\/kurtka-jeansowa-seven\/\">jeans with a katana<\/a> and matched <a href=\"https:\/\/madelinefashion.pl\/en\/spodnie\/\">pants<\/a>. Classic top should <strong>find a place in every woman&#039;s wardrobe<\/strong>. This model will be the perfect base for creating an endless amount of styling. Available in our <a href=\"https:\/\/madelinefashion.pl\/en\/casual-clothes\/t-shirty\/\">e-shop<\/a> in various color variants. The size is<strong> universal recommended from XS to L.\u00a0<\/strong><\/p>\n<h3 style=\"text-align: center;\">Dimensions :<\/h3>\n<ul>\n<li style=\"text-align: center;\">Bust (measured from armpit to armpit): 30cm x2 Waist width: 25cm x2 Width at the bottom: 28cm x2\n<p>Total length: 52cm<\/li>\n<\/ul>\n<p style=\"text-align: center;\">Dimensions may slightly differ from the given +\/- 2cm. All dimensions given are measured flat.<\/p>\n<table>\n<tbody>\n<tr>\n<td width=\"302\">Model name<\/td>\n<td width=\"302\">Zeze Ribbed Top<\/td>\n<\/tr>\n<tr>\n<td width=\"302\">Color<\/td>\n<td width=\"302\">Pink<\/td>\n<\/tr>\n<tr>\n<td width=\"302\">Sizes<\/td>\n<td width=\"302\">Universal<\/td>\n<\/tr>\n<tr>\n<td width=\"302\">Fashion<\/td>\n<td width=\"302\">Oversize<\/td>\n<\/tr>\n<tr>\n<td width=\"302\">Material<\/td>\n<td width=\"302\">\u00a085% Viscose 15% Nylon.<\/td>\n<\/tr>\n<\/tbody>\n<\/table>\n<p style=\"text-align: center;\"><span style=\"font-size: 10pt;\">\u00a0<\/span><\/p>\n<div class=\"tabs tabs-bb clear mb-80\">\n<div class=\"tab-content\">\n<div id=\"tab-description\" class=\"tab-pane fade in woocommerce-Tabs-panel--description active\">\n<p style=\"text-align: center;\">The model has\u00a0<strong>169<\/strong>\u00a0cm tall, wears a size every day\u00a0<strong>S.<\/strong><\/p>\n<p style=\"text-align: center;\">The width at the bust is 92 cm<\/p>\n<p style=\"text-align: center;\">Waist width 62 cm<\/p>\n<p style=\"text-align: center;\">The width at the hips is 94 cm<\/p>\n<p style=\"text-align: center;\">\n<\/div>\n<\/div>\n<\/div>\n<section class=\"up-sells upsells products mb-80\"><\/section>","protected":false},"excerpt":{"rendered":"<p>Top Pr\u0105\u017ckowany R\u00f3\u017cowy Zeze Top Pr\u0105\u017ckowany to model kt\u00f3ry b\u0119dzie pasowa\u0142 do wi\u0119kszo\u015bci stylizacji \u2013 ze wzgl\u0119du na prosty wz\u00f3r. Przyjemny w dotyku, oddychaj\u0105cy materia\u0142 zapewni Ci komfort noszenia. Top o klasycznym kroju z falbankami to propozycja, kt\u00f3ra stanowi \u015bwietne uzupe\u0142nienie garderoby ka\u017cdej kobiety. Idealnie sprawdzi si\u0119 jako baza do wielu codziennych stylizacji, fantastycznie zaprezentuje<\/p>\n<div class=\"klb-readmore post-buttons\"><a class=\"button black outline size-sm\" href=\"https:\/\/madelinefashion.pl\/en\/product\/top-prazkowany-rozowy-zeze\/\">Read More <i class=\"klbth-icon-right-arrow\"><\/i><\/a><\/div>","protected":false},"featured_media":95406,"template":"","meta":[],"product_brand":[],"product_cat":[85,395],"product_tag":[292],"class_list":{"0":"post-95431","1":"product","2":"type-product","3":"status-publish","4":"has-post-thumbnail","6":"product_cat-t-shirty","7":"product_cat-nowosci","8":"product_tag-topy","9":"pa_rozmiar-s-m","10":"pa_rozmiar-l-xl","12":"first","13":"instock","14":"sale","15":"purchasable","16":"product-type-simple"},"_links":{"self":[{"href":"https:\/\/madelinefashion.pl\/en\/wp-json\/wp\/v2\/product\/95431","targetHints":{"allow":["GET"]}}],"collection":[{"href":"https:\/\/madelinefashion.pl\/en\/wp-json\/wp\/v2\/product"}],"about":[{"href":"https:\/\/madelinefashion.pl\/en\/wp-json\/wp\/v2\/types\/product"}],"wp:featuredmedia":[{"embeddable":true,"href":"https:\/\/madelinefashion.pl\/en\/wp-json\/wp\/v2\/media\/95406"}],"wp:attachment":[{"href":"https:\/\/madelinefashion.pl\/en\/wp-json\/wp\/v2\/media?parent=95431"}],"wp:term":[{"taxonomy":"product_brand","embeddable":true,"href":"https:\/\/madelinefashion.pl\/en\/wp-json\/wp\/v2\/product_brand?post=95431"},{"taxonomy":"product_cat","embeddable":true,"href":"https:\/\/madelinefashion.pl\/en\/wp-json\/wp\/v2\/product_cat?post=95431"},{"taxonomy":"product_tag","embeddable":true,"href":"https:\/\/madelinefashion.pl\/en\/wp-json\/wp\/v2\/product_tag?post=95431"}],"curies":[{"name":"wp","href":"https:\/\/api.w.org\/{rel}","templated":true}]}}