{"id":9547,"date":"2021-04-23T23:02:24","date_gmt":"2021-04-23T21:02:24","guid":{"rendered":"https:\/\/madelinefashion.pl\/?post_type=product&#038;p=9547"},"modified":"2026-01-20T10:34:37","modified_gmt":"2026-01-20T09:34:37","slug":"bluzka-zlote-guziki-wiazana-fila-koral","status":"publish","type":"product","link":"https:\/\/madelinefashion.pl\/en\/product\/bluzka-zlote-guziki-wiazana-fila-koral\/","title":{"rendered":"Blouse Gold Buttons Tied Fila Coral"},"content":{"rendered":"<h3 style=\"text-align: center;\">Blouse Gold Buttons Tied Fila Coral<\/h3>\n<p><strong>Fila blouse<\/strong> <strong>tied at the waist <\/strong>in the color of coral, fastened with buttons <b>for short sleeves. <\/b>Made of light material, it will provide you with comfort. The simple, universal cut can be worn all year round, regardless of the season. The blouse with a collar has a pocket on the front. Combine it with pants from <a href=\"https:\/\/madelinefashion.pl\/en\/spodnie\/\">high waisted<\/a> if <a href=\"https:\/\/madelinefashion.pl\/en\/szorty-sznurowane-jeansowe-rocket-czarne\/\">shorts<\/a>. Available in our store in various colors. Fila blouse fastened with buttons\u00a0<strong>it will perfectly complement your look<\/strong>! It is a model in which you will not pass unnoticed. One size fits all recommended from<strong> XS to L<\/strong><\/p>\n<h3 style=\"text-align: center;\">Dimensions:<\/h3>\n<p style=\"text-align: center;\">Total front length - 55 cm<br \/>\nThe width from armpit to armpit - 51-54 cm<br \/>\nThe width at the bottom -48-52 cm<\/p>\n<p style=\"text-align: center;\">Dimensions may vary from the given +\/- 2cm. All dimensions given are measured flat. <strong>X2 dimension<\/strong><\/p>\n<div class=\"tabs tabs-bb clear mb-80\">\n<div class=\"tab-content\">\n<div id=\"tab-description\" class=\"tab-pane fade in woocommerce-Tabs-panel--description active\">\n<section class=\"related products mb-80\"><\/section>\n<table class=\"table\" width=\"615\">\n<tbody>\n<tr>\n<td width=\"302\">Model name<\/td>\n<td width=\"302\">Blouse Golden Buttons Tied Fila<\/td>\n<\/tr>\n<tr>\n<td width=\"302\">Color<\/td>\n<td width=\"302\">Coral<\/td>\n<\/tr>\n<tr>\n<td width=\"302\">Sizes<\/td>\n<td width=\"302\">Universal<\/td>\n<\/tr>\n<tr>\n<td width=\"302\">Fashion<\/td>\n<td width=\"302\">Loose<\/td>\n<\/tr>\n<tr>\n<td width=\"302\">Material<\/td>\n<td width=\"302\">100% Viscose<\/td>\n<\/tr>\n<\/tbody>\n<\/table>\n<\/div>\n<\/div>\n<\/div>\n<section class=\"up-sells upsells products mb-80\"><\/section>\n<div class=\"tabs tabs-bb clear mb-80\">\n<div class=\"tab-content\">\n<div id=\"tab-description\" class=\"tab-pane fade in woocommerce-Tabs-panel--description active\">\n<p style=\"text-align: center;\">\u00a0The model has\u00a0<strong>169<\/strong>\u00a0cm tall, wears a size every day\u00a0<strong>S.<\/strong><\/p>\n<p style=\"text-align: center;\">The width at the bust is 92 cm<\/p>\n<p style=\"text-align: center;\">Waist width 62 cm<\/p>\n<p style=\"text-align: center;\">The width at the hips is 94 cm<\/p>\n<\/div>\n<\/div>\n<\/div>\n<section class=\"related products mb-80\"><\/section>\n<section class=\"page-product-box\">\n<div class=\"rte\" style=\"text-align: center;\"><\/div>\n<\/section>","protected":false},"excerpt":{"rendered":"<p>Bluzka Z\u0142ote Guziki Wi\u0105zana Fila Koral Bluzka Fila wi\u0105zana w pasie w kolorze koralu zapinana na guziki na kr\u00f3tki r\u0119kaw. Wykonana z lekkiego materia\u0142u\u00a0 zapewni Ci komfort noszenia. Prosty, uniwersalny kr\u00f3j mo\u017cesz nosi\u0107 przez ca\u0142y rok, niezale\u017cnie od pory roku. Bluzka z ko\u0142nierzykiem\u00a0 posiada z przodu kieszonk\u0119. Po\u0142\u0105cz j\u0105 ze spodniami z wysokim stanem czy<\/p>\n<div class=\"klb-readmore post-buttons\"><a class=\"button black outline size-sm\" href=\"https:\/\/madelinefashion.pl\/en\/product\/bluzka-zlote-guziki-wiazana-fila-koral\/\">Read More <i class=\"klbth-icon-right-arrow\"><\/i><\/a><\/div>","protected":false},"featured_media":50319,"template":"","meta":[],"product_brand":[],"product_cat":[77],"product_tag":[],"class_list":{"0":"post-9547","1":"product","2":"type-product","3":"status-publish","4":"has-post-thumbnail","6":"product_cat-bluzki","8":"first","9":"instock","10":"sale","11":"purchasable","12":"product-type-simple"},"_links":{"self":[{"href":"https:\/\/madelinefashion.pl\/en\/wp-json\/wp\/v2\/product\/9547","targetHints":{"allow":["GET"]}}],"collection":[{"href":"https:\/\/madelinefashion.pl\/en\/wp-json\/wp\/v2\/product"}],"about":[{"href":"https:\/\/madelinefashion.pl\/en\/wp-json\/wp\/v2\/types\/product"}],"wp:featuredmedia":[{"embeddable":true,"href":"https:\/\/madelinefashion.pl\/en\/wp-json\/wp\/v2\/media\/50319"}],"wp:attachment":[{"href":"https:\/\/madelinefashion.pl\/en\/wp-json\/wp\/v2\/media?parent=9547"}],"wp:term":[{"taxonomy":"product_brand","embeddable":true,"href":"https:\/\/madelinefashion.pl\/en\/wp-json\/wp\/v2\/product_brand?post=9547"},{"taxonomy":"product_cat","embeddable":true,"href":"https:\/\/madelinefashion.pl\/en\/wp-json\/wp\/v2\/product_cat?post=9547"},{"taxonomy":"product_tag","embeddable":true,"href":"https:\/\/madelinefashion.pl\/en\/wp-json\/wp\/v2\/product_tag?post=9547"}],"curies":[{"name":"wp","href":"https:\/\/api.w.org\/{rel}","templated":true}]}}