{"id":9588,"date":"2021-04-23T23:29:18","date_gmt":"2021-04-23T21:29:18","guid":{"rendered":"https:\/\/madelinefashion.pl\/?post_type=product&#038;p=9588"},"modified":"2025-09-09T10:35:55","modified_gmt":"2025-09-09T08:35:55","slug":"sukienka-dopasowana-calben-pudrowy-roz","status":"publish","type":"product","link":"https:\/\/madelinefashion.pl\/en\/product\/sukienka-dopasowana-calben-pudrowy-roz\/","title":{"rendered":"Fitted Dress Calben Powder Pink"},"content":{"rendered":"<h3 style=\"text-align: center;\">Fitted Dress Calben Powder Pink<\/h3>\n<p style=\"text-align: center;\"><strong>Elegant knitted dress<\/strong> perfectly cut<strong> emphasizing feminine shapes<\/strong>. The material of the dress does not restrict movement and it is <strong>very flexible<\/strong>. You can wear it in a sporty as well as an elegant edition. <strong>Dress<\/strong> on shoulder straps <strong>mega sexy<\/strong>. Feel it<strong> exceptionally. <\/strong>Very soft and stretchy material. <strong>The perfect dress for everyday outings, on a trip or to work. A warm and tight dress will suit most styles.<\/strong> The stylish model will be perfect for any occasion where you want to feel special. Impressive, fitted cut <strong>emphasizes feminine shapes<\/strong>. The dress has delicate decorations on the sleeves. A midi-length dress emphasizes the figure in a very subtle way. Ribbed dress fitted in the recommended universal size <strong>from XS to max XL<\/strong><\/p>\n<p>&nbsp;<\/p>\n<h3 style=\"text-align: center;\">\u00a0 \u00a0 \u00a0 \u00a0 \u00a0 \u00a0 \u00a0 \u00a0 \u00a0 Dimensions:<\/h3>\n<ul>\n<li style=\"text-align: center;\">\u00a0 \u00a0 Total front length - 102 cm<\/li>\n<li style=\"text-align: center;\">The width from armpit to armpit - 25-56 cm<\/li>\n<li style=\"text-align: center;\">Waist width - 25-50 cm<\/li>\n<li style=\"text-align: center;\">The width at the bottom - 25-62 cm<\/li>\n<\/ul>\n<p style=\"text-align: center;\">Dimensions may slightly differ from the given +\/- 2cm. All dimensions given are measured flat. <strong>X2 dimension<\/strong><\/p>\n<h3 style=\"text-align: center;\">Characteristics:<\/h3>\n<p style=\"text-align: center;\">- midi dress<br \/>\n-on straps<br \/>\n- universal<br \/>\n-fashionable<br \/>\n-woman<br \/>\n- fitted<br \/>\n-comfortable<\/p>\n<p>&nbsp;<\/p>\n<table>\n<tbody>\n<tr>\n<td width=\"302\"><span style=\"font-size: 10pt;\">Model name<\/span><\/td>\n<td width=\"302\">Calben Fitted Dress<\/td>\n<\/tr>\n<tr>\n<td width=\"302\"><span style=\"font-size: 10pt;\">Color<\/span><\/td>\n<td width=\"302\"><span style=\"font-size: 13.3333px;\">Powder Pink<\/span><\/td>\n<\/tr>\n<tr>\n<td width=\"302\"><span style=\"font-size: 10pt;\">Fashion<\/span><\/td>\n<td width=\"302\"><span style=\"font-size: 10pt;\">Matched<\/span><\/td>\n<\/tr>\n<tr>\n<td width=\"302\"><span style=\"font-size: 10pt;\">Material<\/span><\/td>\n<td width=\"302\"><span style=\"font-size: 10pt;\">98 % Cotton 2 % Elastane\u00a0<\/span><\/td>\n<\/tr>\n<tr>\n<td width=\"302\"><span style=\"font-size: 10pt;\">Length<\/span><\/td>\n<td width=\"302\"><span style=\"font-size: 10pt;\">Above the knee<\/span><\/td>\n<\/tr>\n<\/tbody>\n<\/table>\n<p>&nbsp;<\/p>\n<p style=\"text-align: center;\"><span style=\"font-size: 10pt;\">\u00a0<\/span><\/p>\n<div class=\"tabs tabs-bb clear mb-80\">\n<div class=\"tab-content\">\n<div id=\"tab-description\" class=\"tab-pane fade in woocommerce-Tabs-panel--description active\">\n<p style=\"text-align: center;\">The model has\u00a0<strong>169<\/strong>\u00a0cm tall, wears a size every day\u00a0<strong>S.<\/strong><\/p>\n<p style=\"text-align: center;\">The width at the bust is 92 cm<\/p>\n<p style=\"text-align: center;\">Waist width 62 cm<\/p>\n<p style=\"text-align: center;\">The width at the hips is 94 cm<\/p>\n<\/div>\n<\/div>\n<\/div>","protected":false},"excerpt":{"rendered":"<p>Sukienka Dopasowana Calben Pudrowy R\u00f3\u017c Elegancka sukienka dzianinowa o kroju idealnie podkre\u015blaj\u0105cym kobiece kszta\u0142ty. Materia\u0142 sukienki nie kr\u0119puj\u0119 ruch\u00f3w i jest bardzo elastyczny. Mo\u017cna j\u0105 nosi\u0107 w sportowym, jak i w eleganckim wydaniu. Sukienka na rami\u0105czkach mega sexowna. Poczuj si\u0119 wyj\u0105tkowo. Bardzo mi\u0119kki i rozci\u0105gliwy materia\u0142. Idealna sukienka na codzienne wyj\u015bcia, w podr\u00f3\u017c czy do<\/p>\n<div class=\"klb-readmore post-buttons\"><a class=\"button black outline size-sm\" href=\"https:\/\/madelinefashion.pl\/en\/product\/sukienka-dopasowana-calben-pudrowy-roz\/\">Read More <i class=\"klbth-icon-right-arrow\"><\/i><\/a><\/div>","protected":false},"featured_media":49236,"template":"","meta":[],"product_brand":[],"product_cat":[125],"product_tag":[],"class_list":{"0":"post-9588","1":"product","2":"type-product","3":"status-publish","4":"has-post-thumbnail","6":"product_cat-sukienki","8":"first","9":"instock","10":"purchasable","11":"product-type-simple"},"_links":{"self":[{"href":"https:\/\/madelinefashion.pl\/en\/wp-json\/wp\/v2\/product\/9588","targetHints":{"allow":["GET"]}}],"collection":[{"href":"https:\/\/madelinefashion.pl\/en\/wp-json\/wp\/v2\/product"}],"about":[{"href":"https:\/\/madelinefashion.pl\/en\/wp-json\/wp\/v2\/types\/product"}],"wp:featuredmedia":[{"embeddable":true,"href":"https:\/\/madelinefashion.pl\/en\/wp-json\/wp\/v2\/media\/49236"}],"wp:attachment":[{"href":"https:\/\/madelinefashion.pl\/en\/wp-json\/wp\/v2\/media?parent=9588"}],"wp:term":[{"taxonomy":"product_brand","embeddable":true,"href":"https:\/\/madelinefashion.pl\/en\/wp-json\/wp\/v2\/product_brand?post=9588"},{"taxonomy":"product_cat","embeddable":true,"href":"https:\/\/madelinefashion.pl\/en\/wp-json\/wp\/v2\/product_cat?post=9588"},{"taxonomy":"product_tag","embeddable":true,"href":"https:\/\/madelinefashion.pl\/en\/wp-json\/wp\/v2\/product_tag?post=9588"}],"curies":[{"name":"wp","href":"https:\/\/api.w.org\/{rel}","templated":true}]}}