{"id":9656,"date":"2021-04-24T00:04:15","date_gmt":"2021-04-23T22:04:15","guid":{"rendered":"https:\/\/madelinefashion.pl\/?post_type=product&#038;p=9656"},"modified":"2026-01-20T10:34:36","modified_gmt":"2026-01-20T09:34:36","slug":"top-z-zamkiem-rozowy-vores","status":"publish","type":"product","link":"https:\/\/madelinefashion.pl\/en\/product\/top-z-zamkiem-rozowy-vores\/","title":{"rendered":"Pink Vores Zip Top"},"content":{"rendered":"<h3 style=\"text-align: center;\">Pink Vores Zip Top<\/h3>\n<p style=\"text-align: center;\"><strong>Vores Pink Zip Top<\/strong> it is an ideal proposition for women who appreciate it <strong>style and comfort<\/strong>. <strong>Top is the original model, <\/strong>which will catch the eye of many of you. Fastened with a zipper at the front. <strong>Very fashionable cut. <\/strong>Blouse with straps with two pockets on the chest <strong>Must Have in your wardrobe!<\/strong> It will certainly complete<strong> Your outfits. <\/strong>In the wardrobe of every woman there should be a universal model of a blouse, matching different styles. Ribbed blouse made of flexible, pleasant to the touch material - thanks to which it fits perfectly to the body. The bust pockets complete the styling and are eye-catching. The zipper on the front allows you to set up <strong>deep, low-cut neckline<\/strong>. Our suggestion of everyday styling, for a walk, for going out. With our jeans <strong>you will create<\/strong> unique <strong>look. Size <\/strong>universal<strong> XS-XL<\/strong><\/p>\n<h3 style=\"text-align: center;\">Dimensions:<\/h3>\n<ul style=\"text-align: center;\">\n<li style=\"list-style-type: none;\">\n<ul>\n<li style=\"list-style-type: none;\">\n<ul>\n<li>Total length front: 55 cm<\/li>\n<li>Width from armpit to armpit: 36-55 cm<\/li>\n<li>Bottom width: 36-56 cm<\/li>\n<\/ul>\n<p>&nbsp;<\/li>\n<\/ul>\n<\/li>\n<\/ul>\n<p style=\"text-align: center;\">Dimensions may slightly differ from the given +\/- 2cm. All dimensions given are measured flat.<\/p>\n<p style=\"text-align: center;\"><span style=\"font-size: 10pt;\">\u00a0<\/span><\/p>\n<p style=\"text-align: center;\"><span style=\"font-size: 10pt;\">\u00a0<\/span><\/p>\n<table width=\"608\">\n<tbody>\n<tr>\n<td width=\"302\">Model name<\/td>\n<td width=\"302\">Vores Castle Top<\/td>\n<\/tr>\n<tr>\n<td width=\"302\">Color<\/td>\n<td width=\"302\">Pink<\/td>\n<\/tr>\n<tr>\n<td width=\"302\">Sizes<\/td>\n<td width=\"302\">Universal<\/td>\n<\/tr>\n<tr>\n<td width=\"302\">Fashion<\/td>\n<td width=\"302\">Oversize<\/td>\n<\/tr>\n<tr>\n<td width=\"302\">Material<\/td>\n<td width=\"302\">Composition: 95% Cotton 5% elastane<\/td>\n<\/tr>\n<\/tbody>\n<\/table>\n<p style=\"text-align: center;\"><span style=\"font-size: 10pt;\">\u00a0<\/span><\/p>\n<p style=\"text-align: center;\">The model has\u00a0<strong>169<\/strong>\u00a0cm tall, wears a size every day\u00a0<strong>S.<\/strong><\/p>\n<p style=\"text-align: center;\">The width at the bust is 92 cm<\/p>\n<p style=\"text-align: center;\">Waist width 62 cm<\/p>\n<p style=\"text-align: center;\">The width at the hips is 94 cm<\/p>\n<p style=\"text-align: center;\"><span style=\"font-size: 10pt;\">\u00a0<\/span><\/p>\n<p style=\"text-align: center;\"><span style=\"font-size: 10pt;\">\u00a0<\/span><\/p>\n<p style=\"text-align: center;\"><span style=\"font-size: 10pt;\">\u00a0<\/span><\/p>\n<p style=\"text-align: center;\"><span style=\"font-size: 10pt;\">\u00a0<\/span><\/p>","protected":false},"excerpt":{"rendered":"<p>Top z Zamkiem R\u00f3\u017cowy Vores Top z Zamkiem w kolorze R\u00f3\u017cowym Vores to idealna propozycja dla kobiet kt\u00f3re ceni\u0105 sobie styl i wygod\u0119. Top to oryginalny model, kt\u00f3ry przyci\u0105gnie wzrok niejednej z Was. Zapinany z przodu na suwak. Bardzo modny fason. Bluzka na rami\u0105czkach z dwoma kieszonkami na piersiach Must Have w Twojej szafie! Z<\/p>\n<div class=\"klb-readmore post-buttons\"><a class=\"button black outline size-sm\" href=\"https:\/\/madelinefashion.pl\/en\/product\/top-z-zamkiem-rozowy-vores\/\">Read More <i class=\"klbth-icon-right-arrow\"><\/i><\/a><\/div>","protected":false},"featured_media":49565,"template":"","meta":[],"product_brand":[],"product_cat":[77,85],"product_tag":[292],"class_list":{"0":"post-9656","1":"product","2":"type-product","3":"status-publish","4":"has-post-thumbnail","6":"product_cat-bluzki","7":"product_cat-t-shirty","8":"product_tag-topy","10":"first","11":"instock","12":"sale","13":"purchasable","14":"product-type-simple"},"_links":{"self":[{"href":"https:\/\/madelinefashion.pl\/en\/wp-json\/wp\/v2\/product\/9656","targetHints":{"allow":["GET"]}}],"collection":[{"href":"https:\/\/madelinefashion.pl\/en\/wp-json\/wp\/v2\/product"}],"about":[{"href":"https:\/\/madelinefashion.pl\/en\/wp-json\/wp\/v2\/types\/product"}],"wp:featuredmedia":[{"embeddable":true,"href":"https:\/\/madelinefashion.pl\/en\/wp-json\/wp\/v2\/media\/49565"}],"wp:attachment":[{"href":"https:\/\/madelinefashion.pl\/en\/wp-json\/wp\/v2\/media?parent=9656"}],"wp:term":[{"taxonomy":"product_brand","embeddable":true,"href":"https:\/\/madelinefashion.pl\/en\/wp-json\/wp\/v2\/product_brand?post=9656"},{"taxonomy":"product_cat","embeddable":true,"href":"https:\/\/madelinefashion.pl\/en\/wp-json\/wp\/v2\/product_cat?post=9656"},{"taxonomy":"product_tag","embeddable":true,"href":"https:\/\/madelinefashion.pl\/en\/wp-json\/wp\/v2\/product_tag?post=9656"}],"curies":[{"name":"wp","href":"https:\/\/api.w.org\/{rel}","templated":true}]}}