{"id":117,"date":"2017-02-26T15:54:21","date_gmt":"2017-02-26T15:54:21","guid":{"rendered":"https:\/\/demo.minwp.com\/ahashop\/?page_id=117"},"modified":"2025-03-27T18:48:18","modified_gmt":"2025-03-27T17:48:18","slug":"kontakt","status":"publish","type":"page","link":"https:\/\/madelinefashion.pl\/sk\/kontakt\/","title":{"rendered":"kontakt"},"content":{"rendered":"<div data-elementor-type=\"wp-page\" data-elementor-id=\"117\" class=\"elementor elementor-117\">\n\t\t\t\t<div class=\"elementor-element elementor-element-143b37d7 e-flex e-con-boxed e-con e-parent\" data-id=\"143b37d7\" data-element_type=\"container\">\n\t\t\t\t\t<div class=\"e-con-inner\">\n\t\t\t\t<div class=\"elementor-element elementor-element-b5d2b9f elementor-widget elementor-widget-heading\" data-id=\"b5d2b9f\" data-element_type=\"widget\" data-widget_type=\"heading.default\">\n\t\t\t\t<div class=\"elementor-widget-container\">\n\t\t\t\t\t<h2 class=\"elementor-heading-title elementor-size-default\">kontakt<\/h2>\t\t\t\t<\/div>\n\t\t\t\t<\/div>\n\t\t\t\t<div class=\"elementor-element elementor-element-80b3ca3 elementor-widget elementor-widget-google_maps\" data-id=\"80b3ca3\" data-element_type=\"widget\" data-widget_type=\"google_maps.default\">\n\t\t\t\t<div class=\"elementor-widget-container\">\n\t\t\t\t\t\t\t<div class=\"elementor-custom-embed\">\n\t\t\t<iframe loading=\"lazy\"\n\t\t\t\t\tsrc=\"https:\/\/maps.google.com\/maps?q=Moniuszki%202%2C%20Konstantyn%C3%B3w%20%C5%81%C3%B3dzki&#038;t=m&#038;z=18&#038;output=embed&#038;iwloc=near\"\n\t\t\t\t\ttitle=\"Moniuszki 2, Konstantyn\u00f3w \u0141\u00f3dzki\"\n\t\t\t\t\taria-label=\"Moniuszki 2, Konstantyn\u00f3w \u0141\u00f3dzki\"\n\t\t\t><\/iframe>\n\t\t<\/div>\n\t\t\t\t\t\t<\/div>\n\t\t\t\t<\/div>\n\t\t\t\t<div class=\"elementor-element elementor-element-d2d023d elementor-widget elementor-widget-cildank-address-box\" data-id=\"d2d023d\" data-element_type=\"widget\" data-widget_type=\"cildank-address-box.default\">\n\t\t\t\t<div class=\"elementor-widget-container\">\n\t\t\t\t\t<div class=\"klb-address-box contact-details\"><ul><li><div class=\"map-icon\"><i class=\"klb-icon-map-pin\"><\/i><\/div><div class=\"contact-info\"><span><\/span><h4>Po\u013esko<\/h4><p>MadelineFashion<br>\nsv. Moniuszko 2<br>\n95-050 Konstantyn\u00f3w Lodzki<\/p><a class=\"phone\" href=\"tel:510 050 269\">510 050 269<\/a><a class=\"email\" href=\"mailto:madelinefashionshop@gmail.com\">madelinefashionshop@gmail.com<\/a><\/div><!-- contact-info --><\/li><\/ul><\/div><!-- contact-details -->\t\t\t\t<\/div>\n\t\t\t\t<\/div>\n\t\t\t\t\t<\/div>\n\t\t\t\t<\/div>\n\t\t\t\t<\/div>","protected":false},"excerpt":{"rendered":"<p>Kontakt Polska MadelineFashion ul. Moniuszki 2 95-050 Konstantyn\u00f3w \u0141\u00f3dzki 510 050 269madelinefashionshop@gmail.com<\/p>","protected":false},"author":1,"featured_media":0,"parent":0,"menu_order":0,"comment_status":"closed","ping_status":"closed","template":"","meta":{"footnotes":""},"class_list":["post-117","page","type-page","status-publish","hentry"],"_links":{"self":[{"href":"https:\/\/madelinefashion.pl\/sk\/wp-json\/wp\/v2\/pages\/117","targetHints":{"allow":["GET"]}}],"collection":[{"href":"https:\/\/madelinefashion.pl\/sk\/wp-json\/wp\/v2\/pages"}],"about":[{"href":"https:\/\/madelinefashion.pl\/sk\/wp-json\/wp\/v2\/types\/page"}],"author":[{"embeddable":true,"href":"https:\/\/madelinefashion.pl\/sk\/wp-json\/wp\/v2\/users\/1"}],"replies":[{"embeddable":true,"href":"https:\/\/madelinefashion.pl\/sk\/wp-json\/wp\/v2\/comments?post=117"}],"version-history":[{"count":14,"href":"https:\/\/madelinefashion.pl\/sk\/wp-json\/wp\/v2\/pages\/117\/revisions"}],"predecessor-version":[{"id":561931,"href":"https:\/\/madelinefashion.pl\/sk\/wp-json\/wp\/v2\/pages\/117\/revisions\/561931"}],"wp:attachment":[{"href":"https:\/\/madelinefashion.pl\/sk\/wp-json\/wp\/v2\/media?parent=117"}],"curies":[{"name":"pracovn\u00fd list","href":"https:\/\/api.w.org\/{rel}","templated":true}]}}