{"id":287,"date":"2017-03-26T23:02:11","date_gmt":"2017-03-26T23:02:11","guid":{"rendered":"https:\/\/demo.minwp.com\/ahashop\/?page_id=287"},"modified":"2026-03-18T11:44:03","modified_gmt":"2026-03-18T10:44:03","slug":"regulamin","status":"publish","type":"page","link":"https:\/\/madelinefashion.pl\/sk\/regulamin\/","title":{"rendered":"\u0161tat\u00fat"},"content":{"rendered":"<div id=\"ph-title\">\n<div class=\"page-title panel-heading\">\n<h1><\/h1>\n<\/div>\n<\/div>\n<div class=\"page-body\">\n<p><strong>REGULAMIN SKLEPU www.Madelinefashion.pl<\/strong><\/p>\n<p><strong>1. POSTANOWIENIA OG\u00d3LNE<\/strong><\/p>\n<p>W\u0142a\u015bcicielem sklepu internetowego\u00a0<strong>www.madelinefashion.pl<\/strong>\u00a0jest firma:<\/p>\n<p>Madeline Magdalena Dobrodziej-Chojwa z siedzib\u0105:<br \/>\n95-050 Konstantyn\u00f3w \u0141\u00f3dzki ul. Moniuszki 13<br \/>\nNIP: 731\u00a0202 4439\u00a0 REGON : 369\u00a0051\u00a0483<\/p>\n<p><strong>Telefon:<\/strong>\u00a0510-050-269 (infolinia pracuje PON-SOB w\u00a0godzinach 08:00-20:00)<\/p>\n<p><strong>e- mail:<\/strong>\u00a0 <a href=\"madelinefashionshop@gmail.com\">madelinefashionshop@gmail.com<\/a><br \/>\n<strong>Facebook:\u00a0\u00a0<\/strong><a href=\"https:\/\/www.facebook.com\/madelinefashionbutik\/\" target=\"_blank\" rel=\"noopener\">MadelineFashion Butik<\/a><\/p>\n<p>Firma zastrzega sobie prawo do kopiowania zdj\u0119\u0107 i opis\u00f3w na podstawi\u0119 Ustawy z dnia 4 lutego 1994 r. o prawie autorskim i prawach pokrewnych Dz.U.2017.0.880. Nie przestrzeganie prawa autorskiego grozi poci\u0105gni\u0119ciem do odpowiedzialno\u015bci karnej wedle brzmienia przepis\u00f3w ustawy. Firma mo\u017ce udost\u0119pni\u0107 swoje zdj\u0119cia wyra\u017caj\u0105c zgod\u0119 na pi\u015bmie wraz ze znakiem wodnym. W innym przypadku jest to kategorycznie zabronione.<\/p>\n<p><strong>2. KONTO<\/strong><\/p>\n<ol>\n<li>\u00a0\u00a0\u00a0\u00a0 Do za\u0142o\u017cenia konta niezb\u0119dne jest wype\u0142nienie formularza kontaktowego z\u00a0podaniem danych personalnych Klienta zgodnie z\u00a0formularzem. Do ka\u017cdego konta zostaje przydzielony indywidualny login oraz has\u0142o. Za\u0142o\u017cenie konta jest dobrowolne i\u00a0nieobowi\u0105zkowe.<\/li>\n<li>\u00a0\u00a0\u00a0\u00a0 Istnieje mo\u017cliwo\u015b\u0107 dokonywania zakup\u00f3w nie posiadaj\u0105c konta.<\/li>\n<li>\u00a0\u00a0\u00a0\u00a0 Posiadanie konta umo\u017cliwia sprawdzenie historii zakup\u00f3w, upowa\u017cnia do udzia\u0142u w\u00a0konkursach oraz \u00a0otrzymywania newsletter\u00f3w.<\/li>\n<\/ol>\n<p><strong>3. WARUNKI ZAWIERANIA UMOWY SPRZEDA\u017bY<\/strong><\/p>\n<ol>\n<li>\u00a0\u00a0\u00a0\u00a0 Klient ma mo\u017cliwo\u015b\u0107 z\u0142o\u017cenia zam\u00f3wienia w sklepie internetowym jako go\u015b\u0107 (bez zak\u0142adania konta) lub zarejestrowany u\u017cytkownik (zak\u0142adaj\u0105c konto).<\/li>\n<li>\u00a0\u00a0\u00a0\u00a0 Wype\u0142nienie formularza zam\u00f3wienia jednoznaczne jest z\u00a0zawarciem przez Kupuj\u0105cego umowy sprzeda\u017cy i\u00a0akceptacj\u0105 regulaminu sklepu.<\/li>\n<li>\u00a0\u00a0\u00a0\u00a0 Podane na stronie ceny s\u0105 cenami w\u00a0polskich z\u0142otych.<\/li>\n<li>\u00a0\u00a0\u00a0\u00a0 W podsumowaniu zam\u00f3wienia widnieje informacja o\u00a0\u0142\u0105cznej cenie przedmiotu zam\u00f3wienia oraz o\u00a0kosztach dostawy. O\u00a0wszelkich kosztach Klient jest informowany w\u00a0trakcie wype\u0142niania formularza zam\u00f3wienia.<\/li>\n<li>\u00a0\u00a0\u00a0\u00a0 Sklep\u00a0<a href=\"https:\/\/madelinefashion.pl\/\"><strong>www.madelinefashion.pl<\/strong><\/a>\u00a0nie posiada innych ukrytych koszt\u00f3w.<\/li>\n<li>\u00a0\u00a0\u00a0\u00a0 Po przyj\u0119ciu zam\u00f3wienia Sprzedawca niezw\u0142ocznie poinformuje Klienta o\u00a0przyj\u0119ciu zam\u00f3wienia do realizacji. Potwierdzenie nast\u0105pi poprzez przes\u0142anie Klientowi wiadomo\u015bci e-mail na adres poczty elektronicznej kt\u00f3ry zosta\u0142 wpisany przez Klienta do formularza podczas sk\u0142adania zam\u00f3wienia.<\/li>\n<li>\u00a0\u00a0\u00a0\u00a0 Zam\u00f3wienie zostaje zapisane w\u00a0systemie sklepu internetowego jako dow\u00f3d zawarcia umowy.<\/li>\n<li>\u00a0\u00a0\u00a0\u00a0 Umow\u0119 traktuje si\u0119 za zawart\u0105 z momentem otrzymania przez Klienta wiadomo\u015bci e-mail, o kt\u00f3rej mowa powy\u017cej.<\/li>\n<li>\u00a0\u00a0\u00a0\u00a0 Umowa sprzeda\u017cy zawierana jest w j\u0119zyku polskim, o tre\u015bci zgodnej z Regulaminem. Sklep internetowy prowadzi sprzeda\u017c na terenie Rzeczypospolitej Polskiej oraz innych kraj\u00f3w Europy.<\/li>\n<li>Zam\u00f3wienia mo\u017cna sk\u0142ada\u0107 7 dni w tygodniu przez 24 godziny na dob\u0119. Niniejszy zapis nie dotyczy Zam\u00f3wie\u0144 sk\u0142adanych drog\u0105 telefoniczn\u0105.<\/li>\n<li>Kupuj\u0105cy mo\u017ce wybra\u0107 jeden spo\u015br\u00f3d nast\u0119puj\u0105cych sposob\u00f3w sk\u0142adania Zam\u00f3wienia:<\/li>\n<li>\u00a0\u00a0\u00a0\u00a0\u00a0 z\u0142o\u017cenie Zam\u00f3wienia poprzez wype\u0142nienie Formularza zam\u00f3wienia na stronie internetowej <a href=\"https:\/\/madelinefashion.pl\/\">www.Madelinefashion.pl<\/a><\/li>\n<li>\u00a0\u00a0\u00a0\u00a0 z\u0142o\u017cenie Zam\u00f3wienia drog\u0105 poczty elektronicznej: <a href=\"madelinefashionshop@gmail.com\">madelinefashionshop@gmail.com<\/a><\/li>\n<li>\u00a0\u00a0\u00a0\u00a0\u00a0 z\u0142o\u017cenie <strong>Zam\u00f3wienia drog\u0105 telefoniczn\u0105<\/strong> pod numerem: <strong>510\u00a0050\u00a0269<\/strong><\/li>\n<li>Zam\u00f3wienia przekazane do realizacji mog\u0105 by\u0107 anulowane do momentu wysy\u0142ki towaru. Przepis ten dotyczy wy\u0142\u0105cznie Kupuj\u0105cych b\u0119d\u0105cych osobami fizycznymi. W przypadku pozosta\u0142ych Kupuj\u0105cych Zam\u00f3wienia nie mog\u0105 by\u0107 anulowane.<\/li>\n<li><strong>\u00a0\u00a0\u00a0<\/strong><strong>WARUNKI P\u0141ATNO\u015aCI<\/strong><\/li>\n<\/ol>\n<p>Zakupuj\u0105c produkt na stronie internetowej www.madelinefashion.pl\u00a0 \u00a0 \u00a0p\u0142atno\u015bci odbywaj\u0105 si\u0119 wed\u0142ug wybranej opcji przez Klienta w spos\u00f3b nast\u0119puj\u0105cy:<\/p>\n<ol>\n<li>\u00a0\u00a0\u00a0\u00a0 P\u0142atno\u015b\u0107 przelewem na rachunek bankowy Sprzedawcy tzw. przedp\u0142ata na konto \u2013 wysy\u0142ka kurierska tradycyjna. Koszt wed\u0142ug aktualnego cennika najta\u0144szej firmy przewozowej. B\u0105d\u017a wyceniany indywidualnie w przypadku wi\u0119kszych zakup\u00f3w po wcze\u015bniejszym <a href=\"https:\/\/madelinefashion.pl\/kontakt\/\">kontakcie<\/a> z nami.<\/li>\n<li>\u00a0\u00a0\u00a0\u00a0 P\u0142atno\u015b\u0107 przy odbiorze czyli wysy\u0142ka kurierska pobranie z p\u0142atno\u015bci\u0105 przy odbiorze. Koszt wed\u0142ug aktualnego cennika najta\u0144szej firmy przewozowej. B\u0105d\u017a wyceniany indywidualnie w przypadku wi\u0119kszych zakup\u00f3w.<\/li>\n<\/ol>\n<p><strong>5. TERMIN P\u0141ATNO\u015aCI:<\/strong><\/p>\n<ol>\n<li>\u00a0\u00a0\u00a0\u00a0 W przypadku wyboru przez Klienta p\u0142atno\u015bci przelewem, p\u0142atno\u015bci elektronicznych albo p\u0142atno\u015bci kart\u0105 p\u0142atnicz\u0105, Klient obowi\u0105zany jest do dokonania p\u0142atno\u015bci w\u00a0terminie 4 dni kalendarzowych od dnia zawarcia Umowy Sprzeda\u017cy. Po przekroczeniu tego terminu umowa Sprzeda\u017cy zostaje zerwana z\u00a0winy Klienta.<\/li>\n<li>\u00a0\u00a0\u00a0\u00a0 W przypadku wyboru przez Klienta p\u0142atno\u015bci got\u00f3wk\u0105 za pobraniem Klient obowi\u0105zany jest do dokonania p\u0142atno\u015bci got\u00f3wk\u0105 przy dostawie.<\/li>\n<\/ol>\n<p><strong>6. WYSY\u0141KA ZAM\u00d3WIENIA<\/strong><\/p>\n<ol>\n<li>\u00a0\u00a0\u00a0\u00a0 W przypadku wyboru p\u0142atno\u015bci za pobraniem wysy\u0142ka nast\u0119puje w ci\u0105gu 1-2 dni roboczych<a href=\"https:\/\/www.madelinefashion.pl\/vendortermsofservice#_ftn1\" name=\"_ftnref1\">[1]<\/a>.<\/li>\n<li>\u00a0\u00a0\u00a0\u00a0 W przypadku wyboru p\u0142atno\u015bci przelewem, kart\u0105 p\u0142atnicz\u0105 wysy\u0142ka nast\u0119puje po wp\u0142yni\u0119ciu pe\u0142nej kwoty za dany produkt na rachunek bankowy Sprzedaj\u0105cego. Wysy\u0142ka nast\u0119puje w ci\u0105gu 1-2 dni roboczych<a href=\"https:\/\/www.madelinefashion.pl\/vendortermsofservice#_ftn2\" name=\"_ftnref2\">[2]<\/a>.<\/li>\n<\/ol>\n<p><strong>7. DOSTAWA ZAM\u00d3WIENIA<\/strong><\/p>\n<ol>\n<li>\u00a0\u00a0\u00a0\u00a0 Dostawa produktu dost\u0119pna jest na terytorium Rzeczypospolitej Polskiej oraz poza granicami Kraju.<\/li>\n<li>\u00a0\u00a0\u00a0\u00a0 Dostawa Produktu do Klienta jest odp\u0142atna, chyba \u017ce Umowa Sprzeda\u017cy stanowi inaczej. Koszty dostawy produktu s\u0105 jawne i\u00a0zawarte s\u0105 w\u00a0zak\u0142adce \u201eKoszty dostawy\u201d oraz w\u00a0trakcie sk\u0142adania Zam\u00f3wienia.<\/li>\n<li>\u00a0\u00a0\u00a0\u00a0 Termin dostawy produktu do Klienta na terenie kraju wynosi 1-4 dni robocze (zgodnie z\u00a0umow\u0105 z\u00a0firm\u0105 kuriersk\u0105).<\/li>\n<li>\u00a0\u00a0\u00a0\u00a0 Klient ma obowi\u0105zek sprawdzenia przesy\u0142ki w\u00a0obecno\u015bci kuriera. W\u00a0przypadku zauwa\u017cenia uszkodzenia przesy\u0142ki niezb\u0119dne jest spisanie protoko\u0142u szkody w\u00a0transporcie oraz niezw\u0142oczne powiadomienie o\u00a0tym fakcie Sprzedawcy poprzez wys\u0142anie wiadomo\u015bci e-mail. Nie spisanie protoko\u0142u szkody z\u00a0kurierem uniemo\u017cliwi wszcz\u0119cie procedury reklamacyjnej, a\u00a0tym samym zwrotu towaru.<\/li>\n<li>\u00a0 \u00a0W przypadku nie odebrania paczki\u00a0 kupuj\u0105cy jest zobowi\u0105zany w terminie do 7 dni uregulowa\u0107 koszt przesy\u0142ki w dwie strony zgodnie z obowi\u0105zuj\u0105cym cennikiem.<\/li>\n<\/ol>\n<p><strong>8. REKLAMACJE I\u00a0ZWROTY:<\/strong><\/p>\n<ol>\n<li>\u00a0\u00a0\u00a0\u00a0 Wszelkie reklamacje i\u00a0zwroty nale\u017cy sk\u0142ada\u0107 poprzez przes\u0142anie wype\u0142nionego <a href=\"https:\/\/madelinefashion.pl\/zwroty\/\">formularza<\/a> poczt\u0105 elektroniczn\u0105 na adres: <a href=\"madelinefashionshop@gmail.com\">madelinefashionshop@gmail.com<\/a>\u00a0 i poczt\u0105 polsk\u0105 na adres Madeline , 95-050 Konstantyn\u00f3w \u0141\u00f3dzki ul. Moniuszki 13\/1. (<b>\u00a0nie odbieramy paczek poranionych !!<\/b>\u00a0)<\/li>\n<li>\u00a0\u00a0\u00a0\u00a0 Zwracany towar nale\u017cy odpowiedni<strong>o zabezpieczy\u0107 i\u00a0zapakowa\u0107<\/strong> oraz odes\u0142a\u0107 kompletny w\u00a0stanie <strong>nie naruszonym<\/strong> na powy\u017cszy adres wraz z\u00a0paragonem i\u00a0<strong>do\u0142\u0105czonym protoko\u0142em reklamacyjnym lub zwrotu<\/strong>, kt\u00f3re s\u0105 do pobrania na stronie\u00a0www.madelinefashion.pl<\/li>\n<li>\u00a0\u00a0\u00a0\u00a0 Uwaga. Prosimy do paczki do\u0142\u0105czy\u0107 formularz zwrotu.<\/li>\n<li>\u00a0\u00a0\u00a0\u00a0 Sprzedawca ustosunkuje si\u0119 do reklamacji w\u00a0mo\u017cliwie najkr\u00f3tszym terminie, nie p\u00f3\u017aniej ni\u017c 14 dni kalendarzowych od dnia jej z\u0142o\u017cenia. Uwaga. Podstaw\u0105 do wszcz\u0119cia procedury reklamacji lub zwrotu jest prawid\u0142owo wype\u0142niony formularz reklamacyjny lub zwrotu dost\u0119pny na stronie\u00a0<a href=\"http:\/\/www.madelinefashion.pl\/\">www.madelinefashion.pl<\/a> oraz dow\u00f3d zakupu. Przes\u0142anie innego formularza lub b\u0142\u0119dnie wype\u0142nionego mo\u017ce spowodowa\u0107 op\u00f3\u017anienie w rozpatrzeniu reklamacji.<\/li>\n<li>\u00a0\u00a0\u00a0\u00a0 Pe\u0142en zakres odpowiedzialno\u015bci i\u00a0obowi\u0105zk\u00f3w Sprzedawcy wzgl\u0119dem Klienta jest okre\u015blony powszechnie obowi\u0105zuj\u0105cymi przepisami prawa, w\u00a0szczeg\u00f3lno\u015bci w\u00a0Kodeksie Cywilnym. Dla um\u00f3w sprzeda\u017cy podstawa i\u00a0zakres odpowiedzialno\u015bci Sprzedawcy wobec Klienta z\u00a0tytu\u0142u niezgodno\u015bci produktu z\u00a0umow\u0105 sprzeda\u017cy s\u0105 okre\u015blone powszechnie obowi\u0105zuj\u0105cymi przepisami prawa sprzeda\u017cy konsumenckiej.<\/li>\n<li>\u00a0\u00a0\u00a0\u00a0 W przypadku zauwa\u017conych brak\u00f3w w\u00a0przesy\u0142ce, prosimy o\u00a0niezw\u0142oczny kontakt nie p\u00f3\u017aniej jednak ni\u017c w\u00a0ci\u0105gu 24 godzin od momentu odbioru przesy\u0142ki od kuriera.<\/li>\n<li>\u00a0Firma nie ponosi koszt\u00f3w przesy\u0142ki w \u017cadn\u0105 stron\u0119, chyba , \u017ce firma postanowi inaczej. Przy zam\u00f3wieniach korzystaj\u0105cych z darmowej dostawy &#8211; po zwrocie produkt\u00f3w obni\u017caj\u0105cych finaln\u0105 kwot\u0119 &#8211; koszt przesy\u0142ki jest po stronie kupuj\u0105cego.<\/li>\n<li>W przypadku zwrot\u00f3w produkt\u00f3w nosz\u0105cych \u015blady u\u017cytkowania &#8211; konsument b\u0119dzie ponosi\u0142 pe\u0142n\u0105 odpowiedzialno\u015b\u0107 za zmniejszenie warto\u015bci produktu .\u00a0 Zwr\u00f3cony produkt musi by\u0107<strong> czysty i pozbawiony jakiegokolwiek zapachu<\/strong> ( perfumy, dezodorant, tyto\u0144 itp)<\/li>\n<\/ol>\n<p><strong>9. PRAWO ODST\u0104PIENIA OD UMOWY\u00a0<\/strong><\/p>\n<ol>\n<li>\u00a0\u00a0\u00a0\u00a0 Klient b\u0119d\u0105cy konsumentem, kt\u00f3ry zawar\u0142 umow\u0119 na odleg\u0142o\u015b\u0107, mo\u017ce w terminie 14 dni kalendarzowych odst\u0105pi\u0107 od niej bez podawania przyczyny i bez ponoszenia dodatkowych koszt\u00f3w, z wyj\u0105tkiem koszt\u00f3w transportu do Sprzedawcy. O\u015bwiadczenie o odst\u0105pieniu od umowy Klient mo\u017ce przes\u0142a\u0107 <strong>poczt\u0105 elektroniczn\u0105<\/strong> na adres: <a href=\"madelinefashionshop@gmail.com\">madelinefashionshop@gmail.com<\/a> lub poczt\u0105 polsk\u0105\/ kurierem na adres Madeline Magdalena Dobrodziej-Chojwa , 95-050 Konstantyn\u00f3w \u0141\u00f3dzki ul. Moniuszki 13\/1. w terminie do 14 dni kalendarzowych.<\/li>\n<li>\u00a0\u00a0\u00a0\u00a0 Sprzedawca ma obowi\u0105zek niezw\u0142ocznie, nie p\u00f3\u017aniej ni\u017c w terminie 14 dni kalendarzowych od dnia otrzymania zwrotu produktu oraz o\u015bwiadczenia Klienta o odst\u0105pieniu od umowy, zwr\u00f3ci\u0107 Klientowi \u015brodki za zwr\u00f3cone produkty. Sprzedawca dokonuje zwrotu p\u0142atno\u015bci na numer konta podany w formularzu zwrotu \u2013 w tytule przelewu\u00a0 Zwrot Madeline .\u00a0 Je\u017celi Sprzedawca nie zaproponowa\u0142, \u017ce sam odbierze produkt od Klienta, mo\u017ce wstrzyma\u0107 si\u0119 ze zwrotem p\u0142atno\u015bci otrzymanych od Klienta do chwili otrzymania produktu z powrotem.<\/li>\n<li>\u00a0\u00a0\u00a0\u00a0 Klient ma obowi\u0105zek niezw\u0142ocznie, nie p\u00f3\u017aniej ni\u017c w\u00a0terminie <strong>14 dni kalendarzowych<\/strong> od dnia zakupu, zwr\u00f3ci\u0107 produkt Sprzedawcy b\u0105d\u017a poinformowa\u0107 go drog\u0105 mailow\u0105 o zwrocie. Klient ponosi bezpo\u015brednie koszty zwrotu produktu.<\/li>\n<\/ol>\n<p><strong>10. POSTANOWIENIA DOTYCZ\u0104CE PRZEDSI\u0118BIORC\u00d3W<\/strong><\/p>\n<ol>\n<li>\u00a0\u00a0\u00a0\u00a0 Niniejszy punkt Regulaminu oraz postanowienia w\u00a0nim zawarte dotycz\u0105 wy\u0142\u0105cznie Klient\u00f3w biznesowych.<\/li>\n<li>\u00a0\u00a0\u00a0\u00a0 Sprzedawcy przys\u0142uguje prawo odst\u0105pienia od umowy sprzeda\u017cy zawartej z\u00a0Klientem biznesowym w\u00a0terminie 14 dni kalendarzowych od dnia jej zawarcia. Odst\u0105pienie od Umowy Sprzeda\u017cy w\u00a0tym wypadku mo\u017ce nast\u0105pi\u0107 bez podania przyczyny i\u00a0nie rodzi po stronie Klienta \u017cadnych roszcze\u0144.<\/li>\n<li>\u00a0\u00a0\u00a0\u00a0 W przypadku Klient\u00f3w biznesowych Sprzedawca ma prawo ograniczy\u0107 dost\u0119pne sposoby p\u0142atno\u015bci, w\u00a0tym tak\u017ce wymaga\u0107 dokonania przedp\u0142aty w\u00a0ca\u0142o\u015bci albo cz\u0119\u015bci i\u00a0to niezale\u017cnie od wybranego przez Klienta sposobu p\u0142atno\u015bci oraz faktu zawarcia umowy sprzeda\u017cy.<\/li>\n<\/ol>\n<p><strong>11. POSTANOWIENIA KO\u0143COWE<\/strong><\/p>\n<ol>\n<li>\u00a0\u00a0\u00a0\u00a0 Sprzedawca zastrzega sobie prawo do dokonywania zmian regulaminu.<\/li>\n<li>\u00a0\u00a0\u00a0\u00a0 W sprawach nieuregulowanych w\u00a0niniejszym regulaminie maj\u0105 zastosowanie powszechnie obowi\u0105zuj\u0105ce przepisy prawa polskiego oraz inne w\u0142a\u015bciwe przepisy powszechnie obowi\u0105zuj\u0105cego prawa.<\/li>\n<\/ol>\n<p><strong>OBJA\u015aNIENIE:<\/strong><\/p>\n<ol>\n<li>\u00a0\u00a0\u00a0\u00a0 DZIE\u0143 ROBOCZY \u2013 jeden dzie\u0144 od poniedzia\u0142ku do pi\u0105tku z\u00a0wy\u0142\u0105czeniem dni ustawowo wolnych od pracy.<\/li>\n<li>\u00a0\u00a0\u00a0\u00a0 FORMULARZ REJESTRACJI \u2013 formularz dost\u0119pny w\u00a0Sklepie Internetowym umo\u017cliwiaj\u0105cy utworzenie Konta Klienta.<\/li>\n<li>\u00a0\u00a0\u00a0\u00a0 FORMULARZ ZAM\u00d3WIENIA \u2013 Us\u0142uga Elektroniczna umo\u017cliwiaj\u0105ca z\u0142o\u017cenie zam\u00f3wienia.<\/li>\n<li>\u00a0\u00a0\u00a0\u00a0 KLIENT &#8211; osoba fizyczna posiadaj\u0105ca pe\u0142n\u0105 lub ograniczon\u0105 zdolno\u015b\u0107 do czynno\u015bci prawnych nie b\u0119d\u0105ca przedsi\u0119biorc\u0105.<\/li>\n<li>\u00a0\u00a0\u00a0\u00a0 KONTO \u2013 Us\u0142uga elektroniczna z\u00a0przypisanym loginem i\u00a0has\u0142em w\u00a0kt\u00f3rej zapisane s\u0105 dane podane przez Klienta oraz informacje o\u00a0z\u0142o\u017conych przez niego zam\u00f3wieniach w\u00a0Sklepie Internetowym.<\/li>\n<li>\u00a0\u00a0\u00a0\u00a0 NEWSLETTER \u2013 Us\u0142uga Elektroniczna \u015bwiadczona przez Sprzedawc\u0119 za po\u015brednictwem poczty elektronicznej e-mail, kt\u00f3ra umo\u017cliwia otrzymywanie od Sprzedawcy informacji o\u00a0Produktach, nowo\u015bciach i\u00a0promocjach w\u00a0Sklepie Internetowym.<\/li>\n<li>\u00a0\u00a0\u00a0\u00a0 PRODUKT \u2013 dost\u0119pna w\u00a0Sklepie Internetowym rzecz ruchoma b\u0119d\u0105ca przedmiotem Umowy Sprzeda\u017cy mi\u0119dzy Klientem a\u00a0Sprzedawc\u0105.<\/li>\n<li>\u00a0\u00a0\u00a0\u00a0 SPRZEDAWCA\u2013 Madeline Magdalena Dobrodziej<\/li>\n<li>\u00a0\u00a0\u00a0\u00a0 UMOWA SPRZEDA\u017bY \u2013 umowa sprzeda\u017cy produktu zawierana albo zawarta mi\u0119dzy Klientem a\u00a0Sprzedawc\u0105 za po\u015brednictwem Sklepu Internetowego.<\/li>\n<li>ZAM\u00d3WIENIE &#8211; o\u015bwiadczenie woli Klienta sk\u0142adane za pomoc\u0105 Formularza Zam\u00f3wienia i\u00a0zmierzaj\u0105ce bezpo\u015brednio do zawarcia umowy sprzeda\u017cy produktu ze Sprzedawc\u0105.<\/li>\n<\/ol>\n<p><a href=\"https:\/\/www.madelinefashion.pl\/vendortermsofservice#_ftnref1\" name=\"_ftn1\">[1]<\/a>\u00a0Termin realizacji jest zale\u017cny od godziny zakupu przez klienta i godzin pracy kuriera. Termin wysy\u0142ki mo\u017ce zosta\u0107 przydzielony indywidualnie wedle potrzeb klienta po wcze\u015bniejszym uzgodnieniu.<\/p>\n<p><a href=\"https:\/\/www.madelinefashion.pl\/vendortermsofservice#_ftnref2\" name=\"_ftn2\">[2]<\/a>\u00a0Termin realizacji jest zale\u017cny od godziny zakupu przez klienta i godzin pracy kuriera. Termin wysy\u0142ki mo\u017ce zosta\u0107 przydzielony indywidualnie wedle potrzeb klienta po wcze\u015bniejszym uzgodnieniu.<\/p>\n<\/div>\n","protected":false},"excerpt":{"rendered":"<p>REGULAMIN SKLEPU www.Madelinefashion.pl 1. POSTANOWIENIA OG\u00d3LNE W\u0142a\u015bcicielem sklepu internetowego\u00a0www.madelinefashion.pl\u00a0jest firma: Madeline Magdalena Dobrodziej-Chojwa z siedzib\u0105: 95-050 Konstantyn\u00f3w \u0141\u00f3dzki ul. Moniuszki 13 NIP: 731\u00a0202 4439\u00a0 REGON : 369\u00a0051\u00a0483 Telefon:\u00a0510-050-269 (infolinia pracuje PON-SOB w\u00a0godzinach 08:00-20:00) e- mail:\u00a0 madelinefashionshop@gmail.com Facebook:\u00a0\u00a0MadelineFashion Butik Firma zastrzega sobie prawo do kopiowania zdj\u0119\u0107 i opis\u00f3w na podstawi\u0119 Ustawy z dnia 4 lutego 1994<\/p>\n<div class=\"klb-readmore post-buttons\"><a class=\"button black outline size-sm\" href=\"https:\/\/madelinefashion.pl\/sk\/regulamin\/\">\u010c\u00edta\u0165 \u010falej <i class=\"klbth-icon-right-arrow\"><\/i><\/a><\/div>","protected":false},"author":1,"featured_media":0,"parent":0,"menu_order":0,"comment_status":"closed","ping_status":"closed","template":"","meta":{"footnotes":""},"class_list":["post-287","page","type-page","status-publish","hentry"],"_links":{"self":[{"href":"https:\/\/madelinefashion.pl\/sk\/wp-json\/wp\/v2\/pages\/287","targetHints":{"allow":["GET"]}}],"collection":[{"href":"https:\/\/madelinefashion.pl\/sk\/wp-json\/wp\/v2\/pages"}],"about":[{"href":"https:\/\/madelinefashion.pl\/sk\/wp-json\/wp\/v2\/types\/page"}],"author":[{"embeddable":true,"href":"https:\/\/madelinefashion.pl\/sk\/wp-json\/wp\/v2\/users\/1"}],"replies":[{"embeddable":true,"href":"https:\/\/madelinefashion.pl\/sk\/wp-json\/wp\/v2\/comments?post=287"}],"version-history":[{"count":13,"href":"https:\/\/madelinefashion.pl\/sk\/wp-json\/wp\/v2\/pages\/287\/revisions"}],"predecessor-version":[{"id":597752,"href":"https:\/\/madelinefashion.pl\/sk\/wp-json\/wp\/v2\/pages\/287\/revisions\/597752"}],"wp:attachment":[{"href":"https:\/\/madelinefashion.pl\/sk\/wp-json\/wp\/v2\/media?parent=287"}],"curies":[{"name":"pracovn\u00fd list","href":"https:\/\/api.w.org\/{rel}","templated":true}]}}