{"id":290,"date":"2017-03-26T23:04:54","date_gmt":"2017-03-26T23:04:54","guid":{"rendered":"https:\/\/demo.minwp.com\/ahashop\/?page_id=290"},"modified":"2025-07-18T09:53:32","modified_gmt":"2025-07-18T07:53:32","slug":"zwroty-2","status":"publish","type":"page","link":"https:\/\/madelinefashion.pl\/sk\/zwroty-2\/","title":{"rendered":"N\u00e1vraty"},"content":{"rendered":"<p>Zam\u00f3wiony produkt nie spe\u0142nia Twoich oczekiwa\u0144 lub rozmiar jest nieodpowiedni?<br \/>\nNic nie szkodzi mo\u017cesz go zwr\u00f3ci\u0107 w terminie do <strong>14 dni\u00a0<\/strong><\/p>\n<p>Aby zwr\u00f3ci\u0107 towar nale\u017cy wype\u0142ni\u0107 poni\u017cszy formularz oraz odes\u0142a\u0107 na adres sklepu:<\/p>\n<h5><em><strong><a href=\"\/wp-content\/uploads\/2020\/11\/zwrot_towaru.pdf\"><span style=\"color: #0000ff;\">Formularz<\/span> Zwrotu Towaru &#8211; do pobrania<\/a><\/strong><\/em><\/h5>\n<h4>Tani zwrot paczkomatem\u00a0<img decoding=\"async\" class=\"small_logo alignnone\" src=\"https:\/\/andzela.com\/modules\/inpost\/views\/img\/inpost-logo.png\" alt=\"inpost-logo.png\" width=\"158\" height=\"97\" title=\"\"><\/h4>\n<div class=\"icon-block-text-wrapper\">\n<div class=\"icon-block-text vertical-align\">\n<div class=\"icon-block-text-left\"><img decoding=\"async\" class=\"alignleft\" src=\"https:\/\/madelinefashion.pl\/wp-content\/uploads\/2023\/03\/step1.webp\" alt=\"\" width=\"85\" height=\"85\" title=\"\"><\/div>\n<div class=\"icon-block-text-right\">\n<h4><strong>Krok 1<\/strong><\/h4>\n<p>Zaloguj si\u0119 na swoim koncie i przejd\u017a do zak\u0142adki &#8211; &#8222;moje zam\u00f3wienia&#8221;. Wykonaj zwrot wybranych produkt\u00f3w.<\/p>\n<\/div>\n<\/div>\n<\/div>\n<div class=\"icon-block-text-wrapper\">\n<div class=\"icon-block-text vertical-align\">\n<div class=\"icon-block-text-left\"><img decoding=\"async\" class=\"alignleft\" src=\"https:\/\/madelinefashion.pl\/wp-content\/uploads\/2023\/03\/inp-step2.webp\" alt=\"\" width=\"85\" height=\"85\" title=\"\"><\/div>\n<div class=\"icon-block-text-right\">\n<h4><strong>Krok 2<\/strong><\/h4>\n<p>Wybierz opcj\u0119 zwrotu InPost. Koszt zwrotu to\u00a0<strong>14,99 z\u0142<\/strong>. Nie musisz p\u0142aci\u0107 przy nadaniu. Kwota\u00a0<strong>14,99 z\u0142 zostanie odliczona od zwracanej kwoty.<\/strong><\/p>\n<\/div>\n<\/div>\n<\/div>\n<div class=\"icon-block-text-wrapper\">\n<div class=\"icon-block-text vertical-align\">\n<div class=\"icon-block-text-left\"><img loading=\"lazy\" decoding=\"async\" class=\"alignleft\" src=\"https:\/\/madelinefashion.pl\/wp-content\/uploads\/2023\/03\/inp-step3.webp\" alt=\"\" width=\"85\" height=\"85\" title=\"\"><\/div>\n<div class=\"icon-block-text-right\">\n<h4><strong>Krok 3<\/strong><\/h4>\n<p>Prze\u015blemy Ci dedykowany kod nadania zwrotu, kt\u00f3ry nale\u017cy przepisa\u0107 markerem na paczk\u0119.\u00a0<strong>Pami\u0119taj, jest on wa\u017cny 72 godziny.<\/strong><\/p>\n<\/div>\n<\/div>\n<\/div>\n<div class=\"icon-block-text-wrapper\">\n<div class=\"icon-block-text vertical-align\">\n<div class=\"icon-block-text-left\"><img loading=\"lazy\" decoding=\"async\" class=\"alignleft\" src=\"https:\/\/madelinefashion.pl\/wp-content\/uploads\/2023\/03\/step3.webp\" alt=\"\" width=\"85\" height=\"85\" title=\"\"><\/div>\n<div class=\"icon-block-text-right\">\n<h4><strong>Krok 4<\/strong><\/h4>\n<p>Zapakuj zwracane produkty oraz do\u0142\u0105cz <a href=\"https:\/\/madelinefashion.pl\/wp-content\/uploads\/2025\/07\/zwrot_towaru.pdf\">formularz zwrotu<\/a>.<\/p>\n<\/div>\n<\/div>\n<\/div>\n<div class=\"icon-block-text-wrapper\">\n<div class=\"icon-block-text vertical-align\">\n<div class=\"icon-block-text-left\"><img loading=\"lazy\" decoding=\"async\" class=\"alignleft\" src=\"https:\/\/madelinefashion.pl\/wp-content\/uploads\/2023\/03\/inp-step4.webp\" alt=\"\" width=\"95\" height=\"95\" title=\"\"><\/div>\n<div class=\"icon-block-text-right\">\n<h4><strong>Krok 5<\/strong><\/h4>\n<p>Nadaj paczk\u0119 w wybranym przez siebie paczkomacie.<\/p>\n<\/div>\n<\/div>\n<\/div>\n<h4><\/h4>\n<h4>Zwrot we w\u0142asnym zakresie<\/h4>\n<div class=\"icon-block-text-wrapper\">\n<div class=\"icon-block-text vertical-align\">\n<div class=\"icon-block-text-left\"><img decoding=\"async\" class=\"alignleft\" src=\"https:\/\/madelinefashion.pl\/wp-content\/uploads\/2023\/03\/step1.webp\" alt=\"\" width=\"85\" height=\"85\" title=\"\"><\/div>\n<div class=\"icon-block-text-right\">\n<h4 class=\"sectionTitleUp\"><strong>Krok 1<\/strong><\/h4>\n<p>Zaloguj si\u0119 na swoim koncie i przejd\u017a do zak\u0142adki &#8211; &#8222;moje zam\u00f3wienia&#8221;. Wykonaj zwrot wybranych produkt\u00f3w.<br \/>\nW przypadku braku konta przejd\u017a do kroku 2.<\/p>\n<\/div>\n<\/div>\n<\/div>\n<div class=\"icon-block-text-wrapper\">\n<div class=\"icon-block-text vertical-align\">\n<div class=\"icon-block-text-left\"><img loading=\"lazy\" decoding=\"async\" class=\"alignleft\" src=\"https:\/\/madelinefashion.pl\/wp-content\/uploads\/2023\/03\/step2.webp\" alt=\"\" width=\"85\" height=\"85\" title=\"\"><\/div>\n<div class=\"icon-block-text-right\">\n<h4><strong>Krok 2<\/strong><\/h4>\n<p>Zapakuj zwracane produkty oraz do\u0142\u0105cz <a href=\"\/wp-content\/uploads\/2020\/11\/zwrot_towaru.pdf\">formularz zwrotu<\/a>.<\/p>\n<\/div>\n<\/div>\n<\/div>\n<div class=\"icon-block-text-wrapper\">\n<div class=\"icon-block-text vertical-align\">\n<div class=\"icon-block-text-left\"><img loading=\"lazy\" decoding=\"async\" class=\"alignleft\" src=\"https:\/\/madelinefashion.pl\/wp-content\/uploads\/2023\/03\/step3.webp\" alt=\"\" width=\"85\" height=\"85\" title=\"\"><\/div>\n<div class=\"icon-block-text-right\">\n<h4><strong>Krok 3<\/strong><\/h4>\n<p>Zabezpiecz paczk\u0119 na czas podr\u00f3\u017cy.<\/p>\n<\/div>\n<\/div>\n<\/div>\n<div class=\"icon-block-text-wrapper\">\n<div class=\"icon-block-text vertical-align\">\n<div class=\"icon-block-text-left\"><img loading=\"lazy\" decoding=\"async\" class=\"alignleft\" src=\"https:\/\/madelinefashion.pl\/wp-content\/uploads\/2023\/03\/step4.webp\" alt=\"\" width=\"85\" height=\"85\" title=\"\"><\/div>\n<div class=\"icon-block-text-right\">\n<h4><strong>Krok 4<\/strong><\/h4>\n<p>Nadaj paczk\u0119 u wybranego przez siebie przewo\u017anika na sw\u00f3j koszt.<\/p>\n<\/div>\n<\/div>\n<\/div>\n<div class=\"icon-block-text-wrapper\">\n<div class=\"icon-block-text vertical-align\">\n<div class=\"icon-block-text-left\"><img loading=\"lazy\" decoding=\"async\" class=\"alignleft\" src=\"https:\/\/madelinefashion.pl\/wp-content\/uploads\/2023\/03\/step5.webp\" alt=\"\" width=\"85\" height=\"85\" title=\"\"><\/div>\n<div class=\"icon-block-text-right\">\n<h4><strong>Krok 5<\/strong><\/h4>\n<p style=\"text-align: right;\">Ode\u015blij zwrot na adres:<br \/>\n<strong>Madelinefashion<\/strong><br \/>\n<strong>ul. Moniuszki 13\/1<\/strong><br \/>\n<strong>95-050 Konstantyn\u00f3w \u0141\u00f3dzki\u00a0<\/strong><br \/>\n<strong>510 050 269<\/strong><\/p>\n<\/div>\n<\/div>\n<\/div>\n<p>Adres do zwrotu:<\/p>\n<h5><strong>MadelineFashion<\/strong><br \/>\n<strong>ul. Moniuszki 13\/1<\/strong><br \/>\n<strong>95-050 Konstantyn\u00f3w \u0141\u00f3dzki<br \/>\ntel.\u00a0 510 050 269<\/strong><\/h5>\n<h5><\/h5>\n<h5 style=\"text-align: center;\">UWAGA!<\/h5>\n<p style=\"text-align: center;\">Zwracany przez Klienta Towar powinien zosta\u0107 zapakowany w odpowiedni spos\u00f3b, zapewniaj\u0105cy brak uszkodze\u0144 przesy\u0142ki w trakcie transportu. W przypadku zauwa\u017conych brak\u00f3w w przesy\u0142ce, prosimy o<strong> niezw\u0142oczny kontakt<\/strong> nie p\u00f3\u017aniej jednak ni\u017c w ci\u0105gu 24 godzin od momentu odbioru przesy\u0142ki od kuriera. Nie przyjmujemy przesy\u0142ek odes\u0142anych do <strong>nas<\/strong> w formie \u201e<strong>za pobraniem<\/strong>\u201d. ( wymagaj\u0105cych op\u0142aty z Naszej strony)<\/p>\n<div>\n<div>\n<h4><img loading=\"lazy\" decoding=\"async\" class=\"\" src=\"https:\/\/andzela.com\/img\/wym-step1.png\" alt=\"\" width=\"69\" height=\"69\" title=\"\">Je\u015bli \u017ale dobra\u0142a\u015b rozmiar, nale\u017cy:<\/h4>\n<p>Skontaktowa\u0107 si\u0119 z Nami telefonicznie<strong> +48 510 050 269\u00a0<\/strong> w celu rezerwacji rozmiaru<\/p>\n<\/div>\n<\/div>\n<div>\n<div><img loading=\"lazy\" decoding=\"async\" class=\"\" src=\"https:\/\/andzela.com\/img\/wym-step2.png\" alt=\"\" width=\"70\" height=\"70\" title=\"\"> b\u0105d\u017a dokona\u0107 zwrotu wg instrukcji przedstawionej wy\u017cej i zam\u00f3wi\u0107 inny rozmiar lub produkt na naszej stronie <a href=\"http:\/\/www.madelinefashion.pl\">www.madelinefashion.pl<\/a><\/div>\n<div><\/div>\n<\/div>\n<p style=\"text-align: center;\">Mo\u017cna te\u017c skorzysta\u0107 z Wygodnych zwrot\u00f3w:<\/p>\n<div id=\"ak_returns_banner_efe5b45e-9c2f-4238-9888-92e7a293cb59\">[BANER-WZ]<\/div>\n","protected":false},"excerpt":{"rendered":"<p>Objednan\u00fd produkt nesp\u013a\u0148a va\u0161e o\u010dak\u00e1vania alebo je ve\u013ekos\u0165 nespr\u00e1vna? \u017diadny probl\u00e9m, m\u00f4\u017eete ho vr\u00e1ti\u0165 do 14 dn\u00ed. Ak chcete produkt vr\u00e1ti\u0165, vypl\u0148te pros\u00edm ni\u017e\u0161ie uveden\u00fd formul\u00e1r a po\u0161lite ho na adresu predajne: Formul\u00e1r na vr\u00e1tenie tovaru - na stiahnutie. Lacn\u00e9 vr\u00e1tenie prostredn\u00edctvom bal\u00edkovej schr\u00e1nky. Krok 1. Prihl\u00e1ste sa do svojho \u00fa\u010dtu a prejdite na kartu \u201em\u00f4j\u201c.<\/p>\n<div class=\"klb-readmore post-buttons\"><a class=\"button black outline size-sm\" href=\"https:\/\/madelinefashion.pl\/sk\/zwroty-2\/\">\u010c\u00edta\u0165 \u010falej <i class=\"klbth-icon-right-arrow\"><\/i><\/a><\/div>","protected":false},"author":1,"featured_media":0,"parent":0,"menu_order":0,"comment_status":"closed","ping_status":"closed","template":"","meta":{"footnotes":""},"class_list":["post-290","page","type-page","status-publish","hentry"],"_links":{"self":[{"href":"https:\/\/madelinefashion.pl\/sk\/wp-json\/wp\/v2\/pages\/290","targetHints":{"allow":["GET"]}}],"collection":[{"href":"https:\/\/madelinefashion.pl\/sk\/wp-json\/wp\/v2\/pages"}],"about":[{"href":"https:\/\/madelinefashion.pl\/sk\/wp-json\/wp\/v2\/types\/page"}],"author":[{"embeddable":true,"href":"https:\/\/madelinefashion.pl\/sk\/wp-json\/wp\/v2\/users\/1"}],"replies":[{"embeddable":true,"href":"https:\/\/madelinefashion.pl\/sk\/wp-json\/wp\/v2\/comments?post=290"}],"version-history":[{"count":34,"href":"https:\/\/madelinefashion.pl\/sk\/wp-json\/wp\/v2\/pages\/290\/revisions"}],"predecessor-version":[{"id":573110,"href":"https:\/\/madelinefashion.pl\/sk\/wp-json\/wp\/v2\/pages\/290\/revisions\/573110"}],"wp:attachment":[{"href":"https:\/\/madelinefashion.pl\/sk\/wp-json\/wp\/v2\/media?parent=290"}],"curies":[{"name":"pracovn\u00fd list","href":"https:\/\/api.w.org\/{rel}","templated":true}]}}