{"id":299,"date":"2017-03-26T23:09:56","date_gmt":"2017-03-26T23:09:56","guid":{"rendered":"https:\/\/demo.minwp.com\/ahashop\/?page_id=299"},"modified":"2025-03-28T21:22:14","modified_gmt":"2025-03-28T20:22:14","slug":"dostawa-platnosc","status":"publish","type":"page","link":"https:\/\/madelinefashion.pl\/sk\/dostawa-platnosc\/","title":{"rendered":"Doru\u010denie a platba"},"content":{"rendered":"<h2>DORU\u010cENIE V PO\u013dSKU<br \/>\nplatba<\/h2>\n<p>MadelineFashion<br \/>\nMoniuszki 13\/1<br \/>\n95-050 Konstantyn\u00f3w Lodzki<\/p>\n<p>NEST BANK<br \/>\n<strong>29 1870 1045 2083 1030 0197 0001<\/strong><\/p>\n<p>Doru\u010denie kuri\u00e9rom s platbou na dobierku <b>22 <\/b>zlot\u00fd<br \/>\nDoru\u010denie kuri\u00e9rom s platbou vopred na \u00fa\u010det\u00a0<strong>14.99<\/strong>\u00a0zlot\u00fd<br \/>\nDoru\u010denie v r\u00e1mci\u00a0<strong>48<\/strong> hodiny<\/p>\n<h5><strong>Menov\u00fd \u00fa\u010det v eur\u00e1ch<\/strong><\/h5>\n<p>MadelineFashion<br \/>\nMoniuszki 13\/1<br \/>\n95-050 Konstantyn\u00f3w Lodzki<\/p>\n<p><strong>PL86 1870 1045 2078 1030 0197 0001<\/strong><br \/>\n<strong>SWIFT k\u00f3d: NESBPLPW<\/strong><\/p>\n<p><strong>\u00a0<\/strong><\/p>\n<h5><strong>Menov\u00fd \u00fa\u010det v libr\u00e1ch GBP<\/strong><\/h5>\n<p>MadelineFashion<br \/>\nMoniuszki 13\/1<br \/>\n95-050 Konstantyn\u00f3w Lodzki<\/p>\n<p><strong>PL59 1870 1045 2078 1030 0197 0002<\/strong><br \/>\n<strong>SWIFT k\u00f3d: NESBPLPW<\/strong><\/p>\n<h2>MEDZIN\u00c1RODN\u00c9 DORU\u010cENIE<\/h2>\n<p>V\u0161etky z\u00e1sielky <strong>medzin\u00e1rodn\u00e9<\/strong> sa implementuj\u00fa po <strong>platba vopred na \u00fa\u010det.<\/strong><\/p>\n<ul>\n<li>Rak\u00fasko - <strong>39,99 PLN<\/strong><\/li>\n<li>Belgicko - <strong>39,99 PLN<\/strong><strong><br \/>\n<\/strong><\/li>\n<li>Bulharsko - <strong>39,99 PLN<\/strong><\/li>\n<li>Chorv\u00e1tsko - <strong>39,99 PLN<\/strong><strong><br \/>\n<\/strong><\/li>\n<li>\u010cesk\u00e1 republika - <strong>39,99 PLN<\/strong><\/li>\n<li>D\u00e1nsko -\u00a0<strong>39,99 PLN<\/strong><\/li>\n<li>Est\u00f3nsko \u2013 <strong>39,99 PLN<\/strong><\/li>\n<li>Holandsko - <strong>39,99 PLN<\/strong><\/li>\n<li>Litva - <strong>39,99 PLN<\/strong><\/li>\n<li>Luxembursko - <strong>39,99 PLN<\/strong><\/li>\n<li>Loty\u0161sko - <strong>39,99 PLN<\/strong><\/li>\n<li><strong>Nemecko<\/strong> \u2013 <strong>39,99 PLN<\/strong><\/li>\n<li>Portugalsko - <strong>39,99 PLN<\/strong><\/li>\n<li>Rumunsko - <strong>39,99 PLN<\/strong><\/li>\n<li>San Mar\u00edno - <strong>39,99 PLN<\/strong><\/li>\n<li><strong>Slovensko<\/strong> \u2013 <strong>39,99 PLN<\/strong><\/li>\n<li>Slovinsko - <strong>39,99 PLN<\/strong><\/li>\n<li>\u0160vaj\u010diarsko -\u00a0<strong>39,99 PLN<\/strong><\/li>\n<li>Ma\u010farsko - <strong>39,99 PLN<\/strong><\/li>\n<li>Taliansko - <strong>39,99 PLN<\/strong><\/li>\n<li>Franc\u00fazsko - <strong>99,99 PLN<\/strong><\/li>\n<li>Gr\u00e9cko -\u00a0 \u00a0<strong>99,99 PLN<\/strong><\/li>\n<li>\u00cdrsko (E\u00da) \u2013 <strong>99,99 PLN<\/strong><\/li>\n<li>\u0160panielsko - <strong>99,99 PLN<\/strong><\/li>\n<li>Malta - <strong>99,99 PLN<\/strong><\/li>\n<li>\u0160v\u00e9dsko - <strong>89,99 PLN<\/strong><strong><br \/>\n<\/strong><\/li>\n<li>F\u00ednsko - <strong>89,99 PLN<\/strong><\/li>\n<li>N\u00f3rsko- <strong>89,99 PLN<\/strong><\/li>\n<\/ul>","protected":false},"excerpt":{"rendered":"<p>DOSTAWA NA TERENIE POLSKI P\u0142atno\u015b\u0107 MadelineFashion Moniuszki 13\/1 95-050 Konstantyn\u00f3w \u0141\u00f3dzki NEST BANK 29 1870 1045 2083 1030 0197 0001 Dostawa kurierem z\u00a0p\u0142atno\u015b\u0107 przy odbiorze 22 z\u0142 Dostawa kurierem z\u00a0przedp\u0142at\u0105 na konto\u00a014.99\u00a0z\u0142 Wysy\u0142ka w\u00a0ci\u0105gu\u00a048 godzin Konto walutowe w Euro MadelineFashion Moniuszki 13\/1 95-050 Konstantyn\u00f3w \u0141\u00f3dzki PL86 1870 1045 2078 1030 0197 0001 Kod SWIFT:\u00a0 \u00a0<\/p>\n<div class=\"klb-readmore post-buttons\"><a class=\"button black outline size-sm\" href=\"https:\/\/madelinefashion.pl\/sk\/dostawa-platnosc\/\">\u010c\u00edta\u0165 \u010falej <i class=\"klbth-icon-right-arrow\"><\/i><\/a><\/div>","protected":false},"author":1,"featured_media":0,"parent":0,"menu_order":0,"comment_status":"closed","ping_status":"closed","template":"","meta":{"footnotes":""},"class_list":["post-299","page","type-page","status-publish","hentry"],"_links":{"self":[{"href":"https:\/\/madelinefashion.pl\/sk\/wp-json\/wp\/v2\/pages\/299","targetHints":{"allow":["GET"]}}],"collection":[{"href":"https:\/\/madelinefashion.pl\/sk\/wp-json\/wp\/v2\/pages"}],"about":[{"href":"https:\/\/madelinefashion.pl\/sk\/wp-json\/wp\/v2\/types\/page"}],"author":[{"embeddable":true,"href":"https:\/\/madelinefashion.pl\/sk\/wp-json\/wp\/v2\/users\/1"}],"replies":[{"embeddable":true,"href":"https:\/\/madelinefashion.pl\/sk\/wp-json\/wp\/v2\/comments?post=299"}],"version-history":[{"count":16,"href":"https:\/\/madelinefashion.pl\/sk\/wp-json\/wp\/v2\/pages\/299\/revisions"}],"predecessor-version":[{"id":562058,"href":"https:\/\/madelinefashion.pl\/sk\/wp-json\/wp\/v2\/pages\/299\/revisions\/562058"}],"wp:attachment":[{"href":"https:\/\/madelinefashion.pl\/sk\/wp-json\/wp\/v2\/media?parent=299"}],"curies":[{"name":"pracovn\u00fd list","href":"https:\/\/api.w.org\/{rel}","templated":true}]}}