{"id":3,"date":"2020-10-27T21:07:25","date_gmt":"2020-10-27T20:07:25","guid":{"rendered":"http:\/\/serwer2078743.home.pl\/?page_id=3"},"modified":"2022-05-25T22:44:31","modified_gmt":"2022-05-25T20:44:31","slug":"polityka-prywatnosci","status":"publish","type":"page","link":"https:\/\/madelinefashion.pl\/sk\/polityka-prywatnosci\/","title":{"rendered":"z\u00e1sady ochrany osobn\u00fdch \u00fadajov"},"content":{"rendered":"<p>V Madelinefashion.pl sme ve\u013emi odhodlan\u00ed poskytova\u0165 v\u00e1m pln\u00e9 re\u0161pektovanie s\u00fakromia a ochrany osobn\u00fdch \u00fadajov, prisp\u00f4soben\u00e9 po\u017eiadavk\u00e1m GDPR.<\/p>\n\n\n\n<p>Vytvorili sme Z\u00e1sady ochrany osobn\u00fdch \u00fadajov, aby sme v\u00e1m vysvetlili, \u010do zah\u0155\u0148a spracovanie va\u0161ich osobn\u00fdch \u00fadajov, uviedli pr\u00e1vne d\u00f4vody na spracovanie a predstavili pr\u00e1va dotknut\u00fdch os\u00f4b.<\/p>\n\n\n\n<p><strong>1. Spr\u00e1vca \u00fadajov.<\/strong><\/p>\n\n\n\n<p>Spr\u00e1vcom Va\u0161ich osobn\u00fdch \u00fadajov, t.j. subjektom, ktor\u00fd ur\u010duje \u00fa\u010dely a sp\u00f4soby sprac\u00favania osobn\u00fdch \u00fadajov je&nbsp;<strong>Madeline MAGDALENA DOBRODZIEJ-CHOJWA<\/strong>&nbsp;<strong>&nbsp;<\/strong>so s\u00eddlom ul. Moniuszki 13\/1 95-050 Konstantyn\u00f3w \u0141\u00f3dzki, NIP: 7312024439, REGON: 369051483<\/p>\n\n\n\n<p>Ot\u00e1zky t\u00fdkaj\u00face sa spracovania osobn\u00fdch \u00fadajov Spr\u00e1vcom m\u00f4\u017eete smerova\u0165 na adresu&nbsp;<a href=\"mailto:madelinefashionshop@gmail.com\" target=\"_blank\" rel=\"noreferrer noopener\">madelinefashionshop@gmail.com<\/a>&nbsp;v elektronickej forme alebo na kore\u0161ponden\u010dn\u00fa adresu Madeline Moniuszko 13\/1 95-050 Konstantyn\u00f3w \u0141\u00f3dzki<\/p>\n\n\n\n<p><strong>2. \u010co s\u00fa osobn\u00e9 \u00fadaje a ak\u00e9 je ich sprac\u00favanie?<\/strong><br>Pod\u013ea defin\u00edcie uvedenej v nariaden\u00ed Eur\u00f3pskeho parlamentu a Rady E\u00da 2016\/679 z 27. apr\u00edla 2016. o ochrane fyzick\u00fdch os\u00f4b pri sprac\u00favan\u00ed osobn\u00fdch \u00fadajov a o vo\u013enom pohybe t\u00fdchto \u00fadajov a o zru\u0161en\u00ed smernice 95\/4\/ES (GDPR),&nbsp;<strong>osobn\u00fdm \u00fadajom je ak\u00e1ko\u013evek inform\u00e1cia umo\u017e\u0148uj\u00faca priamo alebo nepriamo identifikova\u0165 fyzick\u00fa osobu<\/strong>. Tento typ \u00fadajov zah\u0155\u0148a napr. \u00fadaje umo\u017e\u0148uj\u00face identifik\u00e1ciu pou\u017e\u00edvate\u013ea (napr. meno, priezvisko, adresa, e-mailov\u00e1 adresa, telef\u00f3nne \u010d\u00edslo, fotografia), ako aj \u00fadaje upres\u0148uj\u00face preferencie pou\u017e\u00edvate\u013ea (napr. typy vybran\u00fdch produktov) a demografick\u00e9 a geoloka\u010dn\u00e9 \u00fadaje (napr. pohlavie, vek, umiestnenie). Osobn\u00e9 \u00fadaje zah\u0155\u0148aj\u00fa aj finan\u010dn\u00e9 a transak\u010dn\u00e9 \u00fadaje (napr. \u00fadaje o platobnej karte alebo platobnej karte, inform\u00e1cie o objedn\u00e1vkach, n\u00e1kupoch, reklam\u00e1ci\u00e1ch a vr\u00e1teniach tovaru) a obchodn\u00e9 inform\u00e1cie (napr. inform\u00e1cie o mo\u017enom z\u00e1ujme o ponuku). Na\u0161e spracovanie va\u0161ich osobn\u00fdch \u00fadajov z\u00e1vis\u00ed od spracovania. Tie obsahuj\u00fa nasleduj\u00face procesy:<\/p>\n\n\n\n<p>\u2022&nbsp;<strong>Registr\u00e1cia u\u017e\u00edvate\u013ea na webovej str\u00e1nke<\/strong>&nbsp;\u2013 za t\u00fdmto \u00fa\u010delom budeme spracov\u00e1va\u0165 va\u0161e osobn\u00e9 \u00fadaje v r\u00e1mci vytvorenia \u00fa\u010dtu, identifik\u00e1cie a ude\u013eovania pr\u00edstupu k jednotliv\u00fdm funkci\u00e1m a produktom. Pr\u00e1vnym z\u00e1kladom pre spracovanie t\u00fdchto \u00fadajov je \u010dl\u00e1nok 6. pt. 1. p\u00edsmeno f. GDPR. \u00dadaje potrebn\u00e9 pre tento proces budeme spracov\u00e1va\u0165 dovtedy, k\u00fdm budete ma\u0165 status registrovan\u00e9ho u\u017e\u00edvate\u013ea (t.j. k\u00fdm sa nerozhodnete odhl\u00e1si\u0165 sa z n\u00e1\u0161ho internetov\u00e9ho obchodu);<\/p>\n\n\n\n<p>\u2022&nbsp;<strong>Plnenie zmluvy<\/strong>&nbsp;\u2013 na tento \u00fa\u010del sprac\u00favame va\u0161e \u00fadaje napr. v r\u00e1mci:<\/p>\n\n\n\n<p>- informovanie o aktualiz\u00e1ci\u00e1ch va\u0161ej objedn\u00e1vky alebo poskytovanie inform\u00e1ci\u00ed s\u00favisiacich s produktmi, ktor\u00e9 ste si objednali,<br>- spr\u00e1va platieb za zak\u00fapen\u00e9 produkty,<br>- spravovanie pr\u00edpadn\u00fdch v\u00fdmen alebo vr\u00e1ten\u00ed po n\u00e1kupe,<br>- spr\u00e1va dotazov na dostupnos\u0165 produktov,<br>- rezerv\u00e1cie produktov,<br>\u2013 faktur\u00e1cia a vystavovanie potvrden\u00ed o uskuto\u010dnen\u00fdch n\u00e1kupoch,<br><br><\/p>\n\n\n\n<p>Pr\u00e1vnym z\u00e1kladom spracovania t\u00fdchto \u00fadajov je \u010dl\u00e1nok 6. pt. 1. p\u00edsmeno b. GDPR.<\/p>\n\n\n\n<p>\u00dadaje potrebn\u00e9 na uskuto\u010dnenie tohto procesu budeme spracov\u00e1va\u0165 po dobu nevyhnutn\u00fa na zvl\u00e1dnutie procesu n\u00e1kupu, vr\u00e1tane riadenia pr\u00edpadn\u00fdch vr\u00e1ten\u00ed tovaru a reklam\u00e1ci\u00ed;<\/p>\n\n\n\n<p>\u2022&nbsp;<strong>Podniknite kroky na svoju \u017eiados\u0165 alebo \u017eiados\u0165<\/strong>&nbsp;\u2013 na tento \u00fa\u010del sprac\u00favame va\u0161e \u00fadaje len v rozsahu potrebnom na realiz\u00e1ciu va\u0161ich po\u017eiadaviek alebo \u017eiadost\u00ed. M\u00f4\u017eete n\u00e1s kontaktova\u0165 telefonicky, e-mailom, kore\u0161ponden\u010dne na adresu s\u00eddla spolo\u010dnosti, ako aj v\u00fdberom instant messengerov. Ak pou\u017e\u00edvate slu\u017ebu chatu na soci\u00e1lnej sieti, niektor\u00e9 va\u0161e osobn\u00e9 \u00fadaje bud\u00fa importovan\u00e9 z v\u00e1\u0161ho pou\u017e\u00edvate\u013esk\u00e9ho \u00fa\u010dtu. Mus\u00edte vedie\u0165, \u017ee odoslan\u00edm \u00fadajov prostredn\u00edctvom tohto komunika\u010dn\u00e9ho kan\u00e1la bud\u00fa spr\u00edstupnen\u00e9 aj na str\u00e1nke soci\u00e1lnej siete so samostatn\u00fdmi z\u00e1sadami ochrany osobn\u00fdch \u00fadajov. Podrobnej\u0161ie inform\u00e1cie o tom, ako sa pou\u017e\u00edvaj\u00fa, si nezabudnite skontrolova\u0165 v nastaveniach ochrany osobn\u00fdch \u00fadajov.<\/p>\n\n\n\n<p>Pr\u00e1vnym z\u00e1kladom spracovania \u00fadajov potrebn\u00fdch na prijatie opatren\u00ed na va\u0161u \u017eiados\u0165 je \u010dl\u00e1nok 6. pt. 1. p\u00edsmeno f. GDPR, \u010dl. 6 bod 1 p\u00edsm. b GDPR, \u010dl. 6 bod 1 p\u00edsmeno c GDPR. \u00dadaje potrebn\u00e9 na vykonanie tohto procesu budeme spracov\u00e1va\u0165 po dobu nevyhnutn\u00fa na vybavenie \u010dinnost\u00ed na va\u0161u \u017eiados\u0165 alebo dopyt;<\/p>\n\n\n\n<p>\u2022&nbsp;<strong>marketing<\/strong>&nbsp;\u2013 na tento \u00fa\u010del sa va\u0161e \u00fadaje sprac\u00favaj\u00fa za \u00fa\u010delom:<\/p>\n\n\n\n<p>prisp\u00f4sobi\u0165 ponuku va\u0161im potreb\u00e1m a navrhn\u00fa\u0165 produkty na z\u00e1klade va\u0161ich preferenci\u00ed,<\/p>\n\n\n\n<p>spravova\u0165 odbery a prisp\u00f4sobova\u0165 ich va\u0161im individu\u00e1lnym potreb\u00e1m a s\u00fahlasom,<\/p>\n\n\n\n<p>posiela\u0165 v\u00e1m inform\u00e1cie prostredn\u00edctvom e-mailu, textov\u00fdch spr\u00e1v a upozornen\u00ed PUSH<\/p>\n\n\n\n<p>zobrazova\u0165 v\u00e1m online reklamy na na\u0161e produkty po prehliadan\u00ed na\u0161ej webovej str\u00e1nky (tieto reklamy sa m\u00f4\u017eu zobrazova\u0165 tak na in\u00fdch webov\u00fdch str\u00e1nkach, ako aj na soci\u00e1lnych sie\u0165ach, ktor\u00fdch ste pou\u017e\u00edvate\u013eom),<\/p>\n\n\n\n<p>vykon\u00e1va\u0165 propaga\u010dn\u00e9 aktivity, napr\u00edklad v r\u00e1mci organizovania s\u00fa\u0165a\u017e\u00ed alebo pripomienok produktov ulo\u017een\u00fdch vo va\u0161om u\u017e\u00edvate\u013eskom profile,<\/p>\n\n\n\n<p>\u0161\u00edri\u0165 na na\u0161ich soci\u00e1lnych profiloch fotografie, ktor\u00e9 ste n\u00e1m poskytli na z\u00e1klade v\u00e1\u0161ho samostatn\u00e9ho s\u00fahlasu.<\/p>\n\n\n\n<p>Pr\u00e1vnym z\u00e1kladom spracovania t\u00fdchto \u00fadajov je \u010dl.6. pt. 1. p\u00edsmeno a. GDPR. Budeme spracov\u00e1va\u0165 \u00fadaje potrebn\u00e9 na dosiahnutie marketingov\u00fdch \u00fa\u010delov, k\u00fdm neodvol\u00e1te svoj s\u00fahlas;<\/p>\n\n\n\n<p>\u2022&nbsp;<strong>Zlep\u0161enie na\u0161ej webovej str\u00e1nky<\/strong>&nbsp;\u2013 Va\u0161e \u00fadaje sprac\u00favame napr\u00edklad v r\u00e1mci realiz\u00e1cie analytick\u00fdch a statick\u00fdch \u010dinnost\u00ed. Pr\u00e1vnym z\u00e1kladom spracovania t\u00fdchto \u00fadajov je \u010dl.6. pt. 1. p\u00edsmeno f. GDPR. \u00dadaje potrebn\u00e9 na vykonanie tohto procesu budeme spracov\u00e1va\u0165 a\u017e do skon\u010denia konkr\u00e9tnej akcie, ktor\u00fa vykon\u00e1me;<\/p>\n\n\n\n<p>\u2022&nbsp;<strong>Obrana proti mo\u017en\u00fdm n\u00e1rokom&nbsp;<\/strong>\u2013 v r\u00e1mci tohto procesu budeme sprac\u00fava\u0165 \u00fadaje pod\u013ea \u010dl. 6 sek. 1 lit. f GDPR, do uplynutia platnosti ak\u00fdchko\u013evek n\u00e1rokov.<\/p>\n\n\n\n<p>3.&nbsp;<strong>Ak\u00e9 pr\u00e1va m\u00e1te vy a in\u00e9 dotknut\u00e9 osoby?<\/strong><\/p>\n\n\n\n<p>GDPR d\u00e1va dotknut\u00fdm osob\u00e1m mno\u017estvo pr\u00e1v, ktor\u00fdch implement\u00e1ciu zabezpe\u010dujeme. M\u00f4\u017eete n\u00e1s po\u017eiada\u0165 o uplatnenie svojich pr\u00e1v e-mailom zaslan\u00edm spr\u00e1vy na nasleduj\u00facu adresu:&nbsp;<a href=\"mailto:madelinefashionshop@gmail.com\" target=\"_blank\" rel=\"noreferrer noopener\">madelinefashionshop@gmail.com<\/a>&nbsp;s uveden\u00edm d\u00f4vodu va\u0161ej \u017eiadosti a pr\u00e1va, ktor\u00e9 chcete uplatni\u0165. M\u00e1te pr\u00e1va:<\/p>\n\n\n\n<p>\u2022&nbsp;<strong>pr\u00e1vo na pr\u00edstup k obsahu va\u0161ich \u00fadajov&nbsp;<\/strong>- pomocou tohto pr\u00e1va m\u00f4\u017eete z\u00edska\u0165 inform\u00e1cie o tom, ak\u00e9 \u00fadaje spracov\u00e1vame, ako a za ak\u00fdm \u00fa\u010delom,<\/p>\n\n\n\n<p>\u2022&nbsp;<strong>pr\u00e1vo na opravu \u00fadajov<\/strong>&nbsp;- pomocou tohto pr\u00e1va n\u00e1m m\u00f4\u017eete nahl\u00e1si\u0165 potrebu opravy alebo doplnenia \u00fadajov,<\/p>\n\n\n\n<p>\u2022&nbsp;<strong>pr\u00e1vo na vymazanie \u00fadajov<\/strong>&nbsp;\u2013 pomocou tohto pr\u00e1va m\u00f4\u017eete poda\u0165 \u017eiados\u0165 o vymazanie \u00fadajov. Ak je \u017eiados\u0165 opr\u00e1vnen\u00e1, \u00fadaje bezodkladne vyma\u017eeme. Toto pr\u00e1vo sa v\u0161ak nevz\u0165ahuje na situ\u00e1cie, kedy sa osobn\u00e9 \u00fadaje sprac\u00favaj\u00fa na \u00fa\u010dely s\u00favisiace s plnen\u00edm povinnost\u00ed, ktor\u00e9 n\u00e1m uklad\u00e1 z\u00e1kon.<\/p>\n\n\n\n<p>\u2022<strong>&nbsp;pr\u00e1vo na obmedzenie spracovania<\/strong>&nbsp;\u2013 pomocou tohto pr\u00e1va m\u00f4\u017eete poda\u0165 \u017eiados\u0165 o obmedzenie sprac\u00favania, ak spochyb\u0148ujete spr\u00e1vnos\u0165 sprac\u00favan\u00fdch \u00fadajov. Ak je \u017eiados\u0165 opr\u00e1vnen\u00e1, m\u00f4\u017eeme \u00fadaje iba ulo\u017ei\u0165 a \u010fal\u0161ie spracovanie m\u00f4\u017ee prebieha\u0165 po z\u00e1niku priestorov od\u00f4vod\u0148uj\u00facich obmedzenie spracovania,<\/p>\n\n\n\n<p>\u2022&nbsp;<strong>pr\u00e1vo odvola\u0165 s\u00fahlas so spracovan\u00edm \u00fadajov<\/strong>&nbsp;(v pr\u00edpade sprac\u00favania zalo\u017een\u00e9ho na s\u00fahlase) - svoj s\u00fahlas m\u00e1te pr\u00e1vo kedyko\u013evek odvola\u0165 bez toho, aby to malo vplyv na z\u00e1konnos\u0165 predch\u00e1dzaj\u00faceho sprac\u00favania, t.j. pred odvolan\u00edm s\u00fahlasu,<\/p>\n\n\n\n<p>\u2022&nbsp;<strong>pr\u00e1vo na z\u00edskanie k\u00f3pie \u00fadajov<\/strong>&nbsp;v \u0161trukt\u00farovanom form\u00e1te na be\u017en\u00e9 pou\u017eitie, \u010ditate\u013en\u00fd \u0161pecifick\u00fdmi zariadeniami,<\/p>\n\n\n\n<p>\u2022&nbsp;<strong>pr\u00e1vo na prenosnos\u0165 \u00fadajov<\/strong>&nbsp;in\u00e9mu spr\u00e1vcovi, ak je to technicky mo\u017en\u00e9,<\/p>\n\n\n\n<p>\u2022&nbsp;<strong>pr\u00e1vo namieta\u0165<\/strong>&nbsp;na sprac\u00favanie osobn\u00fdch \u00fadajov za \u00fa\u010delom pr\u00edpadnej obrany pred n\u00e1rokmi alebo ich pre\u0161etrenia.<\/p>\n\n\n\n<p>Aj vy m\u00e1te pr\u00e1vo&nbsp;<strong>podanie s\u0165a\u017enosti dozorn\u00e9mu org\u00e1nu<\/strong>&nbsp;\u2013 predsedn\u00ed\u010dka \u00daradu na ochranu osobn\u00fdch \u00fadajov, ak sa rozhodnete, \u017ee sprac\u00favame osobn\u00e9 \u00fadaje v rozpore so z\u00e1konom.<\/p>\n\n\n\n<p><strong>4. Zdie\u013eanie osobn\u00fdch \u00fadajov.<\/strong><\/p>\n\n\n\n<p>Spr\u00e1vca poskytuje \u00fadaje pou\u017e\u00edvate\u013eov webovej str\u00e1nky&nbsp;<a href=\"https:\/\/madelinefashion.pl\/sk\/\" target=\"_blank\" rel=\"noreferrer noopener\">www.madelinefashion.pl<\/a>&nbsp;spolupracuj\u00facich poskytovate\u013eov slu\u017eieb, s ktor\u00fdmi s\u00fa podp\u00edsan\u00e9 poverovacie zmluvy. Medzi poskytovate\u013eov slu\u017eieb, ktor\u00fdm s\u00fa \u00fadaje zveren\u00e9, patria okrem in\u00e9ho: poskytovate\u013e e-mailov\u00e9ho hostingu a poskytovatelia serverov\u00e9ho hostingu, spolo\u010dnosti poskytuj\u00face po\u0161tov\u00e9, kuri\u00e9rske, prepravn\u00e9 a doru\u010dovacie slu\u017eby, poskytovatelia technologick\u00fdch a analytick\u00fdch slu\u017eieb, poskytovatelia slu\u017eieb s\u00favisiacich so slu\u017ebami z\u00e1kazn\u00edkom, marketingov\u00e9 agent\u00fary a \u010fal\u0161\u00ed dod\u00e1vatelia a partneri pri poskytovan\u00ed slu\u017eieb s\u00favisiacich s marketingom a reklama (napr. soci\u00e1lne port\u00e1ly).<\/p>\n\n\n\n<p>Aby boli poskytovan\u00e9 slu\u017eby \u010do najefekt\u00edvnej\u0161ie, niektor\u00ed z uveden\u00fdch poskytovate\u013eov slu\u017eieb s\u00eddlia v krajin\u00e1ch mimo Eur\u00f3pskeho hospod\u00e1rskeho priestoru. Vzh\u013eadom na mo\u017enos\u0165 prenosu va\u0161ich \u00fadajov mimo EHP sme zaviedli dodato\u010dn\u00e9 z\u00e1ruky v podobe napr. \u0161tandardn\u00e9 zmluvn\u00e9 dolo\u017eky a vhodn\u00e9 doplnkov\u00e9 opatrenia. Ak chcete z\u00edska\u0165 \u010fal\u0161ie inform\u00e1cie o ochrann\u00fdch opatreniach, ktor\u00e9 pou\u017e\u00edvame, kontaktujte n\u00e1s.<\/p>\n\n\n\n<p><strong>5. S\u00fabory cookie.<\/strong><\/p>\n\n\n\n<p>Na\u0161a str\u00e1nka pou\u017e\u00edva cookies. S\u00fa to mal\u00e9 textov\u00e9 s\u00fabory odoslan\u00e9 webov\u00fdm serverom a ulo\u017een\u00e9 po\u010d\u00edta\u010dov\u00fdm softv\u00e9rom prehliada\u010da. Ke\u010f sa prehliada\u010d znova pripoj\u00ed k lokalite, lokalita rozpozn\u00e1 typ zariadenia, z ktor\u00e9ho sa pou\u017e\u00edvate\u013e prip\u00e1ja. Parametre umo\u017e\u0148uj\u00fa \u010d\u00edta\u0165 inform\u00e1cie v nich obsiahnut\u00e9 iba serveru, ktor\u00fd ich vytvoril. S\u00fabory cookie preto u\u013eah\u010duj\u00fa pou\u017e\u00edvanie predt\u00fdm nav\u0161t\u00edven\u00fdch webov\u00fdch str\u00e1nok. Zhroma\u017eden\u00e9 inform\u00e1cie sa t\u00fdkaj\u00fa IP adresy, typu pou\u017e\u00edvan\u00e9ho prehliada\u010da, jazyka, typu opera\u010dn\u00e9ho syst\u00e9mu, inform\u00e1ci\u00ed o \u010dase a d\u00e1tume, umiestnen\u00ed a inform\u00e1ci\u00ed odoslan\u00fdch na webov\u00fa str\u00e1nku prostredn\u00edctvom kontaktn\u00e9ho formul\u00e1ra. Zhroma\u017eden\u00e9 \u00fadaje pou\u017e\u00edvame na sledovanie a kontrolu toho, ako pou\u017e\u00edvatelia pou\u017e\u00edvaj\u00fa na\u0161e webov\u00e9 str\u00e1nky, aby sme zlep\u0161ili fungovanie webovej str\u00e1nky a poskytli efekt\u00edvnej\u0161iu a bezprobl\u00e9mov\u00fa navig\u00e1ciu. Inform\u00e1cie o pou\u017e\u00edvate\u013eoch sledujeme pomocou n\u00e1stroja Google Analytics, ktor\u00fd zaznamen\u00e1va spr\u00e1vanie pou\u017e\u00edvate\u013eov na webovej str\u00e1nke. Pou\u017e\u00edvame cookies, aby sme zaru\u010dili najvy\u0161\u0161\u00ed \u0161tandard pohodlia na\u0161ej webovej str\u00e1nky a zhroma\u017eden\u00e9 \u00fadaje sa pou\u017e\u00edvaj\u00fa na optimaliz\u00e1ciu aktiv\u00edt. Mo\u017enos\u0165 zhroma\u017e\u010fovania cookies m\u00f4\u017eete kedyko\u013evek zak\u00e1za\u0165 alebo obnovi\u0165 zmenou nastaven\u00ed vo va\u0161om webovom prehliada\u010di.<\/p>\n\n\n\n<p><strong>6. Zmeny Z\u00e1sad ochrany osobn\u00fdch \u00fadajov.<\/strong><\/p>\n\n\n\n<p>Z\u00e1sady ochrany osobn\u00fdch \u00fadajov sa m\u00f4\u017eu zmeni\u0165 pod\u013ea n\u00e1\u0161ho uv\u00e1\u017eenia. Ak vykon\u00e1me zmeny, informujeme o tom v\u0161etk\u00fdch pou\u017e\u00edvate\u013eov prostredn\u00edctvom dostupn\u00fdch komunika\u010dn\u00fdch kan\u00e1lov.<\/p>\n\n\n\n<p>\u010eakujeme, \u017ee ste si pre\u010d\u00edtali na\u0161e Z\u00e1sady ochrany osobn\u00fdch \u00fadajov.<\/p>","protected":false},"excerpt":{"rendered":"<p>W Madelinefashion.pl bardzo zale\u017cy nam na zapewnieniu Tobie pe\u0142nego poszanowania prywatno\u015bci oraz ochronie danych osobowych, dostosowanej do wymog\u00f3w RODO. Stworzyli\u015bmy Polityk\u0119 prywatno\u015bci, aby wyja\u015bni\u0107 Tobie, na czym polega przetwarzanie przez nas Twoich danych osobowych, wskaza\u0107 podstawy prawne przetwarzania oraz przedstawi\u0107 prawa os\u00f3b, kt\u00f3rych dane dotycz\u0105. 1. Administrator Danych. Administratorem Twoich danych osobowych, czyli podmiotem, kt\u00f3ry<\/p>\n<div class=\"klb-readmore post-buttons\"><a class=\"button black outline size-sm\" href=\"https:\/\/madelinefashion.pl\/sk\/polityka-prywatnosci\/\">\u010c\u00edta\u0165 \u010falej <i class=\"klbth-icon-right-arrow\"><\/i><\/a><\/div>","protected":false},"author":1,"featured_media":0,"parent":0,"menu_order":0,"comment_status":"closed","ping_status":"open","template":"","meta":{"footnotes":""},"class_list":["post-3","page","type-page","status-publish","hentry"],"_links":{"self":[{"href":"https:\/\/madelinefashion.pl\/sk\/wp-json\/wp\/v2\/pages\/3","targetHints":{"allow":["GET"]}}],"collection":[{"href":"https:\/\/madelinefashion.pl\/sk\/wp-json\/wp\/v2\/pages"}],"about":[{"href":"https:\/\/madelinefashion.pl\/sk\/wp-json\/wp\/v2\/types\/page"}],"author":[{"embeddable":true,"href":"https:\/\/madelinefashion.pl\/sk\/wp-json\/wp\/v2\/users\/1"}],"replies":[{"embeddable":true,"href":"https:\/\/madelinefashion.pl\/sk\/wp-json\/wp\/v2\/comments?post=3"}],"version-history":[{"count":1,"href":"https:\/\/madelinefashion.pl\/sk\/wp-json\/wp\/v2\/pages\/3\/revisions"}],"predecessor-version":[{"id":41376,"href":"https:\/\/madelinefashion.pl\/sk\/wp-json\/wp\/v2\/pages\/3\/revisions\/41376"}],"wp:attachment":[{"href":"https:\/\/madelinefashion.pl\/sk\/wp-json\/wp\/v2\/media?parent=3"}],"curies":[{"name":"pracovn\u00fd list","href":"https:\/\/api.w.org\/{rel}","templated":true}]}}