{"id":577910,"date":"2025-09-05T09:37:04","date_gmt":"2025-09-05T07:37:04","guid":{"rendered":"https:\/\/madelinefashion.pl\/?page_id=577910"},"modified":"2025-09-05T09:49:28","modified_gmt":"2025-09-05T07:49:28","slug":"blog-2","status":"publish","type":"page","link":"https:\/\/madelinefashion.pl\/sk\/blog-2\/","title":{"rendered":"Blog"},"content":{"rendered":"\t\t<div data-elementor-type=\"wp-page\" data-elementor-id=\"577910\" class=\"elementor elementor-577910\">\n\t\t\t\t<div class=\"elementor-element elementor-element-fcefcf1 e-flex e-con-boxed e-con e-parent\" data-id=\"fcefcf1\" data-element_type=\"container\">\n\t\t\t\t\t<div class=\"e-con-inner\">\n\t\t\t\t<div class=\"elementor-element elementor-element-39f8404 elementor-widget elementor-widget-wp-widget-categories\" data-id=\"39f8404\" data-element_type=\"widget\" data-widget_type=\"wp-widget-categories.default\">\n\t\t\t\t<div class=\"elementor-widget-container\">\n\t\t\t\t\t<h5>Kateg\u00f3rie<\/h5><form action=\"https:\/\/madelinefashion.pl\/sk\" method=\"get\"><label class=\"screen-reader-text\" for=\"cat\">Kateg\u00f3rie<\/label><select  name='cat' id='cat' class='postform'>\n\t<option value='-1'>V\u00fdber kateg\u00f3rie<\/option>\n\t<option class=\"level-0\" value=\"1\">Bez kategorii&nbsp;&nbsp;(7)<\/option>\n\t<option class=\"level-0\" value=\"679\">Blog&nbsp;&nbsp;(32)<\/option>\n\t<option class=\"level-0\" value=\"268\">Porady&nbsp;&nbsp;(26)<\/option>\n<\/select>\n<\/form><script type=\"text\/javascript\">\n\/* <![CDATA[ *\/\n\n( ( dropdownId ) => {\n\tconst dropdown = document.getElementById( dropdownId );\n\tfunction onSelectChange() {\n\t\tsetTimeout( () => {\n\t\t\tif ( 'escape' === dropdown.dataset.lastkey ) {\n\t\t\t\treturn;\n\t\t\t}\n\t\t\tif ( dropdown.value && parseInt( dropdown.value ) > 0 && dropdown instanceof HTMLSelectElement ) {\n\t\t\t\tdropdown.parentElement.submit();\n\t\t\t}\n\t\t}, 250 );\n\t}\n\tfunction onKeyUp( event ) {\n\t\tif ( 'Escape' === event.key ) {\n\t\t\tdropdown.dataset.lastkey = 'escape';\n\t\t} else {\n\t\t\tdelete dropdown.dataset.lastkey;\n\t\t}\n\t}\n\tfunction onClick() {\n\t\tdelete dropdown.dataset.lastkey;\n\t}\n\tdropdown.addEventListener( 'keyup', onKeyUp );\n\tdropdown.addEventListener( 'click', onClick );\n\tdropdown.addEventListener( 'change', onSelectChange );\n})( \"cat\" );\n\n\/\/# sourceURL=WP_Widget_Categories%3A%3Awidget\n\/* ]]> *\/\n<\/script>\n\t\t\t\t<\/div>\n\t\t\t\t<\/div>\n\t\t\t\t\t<\/div>\n\t\t\t\t<\/div>\n\t\t<div class=\"elementor-element elementor-element-0a162f0 e-flex e-con-boxed e-con e-parent\" data-id=\"0a162f0\" data-element_type=\"container\">\n\t\t\t\t\t<div class=\"e-con-inner\">\n\t\t\t\t<div class=\"elementor-element elementor-element-99dcd8a elementor-widget elementor-widget-wp-widget-recent-posts\" data-id=\"99dcd8a\" data-element_type=\"widget\" data-widget_type=\"wp-widget-recent-posts.default\">\n\t\t\t\t<div class=\"elementor-widget-container\">\n\t\t\t\t\t\n\t\t\n\t\t<h5>Najnov\u0161ie \u010dl\u00e1nky<\/h5>\n\t\t<ul>\n\t\t\t\t\t\t\t\t\t\t\t<li>\n\t\t\t\t\t<a href=\"https:\/\/madelinefashion.pl\/sk\/sukienki-na-jedno-ramie\/\">Sukienki na jedno rami\u0119 &#8211; jakie s\u0105 modne w 2026 roku?<\/a>\n\t\t\t\t\t\t\t\t\t<\/li>\n\t\t\t\t\t\t\t\t\t\t\t<li>\n\t\t\t\t\t<a href=\"https:\/\/madelinefashion.pl\/sk\/suknie-slubne-koronkowe\/\">Suknie \u015blubne koronkowe \u2013 jakie kr\u00f3luj\u0105 w roku 2026? \u2728\ud83d\udc70<\/a>\n\t\t\t\t\t\t\t\t\t<\/li>\n\t\t\t\t\t\t\t\t\t\t\t<li>\n\t\t\t\t\t<a href=\"https:\/\/madelinefashion.pl\/sk\/garnitury-na-rozne-okazje\/\">\u2728 Garnitury na r\u00f3\u017cne okazje \u2013 jakie kr\u00f3luj\u0105 w roku 2026?<\/a>\n\t\t\t\t\t\t\t\t\t<\/li>\n\t\t\t\t\t\t\t\t\t\t\t<li>\n\t\t\t\t\t<a href=\"https:\/\/madelinefashion.pl\/sk\/sukienki-asymetryczne-fayola\/\">Sukienki asymetryczne Fayola &#8211; hitem na 2026 rok<\/a>\n\t\t\t\t\t\t\t\t\t<\/li>\n\t\t\t\t\t\t\t\t\t\t\t<li>\n\t\t\t\t\t<a href=\"https:\/\/madelinefashion.pl\/sk\/suknie-slubne-i-dla-druhen\/\">Suknie \u015blubne i sukienki dla druhen<\/a>\n\t\t\t\t\t\t\t\t\t<\/li>\n\t\t\t\t\t\t\t\t\t\t\t<li>\n\t\t\t\t\t<a href=\"https:\/\/madelinefashion.pl\/sk\/sukienki-zielone-pastelowe\/\">Sukienki zielone \u2013 pastelowy trend, kt\u00f3ry podbija mod\u0119<\/a>\n\t\t\t\t\t\t\t\t\t<\/li>\n\t\t\t\t\t\t\t\t\t\t\t<li>\n\t\t\t\t\t<a href=\"https:\/\/madelinefashion.pl\/sk\/sukienki-boho\/\">Bia\u0142a d\u0142uga sukienka boho<\/a>\n\t\t\t\t\t\t\t\t\t<\/li>\n\t\t\t\t\t\t\t\t\t\t\t<li>\n\t\t\t\t\t<a href=\"https:\/\/madelinefashion.pl\/sk\/dress-on-now\/\">Dress on now<\/a>\n\t\t\t\t\t\t\t\t\t<\/li>\n\t\t\t\t\t\t\t\t\t\t\t<li>\n\t\t\t\t\t<a href=\"https:\/\/madelinefashion.pl\/sk\/sukienka-fuksja\/\">Sukienka fuksja<\/a>\n\t\t\t\t\t\t\t\t\t<\/li>\n\t\t\t\t\t\t\t\t\t\t\t<li>\n\t\t\t\t\t<a href=\"https:\/\/madelinefashion.pl\/sk\/suknie-slubne-w-konstantynowie-lodzkim\/\">Suknie \u015blubne w Konstantynowie \u0141\u00f3dzkim<\/a>\n\t\t\t\t\t\t\t\t\t<\/li>\n\t\t\t\t\t\t\t\t\t\t\t<li>\n\t\t\t\t\t<a href=\"https:\/\/madelinefashion.pl\/sk\/jak-dopasowac-suknie-okolicznosciowe-idealnie-dla-siebie\/\">Jak Dopasowa\u0107 Suknie Okoliczno\u015bciowe Idealnie dla Siebie<\/a>\n\t\t\t\t\t\t\t\t\t<\/li>\n\t\t\t\t\t\t\t\t\t\t\t<li>\n\t\t\t\t\t<a href=\"https:\/\/madelinefashion.pl\/sk\/garnitur-damski\/\">Garnitur damski na chrzciny, wesele, komuni\u0119 &#8211; jak wybra\u0107 idealny w tym sezonie 2026<\/a>\n\t\t\t\t\t\t\t\t\t<\/li>\n\t\t\t\t\t\t\t\t\t\t\t<li>\n\t\t\t\t\t<a href=\"https:\/\/madelinefashion.pl\/sk\/sukienki-na-bal-osmoklasisty\/\">Sukienki na bal \u00f3smoklasisty \u2013 trendy tego sezonu 2026<\/a>\n\t\t\t\t\t\t\t\t\t<\/li>\n\t\t\t\t\t\t\t\t\t\t\t<li>\n\t\t\t\t\t<a href=\"https:\/\/madelinefashion.pl\/sk\/sukienki-na-wystepy\/\">Sukienki na wyst\u0119py \u2013 aran\u017cacje sceniczne, kt\u00f3re robi\u0105 efekt &#8222;wow&#8221;<\/a>\n\t\t\t\t\t\t\t\t\t<\/li>\n\t\t\t\t\t\t\t\t\t\t\t<li>\n\t\t\t\t\t<a href=\"https:\/\/madelinefashion.pl\/sk\/suknie-slubne-okolicznosciowe-konstantynow-lodzki\/\">Suknie \u015blubne i okoliczno\u015bciowe w Konstantynowie \u0141\u00f3dzkim<\/a>\n\t\t\t\t\t\t\t\t\t<\/li>\n\t\t\t\t\t\t\t\t\t\t\t<li>\n\t\t\t\t\t<a href=\"https:\/\/madelinefashion.pl\/sk\/dlaczego-kochamy-sukienki-historia-kobiecej-elegancji\/\">Dlaczego kochamy sukienki? Historia kobiecej elegancji<\/a>\n\t\t\t\t\t\t\t\t\t<\/li>\n\t\t\t\t\t\t\t\t\t\t\t<li>\n\t\t\t\t\t<a href=\"https:\/\/madelinefashion.pl\/sk\/kolory-sukienek-sezon-2026\/\">Kolory sukienek, kt\u00f3re kr\u00f3luj\u0105 w tym sezonie \u2013 jak je nosi\u0107?<\/a>\n\t\t\t\t\t\t\t\t\t<\/li>\n\t\t\t\t\t\t\t\t\t\t\t<li>\n\t\t\t\t\t<a href=\"https:\/\/madelinefashion.pl\/sk\/sukienki-ktore-wyszczuplaja\/\">Sukienki, kt\u00f3re wyszczuplaj\u0105 \u2013 modele, kt\u00f3re naprawd\u0119 dzia\u0142aj\u0105<\/a>\n\t\t\t\t\t\t\t\t\t<\/li>\n\t\t\t\t\t\t\t\t\t\t\t<li>\n\t\t\t\t\t<a href=\"https:\/\/madelinefashion.pl\/sk\/sukienka-na-18-stke-trendy-i-propozycje-stylizacji\/\">Sukienka na 18-stk\u0119 \u2013 trendy i propozycje stylizacji<\/a>\n\t\t\t\t\t\t\t\t\t<\/li>\n\t\t\t\t\t\t\t\t\t\t\t<li>\n\t\t\t\t\t<a href=\"https:\/\/madelinefashion.pl\/sk\/sukienki-princessa-na-studniowke-2026\/\">Sukienki princessa na studni\u00f3wk\u0119 2026<\/a>\n\t\t\t\t\t\t\t\t\t<\/li>\n\t\t\t\t\t\t\t\t\t\t\t<li>\n\t\t\t\t\t<a href=\"https:\/\/madelinefashion.pl\/sk\/sukienki-ksiezniczki-na-studniowke-i-18-stke\/\">Sukienki ksi\u0119\u017cniczki na studni\u00f3wk\u0119 i 18-stk\u0119<\/a>\n\t\t\t\t\t\t\t\t\t<\/li>\n\t\t\t\t\t\t\t\t\t\t\t<li>\n\t\t\t\t\t<a href=\"https:\/\/madelinefashion.pl\/sk\/sukienki-wieczorowe-plus-size\/\">Sukienki wieczorowe Plus Size<\/a>\n\t\t\t\t\t\t\t\t\t<\/li>\n\t\t\t\t\t\t\t\t\t\t\t<li>\n\t\t\t\t\t<a href=\"https:\/\/madelinefashion.pl\/sk\/zlote-sukienki\/\">Z\u0142ote sukienki<\/a>\n\t\t\t\t\t\t\t\t\t<\/li>\n\t\t\t\t\t\t\t\t\t\t\t<li>\n\t\t\t\t\t<a href=\"https:\/\/madelinefashion.pl\/sk\/czarne-sukienki\/\">Czarne sukienki<\/a>\n\t\t\t\t\t\t\t\t\t<\/li>\n\t\t\t\t\t\t\t\t\t\t\t<li>\n\t\t\t\t\t<a href=\"https:\/\/madelinefashion.pl\/sk\/suknie-slubne-lodz-jaracza\/\">Suknie \u015blubne w MEGA konkurencyjnych cenach<\/a>\n\t\t\t\t\t\t\t\t\t<\/li>\n\t\t\t\t\t\t\t\t\t\t\t<li>\n\t\t\t\t\t<a href=\"https:\/\/madelinefashion.pl\/sk\/sukienki-ch-ptak\/\">Najwi\u0119kszy wyb\u00f3r sukienek w \u0142\u00f3dzkim &#8211; gwarancja najni\u017cszej ceny<\/a>\n\t\t\t\t\t\t\t\t\t<\/li>\n\t\t\t\t\t\t\t\t\t\t\t<li>\n\t\t\t\t\t<a href=\"https:\/\/madelinefashion.pl\/sk\/sukienki-na-andrzejki-2025\/\">Sukienki na Andrzejki 2025<\/a>\n\t\t\t\t\t\t\t\t\t<\/li>\n\t\t\t\t\t\t\t\t\t\t\t<li>\n\t\t\t\t\t<a href=\"https:\/\/madelinefashion.pl\/sk\/suknie-slubne-plus-size\/\">Suknie \u015blubne Plus Size<\/a>\n\t\t\t\t\t\t\t\t\t<\/li>\n\t\t\t\t\t\t\t\t\t\t\t<li>\n\t\t\t\t\t<a href=\"https:\/\/madelinefashion.pl\/sk\/top-5-sukienek-na-studniowke-w-kolorze-czarnym\/\">TOP 5 sukienek na studni\u00f3wk\u0119 w kolorze czarnym w 2025 roku<\/a>\n\t\t\t\t\t\t\t\t\t<\/li>\n\t\t\t\t\t\t\t\t\t\t\t<li>\n\t\t\t\t\t<a href=\"https:\/\/madelinefashion.pl\/sk\/sukienki-rzgow\/\">Sukienki damskie na r\u00f3\u017cne okazje<\/a>\n\t\t\t\t\t\t\t\t\t<\/li>\n\t\t\t\t\t\t\t\t\t\t\t<li>\n\t\t\t\t\t<a href=\"https:\/\/madelinefashion.pl\/sk\/sukienki-konstantynow-lodzki\/\">Sukienki Konstantyn\u00f3w \u0141\u00f3dzki<\/a>\n\t\t\t\t\t\t\t\t\t<\/li>\n\t\t\t\t\t\t\t\t\t\t\t<li>\n\t\t\t\t\t<a href=\"https:\/\/madelinefashion.pl\/sk\/eleganckie-sukienki\/\">Eleganckie sukienki<\/a>\n\t\t\t\t\t\t\t\t\t<\/li>\n\t\t\t\t\t\t\t\t\t\t\t<li>\n\t\t\t\t\t<a href=\"https:\/\/madelinefashion.pl\/sk\/swetry-damskie-tanie\/\">Swetry damskie tanie<\/a>\n\t\t\t\t\t\t\t\t\t<\/li>\n\t\t\t\t\t\t\t\t\t\t\t<li>\n\t\t\t\t\t<a href=\"https:\/\/madelinefashion.pl\/sk\/czarna-ramoneska-damska\/\">Czarna ramoneska damska<\/a>\n\t\t\t\t\t\t\t\t\t<\/li>\n\t\t\t\t\t\t\t\t\t\t\t<li>\n\t\t\t\t\t<a href=\"https:\/\/madelinefashion.pl\/sk\/seksowna-sukienka-z-rozcieciem-na-nodze\/\">Seksowna sukienka z rozci\u0119ciem na nodze<\/a>\n\t\t\t\t\t\t\t\t\t<\/li>\n\t\t\t\t\t\t\t\t\t\t\t<li>\n\t\t\t\t\t<a href=\"https:\/\/madelinefashion.pl\/sk\/sukienki-na-urodziny\/\">Sukienki na urodziny<\/a>\n\t\t\t\t\t\t\t\t\t<\/li>\n\t\t\t\t\t\t\t\t\t\t\t<li>\n\t\t\t\t\t<a href=\"https:\/\/madelinefashion.pl\/sk\/eleganckie-torebki-wieczorowe\/\">Eleganckie torebki wieczorowe<\/a>\n\t\t\t\t\t\t\t\t\t<\/li>\n\t\t\t\t\t\t\t\t\t\t\t<li>\n\t\t\t\t\t<a href=\"https:\/\/madelinefashion.pl\/sk\/sukienki-na-chrzciny\/\">Sukienki na chrzciny<\/a>\n\t\t\t\t\t\t\t\t\t<\/li>\n\t\t\t\t\t\t\t\t\t\t\t<li>\n\t\t\t\t\t<a href=\"https:\/\/madelinefashion.pl\/sk\/sukienki-na-studniowke\/\">Sukienki na studni\u00f3wk\u0119<\/a>\n\t\t\t\t\t\t\t\t\t<\/li>\n\t\t\t\t\t\t\t\t\t\t\t<li>\n\t\t\t\t\t<a href=\"https:\/\/madelinefashion.pl\/sk\/sukienki-szyte-na-miare\/\">Sukienki szyte na miar\u0119<\/a>\n\t\t\t\t\t\t\t\t\t<\/li>\n\t\t\t\t\t\t\t\t\t\t\t<li>\n\t\t\t\t\t<a href=\"https:\/\/madelinefashion.pl\/sk\/sukienki-na-wesele\/\">Sukienki na wesele<\/a>\n\t\t\t\t\t\t\t\t\t<\/li>\n\t\t\t\t\t\t\t\t\t\t\t<li>\n\t\t\t\t\t<a href=\"https:\/\/madelinefashion.pl\/sk\/sklep-stacjonarny-madelinefashion-pl-otwarty-sukienki-i-moda-damska-w-konstantynowie-lodzkim\/\">Sklep stacjonarny Madelinefashion.pl otwarty &#8211; sukienki i moda damska w Konstantynowie \u0141\u00f3dzkim<\/a>\n\t\t\t\t\t\t\t\t\t<\/li>\n\t\t\t\t\t\t\t\t\t\t\t<li>\n\t\t\t\t\t<a href=\"https:\/\/madelinefashion.pl\/sk\/top5-sukienek-na-lato-2022\/\">TOP5 sukienek na lato 2022<\/a>\n\t\t\t\t\t\t\t\t\t<\/li>\n\t\t\t\t\t\t\t\t\t\t\t<li>\n\t\t\t\t\t<a href=\"https:\/\/madelinefashion.pl\/sk\/kombinezon-damski-stylowa-alternatywa-dla-sukienki\/\">Kombinezon damski &#8211; stylowa alternatywa dla sukienki<\/a>\n\t\t\t\t\t\t\t\t\t<\/li>\n\t\t\t\t\t\t\t\t\t\t\t<li>\n\t\t\t\t\t<a href=\"https:\/\/madelinefashion.pl\/sk\/bluzy-jednokolorowe-kobiecy-trend-na-wiosne-lato-2022\/\">Bluzy jednokolorowe &#8211; kobiecy trend na wiosn\u0119\/lato 2022<\/a>\n\t\t\t\t\t\t\t\t\t<\/li>\n\t\t\t\t\t\t\t\t\t\t\t<li>\n\t\t\t\t\t<a href=\"https:\/\/madelinefashion.pl\/sk\/sukienki-karnawalowe-2022-top-5-stylizacji-tego-sezonu\/\">Sukienki karnawa\u0142owe 2022 &#8211; top 5 stylizacji tego sezonu<\/a>\n\t\t\t\t\t\t\t\t\t<\/li>\n\t\t\t\t\t\t\t\t\t\t\t<li>\n\t\t\t\t\t<a href=\"https:\/\/madelinefashion.pl\/sk\/biala-sukienka-tania-i-piekna-alternatywa-dla-sukni-slubnej\/\">Bia\u0142a sukienka &#8211; tania i pi\u0119kna alternatywa dla sukni \u015blubnej<\/a>\n\t\t\t\t\t\t\t\t\t<\/li>\n\t\t\t\t\t\t\t\t\t\t\t<li>\n\t\t\t\t\t<a href=\"https:\/\/madelinefashion.pl\/sk\/kamizelki-damskie-swietna-alternatywa-dla-bluz-i-kurtek-na-zimniejsze-dni\/\">Kamizelki damskie &#8211; \u015bwietna alternatywa dla bluz i kurtek na zimniejsze dni<\/a>\n\t\t\t\t\t\t\t\t\t<\/li>\n\t\t\t\t\t\t\t\t\t\t\t<li>\n\t\t\t\t\t<a href=\"https:\/\/madelinefashion.pl\/sk\/jesienne-kurtki-damskie-jaka-wybrac-na-jesien-2021\/\">Jesienne kurtki damskie &#8211; jak\u0105 wybra\u0107 na jesie\u0144 2021?<\/a>\n\t\t\t\t\t\t\t\t\t<\/li>\n\t\t\t\t\t\t\t\t\t\t\t<li>\n\t\t\t\t\t<a href=\"https:\/\/madelinefashion.pl\/sk\/kardigany-damskie-idealne-nie-tylko-na-chlodne-wieczory\/\">Kardigany damskie &#8211; idealne (nie tylko) na ch\u0142odne wieczory<\/a>\n\t\t\t\t\t\t\t\t\t<\/li>\n\t\t\t\t\t\t\t\t\t\t\t<li>\n\t\t\t\t\t<a href=\"https:\/\/madelinefashion.pl\/sk\/dlugie-sukienki-na-wesele-przeglad-nowosci-2021\/\">D\u0142ugie sukienki na wesele. Przegl\u0105d nowo\u015bci 2021<\/a>\n\t\t\t\t\t\t\t\t\t<\/li>\n\t\t\t\t\t\t\t\t\t\t\t<li>\n\t\t\t\t\t<a href=\"https:\/\/madelinefashion.pl\/sk\/jednokolorowe-komplety-dresowe-damski-hit-2021-roku\/\">Jednokolorowe komplety dresowe &#8211; damski hit 2021 roku<\/a>\n\t\t\t\t\t\t\t\t\t<\/li>\n\t\t\t\t\t\t\t\t\t\t\t<li>\n\t\t\t\t\t<a href=\"https:\/\/madelinefashion.pl\/sk\/stylizacje-weselne-2021-jakie-sukienki-weselne-wybrac-w-2021\/\">Stylizacje weselne 2021. Jakie sukienki weselne wybra\u0107 w 2021?<\/a>\n\t\t\t\t\t\t\t\t\t<\/li>\n\t\t\t\t\t\t\t\t\t\t\t<li>\n\t\t\t\t\t<a href=\"https:\/\/madelinefashion.pl\/sk\/modne-plaszcze-wiosenne-2021-jaki-wybrac\/\">Modne p\u0142aszcze wiosenne 2021 &#8211; jaki wybra\u0107?<\/a>\n\t\t\t\t\t\t\t\t\t<\/li>\n\t\t\t\t\t\t\t\t\t\t\t<li>\n\t\t\t\t\t<a href=\"https:\/\/madelinefashion.pl\/sk\/jak-nosic-ramoneske-3-swietne-stylizacje-2021\/\">Jak nosi\u0107 ramonesk\u0119? 3 \u015bwietne stylizacje 2021<\/a>\n\t\t\t\t\t\t\t\t\t<\/li>\n\t\t\t\t\t<\/ul>\n\n\t\t\t\t\t\t<\/div>\n\t\t\t\t<\/div>\n\t\t\t\t\t<\/div>\n\t\t\t\t<\/div>\n\t\t\t\t<\/div>\n\t\t","protected":false},"excerpt":{"rendered":"","protected":false},"author":15067,"featured_media":0,"parent":0,"menu_order":0,"comment_status":"closed","ping_status":"closed","template":"","meta":{"footnotes":""},"class_list":["post-577910","page","type-page","status-publish","hentry"],"_links":{"self":[{"href":"https:\/\/madelinefashion.pl\/sk\/wp-json\/wp\/v2\/pages\/577910","targetHints":{"allow":["GET"]}}],"collection":[{"href":"https:\/\/madelinefashion.pl\/sk\/wp-json\/wp\/v2\/pages"}],"about":[{"href":"https:\/\/madelinefashion.pl\/sk\/wp-json\/wp\/v2\/types\/page"}],"author":[{"embeddable":true,"href":"https:\/\/madelinefashion.pl\/sk\/wp-json\/wp\/v2\/users\/15067"}],"replies":[{"embeddable":true,"href":"https:\/\/madelinefashion.pl\/sk\/wp-json\/wp\/v2\/comments?post=577910"}],"version-history":[{"count":8,"href":"https:\/\/madelinefashion.pl\/sk\/wp-json\/wp\/v2\/pages\/577910\/revisions"}],"predecessor-version":[{"id":577923,"href":"https:\/\/madelinefashion.pl\/sk\/wp-json\/wp\/v2\/pages\/577910\/revisions\/577923"}],"wp:attachment":[{"href":"https:\/\/madelinefashion.pl\/sk\/wp-json\/wp\/v2\/media?parent=577910"}],"curies":[{"name":"pracovn\u00fd list","href":"https:\/\/api.w.org\/{rel}","templated":true}]}}