{"id":73581,"date":"2023-01-12T21:42:01","date_gmt":"2023-01-12T20:42:01","guid":{"rendered":"https:\/\/madelinefashion.pl\/?page_id=73581"},"modified":"2023-01-12T21:42:28","modified_gmt":"2023-01-12T20:42:28","slug":"program-partnerski-wspolpraca","status":"publish","type":"page","link":"https:\/\/madelinefashion.pl\/sk\/program-partnerski-wspolpraca\/","title":{"rendered":"Affiliate program \u2013 spolupr\u00e1ca"},"content":{"rendered":"<style>\n        body {\n            font-family: Helvetica, sans-serif;\n            background-color: #f7f7f7;\n        }<\/p>\n<p>        .btn-primary-edit {\n            background-color: #FF6500;\n            border: none;\n            text-transform: lowercase;\n            color: #FFFFFF;\n        }<\/p>\n<p>            .btn-primary-edit:hover {\n                background-color: #FF6500;\n                border: none;\n                color: #FFFFFF;\n                text-transform: lowercase;\n            }<\/p>\n<p>        .btn-secondary {\n            background-color: #fff;\n            border: none;\n            text-transform: lowercase;\n            color: #000;\n        }<\/p>\n<p>            .btn-secondary:hover {\n                background-color: #fff;\n                border: none;\n                color: #000;\n                text-transform: lowercase;\n            }<\/p>\n<p>        .container {\n            background-color: #fff;\n            margin-top: 0px;\n            padding: 0px;\n        }<\/p>\n<\/style>\n<style>\n            .imagejumbotron {\n                background-image: url('https:\/\/image.weben1.com\/lp\/609bbd46ce40f9cd343416cd.jpg');\n                background-position: center center;\n                background-repeat: no-repeat;\n                background-size: cover;\n            }\n        <\/style>\n<style>\n            .imagesecond {\n                background-image: url('https:\/\/image.weben1.com\/lp\/609a7104832c60f777ad45a5.jpg');\n                background-position: center center;\n                background-repeat: no-repeat;\n                background-size: cover;\n            }\n        <\/style>\n<div class=\"container\" style=\"margin: 0 auto; max-width: 80%;\">\n<div class=\"jumbotron imagejumbotron\" style=\"padding: 65px; text-align: center; margin-bottom: 0px; background-color: #935353; border-radius: 0;\">\n<h1 style=\"color: #ffffff; text-transform: uppercase;\">Partnersk\u00fd program<\/h1>\n<p><a class=\"btn btn-lg btn-primary-edit\" style=\"border-radius: 0px; font-weight: bold; padding: 15px; font-size: large;\" role=\"button\" href=\"https:\/\/webepartners.pl\/programy-partnerskie\/madeline-fashion\/\" target=\"_blank\" rel=\"noopener\">Pripojte sa a zar\u00e1bajte<\/a><\/div>\n<div class=\"jumbotron\" style=\"padding: 30px; text-align: center; background-color: #c7bfbc; border-radius: 0; color: #000000;\">\n<p class=\"lead\">\n<h3>M\u00e1te blog, YouTube kan\u00e1l alebo instagramov\u00fd \u00fa\u010det?<br \/>\nOdpor\u00fa\u010dajte na\u0161e produkty a zar\u00e1bajte<\/h3>\n<p><a class=\"btn btn-lg btn-secondary\" style=\"background: #FFF; border-radius: 0px; font-weight: bold; padding: 15px; font-size: large;\" role=\"button\" href=\"https:\/\/webepartners.pl\/download\/42896\/\" target=\"_blank\" rel=\"noopener\">stiahnite si n\u00e1vod <i class=\"fas fa-arrow-circle-down\"><\/i><\/a><\/div>\n<div class=\"row\">\n<div class=\"col-12\" style=\"text-align: center; line-height: 40px;\">\n<h1 style=\"text-transform: uppercase;\">\u010do z\u00edskate?<\/h1>\n<ul style=\"list-style-type: none; font-size: 1.2rem; margin-left: -40px; font-weight: bold;\">\n<li>9,00% v hodnote odpor\u00fa\u010dan\u00e9ho predaja<\/li>\n<li>\u0161irok\u00fd sortiment reklamn\u00fdch materi\u00e1lov<\/li>\n<li>profesion\u00e1lna pomoc pri zar\u00e1ban\u00ed pe\u0148az\u00ed online<\/li>\n<\/ul>\n<\/div>\n<\/div>\n<div class=\"jumbotron\" style=\"padding: 30px; text-align: center; margin-bottom: 0px; background-color: #c7bfbc; border-radius: 0;\">\n<h2 style=\"text-transform: uppercase; margin-bottom: 40px;\">Ako za\u010da\u0165?<\/h2>\n<div class=\"row\" style=\"font-weight: bold;\">\n<div class=\"col-2\" style=\"display: inline-block; padding: 10px;\"><\/div>\n<div class=\"col-2\" style=\"display: inline-block; padding: 10px;\"><img decoding=\"async\" style=\"max-height: 50px; margin-bottom: 15px;\" src=\"https:\/\/panel.webepartners.pl\/landing\/krok1.png\" alt=\"\" title=\"\">Registrova\u0165<\/p>\n<\/div>\n<div class=\"col-2\" style=\"display: inline-block; padding: 10px;\"><img decoding=\"async\" style=\"max-height: 50px; margin-bottom: 15px;\" src=\"https:\/\/panel.webepartners.pl\/landing\/krok2.png\" alt=\"\" title=\"\">zapoji\u0165 sa do programu<\/p>\n<\/div>\n<div class=\"col-2\" style=\"display: inline-block; padding: 10px;\"><img decoding=\"async\" style=\"max-height: 50px; margin-bottom: 15px;\" src=\"https:\/\/panel.webepartners.pl\/landing\/krok3.png\" alt=\"\" title=\"\">vlo\u017ei\u0165 odkaz alebo banner<\/p>\n<\/div>\n<div class=\"col-2\" style=\"display: inline-block; padding: 10px;\"><img decoding=\"async\" style=\"max-height: 50px; margin-bottom: 15px;\" src=\"https:\/\/panel.webepartners.pl\/landing\/krok4.png\" alt=\"\" title=\"\">dost\u00e1va\u0165 prov\u00edzie<\/p>\n<\/div>\n<div class=\"col-2\" style=\"display: inline-block; padding: 10px;\"><\/div>\n<\/div>\n<\/div>\n<div class=\"row\">\n<div class=\"col-12\" style=\"text-align: center; margin-top: 30px; margin-bottom: 30px;\">\n<h2 style=\"text-transform: uppercase;\">Vyu\u017eite svoj potenci\u00e1l<\/h2>\n<p>odporu\u010dte produkty Madeline Fashion a zar\u00e1bajte na svojom webe<\/p>\n<p><a class=\"btn btn-lg btn-primary-edit\" style=\"color: #fff; border-radius: 0px; font-weight: bold; padding: 15px; font-size: large;\" role=\"button\" href=\"https:\/\/panel.webepartners.pl\/account\/login\" target=\"_blank\" rel=\"noopener\">plati\u0165 a zar\u00e1ba\u0165<\/a><\/div>\n<\/div>\n<div class=\"row\">\n<div class=\"col-12\" style=\"margin: 0 auto;\"><img decoding=\"async\" style=\"width: 100%;\" src=\"https:\/\/image.weben1.com\/lp\/609a7104832c60f777ad45a5.jpg\" alt=\"\" title=\"\"><\/div>\n<\/div>\n<div class=\"row\">\n<div class=\"col-12\" style=\"margin-top: 30px; margin-bottom: 30px;\">\n<h1 style=\"text-align: center; text-transform: uppercase;\">Ot\u00e1zky a odpovede<\/h1>\n<p style=\"padding: 20px; line-height: 1.6;\"><b style=\"font-size: 20px;\">Kto podporuje pridru\u017een\u00fd program Madeline Fashion?<\/b><br \/>\nAffiliate program prev\u00e1dzkuje webePartners, \u0161pecializovan\u00e1 affiliate sie\u0165 pre elektronick\u00fd obchod. webePartners poskytuje technick\u00fa podporu pre program a bezplatn\u00e9 pridru\u017een\u00e9 n\u00e1stroje pre vydavate\u013eov.<\/p>\n<p><b style=\"font-size: 20px;\">\u010co to znamen\u00e1, \u017ee z\u00edskam prov\u00edziu za odpor\u00fa\u010danie?<\/b><br \/>\nProv\u00edzia za odpor\u00fa\u010danie znamen\u00e1, \u017ee za ka\u017ed\u00fd \u00faspe\u0161n\u00fd predaj v na\u0161om obchode, ktor\u00fd sa uskuto\u010dn\u00ed na z\u00e1klade v\u00e1\u0161ho odpor\u00fa\u010dania prostredn\u00edctvom pridru\u017een\u00e9ho odkazu, od n\u00e1s dostanete <b>9,00<\/b> % hodnoty tejto transakcie.<\/p>\n<p><b style=\"font-size: 20px;\">Plat\u00ed sa za vstup do pridru\u017een\u00e9ho programu Madeline Fashion?<\/b><br \/>\nNIE Pr\u00edstup k pridru\u017een\u00e9mu programu Madeline Fashion a pridru\u017een\u00fdm n\u00e1strojom je v\u017edy bezplatn\u00fd.<\/p>\n<p><b style=\"font-size: 20px;\">Mus\u00edm splni\u0165 ur\u010dit\u00e9 podmienky, aby som sa mohol zapoji\u0165 do programu?<\/b><br \/>\nNIE Vydavate\u013eom sa m\u00f4\u017ee sta\u0165 ka\u017ed\u00fd, kto chce zar\u00e1ba\u0165 peniaze odpor\u00fa\u010dan\u00edm na\u0161ich produktov v r\u00e1mci partnersk\u00e9ho programu.<\/p>\n<p><b style=\"font-size: 20px;\"> M\u00f4\u017eem sa zapoji\u0165 do programu, ak nem\u00e1m vlastn\u00fd blog\/slu\u017ebu?<\/b><br \/>\n\u00c1no. V\u010faka affiliate odkazom m\u00f4\u017eete odpor\u00fa\u010da\u0165 na\u0161e produkty na soci\u00e1lnych sie\u0165ach (Facebook, Instagram, Youtube, Pinterest at\u010f.). M\u00f4\u017eete tie\u017e odporu\u010di\u0165 medzi svojich priate\u013eov e-mailom alebo prostredn\u00edctvom messengerov, ako s\u00fa Messenger alebo WhatsApp.<\/p>\n<p><b style=\"font-size: 20px;\">Mus\u00edm po zapojen\u00ed do programu vykon\u00e1va\u0165 ur\u010dit\u00e9 \u010dinnosti?<\/b><br \/>\nNIE V \u017eiadnom pr\u00edpade nie ste povinn\u00ed vykon\u00e1va\u0165 konkr\u00e9tne \u00fakony. Vy rozhodujete, kedy budete p\u00f4sobi\u0165, ktor\u00e9 produkty odpor\u00fa\u010date a ktor\u00e9 pridru\u017een\u00e9 n\u00e1stroje pou\u017eijete.<\/p>\n<div style=\"text-align: center;\"><a class=\"btn btn-lg btn-primary-edit\" style=\"color: #fff; border-radius: 0px; font-weight: bold; padding: 15px; font-size: large;\" role=\"button\" href=\"https:\/\/webepartners.pl\/download\/42896\/\" target=\"_blank\" rel=\"noopener\">stiahnite si n\u00e1vod <i class=\"fas fa-arrow-circle-down\"><\/i><\/a><\/div>\n<\/div>\n<\/div>\n<div class=\"jumbotron\" style=\"padding: 30px; text-align: center; margin-top: 0px; background-color: #c7bfbc; border-radius: 0; color: #000;\">\n<h1 style=\"text-transform: uppercase;\">Chcete vedie\u0165 viac?<\/h1>\n<p><b>vedomostn\u00e1 z\u00e1klad\u0148a: <\/b><a style=\"color: #000;\" href=\"https:\/\/webepartners.pl\/baza-wiedzy\/\" target=\"_blank\" rel=\"noopener\">https:\/\/webepartners.pl\/baza-wiedzy\/<\/a><br \/>\n<b>e-mail:<\/b> <span style=\"color: #000;\">bok@webepartners.pl<\/span><br \/>\n<b>telef\u00f3n:<\/b> <span style=\"color: #000;\">71 390 49 02<\/span><\/p>\n<\/div>\n<\/div>","protected":false},"excerpt":{"rendered":"<p>Program partnerski Do\u0142\u0105cz i zarabiaj Masz bloga, kana\u0142 YouTube lub konto na Instagramie? Polecaj nasze produkty i zarabiaj pobierz instrukcj\u0119 Co zyskujesz? 9,00% od warto\u015bci poleconej sprzeda\u017cy szeroki wyb\u00f3r materia\u0142\u00f3w reklamowych profesjonaln\u0105 pomoc w zarabianiu online Jak zacz\u0105\u0107? zarejestruj si\u0119 do\u0142\u0105cz do programu wstaw link lub baner odbieraj prowizje Wykorzystaj sw\u00f3j potencja\u0142 polecaj produkty Madeline<\/p>\n<div class=\"klb-readmore post-buttons\"><a class=\"button black outline size-sm\" href=\"https:\/\/madelinefashion.pl\/sk\/program-partnerski-wspolpraca\/\">\u010c\u00edta\u0165 \u010falej <i class=\"klbth-icon-right-arrow\"><\/i><\/a><\/div>","protected":false},"author":1,"featured_media":0,"parent":0,"menu_order":0,"comment_status":"closed","ping_status":"closed","template":"","meta":{"footnotes":""},"class_list":["post-73581","page","type-page","status-publish","hentry"],"_links":{"self":[{"href":"https:\/\/madelinefashion.pl\/sk\/wp-json\/wp\/v2\/pages\/73581","targetHints":{"allow":["GET"]}}],"collection":[{"href":"https:\/\/madelinefashion.pl\/sk\/wp-json\/wp\/v2\/pages"}],"about":[{"href":"https:\/\/madelinefashion.pl\/sk\/wp-json\/wp\/v2\/types\/page"}],"author":[{"embeddable":true,"href":"https:\/\/madelinefashion.pl\/sk\/wp-json\/wp\/v2\/users\/1"}],"replies":[{"embeddable":true,"href":"https:\/\/madelinefashion.pl\/sk\/wp-json\/wp\/v2\/comments?post=73581"}],"version-history":[{"count":2,"href":"https:\/\/madelinefashion.pl\/sk\/wp-json\/wp\/v2\/pages\/73581\/revisions"}],"predecessor-version":[{"id":73584,"href":"https:\/\/madelinefashion.pl\/sk\/wp-json\/wp\/v2\/pages\/73581\/revisions\/73584"}],"wp:attachment":[{"href":"https:\/\/madelinefashion.pl\/sk\/wp-json\/wp\/v2\/media?parent=73581"}],"curies":[{"name":"pracovn\u00fd list","href":"https:\/\/api.w.org\/{rel}","templated":true}]}}