{"id":93,"date":"2017-02-25T15:24:51","date_gmt":"2017-02-25T15:24:51","guid":{"rendered":"https:\/\/demo.minwp.com\/ahashop\/?page_id=93"},"modified":"2025-03-27T18:42:21","modified_gmt":"2025-03-27T17:42:21","slug":"o-nas","status":"publish","type":"page","link":"https:\/\/madelinefashion.pl\/sk\/o-nas\/","title":{"rendered":"O n\u00e1s"},"content":{"rendered":"<p style=\"text-align: center;\"><strong>O n\u00e1s<\/strong><\/p>\n<p style=\"text-align: center;\">D\u00e1mske oble\u010denie je nespochybnite\u013en\u00fdm z\u00e1kladom d\u00e1mskeho \u0161atn\u00edka a \u010dast\u00fdm objektom p\u00e1nskych povzdychov. Sme odpove\u010fou na va\u0161e potreby \u2013 na\u0161e \u0161tyliz\u00e1cie s\u00fa v\u017edy dobre premyslen\u00e9 a rafinovan\u00e9.<\/p>\n<p style=\"text-align: center;\"><em><strong>Sny si pln\u00edme hne\u010f a na nemo\u017en\u00e9 potrebujeme nejak\u00fd \u010das.<\/strong><\/em><\/p>\n<p style=\"text-align: center;\"><a href=\"https:\/\/madelinefashion.pl\/sk\/\">MadelineFashion<\/a> je modern\u00e1, dynamick\u00e1 a prosperuj\u00faca spolo\u010dnos\u0165 na trhu, ktor\u00e1 sa sna\u017e\u00ed uspokoji\u0165 aj tie najn\u00e1ro\u010dnej\u0161ie a dokonal\u00e9 d\u00e1my.<br \/>\nNeust\u00e1le si budujeme svoju poz\u00edciu na trhu, neust\u00e1le obohacujeme na\u0161u ponuku o nov\u00e9 produkty. Vznikol n\u00e1\u0161 butik <strong>s vami na mysli,<\/strong> \u017eeny sleduj\u00face najnov\u0161ie <strong>m\u00f3dne trendy<\/strong>. Preto\u017ee nie sme spravodliv\u00ed\u00a0<strong>internetov\u00fd obchod s oble\u010den\u00edm<\/strong>\u00a0. My jednoducho nepred\u00e1vame m\u00f3du, ani my <strong>\u017eijeme m\u00f3dou<\/strong>! Na\u0161u v\u00e1\u0161e\u0148 sa v\u00e1m sna\u017e\u00edme prinies\u0165 v \u010do najlep\u0161ej forme s maxim\u00e1lnou l\u00e1skavos\u0165ou, ochotou a poctivos\u0165ou. Neviete si vybra\u0165? Radi V\u00e1m porad\u00edme. Neviete ak\u00fa ve\u013ekos\u0165 si vybra\u0165?<br \/>\nPod ka\u017ed\u00fdm produktom n\u00e1jdete ve\u013ekostn\u00fa tabu\u013eku, porovnajte rozmery s va\u0161im oble\u010den\u00edm a ur\u010dite n\u00e1jdete t\u00fa spr\u00e1vnu ve\u013ekos\u0165 a vyberiete si t\u00fa prav\u00fa pre v\u00e1s. Ak m\u00e1\u0161 nejak\u00e9 ot\u00e1zky <a href=\"https:\/\/www.facebook.com\/madelinefashionbutik\" target=\"_blank\" rel=\"noopener\">p\u00edsa\u0165<\/a>\u00a0bu\u010f s nami\u00a0<a href=\"https:\/\/madelinefashion.pl\/sk\/kontakt\/\">hovor<\/a> Vyberieme ten ide\u00e1lny. Nevie\u0161 ktor\u00fd <a href=\"https:\/\/madelinefashion.pl\/sk\/sukienki-i-kombinezony\/\">\u0161aty<\/a> , <a href=\"https:\/\/madelinefashion.pl\/sk\/swetry\/kardigany-damskie\/\">kardig\u00e1n<\/a>,<a href=\"https:\/\/madelinefashion.pl\/sk\/swetry\/swetry-damskie\/\"> sveter<\/a>, <a href=\"https:\/\/madelinefashion.pl\/sk\/kurtki-i-plaszcze\/\">bunda<\/a>, <a href=\"https:\/\/madelinefashion.pl\/sk\/kamizelki\/\">vesta<\/a>, <a href=\"https:\/\/madelinefashion.pl\/sk\/spodnie\/\">Nohavice<\/a>, <a href=\"https:\/\/madelinefashion.pl\/sk\/bluzki-2\/bluzki\/\">bl\u00fazka<\/a>, <a href=\"https:\/\/madelinefashion.pl\/sk\/body\/\">body\u010dko<\/a> \u010di c<a href=\"https:\/\/madelinefashion.pl\/sk\/czapki-dodatki\/\">tla\u010didlo<\/a> k\u00fapi\u0165 pre seba alebo pre svoju \u017eenu <strong>dar\u010dek<\/strong>\u00a0? Nie je to ni\u010d \u0165a\u017ek\u00e9! V\u0161etko, \u010do mus\u00edte urobi\u0165, je odpoveda\u0165 na nieko\u013eko z\u00e1kladn\u00fdch ot\u00e1zok a skontrolova\u0165 nieko\u013eko vec\u00ed:<\/p>\n<ul style=\"text-align: center;\">\n<li style=\"list-style-type: none;\">\n<ul>\n<li>O ak\u00fd \u0161t\u00fdl m\u00e1te z\u00e1ujem?<\/li>\n<li>\u00a0Ak\u00fa farbu chce\u0161 nosi\u0165?<\/li>\n<li>O ak\u00fa d\u013a\u017eku m\u00e1te z\u00e1ujem?<\/li>\n<li>Zmerajte sa a porovnajte svoju ve\u013ekos\u0165 s tabu\u013ekou ve\u013ekost\u00ed na ka\u017edej str\u00e1nke produktu.<\/li>\n<li>Vyberte si dokonal\u00fd produkt pre v\u00e1\u0161 typ postavy a va\u0161e preferencie.<\/li>\n<li>Skontrolujte, \u010di nepotrebujete \u010fal\u0161ie produkty, ktor\u00e9 doplnia v\u00e1\u0161 <strong>vysn\u00edvan\u00fd styling<\/strong>.<\/li>\n<\/ul>\n<\/li>\n<\/ul>\n<p style=\"text-align: center;\">V\u00e1hate, \u010di v\u00e1\u0161 <a href=\"https:\/\/madelinefashion.pl\/sk\/sukienki-i-kombinezony\/sukienki-okolicznosciowe\/\">vysn\u00edvan\u00e9 \u0161aty<\/a> bude to pasovat? <a href=\"https:\/\/madelinefashion.pl\/sk\/kontakt\/\">hovor<\/a> be Objednajte si bez v\u00e1hania, vysk\u00fa\u0161ajte doma pred zrkadlom a ak v\u00e1m nebude vyhovova\u0165, m\u00e1te 14 dn\u00ed na vr\u00e1tenie. A my to v\u0161etko zvl\u00e1dneme <strong>dobr\u00e1 n\u00e1lada<\/strong> a \u017eiadne ot\u00e1zky. Preto\u017ee je to jednoduch\u00e9 <strong>\u00fasmev<\/strong> na tv\u00e1ri, ke\u010f m\u00e1te <strong>vysn\u00edvan\u00e1 pr\u00e1ca<\/strong> \ud83d\ude42<br \/>\nKolekcie, ktor\u00e9 prezentujeme, sa sna\u017e\u00edme vytv\u00e1ra\u0165 s najv\u00e4\u010d\u0161ou starostlivos\u0165ou, db\u00e1me na vysok\u00fa kvalitu materi\u00e1lov, spracovania a <strong>dostupn\u00e9 ceny<\/strong>.<br \/>\nOble\u010denie poch\u00e1dza z <strong>v\u00fdrobcov po\u013esk\u00fdch, talianskych a franc\u00fazskych spolo\u010dnost\u00ed s najvy\u0161\u0161\u00edm postaven\u00edm na eur\u00f3pskom trhu.<\/strong><br \/>\nPon\u00fakan\u00fd sortiment v\u00e1m umo\u017en\u00ed vytv\u00e1ra\u0165<strong> atrakt\u00edvne \u0161t\u00fdly<\/strong>ktor\u00fd sa nielen prisp\u00f4sob\u00ed va\u0161ej postave, ale vytvor\u00ed aj jedine\u010dn\u00fd styling na ka\u017ed\u00fa pr\u00edle\u017eitos\u0165.<\/p>\n<p style=\"text-align: center;\">Spokojnos\u0165 na\u0161ich z\u00e1kazn\u00edkov je pre n\u00e1s prioritou, preto vynaklad\u00e1me maxim\u00e1lne \u00fasilie na splnenie objedn\u00e1vok <em><strong>implementovan\u00e9 okam\u017eite<\/strong><\/em>a pon\u00fakan\u00fd tovar bol <em><strong>Najvy\u0161\u0161ia kvalita.<\/strong><\/em><\/p>\n<p style=\"text-align: center;\">Kladieme d\u00f4raz na <strong>v\u010dasn\u00e1 implement\u00e1cia<\/strong> objedn\u00e1vky, efekt\u00edvne vybavovanie vr\u00e1tenia tovaru, reklam\u00e1cie a z\u00e1kazn\u00edcky servis na najvy\u0161\u0161ej \u00farovni.<\/p>\n<p style=\"text-align: center;\">N\u00e1\u0161 t\u00edm v\u00e1m r\u00e1d pom\u00f4\u017ee a porad\u00ed pri v\u00fdbere v\u0161etk\u00e9ho potrebn\u00e9ho do \u0161atn\u00edka.<\/p>\n<p style=\"text-align: center;\"><strong>Srde\u010dne V\u00e1s poz\u00fdvam<\/strong><br \/>\n<a href=\"https:\/\/www.facebook.com\/madelinefashionbutik\/\" target=\"_blank\" rel=\"noopener\"><em><strong>MadelineFashion<\/strong><\/em><\/a><\/p>","protected":false},"excerpt":{"rendered":"<p>O nas Ubi\u00f3r kobiecy to niekwestionowany fundament damskiej garderoby i cz\u0119sty obiekt m\u0119skich westchnie\u0144. Jeste\u015bmy odpowiedzi\u0105 na Wasze potrzeby \u2013 Nasze stylizacje s\u0105 zawsze przemy\u015blane i dopracowane. Marzenia realizujemy od razu, a na rzeczy niemo\u017cliwe potrzebujemy troch\u0119 czasu. MadelineFashion to nowoczesna, dynamicznie i pr\u0119\u017cnie dzia\u0142aj\u0105ca firma na rynku, staraj\u0105ca si\u0119 zadowoli\u0107 najbardziej wymagaj\u0105ce i perfekcyjne<\/p>\n<div class=\"klb-readmore post-buttons\"><a class=\"button black outline size-sm\" href=\"https:\/\/madelinefashion.pl\/sk\/o-nas\/\">\u010c\u00edta\u0165 \u010falej <i class=\"klbth-icon-right-arrow\"><\/i><\/a><\/div>","protected":false},"author":1,"featured_media":0,"parent":0,"menu_order":0,"comment_status":"closed","ping_status":"closed","template":"","meta":{"footnotes":""},"class_list":["post-93","page","type-page","status-publish","hentry"],"_links":{"self":[{"href":"https:\/\/madelinefashion.pl\/sk\/wp-json\/wp\/v2\/pages\/93","targetHints":{"allow":["GET"]}}],"collection":[{"href":"https:\/\/madelinefashion.pl\/sk\/wp-json\/wp\/v2\/pages"}],"about":[{"href":"https:\/\/madelinefashion.pl\/sk\/wp-json\/wp\/v2\/types\/page"}],"author":[{"embeddable":true,"href":"https:\/\/madelinefashion.pl\/sk\/wp-json\/wp\/v2\/users\/1"}],"replies":[{"embeddable":true,"href":"https:\/\/madelinefashion.pl\/sk\/wp-json\/wp\/v2\/comments?post=93"}],"version-history":[{"count":9,"href":"https:\/\/madelinefashion.pl\/sk\/wp-json\/wp\/v2\/pages\/93\/revisions"}],"predecessor-version":[{"id":561925,"href":"https:\/\/madelinefashion.pl\/sk\/wp-json\/wp\/v2\/pages\/93\/revisions\/561925"}],"wp:attachment":[{"href":"https:\/\/madelinefashion.pl\/sk\/wp-json\/wp\/v2\/media?parent=93"}],"curies":[{"name":"pracovn\u00fd list","href":"https:\/\/api.w.org\/{rel}","templated":true}]}}