{"id":10131,"date":"2021-04-27T19:12:29","date_gmt":"2021-04-27T17:12:29","guid":{"rendered":"https:\/\/madelinefashion.pl\/?post_type=product&#038;p=10131"},"modified":"2026-01-20T10:34:36","modified_gmt":"2026-01-20T09:34:36","slug":"top-koronkowy-bialy-koko","status":"publish","type":"product","link":"https:\/\/madelinefashion.pl\/sk\/top-koronkowy-bialy-koko\/","title":{"rendered":"Biely Coco \u010dipkovan\u00fd top"},"content":{"rendered":"<h3 style=\"text-align: center;\">Biely Coco \u010dipkovan\u00fd top<\/h3>\n<p><strong>\u010cipkovan\u00fd top <\/strong>v bielom<strong>,\u00a0<\/strong>toto <strong>nezvy\u010dajn\u00fd model<\/strong>v ktorej sa budete c\u00edti\u0165 ve\u013emi \u017eensky. Vyzer\u00e1 skvele s na\u0161imi modelmi\u00a0 <a href=\"https:\/\/madelinefashion.pl\/sk\/spodnie\/\">nohavice<\/a> s vysok\u00fdm postaven\u00edm. Cel\u00e1 bl\u00fazka je u\u0161it\u00e1 z kvalitnej svetlej \u010dipky, navy\u0161e m\u00e1 bl\u00fazka spevnenie poprsia. Vzadu m\u00e1 bl\u00fazka zmyseln\u00fd strih, ktor\u00fd zv\u00fdrazn\u00ed chrb\u00e1t. Pod prsiami a na chrbte je elastick\u00e1 guma, ktor\u00e1 perfektne sed\u00ed na tele. \u010cipkovan\u00fd top <em>\u00a0<\/em>vyzer\u00e1 skvele s\u00a0<a href=\"https:\/\/madelinefashion.pl\/sk\/spodnie\/\">\u0161ortky<\/a>,\u00a0<a href=\"https:\/\/madelinefashion.pl\/sk\/spodnie\/\">d\u017e\u00ednsy<\/a> alebo suk\u0148a - modely, ktor\u00e9 n\u00e1jdete aj u n\u00e1s. Top ide\u00e1lny pre \u017eeny vo ve\u013ekosti <strong>\u00a0SM L.<\/strong><\/p>\n<h3 style=\"text-align: center;\">\u00a0 \u00a0 \u00a0Rozmery:<\/h3>\n<ul style=\"text-align: center;\">\n<li>celkov\u00e1 d\u013a\u017eka: 54 cm<\/li>\n<li>\u0161\u00edrka od pazuchy po pazuchu: 35-48 cm<\/li>\n<li><\/li>\n<li><\/li>\n<\/ul>\n<p style=\"text-align: center;\">Rozmery sa m\u00f4\u017eu mierne l\u00ed\u0161i\u0165 od uveden\u00fdch +\/- 2cm. V\u0161etky uveden\u00e9 rozmery s\u00fa meran\u00e9 plo\u0161ne.<\/p>\n<table>\n<tbody>\n<tr>\n<td width=\"302\">Meno modela<\/td>\n<td width=\"302\">Top s \u010dipkou Coco<\/td>\n<\/tr>\n<tr>\n<td width=\"302\">Farba<\/td>\n<td width=\"302\">biely<\/td>\n<\/tr>\n<tr>\n<td width=\"302\">ve\u013ekosti<\/td>\n<td width=\"302\">Univerz\u00e1lny<\/td>\n<\/tr>\n<tr>\n<td width=\"302\">M\u00f3da<\/td>\n<td width=\"302\">Na mieru<\/td>\n<\/tr>\n<tr>\n<td width=\"302\">Materi\u00e1l<\/td>\n<td width=\"302\">95 % Nylon 5% Elastan<\/td>\n<\/tr>\n<\/tbody>\n<\/table>\n<p>&nbsp;<\/p>\n<p>&nbsp;<\/p>\n<p style=\"text-align: center;\">Model m\u00e1\u00a0<strong>169<\/strong>\u00a0cm vysok\u00fd, nos\u00ed ve\u013ekos\u0165 ka\u017ed\u00fd de\u0148\u00a0<strong>S<\/strong><\/p>\n<p style=\"text-align: center;\">\u0160\u00edrka cez prsia 92 cm<\/p>\n<p style=\"text-align: center;\">\u0160\u00edrka v p\u00e1se 62 cm<\/p>\n<p style=\"text-align: center;\">\u0160\u00edrka v bokoch 94 cm<\/p>\n<p style=\"text-align: center;\">","protected":false},"excerpt":{"rendered":"<p>Top Koronkowy Bia\u0142y Koko Top koronkowy w kolorze bia\u0142ym,\u00a0to niezwyk\u0142y model, w kt\u00f3rym poczujesz si\u0119 bardzo kobieco. \u015awietnie prezentuje si\u0119 z naszymi modelami\u00a0 spodni z wysokim stanem. Ca\u0142o\u015b\u0107 bluzki wykonana jest z wysokiej jako\u015bci lekkiej koronki, dodatkowo bluzeczka posiada usztywnienia ba biust.\u00a0 Z ty\u0142u bluzka ma zmys\u0142owe wyci\u0119cie, kt\u00f3re podkre\u015bli plecy. Pod biustem oraz na<\/p>\n<div class=\"klb-readmore post-buttons\"><a class=\"button black outline size-sm\" href=\"https:\/\/madelinefashion.pl\/sk\/top-koronkowy-bialy-koko\/\">\u010c\u00edta\u0165 \u010falej <i class=\"klbth-icon-right-arrow\"><\/i><\/a><\/div>","protected":false},"featured_media":36050,"template":"","meta":[],"product_brand":[],"product_cat":[77],"product_tag":[292],"class_list":{"0":"post-10131","1":"product","2":"type-product","3":"status-publish","4":"has-post-thumbnail","6":"product_cat-bluzki","7":"product_tag-topy","9":"first","10":"instock","11":"sale","12":"purchasable","13":"product-type-simple"},"_links":{"self":[{"href":"https:\/\/madelinefashion.pl\/sk\/wp-json\/wp\/v2\/product\/10131","targetHints":{"allow":["GET"]}}],"collection":[{"href":"https:\/\/madelinefashion.pl\/sk\/wp-json\/wp\/v2\/product"}],"about":[{"href":"https:\/\/madelinefashion.pl\/sk\/wp-json\/wp\/v2\/types\/product"}],"wp:featuredmedia":[{"embeddable":true,"href":"https:\/\/madelinefashion.pl\/sk\/wp-json\/wp\/v2\/media\/36050"}],"wp:attachment":[{"href":"https:\/\/madelinefashion.pl\/sk\/wp-json\/wp\/v2\/media?parent=10131"}],"wp:term":[{"taxonomy":"product_brand","embeddable":true,"href":"https:\/\/madelinefashion.pl\/sk\/wp-json\/wp\/v2\/product_brand?post=10131"},{"taxonomy":"product_cat","embeddable":true,"href":"https:\/\/madelinefashion.pl\/sk\/wp-json\/wp\/v2\/product_cat?post=10131"},{"taxonomy":"product_tag","embeddable":true,"href":"https:\/\/madelinefashion.pl\/sk\/wp-json\/wp\/v2\/product_tag?post=10131"}],"curies":[{"name":"pracovn\u00fd list","href":"https:\/\/api.w.org\/{rel}","templated":true}]}}