{"id":10194,"date":"2021-04-27T21:30:33","date_gmt":"2021-04-27T19:30:33","guid":{"rendered":"https:\/\/madelinefashion.pl\/?post_type=product&#038;p=10194"},"modified":"2026-01-20T10:34:33","modified_gmt":"2026-01-20T09:34:33","slug":"top-jeansowy-zapinany-na-zamek","status":"publish","type":"product","link":"https:\/\/madelinefashion.pl\/sk\/top-jeansowy-zapinany-na-zamek\/","title":{"rendered":"Denim Top na zips"},"content":{"rendered":"<h3 style=\"text-align: center;\">Denim Top na zips<\/h3>\n<p style=\"text-align: center;\"><strong>Denim Top na zips<\/strong> je to hit tejto sez\u00f3ny!!Fenomen\u00e1lna kvalita <strong>kr\u00e1tky korzet<\/strong> vyroben\u00fd z <strong>zap\u00ednan\u00e9 d\u017e\u00ednsy<\/strong> vpredu na <strong>zap\u00ednanie na zips<\/strong>. . Zvolen\u00fd pre mnoh\u00e9 jarn\u00e9 a letn\u00e9 \u0161tyliz\u00e1cie. <strong>Model, ktor\u00fd si zamilujete!! <\/strong>\u00a0M\u00f4\u017eete ju nosi\u0165 k \u0161ortk\u00e1m, d\u017e\u00ednsom alebo sukni. Kr\u00e1tka bl\u00fazka s nastavite\u013en\u00fdmi ramienkami.\u00a0<strong>Mega \u017eensk\u00fd, zmyseln\u00fd sexi top. Fenomen\u00e1lny, korzet <\/strong>m\u00f3da <strong>s nastavite\u013en\u00fdmi popruhmi,<\/strong> dokonale<b> zv\u00fdraz\u0148uje postavu a odha\u013euje poprsie. <\/b>Kr\u00e1tka d\u017e\u00ednsov\u00e1 bl\u00fazka na ramienka to sprav\u00ed <b>budete vy\u010dnieva\u0165 z davu. hore-<\/b> d\u017e\u00ednsovina m\u00e1 na chrbte gumi\u010dku - v\u010faka ktorej perfektne sed\u00ed. V kombin\u00e1cii s na\u0161imi nohavicami sa bude skvele hodi\u0165 na p\u00e1rty a stretnutie s priate\u013emi. Eur\u00f3psky v\u00fdrobok, ve\u013emi dobr\u00e1 kvalita.<strong>\u00a0<\/strong>Ve\u013ekos\u0165\u00a0<strong>odpor\u00fa\u010dan\u00e9 univerz\u00e1lne<\/strong>\u00a0pre d\u00e1my vo ve\u013ekosti od<strong> XS a\u017e L\u00a0 \u00a0<\/strong><\/p>\n<h3 style=\"text-align: center;\">Rozmery<\/h3>\n<ul style=\"text-align: center;\">\n<li>celkov\u00e1 d\u013a\u017eka: 41 cm (nastavite\u013en\u00e1)<\/li>\n<li>\u0161\u00edrka od pazuchy po pazuchu: 43-48 cm<\/li>\n<li>\u0161\u00edrka p\u00e1sa: 31-39 cm<\/li>\n<li><\/li>\n<\/ul>\n<p style=\"text-align: center;\">Rozmery sa m\u00f4\u017eu mierne l\u00ed\u0161i\u0165 od uveden\u00fdch +\/- 2cm. V\u0161etky uveden\u00e9 rozmery s\u00fa meran\u00e9 plo\u0161ne. <strong>rozmer x2<\/strong><\/p>\n<p style=\"text-align: center;\"><strong>\u00a0<\/strong><\/p>\n<table width=\"623\">\n<tbody>\n<tr>\n<td width=\"302\">Meno modela<\/td>\n<td width=\"302\">Denim Top na zips<\/td>\n<\/tr>\n<tr>\n<td width=\"302\">Farba<\/td>\n<td width=\"302\">CzJeans<\/td>\n<\/tr>\n<tr>\n<td width=\"302\">Zbierka<\/td>\n<td width=\"302\">Jar leto<\/td>\n<\/tr>\n<tr>\n<td width=\"302\">ve\u013ekosti<\/td>\n<td width=\"302\">Univerz\u00e1lny<\/td>\n<\/tr>\n<tr>\n<td width=\"302\">M\u00f3da<\/td>\n<td width=\"302\">Zhoda<\/td>\n<\/tr>\n<tr>\n<td width=\"302\">\u0160tiepenie<\/td>\n<td width=\"302\">V<\/td>\n<\/tr>\n<tr>\n<td width=\"302\">Ko\u0161\u00ed\u010dky na spevnenie poprsia<\/td>\n<td width=\"302\">Nie<\/td>\n<\/tr>\n<tr>\n<td width=\"302\">Materi\u00e1l<\/td>\n<td width=\"302\">95% Bavlna 5% Elastan<\/td>\n<\/tr>\n<\/tbody>\n<\/table>\n<p>&nbsp;<\/p>\n<p style=\"text-align: center;\">\u00a0Model m\u00e1\u00a0<strong>165<\/strong>\u00a0cm vysok\u00fd, nos\u00ed ve\u013ekos\u0165 ka\u017ed\u00fd de\u0148\u00a0<strong>S<\/strong><\/p>","protected":false},"excerpt":{"rendered":"<p>Top Jeansowy Zapinany Na Zamek Top Jeansowy Zapinany Na Zamek to hit tego sezonu !!Fenomenalnej jako\u015bci kr\u00f3tki gorset wykonany z jeansu zapinany z przodu na suwak. . Wybierany do wielu wiosennych i letnich stylizacji. Model w kt\u00f3rym si\u0119 zakochasz !! \u00a0Mo\u017cesz go nosi\u0107 do szort\u00f3w, d\u017cins\u00f3w czy sp\u00f3dnicy. Kr\u00f3tka bluzka na regulowanych rami\u0105czkach.\u00a0Mega Kobiecy, zmys\u0142owy<\/p>\n<div class=\"klb-readmore post-buttons\"><a class=\"button black outline size-sm\" href=\"https:\/\/madelinefashion.pl\/sk\/top-jeansowy-zapinany-na-zamek\/\">\u010c\u00edta\u0165 \u010falej <i class=\"klbth-icon-right-arrow\"><\/i><\/a><\/div>","protected":false},"featured_media":10199,"template":"","meta":[],"product_brand":[],"product_cat":[77,395],"product_tag":[292],"class_list":{"0":"post-10194","1":"product","2":"type-product","3":"status-publish","4":"has-post-thumbnail","6":"product_cat-bluzki","7":"product_cat-nowosci","8":"product_tag-topy","10":"first","11":"outofstock","12":"sale","13":"purchasable","14":"product-type-simple"},"_links":{"self":[{"href":"https:\/\/madelinefashion.pl\/sk\/wp-json\/wp\/v2\/product\/10194","targetHints":{"allow":["GET"]}}],"collection":[{"href":"https:\/\/madelinefashion.pl\/sk\/wp-json\/wp\/v2\/product"}],"about":[{"href":"https:\/\/madelinefashion.pl\/sk\/wp-json\/wp\/v2\/types\/product"}],"wp:featuredmedia":[{"embeddable":true,"href":"https:\/\/madelinefashion.pl\/sk\/wp-json\/wp\/v2\/media\/10199"}],"wp:attachment":[{"href":"https:\/\/madelinefashion.pl\/sk\/wp-json\/wp\/v2\/media?parent=10194"}],"wp:term":[{"taxonomy":"product_brand","embeddable":true,"href":"https:\/\/madelinefashion.pl\/sk\/wp-json\/wp\/v2\/product_brand?post=10194"},{"taxonomy":"product_cat","embeddable":true,"href":"https:\/\/madelinefashion.pl\/sk\/wp-json\/wp\/v2\/product_cat?post=10194"},{"taxonomy":"product_tag","embeddable":true,"href":"https:\/\/madelinefashion.pl\/sk\/wp-json\/wp\/v2\/product_tag?post=10194"}],"curies":[{"name":"pracovn\u00fd list","href":"https:\/\/api.w.org\/{rel}","templated":true}]}}