{"id":103492,"date":"2023-09-14T16:17:56","date_gmt":"2023-09-14T14:17:56","guid":{"rendered":"https:\/\/madelinefashion.pl\/?post_type=product&#038;p=103492"},"modified":"2026-04-20T17:52:41","modified_gmt":"2026-04-20T15:52:41","slug":"sukienka-krotka-lotus-czerwona","status":"publish","type":"product","link":"https:\/\/madelinefashion.pl\/sk\/sukienka-krotka-lotus-czerwona\/","title":{"rendered":"\u010cerven\u00e9 kr\u00e1tke \u0161aty Lotus"},"content":{"rendered":"<h3 style=\"text-align: center;\">\u010cerven\u00e9 kr\u00e1tke \u0161aty Lotus<\/h3>\n<p style=\"text-align: center;\"><span style=\"font-size: 10pt;\"><strong>\u00a0Kr\u00e1sne kr\u00e1tke \u0161aty <\/strong>zdoben\u00e9 tylom. Kr\u00e1sne zv\u00fdraz\u0148uje \u017eensk\u00e9 tvary. <\/span><span style=\"font-size: 10pt;\">Vyroben\u00e9 a \u0161it\u00e9 v Po\u013esku. <\/span>\u0160aty\u00a0<strong>Lotos v \u010dervenej farbe <\/strong>V mini verzii je ide\u00e1lnym rie\u0161en\u00edm pre \u0161peci\u00e1lne pr\u00edle\u017eitosti. <span style=\"font-size: 10pt;\">Dostupn\u00e9 vo ve\u013ekostiach<strong> XS SML XL XXL XXXL<\/strong>. \u0160aty <strong>Pekn\u00e1 \u017eena<\/strong> je vynikaj\u00facou vo\u013ebou na svadbu, ples, Silvestra a in\u00e9 elegantn\u00e9 \u0161peci\u00e1lne udalosti. Ak sa neviete rozhodn\u00fa\u0165 ak\u00fa farbu, <strong>ve\u013ekos\u0165<\/strong> je pre v\u00e1s to najlep\u0161ie <strong>kontaktuj n\u00e1s<\/strong> cez <a href=\"https:\/\/www.facebook.com\/madelinefashionbutik\" target=\"_blank\" rel=\"noopener\">Facebook<\/a> alebo <a href=\"https:\/\/madelinefashion.pl\/sk\/kontakt\/\">telef\u00f3n<\/a>. Ak ve\u013ekos\u0165 nie je na str\u00e1nke, kontaktujte n\u00e1s.\u00a0<\/span><\/p>\n<h3 style=\"text-align: center;\">ROZMERY \u0161iat:<\/h3>\n<table width=\"556\">\n<tbody>\n<tr>\n<td><strong>VE\u013dKOS\u0164<\/strong><\/td>\n<td><strong>poprsia<\/strong><\/td>\n<td><strong>P\u00e1s<\/strong><\/td>\n<td><strong>Boky<\/strong><\/td>\n<\/tr>\n<tr>\n<td><strong>34<\/strong><\/td>\n<td>84-86<\/td>\n<td>64-68<\/td>\n<td>\u00a082-90<\/td>\n<\/tr>\n<tr>\n<td><strong>36<\/strong><\/td>\n<td>88-90<\/td>\n<td>68-72<\/td>\n<td>\u00a086-92<\/td>\n<\/tr>\n<tr>\n<td><strong>38<\/strong><\/td>\n<td>92-94<\/td>\n<td>72-76<\/td>\n<td>\u00a090-96<\/td>\n<\/tr>\n<tr>\n<td><strong>40<\/strong><\/td>\n<td>96-98<\/td>\n<td>76-80<\/td>\n<td>\u00a094-106<\/td>\n<\/tr>\n<tr>\n<td><strong>42<\/strong><\/td>\n<td>100-104<\/td>\n<td>80-84<\/td>\n<td>\u00a098-108<\/td>\n<\/tr>\n<tr>\n<td><strong>44<\/strong><\/td>\n<td>102-106<\/td>\n<td>84-88<\/td>\n<td>\u00a0102-112<\/td>\n<\/tr>\n<tr>\n<td><strong>46<\/strong><\/td>\n<td>106-110<\/td>\n<td>88-92<\/td>\n<td>106-118<\/td>\n<\/tr>\n<tr>\n<td><strong>48<\/strong><\/td>\n<td>110-112<\/td>\n<td>92-98<\/td>\n<td>\u00a0110-122<\/td>\n<\/tr>\n<tr>\n<td><strong>50<\/strong><\/td>\n<td>114-116<\/td>\n<td>96-100<\/td>\n<td>\u00a0114-126<\/td>\n<\/tr>\n<\/tbody>\n<\/table>\n<p style=\"text-align: center;\"><span style=\"font-size: 10pt;\"><span style=\"font-size: 10pt;\">\u0160aty dostupn\u00e9 aj v <\/span><strong style=\"font-size: 10pt;\">in\u00e9 farebn\u00e9 varianty<\/strong><span style=\"font-size: 10pt;\"> \u2013 odpor\u00fa\u010dame v\u00e1m zozn\u00e1mi\u0165 sa s na\u0161imi \u010fal\u0161\u00edmi produktmi.\u00a0<\/span>celkov\u00e1 d\u013a\u017eka cca 96 cm\u00a0\u00a0<\/span><\/p>\n<p style=\"text-align: center;\"><span style=\"font-size: 10pt;\">Rozmery sa m\u00f4\u017eu mierne l\u00ed\u0161i\u0165 od uveden\u00fdch +\/- 2cm.\u00a0<\/span><\/p>\n<p style=\"text-align: center;\"><span style=\"font-size: 10pt;\"><strong>\u00a0<\/strong>\u00a0<\/span><\/p>\n<table width=\"618\">\n<tbody>\n<tr>\n<td width=\"302\">Meno modela<\/td>\n<td width=\"302\">Lotosov\u00e9 \u0161aty<\/td>\n<\/tr>\n<tr>\n<td width=\"302\">Farba<\/td>\n<td width=\"302\">\u010cerven\u00e1<\/td>\n<\/tr>\n<tr>\n<td width=\"302\">Marka<\/td>\n<td width=\"302\">Pekn\u00e1 \u017eena<\/td>\n<\/tr>\n<tr>\n<td width=\"302\">ve\u013ekosti<\/td>\n<td width=\"302\">\u00a034 36 38 40 42 44 46 48 50<\/td>\n<\/tr>\n<tr>\n<td width=\"302\">M\u00f3da<\/td>\n<td width=\"302\">Zhoda<\/td>\n<\/tr>\n<tr>\n<td width=\"302\">Materi\u00e1l<\/td>\n<td width=\"302\">Visk\u00f3za, polyester, bavlna<\/td>\n<\/tr>\n<tr>\n<td width=\"302\">D\u013a\u017eka<\/td>\n<td width=\"302\">Pred kolenom<\/td>\n<\/tr>\n<\/tbody>\n<\/table>\n<p style=\"text-align: center;\"><span style=\"font-size: 10pt;\">\u00a0<\/span><\/p>\n<p>&nbsp;<\/p>\n<p style=\"text-align: center;\"><span style=\"font-size: 10pt;\">Aby ste si vybrali <strong>perfektn\u00e9 \u0161aty<\/strong> kontaktujte n\u00e1s telefonicky alebo prostredn\u00edctvom na\u0161ej webovej str\u00e1nky <a href=\"https:\/\/www.facebook.com\/madelinefashionbutik\" target=\"_blank\" rel=\"noopener\">Facebook<\/a> .<\/span><br \/>\n<span style=\"font-size: 10pt;\">N\u00e1\u0161 t\u00edm v\u00e1m pom\u00f4\u017ee <strong>Vyberte si ten spr\u00e1vny<\/strong> . <strong>Na \u017eelanie kupuj\u00faceho vyrob\u00edme ak\u00e9ko\u013evek \u0161aty\u00a0<\/strong><strong>opatrne mera\u0165.\u00a0<\/strong><\/span><\/p>\n<div class=\"additional-details\" style=\"text-align: center;\">\n<p style=\"text-align: center;\"><span style=\"font-size: 10pt;\">\u00a0<\/span><\/p>\n<\/div>","protected":false},"excerpt":{"rendered":"<p>Sukienka Kr\u00f3tka Lotus Czerwona \u00a0Pi\u0119kna kr\u00f3tka suknia zdobiona tiulem. Pi\u0119knie eksponuje kobiece kszta\u0142ty. Wyprodukowana i uszyta w Polsce. Sukienka\u00a0Lotus w kolorze czerwonym w wersji mini to idealna propozycja na imprezy okoliczno\u015bciowe. Dost\u0119pna w rozmiarach XS S M L XL XXL XXXL. Sukienki Pretty Women to doskona\u0142y wyb\u00f3r na wesele, studni\u00f3wk\u0119, sylwestra i inne eleganckie imprezy<\/p>\n<div class=\"klb-readmore post-buttons\"><a class=\"button black outline size-sm\" href=\"https:\/\/madelinefashion.pl\/sk\/sukienka-krotka-lotus-czerwona\/\">\u010c\u00edta\u0165 \u010falej <i class=\"klbth-icon-right-arrow\"><\/i><\/a><\/div>","protected":false},"featured_media":104092,"template":"","meta":[],"product_brand":[],"product_cat":[124,395,569,564],"product_tag":[257,385,258,262],"class_list":{"0":"post-103492","1":"product","2":"type-product","3":"status-publish","4":"has-post-thumbnail","6":"product_cat-sukienki-okolicznosciowe","7":"product_cat-nowosci","8":"product_cat-sukienki-dopasowane","9":"product_cat-sukienki-plus-size","10":"product_tag-madelinefashion","11":"product_tag-plus-size","12":"product_tag-sukienka-czerwona","13":"product_tag-sukienki-krotkie","15":"first","16":"instock","17":"sale","18":"purchasable","19":"product-type-variable"},"_links":{"self":[{"href":"https:\/\/madelinefashion.pl\/sk\/wp-json\/wp\/v2\/product\/103492","targetHints":{"allow":["GET"]}}],"collection":[{"href":"https:\/\/madelinefashion.pl\/sk\/wp-json\/wp\/v2\/product"}],"about":[{"href":"https:\/\/madelinefashion.pl\/sk\/wp-json\/wp\/v2\/types\/product"}],"wp:featuredmedia":[{"embeddable":true,"href":"https:\/\/madelinefashion.pl\/sk\/wp-json\/wp\/v2\/media\/104092"}],"wp:attachment":[{"href":"https:\/\/madelinefashion.pl\/sk\/wp-json\/wp\/v2\/media?parent=103492"}],"wp:term":[{"taxonomy":"product_brand","embeddable":true,"href":"https:\/\/madelinefashion.pl\/sk\/wp-json\/wp\/v2\/product_brand?post=103492"},{"taxonomy":"product_cat","embeddable":true,"href":"https:\/\/madelinefashion.pl\/sk\/wp-json\/wp\/v2\/product_cat?post=103492"},{"taxonomy":"product_tag","embeddable":true,"href":"https:\/\/madelinefashion.pl\/sk\/wp-json\/wp\/v2\/product_tag?post=103492"}],"curies":[{"name":"pracovn\u00fd list","href":"https:\/\/api.w.org\/{rel}","templated":true}]}}