{"id":10366,"date":"2021-04-29T00:13:34","date_gmt":"2021-04-28T22:13:34","guid":{"rendered":"https:\/\/madelinefashion.pl\/?post_type=product&#038;p=10366"},"modified":"2026-01-20T10:34:32","modified_gmt":"2026-01-20T09:34:32","slug":"bluzka-na-ramiaczkach-z-napisami-memories-khaki","status":"publish","type":"product","link":"https:\/\/madelinefashion.pl\/sk\/bluzka-na-ramiaczkach-z-napisami-memories-khaki\/","title":{"rendered":"Khaki tri\u010dko s n\u00e1pismi spomienok"},"content":{"rendered":"<h3 style=\"text-align: center;\">Khaki tri\u010dko s n\u00e1pismi spomienok<\/h3>\n<p style=\"text-align: center;\"><b>Khaki tri\u010dko Memories N\u00e1pis.\u00a0<\/b>V\u010faka nemu vytvor\u00edte nezabudnute\u013en\u00fa \u0161tyliz\u00e1ciu. \u010eal\u0161\u00ed n\u00e1vrh najm\u00f3dnej\u0161\u00edch bl\u00fazok tejto sez\u00f3ny na ramienka s n\u00e1pismi. Odpor\u00fa\u010dame! Bavlnen\u00e1 tie\u0148ovan\u00e1 bl\u00fazka v univerz\u00e1lnej ve\u013ekosti, odpor\u00fa\u010dan\u00e1 od S po XL.<\/p>\n<h2 style=\"text-align: center;\">Rozmery:<\/h2>\n<ul style=\"text-align: center;\">\n<li style=\"list-style-type: none;\">\n<ul>\n<li style=\"list-style-type: none;\">\n<ul>\n<li>Celkov\u00e1 predn\u00e1 d\u013a\u017eka: 60 cm<\/li>\n<li>\u0160\u00edrka od pazuchy po pazuchu: 43 - 53 cm<\/li>\n<li>\u0160\u00edrka v spodnej \u010dasti: 48-55 cm<\/li>\n<\/ul>\n<p>&nbsp;<\/li>\n<\/ul>\n<\/li>\n<\/ul>\n<p style=\"text-align: center;\">Rozmery sa m\u00f4\u017eu mierne l\u00ed\u0161i\u0165 od uveden\u00fdch +\/- 2cm. V\u0161etky uveden\u00e9 rozmery s\u00fa meran\u00e9 plo\u0161ne.<\/p>\n<p style=\"text-align: center;\"><span style=\"font-size: 10pt;\">\u00a0<\/span><\/p>\n<p style=\"text-align: center;\"><span style=\"font-size: 10pt;\">\u00a0<\/span><\/p>\n<table width=\"608\">\n<tbody>\n<tr>\n<td width=\"302\">Meno modela<\/td>\n<td width=\"302\">Spomienkov\u00e9 tri\u010dko<\/td>\n<\/tr>\n<tr>\n<td width=\"302\">Farba<\/td>\n<td width=\"302\">kaki<\/td>\n<\/tr>\n<tr>\n<td width=\"302\">ve\u013ekosti<\/td>\n<td width=\"302\">Univerz\u00e1lny<\/td>\n<\/tr>\n<tr>\n<td width=\"302\">M\u00f3da<\/td>\n<td width=\"302\">nadrozmern\u00e9<\/td>\n<\/tr>\n<tr>\n<td width=\"302\">Materi\u00e1l<\/td>\n<td width=\"302\">100% bavlna<\/td>\n<\/tr>\n<\/tbody>\n<\/table>\n<p style=\"text-align: center;\"><span style=\"font-size: 10pt;\">\u00a0<\/span><\/p>\n<div class=\"tabs tabs-bb clear mb-80\">\n<div class=\"tab-content\">\n<div id=\"tab-description\" class=\"tab-pane fade in woocommerce-Tabs-panel--description active\">\n<p style=\"text-align: center;\">Model m\u00e1\u00a0<strong>169<\/strong>\u00a0cm vysok\u00fd, nos\u00ed ve\u013ekos\u0165 ka\u017ed\u00fd de\u0148\u00a0<strong>S<\/strong><\/p>\n<p style=\"text-align: center;\">\u0160\u00edrka cez prsia 92 cm<\/p>\n<p style=\"text-align: center;\">\u0160\u00edrka v p\u00e1se 62 cm<\/p>\n<p style=\"text-align: center;\">\u0160\u00edrka v bokoch 94 cm<\/p>\n<\/div>\n<\/div>\n<\/div>","protected":false},"excerpt":{"rendered":"<p>Top Memories Khaki na ramienka s n\u00e1pismi. Top Memories Khaki na ramienka s n\u00e1pismi. Vytvorte s n\u00edm nezabudnute\u013en\u00fd vzh\u013ead. \u010eal\u0161\u00ed n\u00e1vrh najm\u00f3dnej\u0161\u00edch topov na ramienka s n\u00e1pismi tejto sez\u00f3ny. Odpor\u00fa\u010dan\u00e9! Bavlnen\u00fd, tie\u0148ovan\u00fd top v univerz\u00e1lnej ve\u013ekosti, odpor\u00fa\u010dan\u00e1 od S do XL. Rozmery: Celkov\u00e1 d\u013a\u017eka prednej \u010dasti: 60 cm \u0160\u00edrka od podpazu\u0161ia po<\/p>\n<div class=\"klb-readmore post-buttons\"><a class=\"button black outline size-sm\" href=\"https:\/\/madelinefashion.pl\/sk\/bluzka-na-ramiaczkach-z-napisami-memories-khaki\/\">\u010c\u00edta\u0165 \u010falej <i class=\"klbth-icon-right-arrow\"><\/i><\/a><\/div>","protected":false},"featured_media":52329,"template":"","meta":[],"product_brand":[],"product_cat":[77,85],"product_tag":[292],"class_list":{"0":"post-10366","1":"product","2":"type-product","3":"status-publish","4":"has-post-thumbnail","6":"product_cat-bluzki","7":"product_cat-t-shirty","8":"product_tag-topy","10":"first","11":"instock","12":"sale","13":"purchasable","14":"product-type-simple"},"_links":{"self":[{"href":"https:\/\/madelinefashion.pl\/sk\/wp-json\/wp\/v2\/product\/10366","targetHints":{"allow":["GET"]}}],"collection":[{"href":"https:\/\/madelinefashion.pl\/sk\/wp-json\/wp\/v2\/product"}],"about":[{"href":"https:\/\/madelinefashion.pl\/sk\/wp-json\/wp\/v2\/types\/product"}],"wp:featuredmedia":[{"embeddable":true,"href":"https:\/\/madelinefashion.pl\/sk\/wp-json\/wp\/v2\/media\/52329"}],"wp:attachment":[{"href":"https:\/\/madelinefashion.pl\/sk\/wp-json\/wp\/v2\/media?parent=10366"}],"wp:term":[{"taxonomy":"product_brand","embeddable":true,"href":"https:\/\/madelinefashion.pl\/sk\/wp-json\/wp\/v2\/product_brand?post=10366"},{"taxonomy":"product_cat","embeddable":true,"href":"https:\/\/madelinefashion.pl\/sk\/wp-json\/wp\/v2\/product_cat?post=10366"},{"taxonomy":"product_tag","embeddable":true,"href":"https:\/\/madelinefashion.pl\/sk\/wp-json\/wp\/v2\/product_tag?post=10366"}],"curies":[{"name":"pracovn\u00fd list","href":"https:\/\/api.w.org\/{rel}","templated":true}]}}